{"id":76,"date":"2015-11-18T00:00:00","date_gmt":"2015-11-17T23:00:00","guid":{"rendered":"http:\/\/semmelweis.hu\/psychophysiology\/janos-kormendi\/"},"modified":"2018-08-14T14:45:41","modified_gmt":"2018-08-14T12:45:41","slug":"janos-kormendi","status":"publish","type":"page","link":"https:\/\/semmelweis.hu\/psychophysiology\/people\/former-collaborators-and-students\/janos-kormendi\/","title":{"rendered":"J\u00e1nos K\u00f6rmendi"},"content":{"rendered":"<table class=\"contentpaneopen\">\n<tbody>\n<tr>\n<td valign=\"top\">\n<p><img decoding=\"async\" src=\"https:\/\/semmelweis.hu\/psychophysiology\/files\/2015\/11\/janos_kormendi.jpg\" alt=\"\" align=\"right\" border=\"0\" \/><\/p>\n<h3>CURRICULUM VITAE<\/h3>\n<table border=\"0\">\n<tbody>\n<tr>\n<td><strong>Address.:<\/strong><\/td>\n<td>Kenese u. 3. fszt. 1., H-1113, Budapest, Hungary<\/td>\n<\/tr>\n<tr>\n<td><strong>Tel.:<\/strong><\/td>\n<td>(+3670) 2173484<\/td>\n<\/tr>\n<tr>\n<td><strong>E-mail:<\/strong><\/td>\n<td><a href=\"mailto:mano@ujalkotas.hu\">mano@ujalkotas.hu<\/a><\/td>\n<\/tr>\n<tr>\n<td><strong>Born:<\/strong><\/td>\n<td>February 14, 1971 Gy\u0151r, Hungary<\/td>\n<\/tr>\n<tr>\n<td><strong>Marital status:<\/strong><\/td>\n<td>married, 1 child<\/td>\n<\/tr>\n<\/tbody>\n<\/table>\n<h4>EDUCATION:<\/h4>\n<table border=\"0\">\n<tbody>\n<tr>\n<td style=\"vertical-align: top\">2005 \u2013<\/td>\n<td>&nbsp;<\/td>\n<td><strong>Sz\u00e9chenyi Istv\u00e1n University Hungary<\/strong>, Information technology BSc<\/td>\n<\/tr>\n<tr>\n<td style=\"vertical-align: top\">1995 \u2013 2003<\/td>\n<td>&nbsp;<\/td>\n<td><strong>E\u00f6tv\u00f6s Lor\u00e1nd University Budapest Hungary<\/strong>, Faculty of Humanities, Aesthetics MA<\/td>\n<\/tr>\n<tr>\n<td style=\"vertical-align: top\">1991 \u2013 1997<\/td>\n<td>&nbsp;<\/td>\n<td><strong>E\u00f6tv\u00f6s Lor\u00e1nd University Budapest Hungary<\/strong>, Faculty of Science, Geophysics MSc<\/td>\n<\/tr>\n<\/tbody>\n<\/table>\n<h4>PROFESSIONAL EXPERIENCE:<\/h4>\n<table border=\"0\">\n<tbody>\n<tr>\n<td style=\"vertical-align: top\">2007 \u2013 Present<\/td>\n<td>&nbsp;<\/td>\n<td>External collaborator, Semmelweis University, Budapest, Hungary, Institute of Behavioural Sciences<\/td>\n<\/tr>\n<tr>\n<td style=\"vertical-align: top\">2000 \u2013 Present<\/td>\n<td>&nbsp;<\/td>\n<td>Programmer, Private Enterprise<\/td>\n<\/tr>\n<tr>\n<td style=\"vertical-align: top\">1997 \u2013 2000<\/td>\n<td>&nbsp;<\/td>\n<td>Geophysicist, E\u00f6tv\u00f6s Lor\u00e1nd University, Budapest, Hungary, Department of Geophysics<\/td>\n<\/tr>\n<\/tbody>\n<\/table>\n<h4>RESEARCH INTEREST:<\/h4>\n<ul>\n<li>Individual differences in sleep and dreaming<\/li>\n<li>Heart rate variability (new detection algorithm)<\/li>\n<\/ul>\n<h4>PUBLICATIONS:<\/h4>\n<ul>\n<li><a href=\"https:\/\/semmelweis.hu\/psychophysiology\/2015\/11\/18\/bodizs-r-kormendi-j-rigo-p-lazar-as-the-individual-adjustment-method-of-sleep-spindle-analysis-methodological-improvements-and-roots-in-the-fingerprint-paradigm-j-neurosci-methods-178-1-205-213-20-7\/\">B\u00f3dizs R, K\u00f6rmendi J, Rig\u00f3 P, L\u00e1z\u00e1r AS: The individual adjustment method of sleep spindle analysis: methodological improvements and roots in the fingerprint paradigm. J Neurosci Methods 178 (1): 205\u201313 (2009) <strong>IF: 2.092<\/strong><\/a><\/li>\n<\/ul>\n<h4>SKILLS:<\/h4>\n<ul>\n<li>Signal processing<\/li>\n<li>Programming languages (Java\/JavaEE, C\/C++, PHP, Dadisp SPL, Scilab)<\/li>\n<li>Statistical processing (SPSS)<\/li>\n<\/ul>\n<h4>LANGUAGE SKILLS:<\/h4>\n<ul>\n<li>Hungarian &#8211; native<\/li>\n<li>English &#8211; intermediate<\/li>\n<\/ul>\n<\/td>\n<\/tr>\n<\/tbody>\n<\/table>\n<p>&nbsp;<\/p>\n","protected":false},"excerpt":{"rendered":"<p>CURRICULUM VITAE Address.: Kenese u. 3. fszt. 1., H-1113, Budapest, Hungary Tel.: (+3670) 2173484 E-mail: <a href=\"mailto:mano@ujalkotas.hu\">mano@ujalkotas.hu<\/a> Born: February 14, 1971 Gy\u0151r, Hungary Marital status: married, 1 child EDUCATION: 2005 \u2013 &nbsp; Sz\u00e9chenyi Istv\u00e1n University Hungary, Information technology BSc 1995 \u2013 2003 &nbsp; E\u00f6tv\u00f6s Lor\u00e1nd University Budapest Hungary, Faculty of Humanities, Aesthetics MA 1991 \u2013 1997 &nbsp; &hellip;<\/p>\n","protected":false},"author":101277,"featured_media":0,"parent":102,"menu_order":2,"comment_status":"closed","ping_status":"closed","template":"","meta":{"_acf_changed":false,"footnotes":""},"categories":[],"tags":[],"class_list":["post-76","page","type-page","status-publish","hentry"],"acf":[],"_links":{"self":[{"href":"https:\/\/semmelweis.hu\/psychophysiology\/wp-json\/wp\/v2\/pages\/76","targetHints":{"allow":["GET"]}}],"collection":[{"href":"https:\/\/semmelweis.hu\/psychophysiology\/wp-json\/wp\/v2\/pages"}],"about":[{"href":"https:\/\/semmelweis.hu\/psychophysiology\/wp-json\/wp\/v2\/types\/page"}],"author":[{"embeddable":true,"href":"https:\/\/semmelweis.hu\/psychophysiology\/wp-json\/wp\/v2\/users\/101277"}],"replies":[{"embeddable":true,"href":"https:\/\/semmelweis.hu\/psychophysiology\/wp-json\/wp\/v2\/comments?post=76"}],"version-history":[{"count":5,"href":"https:\/\/semmelweis.hu\/psychophysiology\/wp-json\/wp\/v2\/pages\/76\/revisions"}],"predecessor-version":[{"id":1065,"href":"https:\/\/semmelweis.hu\/psychophysiology\/wp-json\/wp\/v2\/pages\/76\/revisions\/1065"}],"up":[{"embeddable":true,"href":"https:\/\/semmelweis.hu\/psychophysiology\/wp-json\/wp\/v2\/pages\/102"}],"wp:attachment":[{"href":"https:\/\/semmelweis.hu\/psychophysiology\/wp-json\/wp\/v2\/media?parent=76"}],"wp:term":[{"taxonomy":"category","embeddable":true,"href":"https:\/\/semmelweis.hu\/psychophysiology\/wp-json\/wp\/v2\/categories?post=76"},{"taxonomy":"post_tag","embeddable":true,"href":"https:\/\/semmelweis.hu\/psychophysiology\/wp-json\/wp\/v2\/tags?post=76"}],"curies":[{"name":"wp","href":"https:\/\/api.w.org\/{rel}","templated":true}]}}