{"id":72,"date":"2015-11-18T00:00:00","date_gmt":"2015-11-17T23:00:00","guid":{"rendered":"http:\/\/semmelweis.hu\/psychophysiology\/sleep-eeg-cognition-and-personality\/"},"modified":"2015-12-07T11:22:24","modified_gmt":"2015-12-07T10:22:24","slug":"sleep-eeg-cognition-and-personality","status":"publish","type":"page","link":"https:\/\/semmelweis.hu\/psychophysiology\/research\/topics\/sleep-eeg-cognition-and-personality\/","title":{"rendered":"Sleep EEG, cognition and personality"},"content":{"rendered":"<table class=\"contentpaneopen\">\n<tbody>\n<tr>\n<td valign=\"top\">\n<h4><a href=\"\/research.html\">Research<\/a> &gt; <a href=\"\/research\/topics.html\">Topics<\/a> &gt; Sleep EEG, cognition and personality<\/h4>\n<p>Sleep dependent brain electric activity as a reliable indicator of the individual brain functional neuroanatomy has been proved to have high internight reliability, consequently representing an ingenious instrument for revealing individual differences. The focus of our scientific interest is the research of sleep related brain electric activity correlates of aging, general and specific cognitive abilities, personality and of trait-like affective styles, including attachment. We endeavour to exploit the broad opportunities offered by the latest quantitative EEG analysis methods to reveal the hitherto hidden aspects of the central neural activity in function of age, cognition, personality and mental health. We also plan to correlate these data with volumetric Magnetic Resonance Imaging assessed brain morphology. Besides significantly enriching our factual knowledge of the composite relationship between brain function, structure and behaviour, this approach also hides expectedly multiple possibilities for developing new diagnostic tools in different psychiatric disease.<\/p>\n<p>Selected publications<\/p>\n<ul>\n<li><a href=\"https:\/\/semmelweis.hu\/psychophysiology\/2015\/11\/18\/bodizs-r-bekesy-m%e2%80%a0-szucs-a-barsi-p%e2%80%a1-halasz-p-sleep-dependent-hippocampal-slow-oscillations-correlate-with-waking-memory-performance-in-humans-neurobiol-learn-mem-78-441-457-2002\/\">B\u00f3dizs R, B\u00e9k\u00e9sy M, Sz\u0171cs A, Barsi P, Hal\u00e1sz P. Sleep-dependent hippocampal slow oscillations correlate with waking memory performance in humans. Neurobiol Learn Mem 78: 441-457 (2002)<\/a><\/li>\n<li><a href=\"https:\/\/semmelweis.hu\/psychophysiology\/2015\/11\/18\/bodizs-r-kis-t-lazar-as-havran-l-rigo-p-clemens-z-halasz-p-prediction-of-general-mental-ability-based-on-neural-oscillation-measures-of-sleep-j-sleep-res-14-285-292-2005\/\">B\u00f3dizs R, Kis T, L\u00e1z\u00e1r AS, Havr\u00e1n L, Rig\u00f3 P, Clemens Z, Hal\u00e1sz P. Prediction of general mental ability based on neural oscillation measures of sleep. J Sleep Res 14: 285-292 (2005)<\/a><\/li>\n<li><a href=\"https:\/\/semmelweis.hu\/psychophysiology\/2015\/11\/18\/bodizs-r-lazar-as-schizophrenia-slow-wave-sleep-and-visuospatial-memory-sleep-dependent-consolidation-or-trait-like-correlation-j-psychiatr-res-40-89-90-2006\/\">B\u00f3dizs R, L\u00e1z\u00e1r AS. Schizophrenia, slow wave sleep and visuospatial memory: sleep-dependent consolidation or trait-like correlation? J Psychiatr Res 40: 89-90 (2006)<\/a><\/li>\n<li>Cs\u00f3ka S, Sverteczki M, L\u00e1z\u00e1r AS, Rig\u00f3 P, B\u00f3dizs R. REM sleep features and attachment security. J Psychophysiol 20 (Suppl 1): S53 (2006)<\/li>\n<li><a href=\"https:\/\/semmelweis.hu\/psychophysiology\/2015\/11\/18\/bodizs-r-lazar-as-csoka-s-havran-l-kis-t-sverteczki-m-rigo-p-sleep-slow-oscillation-and-spindles-are-related-to-self-directedness-in-subjects-with-high-intelligence-j-psychophysiol-20-suppl-s34-2006\/\">B\u00f3dizs R, L\u00e1z\u00e1r AS, Cs\u00f3ka S, Havr\u00e1n L, Kis T, Sverteczki M, Rig\u00f3 P. Sleep slow oscillation and spindles are related to self-directedness in subjects with high intelligence. J Psychophysiol 20 (Suppl 1): S34 (2006)<\/a><\/li>\n<li><a href=\"https:\/\/semmelweis.hu\/psychophysiology\/2015\/11\/18\/bodizs-r-lazar-as-rigo-p-correlation-of-visuospatial-memory-ability-with-right-parietal-eeg-spindling-during-sleep-acta-physiol-hung-95-3-297-306-2008\/\">B\u00f3dizs R, L\u00e1z\u00e1r AS, Rig\u00f3 P. Correlation of visuospatial memory ability with right parietal EEG spindling during sleep. Acta Physiol Hung 95: 297-306 (2008)<\/a><\/li>\n<\/ul>\n<\/td>\n<\/tr>\n<\/tbody>\n<\/table>\n<p>&nbsp;<\/p>\n","protected":false},"excerpt":{"rendered":"<p><a href=\"\/research.html\">Research<\/a> &gt; <a href=\"\/research\/topics.html\">Topics<\/a> &gt; Sleep EEG, cognition and personality Sleep dependent brain electric activity as a reliable indicator of the individual brain functional neuroanatomy has been proved to have high internight reliability, consequently representing an ingenious instrument for revealing individual differences. The focus of our scientific interest is the research of sleep related brain electric activity correlates &hellip;<\/p>\n","protected":false},"author":1,"featured_media":0,"parent":112,"menu_order":0,"comment_status":"closed","ping_status":"closed","template":"","meta":{"_acf_changed":false,"footnotes":""},"categories":[],"tags":[],"class_list":["post-72","page","type-page","status-publish","hentry"],"acf":[],"_links":{"self":[{"href":"https:\/\/semmelweis.hu\/psychophysiology\/wp-json\/wp\/v2\/pages\/72","targetHints":{"allow":["GET"]}}],"collection":[{"href":"https:\/\/semmelweis.hu\/psychophysiology\/wp-json\/wp\/v2\/pages"}],"about":[{"href":"https:\/\/semmelweis.hu\/psychophysiology\/wp-json\/wp\/v2\/types\/page"}],"author":[{"embeddable":true,"href":"https:\/\/semmelweis.hu\/psychophysiology\/wp-json\/wp\/v2\/users\/1"}],"replies":[{"embeddable":true,"href":"https:\/\/semmelweis.hu\/psychophysiology\/wp-json\/wp\/v2\/comments?post=72"}],"version-history":[{"count":3,"href":"https:\/\/semmelweis.hu\/psychophysiology\/wp-json\/wp\/v2\/pages\/72\/revisions"}],"predecessor-version":[{"id":520,"href":"https:\/\/semmelweis.hu\/psychophysiology\/wp-json\/wp\/v2\/pages\/72\/revisions\/520"}],"up":[{"embeddable":true,"href":"https:\/\/semmelweis.hu\/psychophysiology\/wp-json\/wp\/v2\/pages\/112"}],"wp:attachment":[{"href":"https:\/\/semmelweis.hu\/psychophysiology\/wp-json\/wp\/v2\/media?parent=72"}],"wp:term":[{"taxonomy":"category","embeddable":true,"href":"https:\/\/semmelweis.hu\/psychophysiology\/wp-json\/wp\/v2\/categories?post=72"},{"taxonomy":"post_tag","embeddable":true,"href":"https:\/\/semmelweis.hu\/psychophysiology\/wp-json\/wp\/v2\/tags?post=72"}],"curies":[{"name":"wp","href":"https:\/\/api.w.org\/{rel}","templated":true}]}}