{"id":577,"date":"2015-12-26T21:49:05","date_gmt":"2015-12-26T20:49:05","guid":{"rendered":"http:\/\/semmelweis.hu\/psychophysiology\/?page_id=577"},"modified":"2018-08-14T15:34:24","modified_gmt":"2018-08-14T13:34:24","slug":"sara-szakadat","status":"publish","type":"page","link":"https:\/\/semmelweis.hu\/psychophysiology\/people\/former-collaborators-and-students\/sara-szakadat\/","title":{"rendered":"S\u00e1ra Szakad\u00e1t"},"content":{"rendered":"<p><strong><a href=\"https:\/\/semmelweis.hu\/psychophysiology\/files\/2015\/12\/saracv.jpg\" rel=\"attachment wp-att-743\"><img loading=\"lazy\" decoding=\"async\" class=\" wp-image-743 alignright\" src=\"https:\/\/semmelweis.hu\/psychophysiology\/files\/2015\/12\/saracv-200x300.jpg\" alt=\"saracv\" width=\"107\" height=\"161\" srcset=\"https:\/\/semmelweis.hu\/psychophysiology\/files\/2015\/12\/saracv-200x300.jpg 200w, https:\/\/semmelweis.hu\/psychophysiology\/files\/2015\/12\/saracv-682x1024.jpg 682w, https:\/\/semmelweis.hu\/psychophysiology\/files\/2015\/12\/saracv.jpg 742w\" sizes=\"auto, (max-width: 107px) 100vw, 107px\" \/><\/a><\/strong><\/p>\n<p><a href=\"mailto:szurtrikk@gmail.com\">szurtrikk@gmail.com<\/a><br \/>\n+36 30\u00a0532 6141<\/p>\n<p>18. May 1988<\/p>\n<p>&nbsp;<\/p>\n<p><strong>WORK EXPERIENCE<br \/>\n<\/strong><\/p>\n<hr \/>\n<p><strong>Associate\u00a0\u00a0 \u2013\u00a0\u00a0 BAG\u00e1zs Public Benefit Association<\/strong><\/p>\n<p>[communication, fundraising activities, event organization, developing a volunteer competence framework]<\/p>\n<p><strong>2014 \u2013 Program Coordinator\u00a0\u00a0 \u2013\u00a0\u00a0 BAG\u00e1zs Public Benefit Association<\/strong><\/p>\n<p>[group sessions for kindergarten aged children developing emotional intelligence and social competence, working with mothers at home setting, contact with childcare and child welfare institution]<\/p>\n<p><strong>2014 \u2013 Lecturer\u00a0\u00a0 \u2013\u00a0\u00a0 P\u00e1zm\u00e1ny P\u00e9ter<\/strong><\/p>\n<p>[course on scientific methodology, reading and writing, course on cognitive psychology]<\/p>\n<p><strong>2014\u00a0\u00a0\u00a0\u00a0 \u00a0\u00a0\u00a0\u00a0\u00a0\u00a0\u00a0\u00a0\u00a0\u00a0\u00a0\u00a0\u00a0 Competence test Developer \u2013\u00a0\u00a0 Hungarian Institute of Education<\/strong><\/p>\n<p>[creating tests measuring student competence in natural sciences]<\/p>\n<p><strong>2013\u00a0\u00a0\u00a0\u00a0\u00a0\u00a0\u00a0\u00a0\u00a0\u00a0\u00a0\u00a0\u00a0\u00a0\u00a0\u00a0\u00a0\u00a0 <\/strong> <strong>Volunteer\u00a0\u00a0 \u2013\u00a0\u00a0 <\/strong> <strong>BAG\u00e1zs Public Benefit Association<\/strong><\/p>\n<p>[tutoring and mentoring underprivileged Roma children]<\/p>\n<p><strong>2012 \u2013 2013\u00a0\u00a0\u00a0\u00a0 Organizer \u00a0\u2013 \u00a0V. Dubrovnik Conference on Cognitive Science <\/strong><\/p>\n<p>[promotion, contact, organising transport and catering, program coordination, secreterial services]<\/p>\n<p><strong>2011 \u2013 2013<\/strong>\u00a0\u00a0\u00a0\u00a0 <strong>Project Manager <\/strong> <strong>\u2013 B\u00f3dizs Sleep Lab<\/strong><\/p>\n<p>[managing a research project on developmental neuroscience and psychology: promotion, contact, team leadership: coordination and supervision of the assistants, documentation, data analysis, -evaluation, scientific writing, feedback to participants]<\/p>\n<p><strong>2009 \u2013 2010<\/strong>\u00a0\u00a0\u00a0\u00a0 <strong>Project Manager \u00a0<\/strong> <strong>\u2013 \u00a0LIREC (Living with Robots and Interactive Companions) project<\/strong><\/p>\n<p>[contact with international partners, communication with participants, organizing and scheduling experiments, documentation, data-analysis]<\/p>\n<p><strong>2008 \u2013 2009<\/strong>\u00a0\u00a0\u00a0\u00a0 <strong>Research assistant <\/strong> \u2013 <strong>Behavioural Ecology Research Group, ELTE<\/strong><\/p>\n<p>[administration, organizing experiments]<\/p>\n<p><strong>EDUCATION<\/strong><\/p>\n<hr \/>\n<p><strong>2014 \u2013 Mental Health Sciences <u>PhD<\/u>\u00a0\u00a0 \u2013\u00a0\u00a0 <\/strong>Semmelweis University, Budapest<\/p>\n<p><strong>2014<\/strong>\u00a0\u00a0\u00a0\u00a0\u00a0\u00a0\u00a0\u00a0\u00a0\u00a0\u00a0\u00a0\u00a0\u00a0\u00a0\u00a0\u00a0 <strong>CBT and mentalization in work with children, young people and theirs families <u>short course<\/u><\/strong>\u00a0\u00a0 \u2013\u00a0\u00a0 Anna Freud Institute, London<\/p>\n<p><strong>2013<\/strong>\u00a0\u00a0 \u00a0\u00a0\u00a0\u00a0\u00a0\u00a0\u00a0\u00a0\u00a0\u00a0\u00a0\u00a0\u00a0\u00a0 <strong>Social and emotional education \u00a0<u>short course<\/u><\/strong>\u00a0\u00a0 \u2013\u00a0\u00a0 Waldorf Pedagogical Institution, Solym\u00e1r<\/p>\n<p><strong>2011 \u2013 2013<\/strong>\u00a0\u00a0\u00a0 <strong>Cognitive science <u>MSc<\/u><\/strong> (in English) \u2013 \u00a0Budapest University of Technology and Economics, Budapest<\/p>\n<p><strong>2006 \u2013 2010<\/strong>\u00a0\u00a0\u00a0 <strong>Biologist <u>BSc<\/u><\/strong> \u00a0\u2013 \u00a0E\u00f6tv\u00f6s L\u00f3r\u00e1nd University, Budapest<\/p>\n<p>2002 \u2013 2006\u00a0\u00a0\u00a0 Mathematics-English Special Class \u00a0\u2013 E\u00f6tv\u00f6s J\u00f3zsef Secondary School, Budapest<\/p>\n<p><strong>RESEARCH INTERESTS<br \/>\n<\/strong><\/p>\n<hr \/>\n<p>coming soon<strong><br \/>\n<\/strong><\/p>\n<p><strong>SELECTED PUBLICATIONS<br \/>\n<\/strong><\/p>\n<hr \/>\n<p>coming soon<strong><br \/>\n<\/strong><\/p>\n<p><strong>LANGUAGE SKILLS<\/strong><\/p>\n<hr \/>\n<p><strong>Hungarian \u2013 native<\/strong><\/p>\n<p><strong>English \u2013 advanced<\/strong><\/p>\n","protected":false},"excerpt":{"rendered":"<p><a href=\"https:\/\/semmelweis.hu\/psychophysiology\/files\/2015\/12\/saracv.jpg\" rel=\"attachment wp-att-743\"><\/a> <a href=\"mailto:szurtrikk@gmail.com\">szurtrikk@gmail.com<\/a> +36 30\u00a0532 6141 18. May 1988 &nbsp; WORK EXPERIENCE Associate\u00a0\u00a0 \u2013\u00a0\u00a0 BAG\u00e1zs Public Benefit Association [communication, fundraising activities, event organization, developing a volunteer competence framework] 2014 \u2013 Program Coordinator\u00a0\u00a0 \u2013\u00a0\u00a0 BAG\u00e1zs Public Benefit Association [group sessions for kindergarten aged children developing emotional intelligence and social competence, working with mothers at home setting, contact with childcare &hellip;<\/p>\n","protected":false},"author":101077,"featured_media":0,"parent":102,"menu_order":11,"comment_status":"closed","ping_status":"closed","template":"","meta":{"_acf_changed":false,"footnotes":""},"categories":[],"tags":[],"class_list":["post-577","page","type-page","status-publish","hentry"],"acf":[],"_links":{"self":[{"href":"https:\/\/semmelweis.hu\/psychophysiology\/wp-json\/wp\/v2\/pages\/577","targetHints":{"allow":["GET"]}}],"collection":[{"href":"https:\/\/semmelweis.hu\/psychophysiology\/wp-json\/wp\/v2\/pages"}],"about":[{"href":"https:\/\/semmelweis.hu\/psychophysiology\/wp-json\/wp\/v2\/types\/page"}],"author":[{"embeddable":true,"href":"https:\/\/semmelweis.hu\/psychophysiology\/wp-json\/wp\/v2\/users\/101077"}],"replies":[{"embeddable":true,"href":"https:\/\/semmelweis.hu\/psychophysiology\/wp-json\/wp\/v2\/comments?post=577"}],"version-history":[{"count":10,"href":"https:\/\/semmelweis.hu\/psychophysiology\/wp-json\/wp\/v2\/pages\/577\/revisions"}],"predecessor-version":[{"id":1045,"href":"https:\/\/semmelweis.hu\/psychophysiology\/wp-json\/wp\/v2\/pages\/577\/revisions\/1045"}],"up":[{"embeddable":true,"href":"https:\/\/semmelweis.hu\/psychophysiology\/wp-json\/wp\/v2\/pages\/102"}],"wp:attachment":[{"href":"https:\/\/semmelweis.hu\/psychophysiology\/wp-json\/wp\/v2\/media?parent=577"}],"wp:term":[{"taxonomy":"category","embeddable":true,"href":"https:\/\/semmelweis.hu\/psychophysiology\/wp-json\/wp\/v2\/categories?post=577"},{"taxonomy":"post_tag","embeddable":true,"href":"https:\/\/semmelweis.hu\/psychophysiology\/wp-json\/wp\/v2\/tags?post=577"}],"curies":[{"name":"wp","href":"https:\/\/api.w.org\/{rel}","templated":true}]}}