{"id":1941,"date":"2022-10-24T15:27:46","date_gmt":"2022-10-24T13:27:46","guid":{"rendered":"https:\/\/semmelweis.hu\/psychophysiology\/?page_id=1941"},"modified":"2022-10-24T15:27:46","modified_gmt":"2022-10-24T13:27:46","slug":"tarek-zoltan-magyar","status":"publish","type":"page","link":"https:\/\/semmelweis.hu\/psychophysiology\/people\/phd-students\/tarek-zoltan-magyar\/","title":{"rendered":"T\u00e1rek Zolt\u00e1n Magyar"},"content":{"rendered":"<p><a href=\"https:\/\/semmelweis.hu\/psychophysiology\/files\/2022\/10\/Tarek-Zoltan-Magyar_ig_kep.png\"><img loading=\"lazy\" decoding=\"async\" class=\"size-medium wp-image-1942 alignright\" src=\"https:\/\/semmelweis.hu\/psychophysiology\/files\/2022\/10\/Tarek-Zoltan-Magyar_ig_kep-250x300.png\" alt=\"\" width=\"250\" height=\"300\" srcset=\"https:\/\/semmelweis.hu\/psychophysiology\/files\/2022\/10\/Tarek-Zoltan-Magyar_ig_kep-250x300.png 250w, https:\/\/semmelweis.hu\/psychophysiology\/files\/2022\/10\/Tarek-Zoltan-Magyar_ig_kep-854x1024.png 854w, https:\/\/semmelweis.hu\/psychophysiology\/files\/2022\/10\/Tarek-Zoltan-Magyar_ig_kep-768x921.png 768w, https:\/\/semmelweis.hu\/psychophysiology\/files\/2022\/10\/Tarek-Zoltan-Magyar_ig_kep-1281x1536.png 1281w, https:\/\/semmelweis.hu\/psychophysiology\/files\/2022\/10\/Tarek-Zoltan-Magyar_ig_kep-753x903.png 753w, https:\/\/semmelweis.hu\/psychophysiology\/files\/2022\/10\/Tarek-Zoltan-Magyar_ig_kep.png 1701w\" sizes=\"auto, (max-width: 250px) 100vw, 250px\" \/><\/a><\/p>\n<p>&nbsp;<\/p>\n<p>&nbsp;<\/p>\n<p><strong>T\u00e1rek Zolt\u00e1n Magyar<\/strong><\/p>\n<p>email: magyartarek@gmail.com; magyar.tarek@phd.semmelweis.hu<\/p>\n<p><strong>Education:<\/strong><\/p>\n<ul>\n<li>Semmelweis University (SE); Doctoral School of Mental Health Sciences, 2022 &#8211;<\/li>\n<li>Budapest University of Technology and Economics (BME); Computational and Cognitive Neuroscience, MSc, 2020 &#8211; 2022<\/li>\n<li>University of P\u00e9cs (PTE); Psychology, BA, 2017-2020<\/li>\n<\/ul>\n<p><strong>Professional Experience:<\/strong><\/p>\n<ul>\n<li>SE &#8211; Medical School, Institute of Behavioural Sciences, Chronobiology and Psychophysiology Research Group; Investigation of the entropy of human brain-electrodynamics; PhD, 2022 &#8211;<\/li>\n<li>SE &#8211; Medical School, Institute of Behavioural Sciences, Chronobiology and Psychophysiology Research Group; Investigation of neural oscillations in ADHD during sleeping states; Master\u2019s thesis, 2021\/22<\/li>\n<li>PTE \u2013 Medical School, Institute of Behavioural Sciences, Cognitive Neuroscience Research Group; Investigation of heart rate variability and mental fatigue; Bachelor\u2019s thesis, 2019\/22<\/li>\n<\/ul>\n<p><strong>Scholarships:<\/strong><\/p>\n<ul>\n<li>Carpathian Basin Talent Spotting Foundation (KMTA \u2013 K\u00e1rp\u00e1t-medencei Tehets\u00e9gkutat\u00f3 Alap\u00edtv\u00e1ny); Higher Education &#8211; Research Scholarship, 2022; Investigation of neural oscillations in ADHD during wakefulness<\/li>\n<li>BME &#8211; Directorate of Student Services (HSZI); HSZI Tutor Scholarship, 2021\/22; Tutoring students with learning difficulties and special needs students in statistics and programming<\/li>\n<\/ul>\n<p><strong>Conferences:<\/strong><\/p>\n<ul>\n<li>TEAP 2019 at the London Metropolitan University<\/li>\n<li>PhD Scientific Days 2022 at Semmelweis University<\/li>\n<\/ul>\n<p><strong>Skills:<\/strong><\/p>\n<ul>\n<li>MATLAB &#8211; advanced<\/li>\n<li>R- intermediate<\/li>\n<li>Python &#8211; intermediate<\/li>\n<\/ul>\n<p><strong>Language Skills:<\/strong><\/p>\n<ul>\n<li>English &#8211; proficient (C1)<\/li>\n<li>Italian &#8211; intermediate<\/li>\n<\/ul>\n<p>&nbsp;<\/p>\n<p>&nbsp;<\/p>\n","protected":false},"excerpt":{"rendered":"<p><a href=\"https:\/\/semmelweis.hu\/psychophysiology\/files\/2022\/10\/Tarek-Zoltan-Magyar_ig_kep.png\"><\/a> &nbsp; &nbsp; T\u00e1rek Zolt\u00e1n Magyar email: magyartarek@gmail.com; magyar.tarek@phd.semmelweis.hu Education: Semmelweis University (SE); Doctoral School of Mental Health Sciences, 2022 &#8211; Budapest University of Technology and Economics (BME); Computational and Cognitive Neuroscience, MSc, 2020 &#8211; 2022 University of P\u00e9cs (PTE); Psychology, BA, 2017-2020 Professional Experience: SE &#8211; Medical School, Institute of Behavioural Sciences, Chronobiology and Psychophysiology &hellip;<\/p>\n","protected":false},"author":101277,"featured_media":0,"parent":101,"menu_order":0,"comment_status":"closed","ping_status":"closed","template":"","meta":{"_acf_changed":false,"footnotes":""},"categories":[],"tags":[],"class_list":["post-1941","page","type-page","status-publish","hentry"],"acf":[],"_links":{"self":[{"href":"https:\/\/semmelweis.hu\/psychophysiology\/wp-json\/wp\/v2\/pages\/1941","targetHints":{"allow":["GET"]}}],"collection":[{"href":"https:\/\/semmelweis.hu\/psychophysiology\/wp-json\/wp\/v2\/pages"}],"about":[{"href":"https:\/\/semmelweis.hu\/psychophysiology\/wp-json\/wp\/v2\/types\/page"}],"author":[{"embeddable":true,"href":"https:\/\/semmelweis.hu\/psychophysiology\/wp-json\/wp\/v2\/users\/101277"}],"replies":[{"embeddable":true,"href":"https:\/\/semmelweis.hu\/psychophysiology\/wp-json\/wp\/v2\/comments?post=1941"}],"version-history":[{"count":1,"href":"https:\/\/semmelweis.hu\/psychophysiology\/wp-json\/wp\/v2\/pages\/1941\/revisions"}],"predecessor-version":[{"id":1943,"href":"https:\/\/semmelweis.hu\/psychophysiology\/wp-json\/wp\/v2\/pages\/1941\/revisions\/1943"}],"up":[{"embeddable":true,"href":"https:\/\/semmelweis.hu\/psychophysiology\/wp-json\/wp\/v2\/pages\/101"}],"wp:attachment":[{"href":"https:\/\/semmelweis.hu\/psychophysiology\/wp-json\/wp\/v2\/media?parent=1941"}],"wp:term":[{"taxonomy":"category","embeddable":true,"href":"https:\/\/semmelweis.hu\/psychophysiology\/wp-json\/wp\/v2\/categories?post=1941"},{"taxonomy":"post_tag","embeddable":true,"href":"https:\/\/semmelweis.hu\/psychophysiology\/wp-json\/wp\/v2\/tags?post=1941"}],"curies":[{"name":"wp","href":"https:\/\/api.w.org\/{rel}","templated":true}]}}