{"id":1822,"date":"2020-08-05T17:01:06","date_gmt":"2020-08-05T15:01:06","guid":{"rendered":"https:\/\/semmelweis.hu\/psychophysiology\/?page_id=1822"},"modified":"2020-08-07T11:06:30","modified_gmt":"2020-08-07T09:06:30","slug":"csenge-horvath","status":"publish","type":"page","link":"https:\/\/semmelweis.hu\/psychophysiology\/people\/phd-students\/csenge-horvath\/","title":{"rendered":"Csenge Horv\u00e1th"},"content":{"rendered":"<p><strong>Personal data<\/strong><\/p>\n<p>Name: Csenge Horv\u00e1th<br \/>\nBirth date: 30.11.1994.<br \/>\nCitizenship: magyar<br \/>\ne-mail: ghorvathcsenge@gmail.com<\/p>\n<p>\n<\/p>\n<p><strong>Education<\/strong><\/p>\n<p>\n2017-2019 Budapest University of Technology and Economics, Faculty of Natural Sciences, <br \/>\nMSc in Computational and Cognitive Neuroscience<\/p>\n<p>\n2013-2017 Szent Istv\u00e1n University, Faculty of Agricultural and Environmental Sciences<br \/>\nBSc in Wildlife Management Engineering<\/p>\n<p>\n2016, autumn, Budapest University of Technology and Economics, Faculty of Natural Sciences<br \/>\nvisiting student<\/p>\n<p>\n2009-2013<br \/>\nSt Margit Secondary School, Budapest<\/p>\n<p>&nbsp;<\/p>\n<p><strong>Professional experience<\/strong><\/p>\n<p>2018<br \/>\nBudapest University of Technology and Economics, Faculty of Natural Sciences, Institute of Cognitive Sciences<br \/>\nconducting experiments, EEG assistance<\/p>\n<p>2019-2020<br \/>\nSemmelweis University, Institute of Behavioural Sciences, Psychophysiology and Chronobiology Research Group<br \/>\nstatistical data analysis, statisztikai adatelemz\u00e9s, EEG assistance, sleep research<\/p>\n<p><strong>Conferences<\/strong><\/p>\n<p>\n2019<br \/>\nMagyar Pszichi\u00e1triai T\u00e1rsas\u00e1g XXII. V\u00e1ndorgy\u0171l\u00e9se \/ Conference of the Hungarian Psychiatric Association<br \/>\nLecture on &#8216;Kognit\u00edv funkci\u00f3k szkizofr\u00e9ni\u00e1ban: \u00edg\u00e9retek \u00e9s ellentmond\u00e1sok&#8217; (&#8216;Cognitive functions in schizophrenia: promises and contradictions&#8217;)<\/p>\n<p>\n2020<br \/>\n4th Hungarian Neuroscience Doctoral Conference<br \/>\nPoster: Age-relate changes in NREM sleep EEG spectral slopes do not differ among subjects with average and high intelligence<\/p>\n<p>Cognitive Neuroscience Society 2020 Virtual Meeting<br \/>\nPoster: Estimating the relationship between sleep EEG spectral peaks and general intelligence from the whitened Fourier spectrum<\/p>\n<p>\n<strong>Other:<\/strong><br \/>\n2016-2017<br \/>\nstudent work<\/p>\n<p>2017, spring<br \/>\nBudapesti Zoo &amp; Botanical Garden<br \/>\nprofessional practice, internship, animal care job<\/p>\n<p>\n<strong>Language skills:<\/strong><br \/>\nMother tongue: Hungarian<br \/>\nForeign languages: English (B2 comprehensive exam, C1 language exam in process)<\/p>\n<p>\n<strong>Computer skills:<\/strong><br \/>\nMicrosoft Office eszk\u00f6z\u00f6k, SPSS, STATISTICA, Psychopy, E-prime user level knowledge; R Studio, Python basic knowledge<\/p>\n","protected":false},"excerpt":{"rendered":"<p>Personal data Name: Csenge Horv\u00e1th Birth date: 30.11.1994. Citizenship: magyar e-mail: ghorvathcsenge@gmail.com Education 2017-2019 Budapest University of Technology and Economics, Faculty of Natural Sciences, MSc in Computational and Cognitive Neuroscience 2013-2017 Szent Istv\u00e1n University, Faculty of Agricultural and Environmental Sciences BSc in Wildlife Management Engineering 2016, autumn, Budapest University of Technology and Economics, Faculty of &hellip;<\/p>\n","protected":false},"author":101277,"featured_media":0,"parent":101,"menu_order":0,"comment_status":"closed","ping_status":"closed","template":"","meta":{"_acf_changed":false,"footnotes":""},"categories":[],"tags":[],"class_list":["post-1822","page","type-page","status-publish","hentry"],"acf":[],"_links":{"self":[{"href":"https:\/\/semmelweis.hu\/psychophysiology\/wp-json\/wp\/v2\/pages\/1822","targetHints":{"allow":["GET"]}}],"collection":[{"href":"https:\/\/semmelweis.hu\/psychophysiology\/wp-json\/wp\/v2\/pages"}],"about":[{"href":"https:\/\/semmelweis.hu\/psychophysiology\/wp-json\/wp\/v2\/types\/page"}],"author":[{"embeddable":true,"href":"https:\/\/semmelweis.hu\/psychophysiology\/wp-json\/wp\/v2\/users\/101277"}],"replies":[{"embeddable":true,"href":"https:\/\/semmelweis.hu\/psychophysiology\/wp-json\/wp\/v2\/comments?post=1822"}],"version-history":[{"count":2,"href":"https:\/\/semmelweis.hu\/psychophysiology\/wp-json\/wp\/v2\/pages\/1822\/revisions"}],"predecessor-version":[{"id":1825,"href":"https:\/\/semmelweis.hu\/psychophysiology\/wp-json\/wp\/v2\/pages\/1822\/revisions\/1825"}],"up":[{"embeddable":true,"href":"https:\/\/semmelweis.hu\/psychophysiology\/wp-json\/wp\/v2\/pages\/101"}],"wp:attachment":[{"href":"https:\/\/semmelweis.hu\/psychophysiology\/wp-json\/wp\/v2\/media?parent=1822"}],"wp:term":[{"taxonomy":"category","embeddable":true,"href":"https:\/\/semmelweis.hu\/psychophysiology\/wp-json\/wp\/v2\/categories?post=1822"},{"taxonomy":"post_tag","embeddable":true,"href":"https:\/\/semmelweis.hu\/psychophysiology\/wp-json\/wp\/v2\/tags?post=1822"}],"curies":[{"name":"wp","href":"https:\/\/api.w.org\/{rel}","templated":true}]}}