{"id":1588,"date":"2019-03-26T17:48:37","date_gmt":"2019-03-26T16:48:37","guid":{"rendered":"http:\/\/semmelweis.hu\/psychophysiology\/?page_id=1588"},"modified":"2025-11-26T13:39:54","modified_gmt":"2025-11-26T12:39:54","slug":"books-and-book-chapters-2","status":"publish","type":"page","link":"https:\/\/semmelweis.hu\/psychophysiology\/publications\/books-and-book-chapters-2\/","title":{"rendered":"Books and book chapters"},"content":{"rendered":"<p><a href=\"https:\/\/semmelweis.hu\/psychophysiology\/files\/2023\/04\/BR_Hungarostudy2021_fejezet.pdf\"><strong>Alv\u00e1s-\u00e9brenl\u00e9t id\u0151z\u00edt\u00e9s, \u00e1lmoss\u00e1g \u00e9s eg\u00e9szs\u00e9g kronoepidemiol\u00f3giai kitekint\u00e9ssel<\/strong><\/a><br \/>\nB\u00f3dizs R: <a href=\"https:\/\/semmelweis.hu\/psychophysiology\/files\/2023\/04\/BR_Hungarostudy2021_fejezet.pdf\">Alv\u00e1s-\u00e9brenl\u00e9t id\u0151z\u00edt\u00e9s, \u00e1lmoss\u00e1g \u00e9s eg\u00e9szs\u00e9g kronoepidemiol\u00f3giai kitekint\u00e9ssel<\/a>. In: Engler, \u00c1; Purebl, Gy.; Sus\u00e1nszky, \u00c9.; Sz\u00e9kely, A. (szerk.) Magyar Lelki\u00e1llapot 2021. Csal\u00e1d- eg\u00e9szs\u00e9g &#8211; k\u00f6z\u00f6ss\u00e9g: Hungarostudy 2021 tanulm\u00e1nyok. Budapest: Kopp M\u00e1ria Int\u00e9zet a Csal\u00e1dok\u00e9rt KINCS (2022) pp. 291-310.<\/p>\n<p><a href=\"https:\/\/semmelweis.hu\/psychophysiology\/2021\/08\/27\/bodizs-r-theories-on-the-functions-of-sleep\/\" target=\"_blank\" rel=\"noopener noreferrer\"><strong>Theories on the functions of sleep<\/strong><\/a><br \/>\nB\u00f3dizs R.: Theories on the functions of sleep. In: Bassetti C, McNicholas W, Paunio T, Peigneux P (eds) <a href=\"https:\/\/esrs.eu\/esrs-sleep-medicine-textbook\/\" target=\"_blank\" rel=\"noopener noreferrer\">Sleep Medicine Textbook<\/a>, 2nd ed. European Sleep Research Society, 2021, pp. 41-56.<\/p>\n<p><a href=\"https:\/\/semmelweis.hu\/psychophysiology\/2019\/04\/16\/alvas-es-almodas\/\" target=\"_blank\" rel=\"noopener noreferrer\"><strong> Alv\u00e1s \u00e9s \u00e1lmod\u00e1s<\/strong><\/a><\/p>\n<p>B\u00f3dizs R\u00f3bert: Alv\u00e1s \u00e9s \u00e1lmod\u00e1s. IN: G., N\u00e9meth Gy\u00f6rgy (szerk.) Magyar Alv\u00e1sk\u00f6nyv: Pihentet\u0151 tudnival\u00f3k. Budapest: Galenus Kiad\u00f3, 2019. pp. 75-97. <a href=\"https:\/\/www.patikamagazin.hu\/konyvbemutato-magyar-alvaskonyv\/\">https:\/\/www.patikamagazin.hu\/konyvbemutato-magyar-alvaskonyv\/<\/a><\/p>\n<p><a href=\"https:\/\/doi.org\/10.1007\/978-1-4471-4333-8\" target=\"_blank\" rel=\"noopener noreferrer\"><strong> Dynamic Structure of NREM Sleep<\/strong><\/a><br \/>\nHal\u00e1sz P\u00e9ter, B\u00f3dizs R\u00f3bert: Dynamic Structure of NREM Sleep, London, Egyes\u00fclt Kir\u00e1lys\u00e1g \/ Anglia: Springer-Verlag London Ltd. 2013. <a href=\"https:\/\/doi.org\/10.1007\/978-1-4471-4333-8\">https:\/\/doi.org\/10.1007\/978-1-4471-4333-8<\/a><\/p>\n<p><a href=\"https:\/\/semmelweis.hu\/psychophysiology\/2019\/04\/02\/szep-almok-rossz-almok-remalmok-az-almodas-epidemiologiai-es-egeszsegpszichologiai-vonatkozasai\/\" target=\"_blank\" rel=\"noopener noreferrer\"><strong> Sz\u00e9p \u00e1lmok, rossz \u00e1lmok, r\u00e9m\u00e1lmok: az \u00e1lmod\u00e1s epidemiol\u00f3giai \u00e9s eg\u00e9szs\u00e9gpszichol\u00f3giai vonatkoz\u00e1sai<\/strong><\/a><br \/>\nB\u00f3dizs R\u00f3bert: Sz\u00e9p \u00e1lmok, rossz \u00e1lmok, r\u00e9m\u00e1lmok: az \u00e1lmod\u00e1s epidemiol\u00f3giai \u00e9s eg\u00e9szs\u00e9gpszichol\u00f3giai vonatkoz\u00e1sai. IN: Sus\u00e1nszky, \u00c9va; Sz\u00e1nt\u00f3, Zsuzsa (szerk.) Magyar Lelki\u00e1llapot 2013, Budapest, Magyarorsz\u00e1g: Semmelweis Kiad\u00f3 \u00e9s Multim\u00e9dia St\u00fadi\u00f3, 2013. pp. 105-119.<\/p>\n<p><a href=\"https:\/\/semmelweis.hu\/psychophysiology\/2019\/04\/02\/almok-es-egeszsegeselyek-az-almodas-egeszsegpszichologiai-vonatkozasai\/\" target=\"_blank\" rel=\"noopener noreferrer\"> <strong>\u00c1lmok \u00e9s eg\u00e9szs\u00e9ges\u00e9lyek: az \u00e1lmod\u00e1s eg\u00e9szs\u00e9gpszichol\u00f3giai vonatkoz\u00e1sai<\/strong><\/a><br \/>\nB\u00f3dizs R\u00f3bert: \u00c1lmok \u00e9s eg\u00e9szs\u00e9ges\u00e9lyek: az \u00e1lmod\u00e1s eg\u00e9szs\u00e9gpszichol\u00f3giai vonatkoz\u00e1sai. IN: Kopp M\u00e1ria (szerk.) Magyar lelki\u00e1llapot 2008: Es\u00e9lyer\u0151s\u00edt\u00e9s \u00e9s \u00e9letmin\u0151s\u00e9g a mai magyar t\u00e1rsadalomban, Budapest, Magyarorsz\u00e1g: Semmelweis Kiad\u00f3, 2008. pp. 80-87.<\/p>\n<p><a href=\"https:\/\/semmelweis.hu\/psychophysiology\/2018\/11\/13\/1195\/\"><strong>Alv\u00e1s \u00e9s \u00e1lom<\/strong><\/a><strong><br \/>\n<\/strong>B\u00f3dizs R\u00f3bert: Alv\u00e1s \u00e9s \u00e1lom. IN: \u00c1ltal\u00e1nos pszichol\u00f3gia 1. \u2013 \u00c9szlel\u00e9s \u00e9s figyelem (szerk. Cs\u00e9pe Val\u00e9ria, Gy\u0151ri Mikl\u00f3s, R\u00e1g\u00f3 Anett), Budapest: Osiris Kiad\u00f3, 2007. ISBN: 9789633899182. pp. 361-372. A teljes k\u00f6nyvfejezet megtekinthet\u0151 <a href=\"https:\/\/www.tankonyvtar.hu\/hu\/tartalom\/tamop425\/2011_0001_520_altalanos_pszichologia_1\/ch23.html\">itt<\/a> .<\/p>\n<p><a href=\"https:\/\/semmelweis.hu\/psychophysiology\/2015\/11\/18\/bodizs-r-csoka-sz-ebrenlet-es-alvas-modosult-tudatallapotok-es-tudatallapot-modosulasok-in-halasz-p-szerk-tudat-es-tudatvaltozasok-budapest-latvanyos-studio-pp-31-50-2007\/\" target=\"_blank\" rel=\"noopener noreferrer\"> <strong>\u00c9brenl\u00e9t \u00e9s Alv\u00e1s. M\u00f3dosult tudat\u00e1llapotok \u00e9s tudat\u00e1llapot m\u00f3dosul\u00e1sok.<\/strong><\/a><br \/>\nB\u00f3dizs R\u00f3bert, Cs\u00f3ka Szilvia: \u00c9brenl\u00e9t \u00e9s Alv\u00e1s. M\u00f3dosult tudat\u00e1llapotok \u00e9s tudat\u00e1llapot m\u00f3dosul\u00e1sok. IN: Hal\u00e1sz P. (szerk.) Tudat \u00e9s tudatv\u00e1ltoz\u00e1sok. Budapest: L\u00e1tv\u00e1nyos St\u00fadi\u00f3, 2007. pp. 31-50.<\/p>\n<p><a href=\"https:\/\/semmelweis.hu\/psychophysiology\/2019\/04\/02\/az-eletminoseggel-kapcsolatos-jelensegek-idegelettani-vonatkozasai\/\" target=\"_blank\" rel=\"noopener noreferrer\"><strong> Az \u00e9letmin\u0151s\u00e9ggel kapcsolatos jelens\u00e9gek ideg\u00e9lettani vonatkoz\u00e1sai<\/strong><\/a><br \/>\nB\u00f3dizs R\u00f3bert: Az \u00e9letmin\u0151s\u00e9ggel kapcsolatos jelens\u00e9gek ideg\u00e9lettani vonatkoz\u00e1sai. IN: Kopp M\u00e1ria, Kov\u00e1cs M\u00f3nika E (szerk.) A magyar n\u00e9pess\u00e9g \u00e9letmin\u0151s\u00e9ge az ezredfordul\u00f3n, Budapest, Magyarorsz\u00e1g: Semmelweis Kiad\u00f3, 2006. pp. 37-47.<\/p>\n<p><strong>Az alv\u00e1s \u00e9s jelens\u00e9gk\u00f6re<\/strong><br \/>\nB\u00f3dizs R\u00f3bert: Az alv\u00e1s \u00e9s jelens\u00e9gk\u00f6re. IN: Pl\u00e9h Csaba, Kov\u00e1cs Gyula, Guly\u00e1s Bal\u00e1zs (szerk.) Kognit\u00edv idegtudom\u00e1ny, Budapest, Magyarorsz\u00e1g: Osiris Kiad\u00f3, 2003. pp. 601-618.<\/p>\n<p><strong> Kognit\u00edv zavarok epilepszi\u00e1ban: az epilepszia mint a kognit\u00edv kutat\u00e1s eszk\u00f6ze<\/strong><br \/>\nHal\u00e1sz P\u00e9ter, B\u00f3dizs R\u00f3bert, Holl\u00f3 Andr\u00e1s, Janszky J\u00f3zsef, Borb\u00e9ly Csaba: Kognit\u00edv zavarok epilepszi\u00e1ban: az epilepszia mint a kognit\u00edv kutat\u00e1s eszk\u00f6ze. IN: Pl\u00e9h Csaba; Kov\u00e1cs Gyula, Guly\u00e1s Bal\u00e1zs (szerk.) Kognit\u00edv idegtudom\u00e1ny, Budapest, Magyarorsz\u00e1g: Osiris Kiad\u00f3, 2003. pp. 688-698.<\/p>\n<p><strong>Alv\u00e1s, \u00e1lom, bioritmusok<\/strong><br \/>\nB\u00f3dizs R\u00f3bert: Alv\u00e1s, \u00e1lom, bioritmusok. Budapest, Magyarorsz\u00e1g: Medicina K\u00f6nyvkiad\u00f3, 2000. <a href=\"https:\/\/www.worldcat.org\/search?q=isbn%3A9632426150\">https:\/\/www.worldcat.org\/search?q=isbn%3A9632426150<\/a><\/p>\n<p><a href=\"https:\/\/semmelweis.hu\/psychophysiology\/2019\/04\/02\/az-alvas-es-az-almodas-pszichobiologiaja\/\" target=\"_blank\" rel=\"noopener noreferrer\"><strong> Az alv\u00e1s \u00e9s az \u00e1lmod\u00e1s pszichobiol\u00f3gi\u00e1ja<\/strong><\/a><br \/>\nB\u00f3dizs R\u00f3bert: Az alv\u00e1s \u00e9s az \u00e1lmod\u00e1s pszichobiol\u00f3gi\u00e1ja. IN: Nov\u00e1k M (szerk.) Az alv\u00e1s &#8211; \u00e9s \u00e9brenl\u00e9ti zavarok diagnosztik\u00e1ja \u00e9s ter\u00e1pi\u00e1ja, Budapest, Magyarorsz\u00e1g: OKKER Kiad\u00f3, 2000. pp. 67-86.<\/p>\n","protected":false},"excerpt":{"rendered":"<p><a href=\"https:\/\/semmelweis.hu\/psychophysiology\/files\/2023\/04\/BR_Hungarostudy2021_fejezet.pdf\">Alv\u00e1s-\u00e9brenl\u00e9t id\u0151z\u00edt\u00e9s, \u00e1lmoss\u00e1g \u00e9s eg\u00e9szs\u00e9g kronoepidemiol\u00f3giai kitekint\u00e9ssel<\/a> B\u00f3dizs R: <a href=\"https:\/\/semmelweis.hu\/psychophysiology\/files\/2023\/04\/BR_Hungarostudy2021_fejezet.pdf\">Alv\u00e1s-\u00e9brenl\u00e9t id\u0151z\u00edt\u00e9s, \u00e1lmoss\u00e1g \u00e9s eg\u00e9szs\u00e9g kronoepidemiol\u00f3giai kitekint\u00e9ssel<\/a> . In: Engler, \u00c1; Purebl, Gy.; Sus\u00e1nszky, \u00c9.; Sz\u00e9kely, A. (szerk.) Magyar Lelki\u00e1llapot 2021. Csal\u00e1d- eg\u00e9szs\u00e9g &#8211; k\u00f6z\u00f6ss\u00e9g: Hungarostudy 2021 tanulm\u00e1nyok. Budapest: Kopp M\u00e1ria Int\u00e9zet a Csal\u00e1dok\u00e9rt KINCS (2022) pp. 291-310. <a href=\"https:\/\/semmelweis.hu\/psychophysiology\/2021\/08\/27\/bodizs-r-theories-on-the-functions-of-sleep\/\" target=\"_blank\" rel=\"noopener noreferrer\">Theories on the functions of sleep<\/a> B\u00f3dizs R.: Theories on the functions of sleep. In: Bassetti C, McNicholas W, Paunio T, Peigneux P (eds) <a href=\"https:\/\/esrs.eu\/esrs-sleep-medicine-textbook\/\" target=\"_blank\" rel=\"noopener noreferrer\">Sleep Medicine Textbook<\/a> , 2nd ed. European &hellip;<\/p>\n","protected":false},"author":101277,"featured_media":0,"parent":87,"menu_order":3,"comment_status":"closed","ping_status":"closed","template":"","meta":{"_acf_changed":false,"footnotes":""},"categories":[],"tags":[],"class_list":["post-1588","page","type-page","status-publish","hentry"],"acf":[],"_links":{"self":[{"href":"https:\/\/semmelweis.hu\/psychophysiology\/wp-json\/wp\/v2\/pages\/1588","targetHints":{"allow":["GET"]}}],"collection":[{"href":"https:\/\/semmelweis.hu\/psychophysiology\/wp-json\/wp\/v2\/pages"}],"about":[{"href":"https:\/\/semmelweis.hu\/psychophysiology\/wp-json\/wp\/v2\/types\/page"}],"author":[{"embeddable":true,"href":"https:\/\/semmelweis.hu\/psychophysiology\/wp-json\/wp\/v2\/users\/101277"}],"replies":[{"embeddable":true,"href":"https:\/\/semmelweis.hu\/psychophysiology\/wp-json\/wp\/v2\/comments?post=1588"}],"version-history":[{"count":10,"href":"https:\/\/semmelweis.hu\/psychophysiology\/wp-json\/wp\/v2\/pages\/1588\/revisions"}],"predecessor-version":[{"id":2120,"href":"https:\/\/semmelweis.hu\/psychophysiology\/wp-json\/wp\/v2\/pages\/1588\/revisions\/2120"}],"up":[{"embeddable":true,"href":"https:\/\/semmelweis.hu\/psychophysiology\/wp-json\/wp\/v2\/pages\/87"}],"wp:attachment":[{"href":"https:\/\/semmelweis.hu\/psychophysiology\/wp-json\/wp\/v2\/media?parent=1588"}],"wp:term":[{"taxonomy":"category","embeddable":true,"href":"https:\/\/semmelweis.hu\/psychophysiology\/wp-json\/wp\/v2\/categories?post=1588"},{"taxonomy":"post_tag","embeddable":true,"href":"https:\/\/semmelweis.hu\/psychophysiology\/wp-json\/wp\/v2\/tags?post=1588"}],"curies":[{"name":"wp","href":"https:\/\/api.w.org\/{rel}","templated":true}]}}