{"id":110,"date":"2015-11-18T00:00:00","date_gmt":"2015-11-17T23:00:00","guid":{"rendered":"http:\/\/semmelweis.hu\/psychophysiology\/klara-varhelyi\/"},"modified":"2018-08-14T14:48:12","modified_gmt":"2018-08-14T12:48:12","slug":"klara-varhelyi","status":"publish","type":"page","link":"https:\/\/semmelweis.hu\/psychophysiology\/people\/former-collaborators-and-students\/klara-varhelyi\/","title":{"rendered":"Kl\u00e1ra V\u00e1rhelyi"},"content":{"rendered":"<p style=\"text-align: justify\"><em><strong><a href=\"https:\/\/semmelweis.hu\/psychophysiology\/files\/2015\/11\/varhelyi.jpg\" rel=\"attachment wp-att-823\"><img loading=\"lazy\" decoding=\"async\" class=\"wp-image-823 alignright\" src=\"https:\/\/semmelweis.hu\/psychophysiology\/files\/2015\/11\/varhelyi-219x300.jpg\" alt=\"varhelyi\" width=\"111\" height=\"152\" srcset=\"https:\/\/semmelweis.hu\/psychophysiology\/files\/2015\/11\/varhelyi-219x300.jpg 219w, https:\/\/semmelweis.hu\/psychophysiology\/files\/2015\/11\/varhelyi.jpg 271w\" sizes=\"auto, (max-width: 111px) 100vw, 111px\" \/><\/a><\/strong> <\/em><\/p>\n<p style=\"text-align: justify\">soltesz-varhelyi.klara@btk.ppke.hu<\/p>\n<p style=\"text-align: right\">\u00a0<\/p>\n<p style=\"text-align: justify\">\u00a0<\/p>\n<p style=\"text-align: justify\">\u00a0<\/p>\n<p style=\"text-align: justify\"><strong><em>EDUCATION<\/em><\/strong><\/p>\n<hr \/>\n<p>2011-\u00a0\u00a0\u00a0\u00a0\u00a0\u00a0\u00a0\u00a0\u00a0\u00a0\u00a0\u00a0\u00a0\u00a0\u00a0 <strong>Budapest University of Technology and Economics<br \/>\n\u00a0\u00a0\u00a0\u00a0\u00a0\u00a0\u00a0\u00a0\u00a0\u00a0\u00a0\u00a0\u00a0 \u00a0 \u00a0 \u00a0 \u00a0 \u00a0\u00a0 <\/strong>Cognitive Science (PhD)<\/p>\n<p>2011-\u00a0\u00a0\u00a0\u00a0\u00a0\u00a0\u00a0\u00a0\u00a0\u00a0\u00a0\u00a0\u00a0\u00a0\u00a0 <strong>Budapest University of Technology and Economics<br \/>\n\u00a0\u00a0\u00a0\u00a0\u00a0\u00a0\u00a0\u00a0\u00a0\u00a0\u00a0\u00a0\u00a0\u00a0\u00a0\u00a0\u00a0\u00a0\u00a0\u00a0\u00a0\u00a0\u00a0\u00a0 <\/strong>Informatics (BsC)<\/p>\n<p>2009-2011\u00a0\u00a0\u00a0\u00a0\u00a0 <strong>Budapest University of Technology and Economics<br \/>\n<\/strong>\u00a0\u00a0\u00a0\u00a0\u00a0\u00a0\u00a0\u00a0\u00a0\u00a0\u00a0\u00a0\u00a0\u00a0\u00a0\u00a0\u00a0\u00a0\u00a0\u00a0\u00a0\u00a0\u00a0\u00a0\u00a0 Cognitive Psychology (MA)<\/p>\n<p>2007-2008\u00a0\u00a0\u00a0\u00a0 <strong>2f Adult Education School<\/strong>, webdesigner<\/p>\n<p>2006-2009\u00a0\u00a0\u00a0\u00a0 <strong>University of P\u00e9cs<\/strong>, Faculty of Psychology (BA)<\/p>\n<p>&nbsp;<\/p>\n<p>&nbsp;<\/p>\n<p style=\"text-align: justify\"><strong><em>SELECTED PUBLICATIONS<\/em><\/strong><\/p>\n<hr \/>\n<p><strong>D\u00e1vid M., Dorner L., Hatvani A., Solt\u00e9sz P., Task\u00f3 T., Solt\u00e9sz-V\u00e1rhelyi K. <\/strong>(in press) Az IKT hat\u00e1sa a kognit\u00edv m\u0171k\u00f6d\u00e9sekre iskol\u00e1skorban. <em>Pszichol\u00f3giai Szemle<\/em><\/p>\n<p style=\"text-align: justify\"><strong>Pl\u00e9h, Cs., N\u00e9meth, K., Fazekas, J., Varga, D., V\u00e1rhelyi, K.<\/strong> (2013) Entropy measures and predictive recognition as mirrored in gating and lexical decision over multimorphemic Hungarian noun forms. <em>PSIHOLOGIJA, Vol. 46 (4), 395\u2013418<\/em><\/p>\n<p style=\"text-align: justify\"><strong>V\u00e1rhelyi K. <\/strong>(2011) Interaction between serial but overlapping prospective tasks.<em> Perception and Learning<\/em><\/p>\n<p style=\"text-align: justify\"><strong>V\u00e1rhelyi, K.<\/strong>\u00a0(2010) Archasonl\u00f3s\u00e1g. In R\u00e9v\u00e9sz, Gy. (ed.) Az emberi arc\u00a0<em>Pro Pann\u00f3nia<\/em><\/p>\n<p style=\"text-align: justify\"><strong>H\u00e1ri, P., V\u00e1rhelyi, K.<\/strong>\u00a0(2010) Virtu\u00e1lis munka, virtu\u00e1lis teamek\u00a0<em> Munka\u00fcgyi Szemle<\/em><\/p>\n<p style=\"text-align: justify\"><strong>V\u00e1rhelyi, K. <\/strong>(2010)<strong>\u00a0<\/strong>Face similarity.\u00a0<em>Perception and Learning<\/em><\/p>\n<p>&nbsp;<\/p>\n<p style=\"text-align: justify\"><strong><em>TEACHING EXPERIENCE<\/em><\/strong><\/p>\n<hr \/>\n<p>2011 -2012\u00a0\u00a0\u00a0\u00a0 BME \u2013 Cognitive Psychology 1, practical course (BA)<\/p>\n<p>2013\u00a0\u00a0\u00a0\u00a0\u00a0\u00a0\u00a0\u00a0\u00a0\u00a0\u00a0\u00a0\u00a0\u00a0\u00a0 PPKE &#8211; History Of Psychology, lecture (BA)<\/p>\n<p>\u00a0\u00a0\u00a0\u00a0\u00a0\u00a0\u00a0\u00a0\u00a0\u00a0\u00a0\u00a0\u00a0\u00a0\u00a0\u00a0\u00a0\u00a0\u00a0\u00a0\u00a0\u00a0\u00a0\u00a0 PPKE \u2013 Cognitive Psychology 3, practical course (BA)<\/p>\n<p>2013 \u2013\u00a0\u00a0\u00a0\u00a0\u00a0\u00a0\u00a0\u00a0\u00a0\u00a0\u00a0 PPKE &#8211; IT skills and statistical analysis, practical course (BA)<br \/>\n\u00a0\u00a0\u00a0\u00a0\u00a0\u00a0\u00a0\u00a0\u00a0\u00a0\u00a0\u00a0\u00a0\u00a0\u00a0\u00a0\u00a0\u00a0\u00a0\u00a0\u00a0\u00a0\u00a0\u00a0 PPKE &#8211; Methodological skills and multivariate statistical methods 2<br \/>\n\u00a0\u00a0\u00a0\u00a0\u00a0\u00a0\u00a0\u00a0\u00a0\u00a0\u00a0\u00a0\u00a0\u00a0\u00a0\u00a0\u00a0\u00a0\u00a0\u00a0\u00a0\u00a0\u00a0\u00a0 practical course (MA)<\/p>\n<p>2015 \u2013\u00a0\u00a0\u00a0\u00a0\u00a0\u00a0\u00a0\u00a0\u00a0\u00a0\u00a0 PPKE \u2013 Methodological and IT skills, specialisation (BA)<\/p>\n<p>&nbsp;<\/p>\n<p style=\"text-align: justify\"><strong><em>LANGUAGE SKILLS<\/em><\/strong><\/p>\n<hr \/>\n<ul>\n<li style=\"text-align: justify\">Hungarian\u00a0\u00a0\u00a0\u00a0\u00a0\u00a0\u00a0\u00a0\u00a0\u00a0\u00a0\u00a0\u00a0\u00a0\u00a0\u00a0\u00a0 Native<\/li>\n<li style=\"text-align: justify\">English\u00a0\u00a0\u00a0\u00a0\u00a0\u00a0\u00a0\u00a0\u00a0\u00a0\u00a0\u00a0\u00a0\u00a0\u00a0\u00a0\u00a0\u00a0\u00a0\u00a0\u00a0\u00a0\u00a0 Intermediate (Hungarian Intermediate State Examination)<\/li>\n<li style=\"text-align: justify\">German \u00a0\u00a0\u00a0\u00a0\u00a0\u00a0\u00a0\u00a0\u00a0\u00a0\u00a0\u00a0\u00a0\u00a0\u00a0\u00a0\u00a0\u00a0\u00a0\u00a0\u00a0 Intermediate (Hungarian Intermediate State Examination)<\/li>\n<\/ul>\n<p style=\"text-align: justify\"><strong><em>RESEARCH INTEREST<\/em><\/strong><\/p>\n<hr \/>\n<ul>\n<li>Modern statistical methods in Psychological Science.<\/li>\n<li>Microstructrure components of sleep, connection between cyclic slternating pattern (CAP) and intelligence.<\/li>\n<\/ul>\n<p>&nbsp;<\/p>\n<p style=\"text-align: justify\"><em>\u00a0<\/em><\/p>\n","protected":false},"excerpt":{"rendered":"<p><a href=\"https:\/\/semmelweis.hu\/psychophysiology\/files\/2015\/11\/varhelyi.jpg\" rel=\"attachment wp-att-823\"><\/a> soltesz-varhelyi.klara@btk.ppke.hu \u00a0 \u00a0 \u00a0 EDUCATION 2011-\u00a0\u00a0\u00a0\u00a0\u00a0\u00a0\u00a0\u00a0\u00a0\u00a0\u00a0\u00a0\u00a0\u00a0\u00a0 Budapest University of Technology and Economics \u00a0\u00a0\u00a0\u00a0\u00a0\u00a0\u00a0\u00a0\u00a0\u00a0\u00a0\u00a0\u00a0 \u00a0 \u00a0 \u00a0 \u00a0 \u00a0\u00a0 Cognitive Science (PhD) 2011-\u00a0\u00a0\u00a0\u00a0\u00a0\u00a0\u00a0\u00a0\u00a0\u00a0\u00a0\u00a0\u00a0\u00a0\u00a0 Budapest University of Technology and Economics \u00a0\u00a0\u00a0\u00a0\u00a0\u00a0\u00a0\u00a0\u00a0\u00a0\u00a0\u00a0\u00a0\u00a0\u00a0\u00a0\u00a0\u00a0\u00a0\u00a0\u00a0\u00a0\u00a0\u00a0 Informatics (BsC) 2009-2011\u00a0\u00a0\u00a0\u00a0\u00a0 Budapest University of Technology and Economics \u00a0\u00a0\u00a0\u00a0\u00a0\u00a0\u00a0\u00a0\u00a0\u00a0\u00a0\u00a0\u00a0\u00a0\u00a0\u00a0\u00a0\u00a0\u00a0\u00a0\u00a0\u00a0\u00a0\u00a0\u00a0 Cognitive Psychology (MA) 2007-2008\u00a0\u00a0\u00a0\u00a0 2f Adult Education School, webdesigner 2006-2009\u00a0\u00a0\u00a0\u00a0 University of P\u00e9cs, Faculty of Psychology &hellip;<\/p>\n","protected":false},"author":101277,"featured_media":0,"parent":102,"menu_order":5,"comment_status":"closed","ping_status":"closed","template":"","meta":{"_acf_changed":false,"footnotes":""},"categories":[],"tags":[],"class_list":["post-110","page","type-page","status-publish","hentry"],"acf":[],"_links":{"self":[{"href":"https:\/\/semmelweis.hu\/psychophysiology\/wp-json\/wp\/v2\/pages\/110","targetHints":{"allow":["GET"]}}],"collection":[{"href":"https:\/\/semmelweis.hu\/psychophysiology\/wp-json\/wp\/v2\/pages"}],"about":[{"href":"https:\/\/semmelweis.hu\/psychophysiology\/wp-json\/wp\/v2\/types\/page"}],"author":[{"embeddable":true,"href":"https:\/\/semmelweis.hu\/psychophysiology\/wp-json\/wp\/v2\/users\/101277"}],"replies":[{"embeddable":true,"href":"https:\/\/semmelweis.hu\/psychophysiology\/wp-json\/wp\/v2\/comments?post=110"}],"version-history":[{"count":11,"href":"https:\/\/semmelweis.hu\/psychophysiology\/wp-json\/wp\/v2\/pages\/110\/revisions"}],"predecessor-version":[{"id":1042,"href":"https:\/\/semmelweis.hu\/psychophysiology\/wp-json\/wp\/v2\/pages\/110\/revisions\/1042"}],"up":[{"embeddable":true,"href":"https:\/\/semmelweis.hu\/psychophysiology\/wp-json\/wp\/v2\/pages\/102"}],"wp:attachment":[{"href":"https:\/\/semmelweis.hu\/psychophysiology\/wp-json\/wp\/v2\/media?parent=110"}],"wp:term":[{"taxonomy":"category","embeddable":true,"href":"https:\/\/semmelweis.hu\/psychophysiology\/wp-json\/wp\/v2\/categories?post=110"},{"taxonomy":"post_tag","embeddable":true,"href":"https:\/\/semmelweis.hu\/psychophysiology\/wp-json\/wp\/v2\/tags?post=110"}],"curies":[{"name":"wp","href":"https:\/\/api.w.org\/{rel}","templated":true}]}}