{"id":109,"date":"2015-11-18T00:00:00","date_gmt":"2015-11-17T23:00:00","guid":{"rendered":"http:\/\/semmelweis.hu\/psychophysiology\/piroska-sandor\/"},"modified":"2018-08-14T15:33:57","modified_gmt":"2018-08-14T13:33:57","slug":"piroska-sandor","status":"publish","type":"page","link":"https:\/\/semmelweis.hu\/psychophysiology\/people\/former-collaborators-and-students\/piroska-sandor\/","title":{"rendered":"Piroska S\u00e1ndor"},"content":{"rendered":"<p style=\"text-align: justify\"><em><strong>PERSONAL INFORMATION<\/strong> <\/em><\/p>\n<hr \/>\n<p style=\"text-align: justify\">Telephone:\u00a0\u00a0\u00a0\u00a0\u00a0\u00a0\u00a0\u00a0\u00a0\u00a0\u00a0\u00a0\u00a0\u00a0\u00a0\u00a0\u00a0\u00a0\u00a0\u00a0\u00a0\u00a0\u00a0\u00a0\u00a0\u00a0\u00a0\u00a0\u00a0\u00a0\u00a0\u00a0 +36 20 459 8568<\/p>\n<p style=\"text-align: justify\">Email: \u00a0\u00a0\u00a0\u00a0\u00a0\u00a0\u00a0\u00a0\u00a0\u00a0\u00a0\u00a0\u00a0\u00a0\u00a0\u00a0\u00a0\u00a0\u00a0\u00a0\u00a0\u00a0\u00a0\u00a0\u00a0\u00a0\u00a0\u00a0\u00a0\u00a0\u00a0\u00a0\u00a0\u00a0\u00a0\u00a0\u00a0\u00a0 <a href=\"mailto:sandorpiros@gmail.com\">sandorpiros@gmail.com<\/a><\/p>\n<p style=\"text-align: justify\"><strong><em>EDUCATION<\/em><\/strong><\/p>\n<hr \/>\n<p style=\"text-align: left\">2010 &#8211; present \u00a0 \u00a0 \u00a0 \u00a0 \u00a0 \u00a0 \u00a0 \u00a0 \u00a0 \u00a0 Semmelweis University, Doctoral School of Mental Health Sciences, Budapest<\/p>\n<p style=\"text-align: justify\">2004-2009\u00a0\u00a0\u00a0\u00a0\u00a0\u00a0\u00a0\u00a0\u00a0\u00a0\u00a0\u00a0\u00a0\u00a0\u00a0\u00a0\u00a0\u00a0\u00a0\u00a0\u00a0\u00a0\u00a0\u00a0\u00a0\u00a0 K\u00e1roli G\u00e1sp\u00e1r University, Faculty of Psychology, Budapest<\/p>\n<p style=\"text-align: justify\">2002-2004\u00a0\u00a0\u00a0\u00a0\u00a0\u00a0\u00a0\u00a0\u00a0\u00a0\u00a0\u00a0\u00a0\u00a0\u00a0\u00a0\u00a0\u00a0\u00a0\u00a0\u00a0\u00a0\u00a0\u00a0\u00a0\u00a0 Szent Istv\u00e1n University, Faculty of Veterinary Science, Budapest<\/p>\n<p style=\"text-align: justify\">1997- 2002\u00a0\u00a0\u00a0\u00a0\u00a0\u00a0\u00a0\u00a0\u00a0\u00a0\u00a0\u00a0\u00a0\u00a0\u00a0\u00a0\u00a0\u00a0\u00a0\u00a0\u00a0\u00a0\u00a0\u00a0\u00a0\u00a0\u00a0 Hungarian-English Dual Language School, Balatonalm\u00e1di<\/p>\n<p style=\"text-align: justify\"><strong>SPECIALIZATIONS<\/strong><\/p>\n<hr \/>\n<p style=\"text-align: justify\">2013\u00a0\u00a0\u00a0\u00a0\u00a0\u00a0\u00a0\u00a0\u00a0\u00a0\u00a0\u00a0\u00a0\u00a0\u00a0\u00a0\u00a0\u00a0\u00a0\u00a0\u00a0\u00a0\u00a0\u00a0\u00a0\u00a0\u00a0\u00a0\u00a0\u00a0\u00a0\u00a0\u00a0\u00a0\u00a0\u00a0 Pediatric Sleep Training, Southampton, UK (by Catherine Hill, MD)<\/p>\n<p style=\"text-align: justify\">2011- 2014\u00a0\u00a0\u00a0\u00a0\u00a0\u00a0\u00a0\u00a0\u00a0\u00a0\u00a0\u00a0\u00a0\u00a0\u00a0\u00a0\u00a0\u00a0\u00a0\u00a0\u00a0\u00a0\u00a0 Certified coder and user of the Manchester Child Attachment\u00a0 Story Task (MCAST) attachment assessing tool, Prof. Jonathan Green, Oslo, Norway<\/p>\n<p style=\"text-align: justify\">2009-present\u00a0\u00a0\u00a0\u00a0\u00a0\u00a0\u00a0\u00a0\u00a0\u00a0\u00a0\u00a0\u00a0\u00a0\u00a0\u00a0\u00a0\u00a0\u00a0\u00a0\u00a0\u00a0\u00a0\u00a0 Method specific dynamic child therapist training &#8211; EGO Klinika<\/p>\n<p style=\"text-align: justify\">2009\u00a0\u00a0\u00a0\u00a0\u00a0\u00a0\u00a0\u00a0\u00a0\u00a0\u00a0\u00a0\u00a0\u00a0\u00a0\u00a0\u00a0\u00a0\u00a0\u00a0\u00a0\u00a0\u00a0\u00a0\u00a0\u00a0\u00a0\u00a0\u00a0\u00a0\u00a0\u00a0\u00a0\u00a0\u00a0\u00a0\u00a0\u00a0\u00a0 NLP practitioner (Gyula B\u00edro EANLPt country referent)<\/p>\n<p style=\"text-align: justify\">2008 -2012\u00a0\u00a0\u00a0\u00a0 \u00a0\u00a0\u00a0\u00a0\u00a0\u00a0\u00a0\u00a0\u00a0\u00a0\u00a0\u00a0\u00a0\u00a0\u00a0\u00a0\u00a0\u00a0\u00a0\u00a0\u00a0\u00a0\u00a0 Certified Focusing therapist (Klara Lad\u00e1nyi)<\/p>\n<p style=\"text-align: justify\"><strong><em>GRANTS &amp; FELLOWSHIPS<\/em><\/strong><\/p>\n<hr \/>\n<p>2012-2014\u00a0\u00a0\u00a0\u00a0\u00a0\u00a0\u00a0\u00a0\u00a0\u00a0\u00a0\u00a0\u00a0\u00a0\u00a0\u00a0\u00a0\u00a0\u00a0\u00a0\u00a0\u00a0\u00a0\u00a0\u00a0\u00a0\u00a0\u00a0\u00a0\u00a0 National Scientific Research Fund (OTKA-K105367; Neurophysiological indicators of emotional and cognitive maturation of the human brain in the mirror of emerging and developing dreams in children)<\/p>\n<p>2011-2013\u00a0\u00a0\u00a0\u00a0\u00a0\u00a0\u00a0\u00a0\u00a0\u00a0\u00a0\u00a0\u00a0\u00a0\u00a0\u00a0\u00a0\u00a0\u00a0\u00a0\u00a0\u00a0\u00a0\u00a0\u00a0\u00a0\u00a0\u00a0\u00a0\u00a0\u00a0 Bial Foundation: Bursaries for Scientific Research 2010\/2011 (No. 55\/10) (The developmental and psychophysiological emergence of dreams and nightmares: state dependent and state-independent fronto-cortical disconnectivity.)<\/p>\n<p>2010-2014\u00a0\u00a0\u00a0\u00a0\u00a0\u00a0\u00a0\u00a0\u00a0\u00a0\u00a0\u00a0\u00a0\u00a0\u00a0\u00a0\u00a0\u00a0\u00a0\u00a0\u00a0\u00a0\u00a0\u00a0\u00a0\u00a0\u00a0\u00a0\u00a0\u00a0 Hungarian State Fellowship for PhD studies, Semmelweis University<\/p>\n<p style=\"text-align: justify\">2008\u00a0\u00a0\u00a0\u00a0\u00a0\u00a0\u00a0\u00a0\u00a0\u00a0\u00a0\u00a0\u00a0\u00a0\u00a0\u00a0\u00a0\u00a0\u00a0\u00a0\u00a0\u00a0\u00a0\u00a0\u00a0\u00a0\u00a0\u00a0\u00a0\u00a0\u00a0\u00a0\u00a0\u00a0\u00a0\u00a0\u00a0\u00a0\u00a0 Student\u2019s Scientific Fellowship: Self-directedness, Cooperation, Self-transcendence: the correlation between Cloninger\u2019s Character dimensions, IQ, and patterns of sleep spindles.<\/p>\n<p style=\"text-align: justify\">Research leader: Dr. R\u00f3bert B\u00f3dizs, Semmelweis University, Institute of Behavioural Sciences<\/p>\n<p style=\"text-align: justify\"><strong><em>SELECTED PUBLICATIONS<\/em><\/strong><\/p>\n<hr \/>\n<p style=\"text-align: justify\"><u>S\u00e1ndor P<\/u>., Szakad\u00e1t, S, Kert\u00e9sz, K. and B\u00f3dizs R. (2016). The development of cognitive and emotional processing as reflected in children\u2019s dreams: active self in an eventful dream signals better neuropsychological skills. <em>Dreaming.<\/em> Accepted manuscript.<\/p>\n<p style=\"text-align: justify\">Simor, P., Gombos, F., Szakad\u00e1t, S., <u>S\u00e1ndor, P<\/u>., B\u00f3dizs, R.. (2016) EEG spectral power in phasic and tonic REM: Different patterns in young adults and children. <em>Journal of Sleep Research. <\/em>Accepted manuscript<em>. <\/em><\/p>\n<p style=\"text-align: justify\"><u>S\u00e1ndor P<\/u>., Szakad\u00e1t, S, Kert\u00e9sz, K. and B\u00f3dizs R. (2015). Content analysis of 4 to 8 year-old children\u2019s dream reports<em>, Frontiers in Psychology<\/em>, 6\/534.<\/p>\n<p style=\"text-align: justify\"><u>S\u00e1ndor, P<\/u>., Szakad\u00e1t, S. and B\u00f3dizs, R. (2014). &#8220;Ontogeny of dreaming: A review of empirical studies.&#8221; <em>Sleep medicine reviews, <\/em>18: (5) pp. 435-449.<\/p>\n<p style=\"text-align: justify\"><u>S\u00e1ndor, P<\/u>., B\u00f3dizs, R. (2014). \u201eGyerekek \u00e1lmai: m\u00f3dszerek \u00e9s eredm\u00e9nyek a gyerek\u00e1lmod\u00e1s kutat\u00e1s\u00e1ban Freudt\u00f3l napjainkig \u2013 kritikai \u00e1ttekint\u00e9s\u201d <em>Psychiatria Hungarica <\/em>29:(3) pp. 257-272.<\/p>\n<p style=\"text-align: justify\">Ruggeri, K., Banasik, N., Bock, L., Cosma, A., Ensor, O., Romila, C. I., <u>S\u00e1ndor, P.,<\/u> \u00dcz\u00fcmc\u00fco\u011flu, Y. (2011). An Exploratory Study of Multicultural Education Development in Eastern Europe and Turkey. <em>Research in Social Change<\/em>, 3(2).<\/p>\n<p style=\"text-align: justify\">Simor P, K\u00f6teles F, <u>S\u00e1ndor P<\/u>, Petke Z, B\u00f3dizs R. (2011). Mindfulness and dream quality: The inverse relationship between mindfulness and negative dream affect. <em>Scandinavian Journal of Psychology<\/em> 52:(4) pp. 369-375.<\/p>\n<p style=\"text-align: justify\"><strong><em>PROFESSIONAL EXPERIENCE<\/em><\/strong><\/p>\n<hr \/>\n<p style=\"text-align: justify\">2014- present\u00a0\u00a0\u00a0\u00a0\u00a0\u00a0\u00a0\u00a0\u00a0\u00a0\u00a0\u00a0\u00a0 Developing emotional-social skills in underprivileged ethnic children in a rural kindergarten \u2013 professional voluntary activity at BAG\u00e1zs Public Benefit Organization \u2013 program development, program leading and professional volunteer training.<\/p>\n<p style=\"text-align: justify\">2013- present\u00a0\u00a0\u00a0\u00a0\u00a0\u00a0\u00a0\u00a0\u00a0\u00a0\u00a0\u00a0\u00a0\u00a0 Assistant lecturer at Semmelweis University in Medical psychology (English and Hungarian language classes)<\/p>\n<p style=\"text-align: justify\">2009-present\u00a0\u00a0\u00a0\u00a0\u00a0\u00a0\u00a0\u00a0\u00a0\u00a0\u00a0\u00a0\u00a0\u00a0\u00a0 Child psychologist, Family and Child Welfare Center, Vecs\u00e9s<\/p>\n<p style=\"text-align: justify\"><strong><em>LANGUAGE SKILLS<\/em><\/strong><\/p>\n<hr \/>\n<ul>\n<li style=\"text-align: justify\">Hungarian\u00a0\u00a0\u00a0\u00a0\u00a0\u00a0\u00a0\u00a0\u00a0\u00a0\u00a0\u00a0\u00a0\u00a0\u00a0\u00a0\u00a0 Native<\/li>\n<li style=\"text-align: justify\">English\u00a0\u00a0\u00a0\u00a0\u00a0\u00a0\u00a0\u00a0\u00a0\u00a0\u00a0\u00a0\u00a0\u00a0\u00a0\u00a0\u00a0\u00a0\u00a0\u00a0\u00a0\u00a0 Advanced (C1)<\/li>\n<li style=\"text-align: justify\">Italian\u00a0\u00a0\u00a0\u00a0\u00a0\u00a0\u00a0\u00a0\u00a0\u00a0\u00a0\u00a0\u00a0\u00a0\u00a0\u00a0\u00a0\u00a0\u00a0\u00a0\u00a0\u00a0\u00a0\u00a0 Intermediate (B2)<\/li>\n<\/ul>\n<p style=\"text-align: justify\"><strong><em>RESEARCH INTEREST<\/em><\/strong><\/p>\n<hr \/>\n<ul>\n<li style=\"text-align: justify\">Dreaming and electrophysiology of the brain<\/li>\n<li style=\"text-align: justify\">Cognitive and affective development<\/li>\n<li style=\"text-align: justify\">Clinical child psychology and sleep disorders<\/li>\n<\/ul>\n<p style=\"text-align: justify\">11\/01\/2016<\/p>\n<p style=\"text-align: justify\"><em>\u00a0<\/em><\/p>\n","protected":false},"excerpt":{"rendered":"<p>PERSONAL INFORMATION Telephone:\u00a0\u00a0\u00a0\u00a0\u00a0\u00a0\u00a0\u00a0\u00a0\u00a0\u00a0\u00a0\u00a0\u00a0\u00a0\u00a0\u00a0\u00a0\u00a0\u00a0\u00a0\u00a0\u00a0\u00a0\u00a0\u00a0\u00a0\u00a0\u00a0\u00a0\u00a0\u00a0 +36 20 459 8568 Email: \u00a0\u00a0\u00a0\u00a0\u00a0\u00a0\u00a0\u00a0\u00a0\u00a0\u00a0\u00a0\u00a0\u00a0\u00a0\u00a0\u00a0\u00a0\u00a0\u00a0\u00a0\u00a0\u00a0\u00a0\u00a0\u00a0\u00a0\u00a0\u00a0\u00a0\u00a0\u00a0\u00a0\u00a0\u00a0\u00a0\u00a0\u00a0 <a href=\"mailto:sandorpiros@gmail.com\">sandorpiros@gmail.com<\/a> EDUCATION 2010 &#8211; present \u00a0 \u00a0 \u00a0 \u00a0 \u00a0 \u00a0 \u00a0 \u00a0 \u00a0 \u00a0 Semmelweis University, Doctoral School of Mental Health Sciences, Budapest 2004-2009\u00a0\u00a0\u00a0\u00a0\u00a0\u00a0\u00a0\u00a0\u00a0\u00a0\u00a0\u00a0\u00a0\u00a0\u00a0\u00a0\u00a0\u00a0\u00a0\u00a0\u00a0\u00a0\u00a0\u00a0\u00a0\u00a0 K\u00e1roli G\u00e1sp\u00e1r University, Faculty of Psychology, Budapest 2002-2004\u00a0\u00a0\u00a0\u00a0\u00a0\u00a0\u00a0\u00a0\u00a0\u00a0\u00a0\u00a0\u00a0\u00a0\u00a0\u00a0\u00a0\u00a0\u00a0\u00a0\u00a0\u00a0\u00a0\u00a0\u00a0\u00a0 Szent Istv\u00e1n University, Faculty of Veterinary Science, Budapest 1997- 2002\u00a0\u00a0\u00a0\u00a0\u00a0\u00a0\u00a0\u00a0\u00a0\u00a0\u00a0\u00a0\u00a0\u00a0\u00a0\u00a0\u00a0\u00a0\u00a0\u00a0\u00a0\u00a0\u00a0\u00a0\u00a0\u00a0\u00a0 Hungarian-English Dual Language School, &hellip;<\/p>\n","protected":false},"author":101277,"featured_media":0,"parent":102,"menu_order":10,"comment_status":"closed","ping_status":"closed","template":"","meta":{"_acf_changed":false,"footnotes":""},"categories":[],"tags":[],"class_list":["post-109","page","type-page","status-publish","hentry"],"acf":[],"_links":{"self":[{"href":"https:\/\/semmelweis.hu\/psychophysiology\/wp-json\/wp\/v2\/pages\/109","targetHints":{"allow":["GET"]}}],"collection":[{"href":"https:\/\/semmelweis.hu\/psychophysiology\/wp-json\/wp\/v2\/pages"}],"about":[{"href":"https:\/\/semmelweis.hu\/psychophysiology\/wp-json\/wp\/v2\/types\/page"}],"author":[{"embeddable":true,"href":"https:\/\/semmelweis.hu\/psychophysiology\/wp-json\/wp\/v2\/users\/101277"}],"replies":[{"embeddable":true,"href":"https:\/\/semmelweis.hu\/psychophysiology\/wp-json\/wp\/v2\/comments?post=109"}],"version-history":[{"count":8,"href":"https:\/\/semmelweis.hu\/psychophysiology\/wp-json\/wp\/v2\/pages\/109\/revisions"}],"predecessor-version":[{"id":1044,"href":"https:\/\/semmelweis.hu\/psychophysiology\/wp-json\/wp\/v2\/pages\/109\/revisions\/1044"}],"up":[{"embeddable":true,"href":"https:\/\/semmelweis.hu\/psychophysiology\/wp-json\/wp\/v2\/pages\/102"}],"wp:attachment":[{"href":"https:\/\/semmelweis.hu\/psychophysiology\/wp-json\/wp\/v2\/media?parent=109"}],"wp:term":[{"taxonomy":"category","embeddable":true,"href":"https:\/\/semmelweis.hu\/psychophysiology\/wp-json\/wp\/v2\/categories?post=109"},{"taxonomy":"post_tag","embeddable":true,"href":"https:\/\/semmelweis.hu\/psychophysiology\/wp-json\/wp\/v2\/tags?post=109"}],"curies":[{"name":"wp","href":"https:\/\/api.w.org\/{rel}","templated":true}]}}