{"id":107,"date":"2015-11-18T00:00:00","date_gmt":"2015-11-17T23:00:00","guid":{"rendered":"http:\/\/semmelweis.hu\/psychophysiology\/szilvia-csoka\/"},"modified":"2018-08-14T15:34:51","modified_gmt":"2018-08-14T13:34:51","slug":"szilvia-csoka","status":"publish","type":"page","link":"https:\/\/semmelweis.hu\/psychophysiology\/people\/former-collaborators-and-students\/szilvia-csoka\/","title":{"rendered":"Szilvia Cs\u00f3ka"},"content":{"rendered":"<table class=\"contentpaneopen\">\n<tbody>\n<tr>\n<td valign=\"top\">\n<p><img decoding=\"async\" src=\"https:\/\/semmelweis.hu\/psychophysiology\/files\/2015\/11\/csoka_szilvia.jpg\" alt=\"\" align=\"right\" border=\"0\" \/><\/p>\n<h3>CURRICULUM VITAE<\/h3>\n<table border=\"0\">\n<tbody>\n<tr>\n<td style=\"vertical-align: top\" rowspan=\"3\"><strong>Address:<\/strong><\/td>\n<td rowspan=\"3\">Institute of Behavioural Sciences, Semmelweis University Budapest<br \/>\nNagyv\u00e1rad t\u00e9r 4.<br \/>\nH-1089 Budapest Hungary<\/td>\n<td rowspan=\"3\">\u00a0<\/td>\n<td><strong>Tel:<\/strong><\/td>\n<td>(+3630) 900-4491<\/td>\n<\/tr>\n<tr>\n<td><strong>Fax:<\/strong><\/td>\n<td>(+361) 210-2955<\/td>\n<\/tr>\n<tr>\n<td><strong>E-mail:<\/strong><\/td>\n<td><a href=\"csokszil@net.sote.hu\">csokszil@net.sote.hu<\/a><\/td>\n<\/tr>\n<tr>\n<td><strong>Born:<\/strong><\/td>\n<td>March 30, 1978, Zalaegerszeg, Hungary<\/td>\n<td>&nbsp;<\/td>\n<td><strong>Marital status:<\/strong><\/td>\n<td>married, 2 daughters<\/td>\n<\/tr>\n<\/tbody>\n<\/table>\n<h4>EDUCATION:<\/h4>\n<table border=\"0\">\n<tbody>\n<tr>\n<td style=\"vertical-align: top\">2003 \u2013<\/td>\n<td>&nbsp;<\/td>\n<td><strong>Semmelweis University Budapest<\/strong>, Mental Health Doctoral School<\/td>\n<\/tr>\n<tr>\n<td style=\"vertical-align: top\">1996 \u2013 2002<\/td>\n<td>&nbsp;<\/td>\n<td><strong>Szent Istv\u00e1n University<\/strong>, Faculty of Veterinary Sciences \u2013 specialization: Applied Zoology<\/td>\n<\/tr>\n<\/tbody>\n<\/table>\n<h4>PROFESSIONAL EXPERIENCE:<\/h4>\n<table border=\"0\">\n<tbody>\n<tr>\n<td style=\"vertical-align: top\">2005<\/td>\n<td>&nbsp;<\/td>\n<td>Apenheul Primate Park \u2013 The Netherlands<br \/>\nStudies in the object constancy of captive <em>Hylobates lar, Ateles Paniscus, and Lagothrix lagotricha<\/em><\/td>\n<\/tr>\n<\/tbody>\n<\/table>\n<h4>TEACHING:<\/h4>\n<table border=\"0\">\n<tbody>\n<tr>\n<td style=\"vertical-align: top\">2003 \u2013 2009<\/td>\n<td>&nbsp;<\/td>\n<td><strong>Semmelweis University Budapest Hungary<\/strong> \u2013 Medical Anthropology seminars<\/td>\n<\/tr>\n<tr>\n<td style=\"vertical-align: top\">2008<\/td>\n<td>&nbsp;<\/td>\n<td><strong>E\u00f6tv\u00f6s L\u00f3r\u00e1nd University Budapest<\/strong> \u2013 Hungarian Society of Pre- and Perinatal Psychology and Medicine: Perinatal counselling<\/td>\n<\/tr>\n<\/tbody>\n<\/table>\n<h4>MAIN FIELDS OF INTEREST:<\/h4>\n<ul>\n<li>Attachment and sleep<\/li>\n<li>Dreaming and nightmares<\/li>\n<li>Evolutionary psychology<\/li>\n<\/ul>\n<h4>GRANTS AND FELLOWSHIPS:<\/h4>\n<table border=\"0\">\n<tbody>\n<tr>\n<td><strong>2003 \u2013 2006<\/strong><\/td>\n<td>PhD Fellowship of the Hungarian Ministry of Education<\/td>\n<\/tr>\n<\/tbody>\n<\/table>\n<h4>AWARDS:<\/h4>\n<table border=\"0\">\n<tbody>\n<tr>\n<td><strong>2004<\/strong><\/td>\n<td>PhD Scientific Days &#8211; Award for the best poster presentation: The sleep physiological aspects of attachment<\/td>\n<\/tr>\n<\/tbody>\n<\/table>\n<h4>SPECIAL COURSES:<\/h4>\n<ul>\n<li>How to write and publish a scientific paper. Teaching seminar of P. Munk-Jorgensen, MD prof. DMsc, ed. in chief of Acta Psychiatrica Scand. August 29-31. 2004. Budapest.<\/li>\n<\/ul>\n<h4>PUBLICATIONS:<\/h4>\n<ul>\n<li>Books\/book chapters: 3<\/li>\n<li>Journal articles: 6<\/li>\n<li>Abstracts: 8<\/li>\n<\/ul>\n<h4>SELECTED PUBLICATIONS:<\/h4>\n<ul>\n<li><strong>Cs\u00f3ka Sz<\/strong>,\u00a0Simor P, Szab\u00f3 G,\u00a0Kopp M, B\u00f3dizs R. Early maternal separation, nightmares and bad dreams: Results from the Hungarostudy Epidemiological Panel. Attachment and Human Development (in press)<\/li>\n<li><strong>Cs\u00f3ka Sz.<\/strong>, L\u00e1z\u00e1r I. A sz\u00fcl\u00e9s \u00e9s a sz\u00fcl\u00e9s k\u00f6r\u00fcli r\u00edtusok In: L\u00e1z\u00e1r Imre (szerk) Orvosi antropol\u00f3gia (in press)<\/li>\n<li><a href=\"https:\/\/semmelweis.hu\/psychophysiology\/2015\/11\/18\/bodizs-r-simor-p-csoka-sz-berdi-m-kopp-ms-dreaming-and-health-promotion-a-theoretical-proposal-and-some-epidemiological-establishments-european-journal-of-mental-health-3-35-62-2008\/\">B\u00f3dizs R, Simor P, <strong>Cs\u00f3ka Sz<\/strong>, B\u00e9rdi M, Kopp MS. Dreaming and health promotion: A theoretical proposal and some epidemiological establishments. European Journal of Mental Health 3: 35-62 (2008)<\/a><\/li>\n<li><strong>Cs\u00f3ka Sz.<\/strong> \u00c9letmin\u0151s\u00e9g \u00e9s es\u00e9lyegyenl\u0151s\u00e9g a korai k\u00f6t\u0151d\u00e9s t\u00fckr\u00e9ben. In: Kopp M. (szerk) Magyar Lelki\u00e1llapot 2008 &#8211; \u00c9letmin\u0151s\u00e9g \u00e9s es\u00e9lyer\u0151s\u00edt\u00e9s a mai magyar t\u00e1rsadalomban. Semmelweis Kiad\u00f3, 2008<\/li>\n<li><a href=\"https:\/\/semmelweis.hu\/psychophysiology\/2015\/11\/18\/csoka-sz-szabo-g-safrany-e-rochlitz-r-bodizs-r-kiserlet-a-felnottkori-kotodes-meresere-a-kapcsolati-kerdoiv-relationship-scale-questionnaire-magyar-valtozata-pszichologia-27-4-333-355-20\/\"><strong>Cs\u00f3ka Sz<\/strong>, Szab\u00f3 G, S\u00e1fr\u00e1ny E, Rochlitz R, B\u00f3dizs R. K\u00eds\u00e9rlet a feln\u0151ttkori k\u00f6t\u0151d\u00e9s m\u00e9r\u00e9s\u00e9re &#8211; a Kapcsolati k\u00e9rd\u0151\u00edv (Relationship Scale Questionnaire) magyar v\u00e1ltozata. Pszichol\u00f3gia 27(4): 333-55 (2007)<\/a><\/li>\n<\/ul>\n<h4>LANGUAGE SKILLS:<\/h4>\n<ul>\n<li>Hungarian &#8211; mother tongue<\/li>\n<li>English &#8211; intermediate<\/li>\n<li>Spanish &#8211; basic<\/li>\n<\/ul>\n<\/td>\n<\/tr>\n<\/tbody>\n<\/table>\n<p>&nbsp;<\/p>\n","protected":false},"excerpt":{"rendered":"<p>CURRICULUM VITAE Address: Institute of Behavioural Sciences, Semmelweis University Budapest Nagyv\u00e1rad t\u00e9r 4. H-1089 Budapest Hungary \u00a0 Tel: (+3630) 900-4491 Fax: (+361) 210-2955 E-mail: <a href=\"csokszil@net.sote.hu\">csokszil@net.sote.hu<\/a> Born: March 30, 1978, Zalaegerszeg, Hungary &nbsp; Marital status: married, 2 daughters EDUCATION: 2003 \u2013 &nbsp; Semmelweis University Budapest, Mental Health Doctoral School 1996 \u2013 2002 &nbsp; Szent Istv\u00e1n University, Faculty &hellip;<\/p>\n","protected":false},"author":101277,"featured_media":0,"parent":102,"menu_order":12,"comment_status":"closed","ping_status":"closed","template":"","meta":{"_acf_changed":false,"footnotes":""},"categories":[],"tags":[],"class_list":["post-107","page","type-page","status-publish","hentry"],"acf":[],"_links":{"self":[{"href":"https:\/\/semmelweis.hu\/psychophysiology\/wp-json\/wp\/v2\/pages\/107","targetHints":{"allow":["GET"]}}],"collection":[{"href":"https:\/\/semmelweis.hu\/psychophysiology\/wp-json\/wp\/v2\/pages"}],"about":[{"href":"https:\/\/semmelweis.hu\/psychophysiology\/wp-json\/wp\/v2\/types\/page"}],"author":[{"embeddable":true,"href":"https:\/\/semmelweis.hu\/psychophysiology\/wp-json\/wp\/v2\/users\/101277"}],"replies":[{"embeddable":true,"href":"https:\/\/semmelweis.hu\/psychophysiology\/wp-json\/wp\/v2\/comments?post=107"}],"version-history":[{"count":7,"href":"https:\/\/semmelweis.hu\/psychophysiology\/wp-json\/wp\/v2\/pages\/107\/revisions"}],"predecessor-version":[{"id":1069,"href":"https:\/\/semmelweis.hu\/psychophysiology\/wp-json\/wp\/v2\/pages\/107\/revisions\/1069"}],"up":[{"embeddable":true,"href":"https:\/\/semmelweis.hu\/psychophysiology\/wp-json\/wp\/v2\/pages\/102"}],"wp:attachment":[{"href":"https:\/\/semmelweis.hu\/psychophysiology\/wp-json\/wp\/v2\/media?parent=107"}],"wp:term":[{"taxonomy":"category","embeddable":true,"href":"https:\/\/semmelweis.hu\/psychophysiology\/wp-json\/wp\/v2\/categories?post=107"},{"taxonomy":"post_tag","embeddable":true,"href":"https:\/\/semmelweis.hu\/psychophysiology\/wp-json\/wp\/v2\/tags?post=107"}],"curies":[{"name":"wp","href":"https:\/\/api.w.org\/{rel}","templated":true}]}}