{"id":106,"date":"2015-11-18T00:00:00","date_gmt":"2015-11-17T23:00:00","guid":{"rendered":"http:\/\/semmelweis.hu\/psychophysiology\/bela-weiss\/"},"modified":"2018-08-14T14:45:14","modified_gmt":"2018-08-14T12:45:14","slug":"bela-weiss","status":"publish","type":"page","link":"https:\/\/semmelweis.hu\/psychophysiology\/people\/former-collaborators-and-students\/bela-weiss\/","title":{"rendered":"B\u00e9la Weiss"},"content":{"rendered":"<table class=\"contentpaneopen\">\n<tbody>\n<tr>\n<td valign=\"top\">\n<h3>CURRICULUM VITAE<\/h3>\n<table border=\"0\">\n<tbody>\n<tr>\n<td><strong>Date of birth:<\/strong><\/td>\n<td>06.05.1979.<\/td>\n<\/tr>\n<tr>\n<td><strong>Place of Birth:<\/strong><\/td>\n<td>Zrenjanin, Yugoslavia<\/td>\n<\/tr>\n<tr>\n<td><strong>Address:<\/strong><\/td>\n<td>Pr\u00e1ter utca 50\/a, 1083 Budapest, Hungary<\/td>\n<\/tr>\n<tr>\n<td><strong>Phone.:<\/strong><\/td>\n<td>(+361) 886 4760<\/td>\n<\/tr>\n<tr>\n<td><strong>E-mail:<\/strong><\/td>\n<td><a href=\"mailto:weiss@itk.ppke.hu\">weiss@itk.ppke.hu<\/a><\/td>\n<\/tr>\n<\/tbody>\n<\/table>\n<h4>EDUCATION:<\/h4>\n<table border=\"0\">\n<tbody>\n<tr>\n<td style=\"vertical-align: top\">2005 &#8211; 2008<\/td>\n<td>&nbsp;<\/td>\n<td><strong><a href=\"http:\/\/www.ppke.hu\/\">P\u00e1zm\u00e1ny P\u00e9ter Catholic University<\/a>, <a href=\"http:\/\/www.en.itk.ppke.hu\/faculty\/\">Faculty of Information Technology<\/a><\/strong>, <a href=\"http:\/\/www.en.itk.ppke.hu\/doctoral_school\/\">Interdisciplinary Doctoral School<\/a> (Budapest, Hungary), supervisor Dr. Tam\u00e1s Roska , adviser Dr. Gy\u00f6rgy Karmos<\/td>\n<\/tr>\n<tr>\n<td style=\"vertical-align: top\">2004 &#8211; 2008<\/td>\n<td>&nbsp;<\/td>\n<td><strong><a href=\"http:\/\/portal.bme.hu\/langs\/en\/default.aspx\">Budapest University of Technology and Economics<\/a><\/strong>, <a href=\"http:\/\/portal.bme.hu\/langs\/en\/VIK.aspx\">Faculty of Electrical Engineering and Informatics<\/a> (Budapest, Hungary), M.Sc. in biomedical engineering<\/td>\n<\/tr>\n<tr>\n<td style=\"vertical-align: top\">1999 &#8211; 2005<\/td>\n<td>&nbsp;<\/td>\n<td><strong><a href=\"http:\/\/portal.bme.hu\/langs\/en\/default.aspx\">Budapest University of Technology and Economics<\/a><\/strong>, <a href=\"http:\/\/portal.bme.hu\/langs\/en\/VIK.aspx\">Faculty of Electrical Engineering and Informatics<\/a> (Budapest, Hungary), M.Sc. in electrical engineering (specialization: embedded information systems)<\/td>\n<\/tr>\n<tr>\n<td style=\"vertical-align: top\">1998 &#8211; 1999<\/td>\n<td>&nbsp;<\/td>\n<td><strong><a href=\"http:\/\/www.bbi.hu\/index.php?id=99&amp;fid=110\">Balassi Institute<\/a><\/strong> (Budapest, Hungary), mathematics-physics<\/td>\n<\/tr>\n<tr>\n<td style=\"vertical-align: top\">1986 &#8211; 1994<\/td>\n<td>&nbsp;<\/td>\n<td><strong>Miloje \u010cipli\u0107 Elementary School<\/strong> (Novi Be\u010dej, Yugoslavia)<\/td>\n<\/tr>\n<\/tbody>\n<\/table>\n<h4>AFFILIATIONS:<\/h4>\n<table border=\"0\">\n<tbody>\n<tr>\n<td style=\"vertical-align: top\">2008 &#8211;<\/td>\n<td>&nbsp;<\/td>\n<td>P\u00e1zm\u00e1ny P\u00e9ter Catholic University, Faculty of Information Technology, research assistant<\/td>\n<\/tr>\n<tr>\n<td style=\"vertical-align: top\">2005 &#8211; 2008<\/td>\n<td>&nbsp;<\/td>\n<td>P\u00e1zm\u00e1ny P\u00e9ter Catholic University, Faculty of Information Technology, fellowship<\/td>\n<\/tr>\n<\/tbody>\n<\/table>\n<h4>RESEARCH INTEREST:<\/h4>\n<ul>\n<li>biomedical signal and image processing<\/li>\n<li>brain-computer interfaces<\/li>\n<li>computational neuroscience<\/li>\n<li>cognitive neurobiology<\/li>\n<li>detection, prediction and control of epileptic seizures<\/li>\n<li>embedded information systems<\/li>\n<li>nonlinear and stochastic brain dynamics<\/li>\n<li>sleep research, classification of sleep stages<\/li>\n<li>soft computing (fuzzy systems, neural networks, genetic algorithms, chaotic systems, hybrid intelligent systems)<\/li>\n<\/ul>\n<h4>GRANTS (PARTICIPANT):<\/h4>\n<ul>\n<li>RET-05\/2004, OMFB-01426\/2004, Hungarian Molecular Biology and Info-bionics in Medical Research Grant, 01.09.2005- 31.08.2006<\/li>\n<li>OTKA NI 61101, Multidisciplinary Information Technology Grant, 01.09.2006.-31.12.2008.<\/li>\n<li>BIAL Foundation (Portugal, No. 154\/06), High-frequency oscillations and rhythmic slow activity during virtual navigation, REM sleep and wake-sleep transitions: Studies on intracranial recordings in humans, 2007-2009<\/li>\n<li>ONR Award No.: Grant N00014-07-1-0350, 2009<\/li>\n<\/ul>\n<h4>TEACHING:<\/h4>\n<ul>\n<li>Brain &#8211; Modeling &#8211; Infobionics (Balassi Institute)<\/li>\n<li>Theory and calculus of circuits (P\u00e1zm\u00e1ny P\u00e9ter Catholic University, Faculty of Information Technology)<\/li>\n<li>Digital signal processing (P\u00e1zm\u00e1ny P\u00e9ter Catholic University, Faculty of Information Technology)<\/li>\n<li>Electrophysiological measures and prosthesis I (P\u00e1zm\u00e1ny P\u00e9ter Catholic University, Faculty of Information Technology)<\/li>\n<li>Internet media communication (P\u00e1zm\u00e1ny P\u00e9ter Catholic University, Faculty of Information Technology)<\/li>\n<li>Nonlinear dynamical systems (P\u00e1zm\u00e1ny P\u00e9ter Catholic University, Faculty of Information Technology)<\/li>\n<li>Supervision of M.Sc. theses (P\u00e1zm\u00e1ny P\u00e9ter Catholic University, Faculty of Information Technology and Budapest University of Technology and Economics, Faculty of Electrical Engineering and Informatics)<\/li>\n<\/ul>\n<h4>AWARDS, SCHOLARSHIPS:<\/h4>\n<ul>\n<li>Scholarship granted by the Hungarian Republic, 1998-2005<\/li>\n<li>Student Scientific Competition 2<sup>nd<\/sup> prize, Budapest University of Technology and Economics, Faculty of Electrical Engineering and Informatics in collaboration with the KFKI Research Institute for Particle and Nuclear Physics of the Hungarian Academy of Sciences, Department of Biophysics, Computational Neuroscience Group and the National Institute of Psychiatry and Neurology, Epilepsy Centre, 2004<\/li>\n<li>Erasmus Scholarship, Johann Wolfgang Goethe University, Institute of Applied Physics, Frankfurt, Germany, 01.04.2007-31.08.2007<\/li>\n<li>Student Paper Competition 2nd prize, 19<sup>th<\/sup> International Conference BIOSIGNAL, Brno, Czech Republic, 2008<\/li>\n<li>Travel bursary award, International League Against Epilepsy, 8<sup>th<\/sup> European Congress on Epileptology, Berlin, Germany, 2008<\/li>\n<\/ul>\n<h4>SKILLS AND QUALIFICATIONS:<\/h4>\n<ul>\n<li>Operating systems: Linux, Windows<\/li>\n<li>Office applications: Microsoft Office, OpenOffice, Internet, SVN<\/li>\n<li>Programming: Assembly, Basic, C\/C++, Pascal, Matlab, VHDL, HTML, PHP, MySQL<\/li>\n<li>Statistical programs: R, STATISTICA<\/li>\n<li>Languages: fluent Hungarian and Serbian, advanced English, intermediate Croatian, basic German<\/li>\n<li>Other: A and B category driving licence<\/li>\n<\/ul>\n<h4>SOCIETY MEMBERSHIPS:<\/h4>\n<ul>\n<li>Hungarian Neuroscience Society<\/li>\n<li>IEEE, Engineering in Medicine and Biology Society<\/li>\n<li>John von Neumann Computer Society<\/li>\n<\/ul>\n<\/td>\n<\/tr>\n<\/tbody>\n<\/table>\n<p>&nbsp;<\/p>\n","protected":false},"excerpt":{"rendered":"<p>CURRICULUM VITAE Date of birth: 06.05.1979. Place of Birth: Zrenjanin, Yugoslavia Address: Pr\u00e1ter utca 50\/a, 1083 Budapest, Hungary Phone.: (+361) 886 4760 E-mail: <a href=\"mailto:weiss@itk.ppke.hu\">weiss@itk.ppke.hu<\/a> EDUCATION: 2005 &#8211; 2008 &nbsp; <a href=\"http:\/\/www.ppke.hu\/\">P\u00e1zm\u00e1ny P\u00e9ter Catholic University<\/a> , <a href=\"http:\/\/www.en.itk.ppke.hu\/faculty\/\">Faculty of Information Technology<\/a> , <a href=\"http:\/\/www.en.itk.ppke.hu\/doctoral_school\/\">Interdisciplinary Doctoral School<\/a> (Budapest, Hungary), supervisor Dr. Tam\u00e1s Roska , adviser Dr. Gy\u00f6rgy Karmos 2004 &#8211; 2008 &nbsp; <a href=\"http:\/\/portal.bme.hu\/langs\/en\/default.aspx\">Budapest University of Technology and Economics<\/a> , <a href=\"http:\/\/portal.bme.hu\/langs\/en\/VIK.aspx\">Faculty of Electrical Engineering and Informatics<\/a> (Budapest, Hungary), M.Sc. in biomedical engineering 1999 &#8211; 2005 &hellip;<\/p>\n","protected":false},"author":101277,"featured_media":0,"parent":102,"menu_order":1,"comment_status":"closed","ping_status":"closed","template":"","meta":{"_acf_changed":false,"footnotes":""},"categories":[],"tags":[],"class_list":["post-106","page","type-page","status-publish","hentry"],"acf":[],"_links":{"self":[{"href":"https:\/\/semmelweis.hu\/psychophysiology\/wp-json\/wp\/v2\/pages\/106","targetHints":{"allow":["GET"]}}],"collection":[{"href":"https:\/\/semmelweis.hu\/psychophysiology\/wp-json\/wp\/v2\/pages"}],"about":[{"href":"https:\/\/semmelweis.hu\/psychophysiology\/wp-json\/wp\/v2\/types\/page"}],"author":[{"embeddable":true,"href":"https:\/\/semmelweis.hu\/psychophysiology\/wp-json\/wp\/v2\/users\/101277"}],"replies":[{"embeddable":true,"href":"https:\/\/semmelweis.hu\/psychophysiology\/wp-json\/wp\/v2\/comments?post=106"}],"version-history":[{"count":3,"href":"https:\/\/semmelweis.hu\/psychophysiology\/wp-json\/wp\/v2\/pages\/106\/revisions"}],"predecessor-version":[{"id":1064,"href":"https:\/\/semmelweis.hu\/psychophysiology\/wp-json\/wp\/v2\/pages\/106\/revisions\/1064"}],"up":[{"embeddable":true,"href":"https:\/\/semmelweis.hu\/psychophysiology\/wp-json\/wp\/v2\/pages\/102"}],"wp:attachment":[{"href":"https:\/\/semmelweis.hu\/psychophysiology\/wp-json\/wp\/v2\/media?parent=106"}],"wp:term":[{"taxonomy":"category","embeddable":true,"href":"https:\/\/semmelweis.hu\/psychophysiology\/wp-json\/wp\/v2\/categories?post=106"},{"taxonomy":"post_tag","embeddable":true,"href":"https:\/\/semmelweis.hu\/psychophysiology\/wp-json\/wp\/v2\/tags?post=106"}],"curies":[{"name":"wp","href":"https:\/\/api.w.org\/{rel}","templated":true}]}}