{"id":103,"date":"2015-11-18T00:00:00","date_gmt":"2015-11-17T23:00:00","guid":{"rendered":"http:\/\/semmelweis.hu\/psychophysiology\/laszlo-harmat-ph-d\/"},"modified":"2018-08-14T14:48:45","modified_gmt":"2018-08-14T12:48:45","slug":"laszlo-harmat-ph-d","status":"publish","type":"page","link":"https:\/\/semmelweis.hu\/psychophysiology\/people\/former-collaborators-and-students\/laszlo-harmat-ph-d\/","title":{"rendered":"L\u00e1szl\u00f3 Harmat, Ph.D."},"content":{"rendered":"<table class=\"contentpaneopen\">\n<tbody>\n<tr>\n<td valign=\"top\">\n<p><img decoding=\"async\" src=\"https:\/\/semmelweis.hu\/psychophysiology\/files\/2015\/11\/harmat_laszlo.jpg\" alt=\"\" align=\"right\" border=\"0\" \/><\/p>\n<h3>CURRICULUM VITAE<\/h3>\n<table border=\"0\">\n<tbody>\n<tr>\n<td><strong>Address.:<\/strong><\/td>\n<td>Gogol u. 20. III\/47 1133, Budapest , Hungary<\/td>\n<\/tr>\n<tr>\n<td><strong>Tel.:<\/strong><\/td>\n<td>(+3620) 324-2211<\/td>\n<\/tr>\n<tr>\n<td><strong>E-mail:<\/strong><\/td>\n<td><a href=\"mailto:laszloharmat@yahoo.com\">laszloharmat@yahoo.com<\/a><\/td>\n<\/tr>\n<tr>\n<td><strong>Birth date:<\/strong><\/td>\n<td>14.03.1972<\/td>\n<\/tr>\n<tr>\n<td><strong>Nationality:<\/strong><\/td>\n<td>Hungarian<\/td>\n<\/tr>\n<\/tbody>\n<\/table>\n<h4>EDUCATION:<\/h4>\n<table border=\"0\">\n<tbody>\n<tr>\n<td style=\"vertical-align: top\">2001-2005<\/td>\n<td>&nbsp;<\/td>\n<td><strong>University of Szeged<\/strong>, psychologist<\/td>\n<\/tr>\n<tr>\n<td style=\"vertical-align: top\">1999-2002<\/td>\n<td>&nbsp;<\/td>\n<td><strong>Semmelweis University<\/strong>, mentalhygiene, (expert of mentalhygiene)<\/td>\n<\/tr>\n<tr>\n<td style=\"vertical-align: top\">1995-1997<\/td>\n<td>&nbsp;<\/td>\n<td><strong>University of Miskolc<\/strong>, history teacher<\/td>\n<\/tr>\n<tr>\n<td style=\"vertical-align: top\">1990<\/td>\n<td>&nbsp;<\/td>\n<td><strong>Temesv\u00e1ri Pelb\u00e1rt Ferences Gimn\u00e1zium<\/strong>, high-school graduation<\/td>\n<\/tr>\n<\/tbody>\n<\/table>\n<h4>EMPLOYMENTS:<\/h4>\n<table border=\"0\">\n<tbody>\n<tr>\n<td style=\"vertical-align: top\">2009 \u2013 Present<\/td>\n<td>&nbsp;<\/td>\n<td>Semmelweis University, Intstitute of Behavioural Sciences, Budapest: Assistant lecturer<\/td>\n<\/tr>\n<tr>\n<td style=\"vertical-align: top\">2005 &#8211; 2008<\/td>\n<td>&nbsp;<\/td>\n<td>Semmelweis University, Intstitute of Behavioural Sciences, Budapest: PhD student, psychologist (laboratory of chronobiology)<\/td>\n<\/tr>\n<tr>\n<td style=\"vertical-align: top\">2001 &#8211; 2007<\/td>\n<td>&nbsp;<\/td>\n<td>International Pet\u0151 Institute, Teachers Training School, Budapest: assistant professor (lecturer in music pedagogy)<\/td>\n<\/tr>\n<tr>\n<td style=\"vertical-align: top\">2001 &#8211; 2004<\/td>\n<td>&nbsp;<\/td>\n<td>K\u00e1ldor Mikl\u00f3s K\u00f6zgazdas\u00e1gi Szakkoll\u00e9gium, Budapest: pedagogy teacher<\/td>\n<\/tr>\n<tr>\n<td style=\"vertical-align: top\">2001 &#8211; 2003<\/td>\n<td>&nbsp;<\/td>\n<td>Toldi Ferenc Gimn\u00e1zium (secondary school), Budapest: music teacher<\/td>\n<\/tr>\n<tr>\n<td style=\"vertical-align: top\">1995 &#8211; 2000<\/td>\n<td>&nbsp;<\/td>\n<td>Pet\u0151fi S\u00e1ndor Gimn\u00e1zium (secondary school), Budapest: history and music teacher<\/td>\n<\/tr>\n<\/tbody>\n<\/table>\n<h4>FELLOWSHIPS:<\/h4>\n<table border=\"0\">\n<tbody>\n<tr>\n<td>2008<\/td>\n<td><strong>E\u00f6tv\u00f6s Scholarship of the Hungarian State (3 month)<\/strong> Stockholm University, Stockholm (Stressforskningsinstitutet), Physiological effects of singing (supervisor Prof. Dr. T\u00f6res Theorell)<\/td>\n<\/tr>\n<tr>\n<td>2007<\/td>\n<td><strong>ERASMUS International Scholarship (4 month)<\/strong> Karolinska Institute, Stockholm, (Department of Public Heath), Music and health research (supervisor Prof. Dr. T\u00f6res Theorell)<\/td>\n<\/tr>\n<\/tbody>\n<\/table>\n<h4>PROFESSIONAL PRACTICE:<\/h4>\n<table style=\"height: 55px\" border=\"0\" width=\"593\">\n<tbody>\n<tr>\n<td>2000 &#8211; 2005<\/td>\n<td><strong>Hungarian Maltese Charity<\/strong> music therapy, group leader, monthly 2&#215;3 hours<\/td>\n<\/tr>\n<tr>\n<td>2007<\/td>\n<td><strong>ERASMUS International Scholarship (4 month)<\/strong> Karolinska Institute, Stockholm, (Department of Public Heath) Music and health research (supervisor Prof. Dr. T\u00f6res Theorell)<\/td>\n<\/tr>\n<\/tbody>\n<\/table>\n<h4>PUBLICATIONS:<\/h4>\n<ul>\n<li>Books and book chapters: 2<\/li>\n<li>Journal articles: 8<\/li>\n<li>Impact factors: 4.727<\/li>\n<li>Independent citations: 2 (non-ISI items included)<\/li>\n<\/ul>\n<h4>PUBLICATIONS:<\/h4>\n<ul>\n<li><a href=\"https:\/\/semmelweis.hu\/psychophysiology\/2015\/11\/18\/harmat-l-takacs-j-bodizs-r-music-improves-sleep-quality-in-students-j-adv-nurs-62-3-327-335-2008\/\">Harmat L., Tak\u00e1cs J., B\u00f3dizs R.: Music improves sleep quality in students. Journal of Advanced Nursing 62 (3), 327-335. (2008) <strong>IF: 1.654<\/strong><\/a><\/li>\n<li>Manzano O., Theorell T., Harmat L., Ull\u00e9n F.: The psychophysiology of the Flow during piano playing. Emotion. (Accepted 2009 10.01.) IF: <strong>3.073<\/strong><\/li>\n<li>Harmat L., Theorell T.: Heart rate variability during singing and flute playing. Music and Medicine (Accepted 2009. 10.19.)<\/li>\n<li>Ull\u00e9n F, Manzano O, Theorell T, Harmat L.: The physiology of effortless Attention: correlates of state flow and flow Pronenness. In: Brian J. Bruya (ed.) A New Perspective in the Cognitive Science of Attention and Action, MIT Press Cambridge 2010 (in press)<\/li>\n<\/ul>\n<h4>FOREIGN LANGUAGE:<\/h4>\n<ul>\n<li>English<\/li>\n<\/ul>\n<\/td>\n<\/tr>\n<\/tbody>\n<\/table>\n<p>&nbsp;<\/p>\n","protected":false},"excerpt":{"rendered":"<p>CURRICULUM VITAE Address.: Gogol u. 20. III\/47 1133, Budapest , Hungary Tel.: (+3620) 324-2211 E-mail: <a href=\"mailto:laszloharmat@yahoo.com\">laszloharmat@yahoo.com<\/a> Birth date: 14.03.1972 Nationality: Hungarian EDUCATION: 2001-2005 &nbsp; University of Szeged, psychologist 1999-2002 &nbsp; Semmelweis University, mentalhygiene, (expert of mentalhygiene) 1995-1997 &nbsp; University of Miskolc, history teacher 1990 &nbsp; Temesv\u00e1ri Pelb\u00e1rt Ferences Gimn\u00e1zium, high-school graduation EMPLOYMENTS: 2009 \u2013 Present &nbsp; &hellip;<\/p>\n","protected":false},"author":101277,"featured_media":0,"parent":102,"menu_order":6,"comment_status":"closed","ping_status":"closed","template":"","meta":{"_acf_changed":false,"footnotes":""},"categories":[],"tags":[],"class_list":["post-103","page","type-page","status-publish","hentry"],"acf":[],"_links":{"self":[{"href":"https:\/\/semmelweis.hu\/psychophysiology\/wp-json\/wp\/v2\/pages\/103","targetHints":{"allow":["GET"]}}],"collection":[{"href":"https:\/\/semmelweis.hu\/psychophysiology\/wp-json\/wp\/v2\/pages"}],"about":[{"href":"https:\/\/semmelweis.hu\/psychophysiology\/wp-json\/wp\/v2\/types\/page"}],"author":[{"embeddable":true,"href":"https:\/\/semmelweis.hu\/psychophysiology\/wp-json\/wp\/v2\/users\/101277"}],"replies":[{"embeddable":true,"href":"https:\/\/semmelweis.hu\/psychophysiology\/wp-json\/wp\/v2\/comments?post=103"}],"version-history":[{"count":7,"href":"https:\/\/semmelweis.hu\/psychophysiology\/wp-json\/wp\/v2\/pages\/103\/revisions"}],"predecessor-version":[{"id":1067,"href":"https:\/\/semmelweis.hu\/psychophysiology\/wp-json\/wp\/v2\/pages\/103\/revisions\/1067"}],"up":[{"embeddable":true,"href":"https:\/\/semmelweis.hu\/psychophysiology\/wp-json\/wp\/v2\/pages\/102"}],"wp:attachment":[{"href":"https:\/\/semmelweis.hu\/psychophysiology\/wp-json\/wp\/v2\/media?parent=103"}],"wp:term":[{"taxonomy":"category","embeddable":true,"href":"https:\/\/semmelweis.hu\/psychophysiology\/wp-json\/wp\/v2\/categories?post=103"},{"taxonomy":"post_tag","embeddable":true,"href":"https:\/\/semmelweis.hu\/psychophysiology\/wp-json\/wp\/v2\/tags?post=103"}],"curies":[{"name":"wp","href":"https:\/\/api.w.org\/{rel}","templated":true}]}}