{"id":102,"date":"2015-11-18T00:00:00","date_gmt":"2015-11-17T23:00:00","guid":{"rendered":"http:\/\/semmelweis.hu\/psychophysiology\/former-collaborators-and-students\/"},"modified":"2026-04-02T11:38:44","modified_gmt":"2026-04-02T09:38:44","slug":"former-collaborators-and-students","status":"publish","type":"page","link":"https:\/\/semmelweis.hu\/psychophysiology\/people\/former-collaborators-and-students\/","title":{"rendered":"Former collaborators and students"},"content":{"rendered":"<p>&nbsp;<\/p>\n<ul>\n<li><a href=\"http:\/\/www2.surrey.ac.uk\/fhms\/research\/centres\/ssrc\/People\/alpar_lazar\/\" target=\"_blank\" rel=\"noopener noreferrer\">Alp\u00e1r S\u00e1ndor L\u00e1z\u00e1r, Ph.D.<\/a><\/li>\n<li><a href=\"https:\/\/semmelweis.hu\/psychophysiology\/people\/former-collaborators-and-students\/bela-weiss\/\">B\u00e9la Weiss<\/a><\/li>\n<li><a href=\"https:\/\/semmelweis.hu\/psychophysiology\/people\/university-staff\/borbala-blaskovich\/\" target=\"_blank\" rel=\"noopener noreferrer\">Borb\u00e1la Blaskovich<\/a><\/li>\n<li><a href=\"https:\/\/semmelweis.hu\/psychophysiology\/people\/former-collaborators-and-students\/janos-kormendi\/\">J\u00e1nos K\u00f6rmendi<\/a><\/li>\n<li>Katinka Kert\u00e9sz<\/li>\n<li><a href=\"https:\/\/semmelweis.hu\/psychophysiology\/people\/former-collaborators-and-students\/klara-horvath\/\">Kl\u00e1ra Horv\u00e1th<\/a><\/li>\n<li><a href=\"https:\/\/semmelweis.hu\/psychophysiology\/people\/phd-students\/klara-varhelyi\/\">Kl\u00e1ra V\u00e1rhelyi<\/a><\/li>\n<li><a href=\"https:\/\/semmelweis.hu\/psychophysiology\/people\/former-collaborators-and-students\/laszlo-harmat-ph-d\/\">L\u00e1szl\u00f3 Harmat, Ph.D.<\/a><\/li>\n<li><a href=\"http:\/\/www.xing.com\/profile\/Linda_Havran\" target=\"_blank\" rel=\"noopener noreferrer\">Linda Havr\u00e1n<\/a><\/li>\n<li><a href=\"https:\/\/semmelweis.hu\/psychophysiology\/people\/university-staff\/melinda-becske\/\" target=\"_blank\" rel=\"noopener noreferrer\">Melinda Becske, Ph.D.<\/a>\u00a0<\/li>\n<li>Melinda Sverteczki<\/li>\n<li><a href=\"https:\/\/semmelweis.hu\/psychophysiology\/people\/former-collaborators-and-students\/orsolya-nemet\">Orsolya N\u00e9met<\/a><\/li>\n<li><a href=\"https:\/\/semmelweis.hu\/psychophysiology\/people\/phd-students\/piroska-sandor\/\">Piroska S\u00e1ndor, Ph.D.<\/a><\/li>\n<li><a href=\"https:\/\/semmelweis.hu\/psychophysiology\/people\/phd-students\/sara-szakadat\/\">S\u00e1ra Szakad\u00e1t<\/a><\/li>\n<li><a href=\"https:\/\/semmelweis.hu\/psychophysiology\/people\/former-collaborators-and-students\/szilvia-csoka\/\">Szilvia Cs\u00f3ka<\/a><\/li>\n<li><a href=\"https:\/\/semmelweis.hu\/psychophysiology\/people\/former-collaborators-and-students\/zita-sulyok\/\">Zita Sulyok<\/a><\/li>\n<\/ul>\n","protected":false},"excerpt":{"rendered":"<p>&nbsp;<\/p>\n<p><a href=\"http:\/\/www2.surrey.ac.uk\/fhms\/research\/centres\/ssrc\/People\/alpar_lazar\/\" target=\"_blank\" rel=\"noopener noreferrer\">Alp\u00e1r S\u00e1ndor L\u00e1z\u00e1r, Ph.D.<\/a><br \/>\n<a href=\"https:\/\/semmelweis.hu\/psychophysiology\/people\/former-collaborators-and-students\/bela-weiss\/\">B\u00e9la Weiss<\/a><br \/>\n<a href=\"https:\/\/semmelweis.hu\/psychophysiology\/people\/university-staff\/borbala-blaskovich\/\" target=\"_blank\" rel=\"noopener noreferrer\">Borb\u00e1la Blaskovich<\/a><br \/>\n<a href=\"https:\/\/semmelweis.hu\/psychophysiology\/people\/former-collaborators-and-students\/janos-kormendi\/\">J\u00e1nos K\u00f6rmendi<\/a><br \/>\nKatinka Kert\u00e9sz<br \/>\n<a href=\"https:\/\/semmelweis.hu\/psychophysiology\/people\/former-collaborators-and-students\/klara-horvath\/\">Kl\u00e1ra Horv\u00e1th<\/a><br \/>\n<a href=\"https:\/\/semmelweis.hu\/psychophysiology\/people\/phd-students\/klara-varhelyi\/\">Kl\u00e1ra V\u00e1rhelyi<\/a><br \/>\n<a href=\"https:\/\/semmelweis.hu\/psychophysiology\/people\/former-collaborators-and-students\/laszlo-harmat-ph-d\/\">L\u00e1szl\u00f3 Harmat, Ph.D.<\/a><br \/>\n<a href=\"http:\/\/www.xing.com\/profile\/Linda_Havran\" target=\"_blank\" rel=\"noopener noreferrer\">Linda Havr\u00e1n<\/a><br \/>\n<a href=\"https:\/\/semmelweis.hu\/psychophysiology\/people\/university-staff\/melinda-becske\/\" target=\"_blank\" rel=\"noopener noreferrer\">Melinda Becske, Ph.D.<\/a>\u00a0<br \/>\nMelinda Sverteczki<br \/>\n<a href=\"https:\/\/semmelweis.hu\/psychophysiology\/people\/former-collaborators-and-students\/orsolya-nemet\">Orsolya N\u00e9met<\/a><br \/>\n<a href=\"https:\/\/semmelweis.hu\/psychophysiology\/people\/phd-students\/piroska-sandor\/\">Piroska S\u00e1ndor, Ph.D.<\/a><br \/>\n<a href=\"https:\/\/semmelweis.hu\/psychophysiology\/people\/phd-students\/sara-szakadat\/\">S\u00e1ra Szakad\u00e1t<\/a><br \/>\n<a href=\"https:\/\/semmelweis.hu\/psychophysiology\/people\/former-collaborators-and-students\/szilvia-csoka\/\">Szilvia Cs\u00f3ka<\/a><br \/>\n<a href=\"https:\/\/semmelweis.hu\/psychophysiology\/people\/former-collaborators-and-students\/zita-sulyok\/\">Zita Sulyok<\/a><\/p>\n","protected":false},"author":101277,"featured_media":0,"parent":85,"menu_order":5,"comment_status":"closed","ping_status":"closed","template":"","meta":{"_acf_changed":false,"footnotes":""},"categories":[],"tags":[],"class_list":["post-102","page","type-page","status-publish","hentry"],"acf":[],"_links":{"self":[{"href":"https:\/\/semmelweis.hu\/psychophysiology\/wp-json\/wp\/v2\/pages\/102","targetHints":{"allow":["GET"]}}],"collection":[{"href":"https:\/\/semmelweis.hu\/psychophysiology\/wp-json\/wp\/v2\/pages"}],"about":[{"href":"https:\/\/semmelweis.hu\/psychophysiology\/wp-json\/wp\/v2\/types\/page"}],"author":[{"embeddable":true,"href":"https:\/\/semmelweis.hu\/psychophysiology\/wp-json\/wp\/v2\/users\/101277"}],"replies":[{"embeddable":true,"href":"https:\/\/semmelweis.hu\/psychophysiology\/wp-json\/wp\/v2\/comments?post=102"}],"version-history":[{"count":10,"href":"https:\/\/semmelweis.hu\/psychophysiology\/wp-json\/wp\/v2\/pages\/102\/revisions"}],"predecessor-version":[{"id":2147,"href":"https:\/\/semmelweis.hu\/psychophysiology\/wp-json\/wp\/v2\/pages\/102\/revisions\/2147"}],"up":[{"embeddable":true,"href":"https:\/\/semmelweis.hu\/psychophysiology\/wp-json\/wp\/v2\/pages\/85"}],"wp:attachment":[{"href":"https:\/\/semmelweis.hu\/psychophysiology\/wp-json\/wp\/v2\/media?parent=102"}],"wp:term":[{"taxonomy":"category","embeddable":true,"href":"https:\/\/semmelweis.hu\/psychophysiology\/wp-json\/wp\/v2\/categories?post=102"},{"taxonomy":"post_tag","embeddable":true,"href":"https:\/\/semmelweis.hu\/psychophysiology\/wp-json\/wp\/v2\/tags?post=102"}],"curies":[{"name":"wp","href":"https:\/\/api.w.org\/{rel}","templated":true}]}}