{"id":101,"date":"2015-11-18T00:00:00","date_gmt":"2015-11-17T23:00:00","guid":{"rendered":"http:\/\/semmelweis.hu\/psychophysiology\/undergraduate-students\/"},"modified":"2026-04-02T11:39:28","modified_gmt":"2026-04-02T09:39:28","slug":"phd-students","status":"publish","type":"page","link":"https:\/\/semmelweis.hu\/psychophysiology\/people\/phd-students\/","title":{"rendered":"PhD students"},"content":{"rendered":"<ul>\n<li><a href=\"https:\/\/semmelweis.hu\/psychophysiology\/people\/phd-students\/csenge-horvath\/\" target=\"_blank\" rel=\"noopener noreferrer\">Csenge G. Horv\u00e1th<\/a><\/li>\n<li><a href=\"https:\/\/semmelweis.hu\/psychophysiology\/people\/phd-students\/tarek-zoltan-magyar\/\" target=\"_blank\" rel=\"noopener\">T\u00e1rek Magyar<\/a><\/li>\n<li><a href=\"\/psychophysiology\/people\/undergraduate-students\/adrian-potari\">Adri\u00e1n P\u00f3t\u00e1ri<\/a><\/li>\n<li>Bence Schneider<\/li>\n<li>Blanka Vojnits<\/li>\n<li>Avin Aphrodite Babakhani<\/li>\n<\/ul>\n","protected":false},"excerpt":{"rendered":"<p><a href=\"https:\/\/semmelweis.hu\/psychophysiology\/people\/phd-students\/csenge-horvath\/\" target=\"_blank\" rel=\"noopener noreferrer\">Csenge G. Horv\u00e1th<\/a><br \/>\n<a href=\"https:\/\/semmelweis.hu\/psychophysiology\/people\/phd-students\/tarek-zoltan-magyar\/\" target=\"_blank\" rel=\"noopener\">T\u00e1rek Magyar<\/a><br \/>\n<a href=\"\/psychophysiology\/people\/undergraduate-students\/adrian-potari\">Adri\u00e1n P\u00f3t\u00e1ri<\/a><br \/>\nBence Schneider<br \/>\nBlanka Vojnits<br \/>\nAvin Aphrodite Babakhani<\/p>\n","protected":false},"author":101277,"featured_media":0,"parent":85,"menu_order":4,"comment_status":"closed","ping_status":"closed","template":"","meta":{"_acf_changed":false,"footnotes":""},"categories":[],"tags":[],"class_list":["post-101","page","type-page","status-publish","hentry"],"acf":[],"_links":{"self":[{"href":"https:\/\/semmelweis.hu\/psychophysiology\/wp-json\/wp\/v2\/pages\/101","targetHints":{"allow":["GET"]}}],"collection":[{"href":"https:\/\/semmelweis.hu\/psychophysiology\/wp-json\/wp\/v2\/pages"}],"about":[{"href":"https:\/\/semmelweis.hu\/psychophysiology\/wp-json\/wp\/v2\/types\/page"}],"author":[{"embeddable":true,"href":"https:\/\/semmelweis.hu\/psychophysiology\/wp-json\/wp\/v2\/users\/101277"}],"replies":[{"embeddable":true,"href":"https:\/\/semmelweis.hu\/psychophysiology\/wp-json\/wp\/v2\/comments?post=101"}],"version-history":[{"count":12,"href":"https:\/\/semmelweis.hu\/psychophysiology\/wp-json\/wp\/v2\/pages\/101\/revisions"}],"predecessor-version":[{"id":2148,"href":"https:\/\/semmelweis.hu\/psychophysiology\/wp-json\/wp\/v2\/pages\/101\/revisions\/2148"}],"up":[{"embeddable":true,"href":"https:\/\/semmelweis.hu\/psychophysiology\/wp-json\/wp\/v2\/pages\/85"}],"wp:attachment":[{"href":"https:\/\/semmelweis.hu\/psychophysiology\/wp-json\/wp\/v2\/media?parent=101"}],"wp:term":[{"taxonomy":"category","embeddable":true,"href":"https:\/\/semmelweis.hu\/psychophysiology\/wp-json\/wp\/v2\/categories?post=101"},{"taxonomy":"post_tag","embeddable":true,"href":"https:\/\/semmelweis.hu\/psychophysiology\/wp-json\/wp\/v2\/tags?post=101"}],"curies":[{"name":"wp","href":"https:\/\/api.w.org\/{rel}","templated":true}]}}