{"id":92,"date":"2012-12-07T13:12:42","date_gmt":"2012-12-07T12:12:42","guid":{"rendered":"http:\/\/semmelweis-egyetem.hu\/propedeutika\/?page_id=92"},"modified":"2025-02-19T12:09:08","modified_gmt":"2025-02-19T11:09:08","slug":"a-propedeutikai-tanszek-tortenete","status":"publish","type":"page","link":"https:\/\/semmelweis.hu\/propedeutika\/a-tanszekrol\/a-propedeutikai-tanszek-tortenete\/","title":{"rendered":"A Propedeutikai Tansz\u00e9k t\u00f6rt\u00e9nete"},"content":{"rendered":"<p><span style=\"font-size: 14pt\"><strong>A Propedeutikai Tansz\u00e9k t\u00f6rt\u00e9nete<\/strong><\/span><\/p>\n<p><span style=\"font-size: 14pt\">A Propedeutika Tansz\u00e9k <strong>2011. november 1-\u00e9n<\/strong> kezdte meg a m\u0171k\u00f6d\u00e9s\u00e9t, miut\u00e1n a Fogorvostudom\u00e1nyi Kar Oktat\u00e1si Centrum\u00e1ban megl\u00e9v\u0151 infrastruktur\u00e1lis h\u00e1tt\u00e9r lehet\u0151v\u00e9 tette, hogy a Kari Propedeutikai R\u00e9szlegb\u0151l egy \u00f6n\u00e1ll\u00f3 int\u00e9zet j\u00f6jj\u00f6n l\u00e9tre.\u00a0<\/span><\/p>\n<p><span style=\"font-size: 14pt\">Odontotechnol\u00f3giai oktat\u00e1s m\u00e1r 1900-t\u00f3l folyt az Egyetem Orvoskar\u00e1n, Hattyassy Lajos vezet\u00e9s\u00e9vel. Akkor m\u00e9g az Orvoskari Gazdas\u00e1gi Hivatal els\u0151 emelet\u00e9n ny\u00edlt erre lehet\u0151s\u00e9g.<\/span><\/p>\n<p><span style=\"font-size: 14pt\">1909-t\u0151l az \u00c1rk\u00f6vy J\u00f3zsef \u00e1ltal alap\u00edtott Stomatol\u00f3giai Klinik\u00e1n azonban m\u00e1r az alagsorban egy 18 f\u00e9r\u0151helyes laborat\u00f3riumban kezd\u0151dhetett el a fog\u00e1szati technol\u00f3gia oktat\u00e1sa.<\/span><\/p>\n<p><span style=\"font-size: 14pt\">Hattyassyt k\u00e9t, gyakorlatban is rendk\u00edv\u00fcl j\u00e1rtas szakember, Salamon Henrik, majd a 1920-as \u00e9vekt\u0151l M\u00e1th\u00e9 D\u00e9nes v\u00e1ltott\u00e1k fel, akiknek nemzetk\u00f6zi viszonylatban is kiemelked\u0151 az irodalmi munk\u00e1ss\u00e1guk.<\/span><\/p>\n<p><span style=\"font-size: 14pt\">Az \u00f6n\u00e1ll\u00f3 fogorvosk\u00e9pz\u00e9s 1952-es indul\u00e1sakor az \u00faj Tanlaborat\u00f3riumot F\u00f6ldv\u00e1ri Imre hozta l\u00e9tre a mai Patol\u00f3giai \u00e9s K\u00eds\u00e9rleti R\u00e1kkutat\u00f3 Int\u00e9zet kijel\u00f6lt termeiben.<\/span><\/p>\n<p><span style=\"font-size: 14pt\">Az oktat\u00e1s sz\u00ednvonal\u00e1t nagym\u00e9rt\u00e9kben emelte, hogy az itt biztos\u00edtott termekben el\u0151sz\u00f6r egy 30 f\u0151s, majd egy 70 f\u0151re b\u0151v\u00edtett fantomfej-laborat\u00f3riumot hoztak l\u00e9tre, \u00e9s az oktat\u00f3 fogorvosok mellett oktat\u00f3 fogtechnikusok is r\u00e9szt vettek a tan\u00edt\u00e1sban. Itt a Fog\u00e1szati anyag- \u00e9s f\u00e9mtan, valamint az Odontotechnol\u00f3gia oktat\u00e1sa mellet elkezd\u0151d\u00f6tt a Fogp\u00f3tl\u00e1stani \u00e9s a Konzerv\u00e1l\u00f3 fog\u00e1szati propedeutika oktat\u00e1sa is, melynek eredm\u00e9nyek\u00e9ppen a hallgat\u00f3k az egyes alapl\u00e9p\u00e9seket fantomfejeken t\u00f6rt\u00e9n\u0151 szimul\u00e1ci\u00f3 seg\u00edts\u00e9g\u00e9vel saj\u00e1t\u00edtott\u00e1k el.<\/span><\/p>\n<p><span style=\"font-size: 14pt\">F\u00f6ldv\u00e1rit\u00f3l Husz\u00e1r Gy\u00f6rgy vette \u00e1t a Tanlaborat\u00f3rium vezet\u00e9s\u00e9t, amelyet id\u0151k\u00f6zben a Fogp\u00f3tl\u00e1stani Klinik\u00e1hoz csatoltak, \u00e9s bizonyos m\u00e9rt\u00e9kben reduk\u00e1ltak. Ez azonban nem cs\u00f6kkentette az oktat\u00e1s sz\u00ednvonal\u00e1t.<\/span><\/p>\n<p><span style=\"font-size: 14pt\">A k\u00f6vetkez\u0151 vezet\u0151, G\u00f6tz Gy\u00f6rgy, a Tanlaborat\u00f3riumot, mint a Fogp\u00f3tl\u00e1stani Klinika Propedeutikai R\u00e9szleg\u00e9t az 1990-es \u00e9vekben, az Eur\u00f3p\u00e1ban akkor legkorszer\u0171bbnek sz\u00e1m\u00edt\u00f3 eszk\u00f6z\u00f6kkel \u00e9s berendez\u00e9sekkel szerelte fel.<\/span><\/p>\n<p><span style=\"font-size: 14pt\">G\u00f6tz Gy\u00f6rgy ut\u00e1n T\u00f3th P\u00e1l, majd K\u00f3bor Andr\u00e1s vezette a R\u00e9szleget, mint az Anyagtan oktat\u00f3ja, azonban a 2000-es \u00e9vekt\u0151l a Fog\u00e1szati anyagtan \u00e9s Odontotechnol\u00f3gia tant\u00e1rgyak, valamint a Fogp\u00f3tl\u00e1stani propedeutika oktat\u00e1sa k\u00fcl\u00f6nv\u00e1lt, \u00edgy K\u00f3bor Andr\u00e1s mellett Kivovics P\u00e9ter ker\u00fclt az Odontotechnol\u00f3gia tant\u00e1rgy oktat\u00e1s\u00e1nak \u00e9l\u00e9re.<\/span><\/p>\n<p><span style=\"font-size: 14pt\">2007-ben megt\u00f6rt\u00e9nt a Kar \u00faj Oktat\u00e1si Centrum\u00e1nak felavat\u00e1sa, ahol a Tanlaborat\u00f3rium \u00faj, vil\u00e1gsz\u00ednvonal\u00faan felszerelt oktat\u00e1si helyis\u00e9geket kapott. Itt lehet\u0151v\u00e9 v\u00e1lt mind az Odontotechnol\u00f3gia \u00e9s az Anyagtan, mind a fogp\u00f3tl\u00e1stani, a konzerv\u00e1l\u00f3 fog\u00e1szati, a parodontol\u00f3giai, a sz\u00e1jseb\u00e9szeti,\u00a0a gyermekfog\u00e1szati \u00e9s fogszab\u00e1lyoz\u00e1si propedeutika magasszint\u0171 oktat\u00e1sa.<\/span><\/p>\n<p><span style=\"font-size: 14pt\">2011-re megfogalmaz\u00f3dott az ig\u00e9ny egy \u00f6sszevont Propedutikai Tansz\u00e9k l\u00e9trehoz\u00e1s\u00e1ra. A megalak\u00edt\u00e1s koordin\u00e1l\u00e1s\u00e1val 2011-ben M\u00e1rton Krisztin\u00e1t b\u00edzta meg Fej\u00e9rdy P\u00e1l D\u00e9k\u00e1n. A Tansz\u00e9k ma Magyarorsz\u00e1gon az egyetlen ilyen jelleg\u0171 oktat\u00e1si int\u00e9zm\u00e9ny.<\/span><\/p>\n<p><span style=\"font-size: 14pt\"><strong>Eddigi vezet\u0151ink:<\/strong><\/span><\/p>\n<p><span style=\"font-size: 14pt\"><strong>Tanlabor:<\/strong><\/span><\/p>\n<ul>\n<li><span style=\"font-size: 14pt\">Hattyasi Lajos 1900-1919.<\/span><\/li>\n<li><span style=\"font-size: 14pt\">Salamon Henrik 1919-1922.<\/span><\/li>\n<li><span style=\"font-size: 14pt\">M\u00e1th\u00e9 D\u00e9nes 1922-1945.<\/span><\/li>\n<li><span style=\"font-size: 14pt\">F\u00f6ldv\u00e1ri Imre 1945-1968.<\/span><\/li>\n<li><span style=\"font-size: 14pt\">Husz\u00e1r Gy\u00f6rgy 1968-1977.<\/span><\/li>\n<li><span style=\"font-size: 14pt\">G\u00f6tz Gy\u00f6rgy 1977-2001.<\/span><\/li>\n<li><span style=\"font-size: 14pt\">T\u00f3th P\u00e1l 2001.<\/span><\/li>\n<li><span style=\"font-size: 14pt\">Kivovics P\u00e9ter \u00e9s K\u00f3bor Andr\u00e1s 2001-2011.<\/span><\/li>\n<\/ul>\n<p><span style=\"font-size: 14pt\"><strong>Tansz\u00e9k:<\/strong><\/span><\/p>\n<ul>\n<li><span style=\"font-size: 14pt\">M\u00e1rton Krisztina 2011-<\/span><\/li>\n<\/ul>\n<p>&nbsp;<\/p>\n","protected":false},"excerpt":{"rendered":"<p>A Propedeutikai Tansz\u00e9k t\u00f6rt\u00e9nete A Propedeutika Tansz\u00e9k 2011. november 1-\u00e9n kezdte meg a m\u0171k\u00f6d\u00e9s\u00e9t, miut\u00e1n a Fogorvostudom\u00e1nyi Kar Oktat\u00e1si Centrum\u00e1ban megl\u00e9v\u0151 infrastruktur\u00e1lis h\u00e1tt\u00e9r lehet\u0151v\u00e9 tette, hogy a Kari Propedeutikai R\u00e9szlegb\u0151l egy \u00f6n\u00e1ll\u00f3 int\u00e9zet j\u00f6jj\u00f6n l\u00e9tre.\u00a0 Odontotechnol\u00f3giai oktat\u00e1s m\u00e1r 1900-t\u00f3l folyt az Egyetem Orvoskar\u00e1n, Hattyassy Lajos vezet\u00e9s\u00e9vel. Akkor m\u00e9g az Orvoskari Gazdas\u00e1gi Hivatal els\u0151 emelet\u00e9n ny\u00edlt &hellip;<\/p>\n","protected":false},"author":141,"featured_media":0,"parent":8,"menu_order":0,"comment_status":"open","ping_status":"open","template":"","meta":{"_acf_changed":false,"footnotes":""},"categories":[],"tags":[],"class_list":["post-92","page","type-page","status-publish","hentry"],"acf":[],"_links":{"self":[{"href":"https:\/\/semmelweis.hu\/propedeutika\/wp-json\/wp\/v2\/pages\/92","targetHints":{"allow":["GET"]}}],"collection":[{"href":"https:\/\/semmelweis.hu\/propedeutika\/wp-json\/wp\/v2\/pages"}],"about":[{"href":"https:\/\/semmelweis.hu\/propedeutika\/wp-json\/wp\/v2\/types\/page"}],"author":[{"embeddable":true,"href":"https:\/\/semmelweis.hu\/propedeutika\/wp-json\/wp\/v2\/users\/141"}],"replies":[{"embeddable":true,"href":"https:\/\/semmelweis.hu\/propedeutika\/wp-json\/wp\/v2\/comments?post=92"}],"version-history":[{"count":7,"href":"https:\/\/semmelweis.hu\/propedeutika\/wp-json\/wp\/v2\/pages\/92\/revisions"}],"predecessor-version":[{"id":2350,"href":"https:\/\/semmelweis.hu\/propedeutika\/wp-json\/wp\/v2\/pages\/92\/revisions\/2350"}],"up":[{"embeddable":true,"href":"https:\/\/semmelweis.hu\/propedeutika\/wp-json\/wp\/v2\/pages\/8"}],"wp:attachment":[{"href":"https:\/\/semmelweis.hu\/propedeutika\/wp-json\/wp\/v2\/media?parent=92"}],"wp:term":[{"taxonomy":"category","embeddable":true,"href":"https:\/\/semmelweis.hu\/propedeutika\/wp-json\/wp\/v2\/categories?post=92"},{"taxonomy":"post_tag","embeddable":true,"href":"https:\/\/semmelweis.hu\/propedeutika\/wp-json\/wp\/v2\/tags?post=92"}],"curies":[{"name":"wp","href":"https:\/\/api.w.org\/{rel}","templated":true}]}}