{"id":9,"date":"2012-10-29T14:21:39","date_gmt":"2012-10-29T13:21:39","guid":{"rendered":"http:\/\/semmelweis-egyetem.hu\/propedeutika\/?page_id=9"},"modified":"2024-07-01T12:11:11","modified_gmt":"2024-07-01T10:11:11","slug":"oktatas","status":"publish","type":"page","link":"https:\/\/semmelweis.hu\/propedeutika\/oktatas\/","title":{"rendered":"Oktat\u00e1si tev\u00e9kenys\u00e9g\u00fcnk"},"content":{"rendered":"<p>A Propedeutikai Tansz\u00e9k infrastrukt\u00far\u00e1ja ad helyet a k\u00f6vetkez\u0151 <strong>t\u00e1rgyak<\/strong> oktat\u00e1s\u00e1hoz:<\/p>\n<ul>\n<li><a href=\"https:\/\/semmelweis.hu\/propedeutika\/oktatas\/fogaszati-altalanos-propedeutika\/\">fog\u00e1szati \u00e1ltal\u00e1nos propedeutika<\/a><\/li>\n<li>gyermekfog\u00e1szati \u00e9s fogszab\u00e1lyoz\u00e1stani propedeutika<\/li>\n<li>restaurat\u00edv fog\u00e1szati propedeutika<\/li>\n<li><a href=\"https:\/\/semmelweis.hu\/fogpotlastan\/oktatas\/\">odontotechnol\u00f3gia \u00e9s fogp\u00f3tl\u00e1stani propedeutika I., II., III.\u00a0<\/a><\/li>\n<li>parodontol\u00f3giai propedeutika<\/li>\n<li>sz\u00e1jseb\u00e9szeti propedeutika<\/li>\n<li>gnatol\u00f3gia<\/li>\n<li>asszisztensi ny\u00e1ri gyakorlat<\/li>\n<li>odontotechnol\u00f3gia \u00e9s fogp\u00f3tl\u00e1stani propedeutika ny\u00e1ri gyakorlat\u00a0<\/li>\n<li>a <a href=\"https:\/\/semmelweis.hu\/dft\/\"><em><strong>Digit\u00e1lis Fog\u00e1szati Tervez\u00e9s<\/strong><\/em> <\/a>szak alapk\u00e9pz\u00e9s\u00e9n a hallgat\u00f3k oktat\u00e1s\u00e1ban tansz\u00e9k\u00fcnk k\u00e9t tant\u00e1rgyat oktat, az <a href=\"https:\/\/semmelweis.hu\/dft\/1-evfolyam\/1-felev\/altalanos-fogaszati-alapismeretek\/\"><strong>\u00e1ltal\u00e1nos fog\u00e1szati alapismeretek<\/strong><\/a> \u00e9s <a href=\"https:\/\/semmelweis.hu\/dft\/2-evfolyam\/iv-felev\/infekciokontroll\/\"><strong>infekci\u00f3kontroll<\/strong><\/a> tant\u00e1rgyakat, \u00e9s tanlaborat\u00f3riumunk ad helyt a <strong>fog\u00e1szati anyagtan \u00e9s odontotechnol\u00f3gia<\/strong> t\u00e1rgy oktat\u00e1s\u00e1nak is<\/li>\n<\/ul>\n","protected":false},"excerpt":{"rendered":"<p>A Propedeutikai Tansz\u00e9k infrastrukt\u00far\u00e1ja ad helyet a k\u00f6vetkez\u0151 t\u00e1rgyak oktat\u00e1s\u00e1hoz: <a href=\"https:\/\/semmelweis.hu\/propedeutika\/oktatas\/fogaszati-altalanos-propedeutika\/\">fog\u00e1szati \u00e1ltal\u00e1nos propedeutika<\/a> gyermekfog\u00e1szati \u00e9s fogszab\u00e1lyoz\u00e1stani propedeutika restaurat\u00edv fog\u00e1szati propedeutika <a href=\"https:\/\/semmelweis.hu\/fogpotlastan\/oktatas\/\">odontotechnol\u00f3gia \u00e9s fogp\u00f3tl\u00e1stani propedeutika I., II., III.\u00a0<\/a> parodontol\u00f3giai propedeutika sz\u00e1jseb\u00e9szeti propedeutika gnatol\u00f3gia asszisztensi ny\u00e1ri gyakorlat odontotechnol\u00f3gia \u00e9s fogp\u00f3tl\u00e1stani propedeutika ny\u00e1ri gyakorlat\u00a0 a <a href=\"https:\/\/semmelweis.hu\/dft\/\">Digit\u00e1lis Fog\u00e1szati Tervez\u00e9s <\/a> szak alapk\u00e9pz\u00e9s\u00e9n a hallgat\u00f3k oktat\u00e1s\u00e1ban tansz\u00e9k\u00fcnk k\u00e9t tant\u00e1rgyat oktat, az <a href=\"https:\/\/semmelweis.hu\/dft\/1-evfolyam\/1-felev\/altalanos-fogaszati-alapismeretek\/\">\u00e1ltal\u00e1nos fog\u00e1szati alapismeretek<\/a> \u00e9s <a href=\"https:\/\/semmelweis.hu\/dft\/2-evfolyam\/iv-felev\/infekciokontroll\/\">infekci\u00f3kontroll<\/a> tant\u00e1rgyakat, \u00e9s tanlaborat\u00f3riumunk ad helyt a fog\u00e1szati anyagtan \u00e9s odontotechnol\u00f3gia t\u00e1rgy oktat\u00e1s\u00e1nak &hellip;<\/p>\n","protected":false},"author":12,"featured_media":0,"parent":0,"menu_order":2,"comment_status":"closed","ping_status":"closed","template":"","meta":{"_acf_changed":false,"footnotes":""},"categories":[],"tags":[],"class_list":["post-9","page","type-page","status-publish","hentry"],"acf":[],"_links":{"self":[{"href":"https:\/\/semmelweis.hu\/propedeutika\/wp-json\/wp\/v2\/pages\/9","targetHints":{"allow":["GET"]}}],"collection":[{"href":"https:\/\/semmelweis.hu\/propedeutika\/wp-json\/wp\/v2\/pages"}],"about":[{"href":"https:\/\/semmelweis.hu\/propedeutika\/wp-json\/wp\/v2\/types\/page"}],"author":[{"embeddable":true,"href":"https:\/\/semmelweis.hu\/propedeutika\/wp-json\/wp\/v2\/users\/12"}],"replies":[{"embeddable":true,"href":"https:\/\/semmelweis.hu\/propedeutika\/wp-json\/wp\/v2\/comments?post=9"}],"version-history":[{"count":11,"href":"https:\/\/semmelweis.hu\/propedeutika\/wp-json\/wp\/v2\/pages\/9\/revisions"}],"predecessor-version":[{"id":1926,"href":"https:\/\/semmelweis.hu\/propedeutika\/wp-json\/wp\/v2\/pages\/9\/revisions\/1926"}],"wp:attachment":[{"href":"https:\/\/semmelweis.hu\/propedeutika\/wp-json\/wp\/v2\/media?parent=9"}],"wp:term":[{"taxonomy":"category","embeddable":true,"href":"https:\/\/semmelweis.hu\/propedeutika\/wp-json\/wp\/v2\/categories?post=9"},{"taxonomy":"post_tag","embeddable":true,"href":"https:\/\/semmelweis.hu\/propedeutika\/wp-json\/wp\/v2\/tags?post=9"}],"curies":[{"name":"wp","href":"https:\/\/api.w.org\/{rel}","templated":true}]}}