{"id":837,"date":"2020-10-09T12:42:51","date_gmt":"2020-10-09T10:42:51","guid":{"rendered":"https:\/\/semmelweis.hu\/propedeutika\/?page_id=837"},"modified":"2025-08-28T17:24:32","modified_gmt":"2025-08-28T15:24:32","slug":"omhv","status":"publish","type":"page","link":"https:\/\/semmelweis.hu\/propedeutika\/oktatas\/fogaszati-altalanos-propedeutika\/omhv\/","title":{"rendered":"OMHV"},"content":{"rendered":"<ul>\n<li><a href=\"https:\/\/semmelweis.hu\/propedeutika\/files\/2022\/03\/Intezkedesi-terv-20202021-tanev-II.-szemeszter-OMHV-adatai-alapjan.pdf\">Int\u00e9zked\u00e9si terv 2020-2021\u00a0 tan\u00e9v II. szemeszter OMHV adatai alapj\u00e1n<\/a><\/li>\n<li>Int\u00e9zked\u00e9si terv a 2021-2022 tan\u00e9v II. szemeszter OMHV adati alapj\u00e1n<\/li>\n<li class=\"t pg-1m0 pg-1x5 pg-1h9 pg-1yf pg-1ff5 pg-1fs3 pg-1fc2 pg-1sc0 pg-1ls0 pg-1ws0\">Int\u00e9zked\u00e9si terv a 2022-2023 tan\u00e9v II. szemeszter OMHV adatai alapj\u00e1n<\/li>\n<li>Int\u00e9zked\u00e9si terv 2023-2024 tan\u00e9v II. szemeszter OMHV adatai alapj\u00e1n<\/li>\n<li><a href=\"https:\/\/semmelweis.hu\/propedeutika\/files\/2025\/08\/Intezkedesi-terv-a-2024-2025-tanev-II.-szemeszter-OMHV-adatai-alapjan-2.pdf\">Int\u00e9zked\u00e9si terv a 2024-2025 tan\u00e9v II. szemeszter OMHV adatai alapj\u00e1n<\/a><\/li>\n<\/ul>\n<p>&nbsp;<\/p>\n<p>&nbsp;<\/p>\n","protected":false},"excerpt":{"rendered":"<p><a href=\"https:\/\/semmelweis.hu\/propedeutika\/files\/2022\/03\/Intezkedesi-terv-20202021-tanev-II.-szemeszter-OMHV-adatai-alapjan.pdf\">Int\u00e9zked\u00e9si terv 2020-2021\u00a0 tan\u00e9v II. szemeszter OMHV adatai alapj\u00e1n<\/a><br \/>\nInt\u00e9zked\u00e9si terv a 2021-2022 tan\u00e9v II. szemeszter OMHV adati alapj\u00e1n<br \/>\nInt\u00e9zked\u00e9si terv a 2022-2023 tan\u00e9v II. szemeszter OMHV adatai alapj\u00e1n<br \/>\nInt\u00e9zked\u00e9si terv 2023-2024 tan\u00e9v II. szemeszter OMHV adatai alapj\u00e1n<br \/>\n<a href=\"https:\/\/semmelweis.hu\/propedeutika\/files\/2025\/08\/Intezkedesi-terv-a-2024-2025-tanev-II.-szemeszter-OMHV-adatai-alapjan-2.pdf\">Int\u00e9zked\u00e9si terv a 2024-2025 tan\u00e9v II. szemeszter OMHV adatai alapj\u00e1n<\/a><\/p>\n<p>&nbsp;<br \/>\n&nbsp;<\/p>\n","protected":false},"author":141,"featured_media":0,"parent":1523,"menu_order":4,"comment_status":"closed","ping_status":"closed","template":"","meta":{"_acf_changed":false,"footnotes":""},"categories":[],"tags":[],"class_list":["post-837","page","type-page","status-publish","hentry"],"acf":[],"_links":{"self":[{"href":"https:\/\/semmelweis.hu\/propedeutika\/wp-json\/wp\/v2\/pages\/837","targetHints":{"allow":["GET"]}}],"collection":[{"href":"https:\/\/semmelweis.hu\/propedeutika\/wp-json\/wp\/v2\/pages"}],"about":[{"href":"https:\/\/semmelweis.hu\/propedeutika\/wp-json\/wp\/v2\/types\/page"}],"author":[{"embeddable":true,"href":"https:\/\/semmelweis.hu\/propedeutika\/wp-json\/wp\/v2\/users\/141"}],"replies":[{"embeddable":true,"href":"https:\/\/semmelweis.hu\/propedeutika\/wp-json\/wp\/v2\/comments?post=837"}],"version-history":[{"count":11,"href":"https:\/\/semmelweis.hu\/propedeutika\/wp-json\/wp\/v2\/pages\/837\/revisions"}],"predecessor-version":[{"id":2424,"href":"https:\/\/semmelweis.hu\/propedeutika\/wp-json\/wp\/v2\/pages\/837\/revisions\/2424"}],"up":[{"embeddable":true,"href":"https:\/\/semmelweis.hu\/propedeutika\/wp-json\/wp\/v2\/pages\/1523"}],"wp:attachment":[{"href":"https:\/\/semmelweis.hu\/propedeutika\/wp-json\/wp\/v2\/media?parent=837"}],"wp:term":[{"taxonomy":"category","embeddable":true,"href":"https:\/\/semmelweis.hu\/propedeutika\/wp-json\/wp\/v2\/categories?post=837"},{"taxonomy":"post_tag","embeddable":true,"href":"https:\/\/semmelweis.hu\/propedeutika\/wp-json\/wp\/v2\/tags?post=837"}],"curies":[{"name":"wp","href":"https:\/\/api.w.org\/{rel}","templated":true}]}}