{"id":8,"date":"2012-10-29T14:21:21","date_gmt":"2012-10-29T13:21:21","guid":{"rendered":"http:\/\/semmelweis-egyetem.hu\/propedeutika\/?page_id=8"},"modified":"2025-10-08T19:18:34","modified_gmt":"2025-10-08T17:18:34","slug":"a-tanszekrol","status":"publish","type":"page","link":"https:\/\/semmelweis.hu\/propedeutika\/a-tanszekrol\/","title":{"rendered":"A Propedeutika Tansz\u00e9k bemutat\u00e1sa"},"content":{"rendered":"<p><span style=\"font-size: 14pt\">A<a href=\"https:\/\/semmelweis.hu\/propedeutika\/altalanos-informacio\/a-propedeutikai-tanszek-tortenete\/\"> Propedeutikai Tansz\u00e9k 2011. november 1-\u00e9n kezdte meg a m\u0171k\u00f6d\u00e9s\u00e9t,<\/a> miut\u00e1n a Fogorvostudom\u00e1nyi Kar Oktat\u00e1si Centrum\u00e1ban megl\u00e9v\u0151 infrastruktur\u00e1lis h\u00e1tt\u00e9r lehet\u0151v\u00e9 tette, hogy a Kari Propedeutikai R\u00e9szlegb\u0151l egy \u00f6n\u00e1ll\u00f3 int\u00e9zet j\u00f6jj\u00f6n l\u00e9tre.<\/span><\/p>\n<p><span style=\"font-size: 14pt\"><img loading=\"lazy\" decoding=\"async\" class=\"size-medium wp-image-2528 alignright\" src=\"https:\/\/semmelweis.hu\/propedeutika\/files\/2025\/09\/OC-47-1-400x267.jpg\" alt=\"\" width=\"400\" height=\"267\" srcset=\"https:\/\/semmelweis.hu\/propedeutika\/files\/2025\/09\/OC-47-1-400x267.jpg 400w, https:\/\/semmelweis.hu\/propedeutika\/files\/2025\/09\/OC-47-1-1024x683.jpg 1024w, https:\/\/semmelweis.hu\/propedeutika\/files\/2025\/09\/OC-47-1-768x512.jpg 768w, https:\/\/semmelweis.hu\/propedeutika\/files\/2025\/09\/OC-47-1-1536x1024.jpg 1536w, https:\/\/semmelweis.hu\/propedeutika\/files\/2025\/09\/OC-47-1-2048x1365.jpg 2048w, https:\/\/semmelweis.hu\/propedeutika\/files\/2025\/09\/OC-47-1-753x502.jpg 753w, https:\/\/semmelweis.hu\/propedeutika\/files\/2025\/09\/OC-47-1-203x135.jpg 203w\" sizes=\"auto, (max-width: 400px) 100vw, 400px\" \/><\/span><\/p>\n<p><span style=\"font-size: 14pt\">A Tansz\u00e9k ma Magyarorsz\u00e1gon az egyetlen ilyen jelleg\u0171 oktat\u00e1si int\u00e9zm\u00e9ny.<\/span><\/p>\n<p><span style=\"font-size: 14pt\">A Fog\u00e1szati \u00c1ltal\u00e1nos Propedeutika tant\u00e1rgyat a 2012-2013-as tan\u00e9vt\u0151l mint k\u00f6telez\u0151 egy f\u00e9l\u00e9ves preklinikai t\u00e1rgyat oktatjuk. A magyar hallgat\u00f3k a 2. szemeszterben, a k\u00fclf\u00f6ldi hallgat\u00f3k a 3. szemeszterben saj\u00e1t\u00edtj\u00e1k el az elm\u00e9leti (heti 1 \u00f3ra &#8211; el\u0151ad\u00e1s) \u00e9s gyakorlati (heti 3 \u00f3ra) alapjait.<\/span><\/p>\n<p><span style=\"font-size: 14pt\">C\u00e9lunk az 1. \u00e9s 2. \u00e9ves fogorvostanhallgat\u00f3k felk\u00e9sz\u00edt\u00e9se a klinikai fog\u00e1szati tev\u00e9kenys\u00e9gek nagy precizit\u00e1st \u00e9s fokozott k\u00e9z\u00fcgyess\u00e9get ig\u00e9nyl\u0151 gyakorlati szakaszaira. Az elm\u00e9leti oktat\u00e1s keret\u00e9ben a hallgat\u00f3k megismerkednek a fogak makroszk\u00f3pos anat\u00f3mi\u00e1j\u00e1val, a fog\u00e1szat nemzetk\u00f6zi jel\u00f6l\u00e9si rendszereivel, a fog\u00e1szati alapbetegs\u00e9gekkel \u00e9s azok etiol\u00f3gi\u00e1j\u00e1val, a hazai fog\u00e1szati epidemiol\u00f3giai adatokkal, valamint a fog\u00e1szati infekci\u00f3kontroll, a hullad\u00e9kkezel\u00e9s \u00e9s a k\u00f6rnyezetv\u00e9delem alapjaival. A gyakorlatokon a hallgat\u00f3k betekint\u00e9st nyernek az egyes minim\u00e1l- \u00e9s mikroinvaz\u00edv technik\u00e1kba, valamint megismerik az Oktat\u00e1si Centrum K\u00f6zponti Steriliz\u00e1l\u00f3 R\u00e9szleg\u00e9nek m\u0171k\u00f6d\u00e9s\u00e9t, rendel\u0151i gyakorlat keret\u00e9ben pedig a fog\u00e1szati rendel\u0151 berendez\u00e9s\u00e9t \u00e9s a fog\u00e1szati kezel\u0151 egys\u00e9g fel\u00e9p\u00edt\u00e9s\u00e9t.\u00a0<\/span><\/p>\n<p><span style=\"font-size: 14pt\">A gyakorlatokon fantomfejeken, szimul\u00e1ci\u00f3 seg\u00edts\u00e9g\u00e9vel gyakorolj\u00e1k be a hallgat\u00f3k a konzerv\u00e1l\u00f3 fog\u00e1szat \u00e9s a fogp\u00f3tl\u00e1stan legfontosabb klinikai l\u00e9p\u00e9seit, valamint megismerkednek a parodontol\u00f3gia, a gyermekfog\u00e1szat \u00e9s fogszab\u00e1lyoz\u00e1s, tov\u00e1bb\u00e1 a sz\u00e1jseb\u00e9szet elm\u00e9leti \u00e9s gyakorlati alapjaival, melyeket azut\u00e1n a klinikai gyakorlatban alkalmaznak.\u00a0<\/span><\/p>\n\r\n        [slb_exclude]\r\n        <div class=\"row galeria-wrapper mx-0 h-auto\">\r\n            <div class=\"col-9 pl-0 pr-2\">\r\n            <span class=\"gallery-item frame\">\r\n\t\t\t\t<div class=\"galeria-left-img\"><a href=\"https:\/\/semmelweis.hu\/propedeutika\/files\/2025\/09\/Sugar-5-scaled.jpg\"><img src=https:\/\/semmelweis.hu\/propedeutika\/files\/2025\/09\/Sugar-5-scaled.jpg  \r\n                            alt=\"\" \r\n                            class=\"attachment-sote-gallery-big size-sote-gallery-big\" \r\n                            srcset=\"https:\/\/semmelweis.hu\/propedeutika\/files\/2025\/09\/Sugar-5-400x267.jpg 400w, https:\/\/semmelweis.hu\/propedeutika\/files\/2025\/09\/Sugar-5-1024x683.jpg 1024w, https:\/\/semmelweis.hu\/propedeutika\/files\/2025\/09\/Sugar-5-768x512.jpg 768w, https:\/\/semmelweis.hu\/propedeutika\/files\/2025\/09\/Sugar-5-1536x1024.jpg 1536w, https:\/\/semmelweis.hu\/propedeutika\/files\/2025\/09\/Sugar-5-2048x1365.jpg 2048w, https:\/\/semmelweis.hu\/propedeutika\/files\/2025\/09\/Sugar-5-753x502.jpg 753w, https:\/\/semmelweis.hu\/propedeutika\/files\/2025\/09\/Sugar-5-203x135.jpg 203w\" ><\/a><\/div>\r\n            <\/span>\r\n\r\n            <\/div>\r\n\r\n\t\t\t<div class=\"col-3 pl-0 pr-0\">\r\n\t\t\t\t<div class=\"galeria-right-img d-flex justify-content-between flex-column h-100 w-100 px-0 mx-0 \">\r\n                <div class=\"galeria-box\">\r\n\t\t\t\t\t<h3 class=\"galeria-title\">Gal\u00e9ria<\/h3>\r\n\t\t\t\t\t<div class=\"galeria-subtitle\">\r\n\r\n\t\t\t\t\t\t<div class=\"galeria-page-counter\"><span>9<\/span>k\u00e9p<\/div>\r\n                    <\/div> <\/div>\r\n                    <span class=\"gallery-item frame d-none d-md-flex\">\r\n\t\t\t\t\t<div class=\"galeria-small-img mt-0\"><a href=\"https:\/\/semmelweis.hu\/propedeutika\/files\/2025\/09\/Sugar-2-scaled.jpg\"><img src=https:\/\/semmelweis.hu\/propedeutika\/files\/2025\/09\/Sugar-2-scaled.jpg \r\n                                alt=\"\"  \r\n                                class=\"attachment-sote-gallery-small size-sote-gallery-small\" \r\n                                srcset=\"https:\/\/semmelweis.hu\/propedeutika\/files\/2025\/09\/Sugar-2-400x267.jpg 400w, https:\/\/semmelweis.hu\/propedeutika\/files\/2025\/09\/Sugar-2-1024x683.jpg 1024w, https:\/\/semmelweis.hu\/propedeutika\/files\/2025\/09\/Sugar-2-768x512.jpg 768w, https:\/\/semmelweis.hu\/propedeutika\/files\/2025\/09\/Sugar-2-1536x1024.jpg 1536w, https:\/\/semmelweis.hu\/propedeutika\/files\/2025\/09\/Sugar-2-2048x1365.jpg 2048w, https:\/\/semmelweis.hu\/propedeutika\/files\/2025\/09\/Sugar-2-753x502.jpg 753w, https:\/\/semmelweis.hu\/propedeutika\/files\/2025\/09\/Sugar-2-203x135.jpg 203w\" ><\/a><\/div>\r\n                    <\/span>\r\n                    <span class=\"gallery-item frame d-none d-md-flex\">\r\n\t\t\t\t\t<div class=\"galeria-small-img mt-0\"><a href=\"https:\/\/semmelweis.hu\/propedeutika\/files\/2025\/09\/Foldvari-5-scaled.jpg\"><img src=https:\/\/semmelweis.hu\/propedeutika\/files\/2025\/09\/Foldvari-5-scaled.jpg \r\n                                alt=\"\" \r\n                                class=\"attachment-sote-gallery-small size-sote-gallery-small\" \r\n                                srcset=\"https:\/\/semmelweis.hu\/propedeutika\/files\/2025\/09\/Foldvari-5-400x267.jpg 400w, https:\/\/semmelweis.hu\/propedeutika\/files\/2025\/09\/Foldvari-5-1024x683.jpg 1024w, https:\/\/semmelweis.hu\/propedeutika\/files\/2025\/09\/Foldvari-5-768x512.jpg 768w, https:\/\/semmelweis.hu\/propedeutika\/files\/2025\/09\/Foldvari-5-1536x1024.jpg 1536w, https:\/\/semmelweis.hu\/propedeutika\/files\/2025\/09\/Foldvari-5-2048x1365.jpg 2048w, https:\/\/semmelweis.hu\/propedeutika\/files\/2025\/09\/Foldvari-5-753x502.jpg 753w, https:\/\/semmelweis.hu\/propedeutika\/files\/2025\/09\/Foldvari-5-203x135.jpg 203w\" ><\/a><\/div>\r\n                    <\/span>\r\n\r\n                <\/div>\r\n\r\n            <\/div>\r\n\r\n            <span class=\"gallery-item\"><div class=\"hidden\"><a href=\"https:\/\/semmelweis.hu\/propedeutika\/files\/2025\/09\/Foldvari-1-scaled.jpg\">\r\n        <img src=https:\/\/semmelweis.hu\/propedeutika\/files\/2025\/09\/Foldvari-1-scaled.jpg alt=\"\" class=\"attachment-sote-gallery-big size-sote-gallery-big\" srcset=\"https:\/\/semmelweis.hu\/propedeutika\/files\/2025\/09\/Foldvari-1-400x267.jpg 400w, https:\/\/semmelweis.hu\/propedeutika\/files\/2025\/09\/Foldvari-1-1024x683.jpg 1024w, https:\/\/semmelweis.hu\/propedeutika\/files\/2025\/09\/Foldvari-1-768x512.jpg 768w, https:\/\/semmelweis.hu\/propedeutika\/files\/2025\/09\/Foldvari-1-1536x1024.jpg 1536w, https:\/\/semmelweis.hu\/propedeutika\/files\/2025\/09\/Foldvari-1-2048x1365.jpg 2048w, https:\/\/semmelweis.hu\/propedeutika\/files\/2025\/09\/Foldvari-1-753x502.jpg 753w, https:\/\/semmelweis.hu\/propedeutika\/files\/2025\/09\/Foldvari-1-203x135.jpg 203w\" >\r\n        <\/a><\/div><\/span><span class=\"gallery-item\"><div class=\"hidden\"><a href=\"https:\/\/semmelweis.hu\/propedeutika\/files\/2025\/09\/OC-47-3-scaled.jpg\">\r\n        <img src=https:\/\/semmelweis.hu\/propedeutika\/files\/2025\/09\/OC-47-3-scaled.jpg alt=\"\" class=\"attachment-sote-gallery-big size-sote-gallery-big\" srcset=\"https:\/\/semmelweis.hu\/propedeutika\/files\/2025\/09\/OC-47-3-400x267.jpg 400w, https:\/\/semmelweis.hu\/propedeutika\/files\/2025\/09\/OC-47-3-1024x683.jpg 1024w, https:\/\/semmelweis.hu\/propedeutika\/files\/2025\/09\/OC-47-3-768x512.jpg 768w, https:\/\/semmelweis.hu\/propedeutika\/files\/2025\/09\/OC-47-3-1536x1024.jpg 1536w, https:\/\/semmelweis.hu\/propedeutika\/files\/2025\/09\/OC-47-3-2048x1365.jpg 2048w, https:\/\/semmelweis.hu\/propedeutika\/files\/2025\/09\/OC-47-3-753x502.jpg 753w, https:\/\/semmelweis.hu\/propedeutika\/files\/2025\/09\/OC-47-3-203x135.jpg 203w\" >\r\n        <\/a><\/div><\/span><span class=\"gallery-item\"><div class=\"hidden\"><a href=\"https:\/\/semmelweis.hu\/propedeutika\/files\/2025\/09\/OC-47-2-scaled.jpg\">\r\n        <img src=https:\/\/semmelweis.hu\/propedeutika\/files\/2025\/09\/OC-47-2-scaled.jpg alt=\"\" class=\"attachment-sote-gallery-big size-sote-gallery-big\" srcset=\"https:\/\/semmelweis.hu\/propedeutika\/files\/2025\/09\/OC-47-2-400x267.jpg 400w, https:\/\/semmelweis.hu\/propedeutika\/files\/2025\/09\/OC-47-2-1024x683.jpg 1024w, https:\/\/semmelweis.hu\/propedeutika\/files\/2025\/09\/OC-47-2-768x512.jpg 768w, https:\/\/semmelweis.hu\/propedeutika\/files\/2025\/09\/OC-47-2-1536x1024.jpg 1536w, https:\/\/semmelweis.hu\/propedeutika\/files\/2025\/09\/OC-47-2-2048x1365.jpg 2048w, https:\/\/semmelweis.hu\/propedeutika\/files\/2025\/09\/OC-47-2-753x502.jpg 753w, https:\/\/semmelweis.hu\/propedeutika\/files\/2025\/09\/OC-47-2-203x135.jpg 203w\" >\r\n        <\/a><\/div><\/span><span class=\"gallery-item\"><div class=\"hidden\"><a href=\"https:\/\/semmelweis.hu\/propedeutika\/files\/2025\/09\/OC-47-8-scaled.jpg\">\r\n        <img src=https:\/\/semmelweis.hu\/propedeutika\/files\/2025\/09\/OC-47-8-scaled.jpg alt=\"\" class=\"attachment-sote-gallery-big size-sote-gallery-big\" srcset=\"https:\/\/semmelweis.hu\/propedeutika\/files\/2025\/09\/OC-47-8-400x267.jpg 400w, https:\/\/semmelweis.hu\/propedeutika\/files\/2025\/09\/OC-47-8-1024x683.jpg 1024w, https:\/\/semmelweis.hu\/propedeutika\/files\/2025\/09\/OC-47-8-768x512.jpg 768w, https:\/\/semmelweis.hu\/propedeutika\/files\/2025\/09\/OC-47-8-1536x1024.jpg 1536w, https:\/\/semmelweis.hu\/propedeutika\/files\/2025\/09\/OC-47-8-2048x1365.jpg 2048w, https:\/\/semmelweis.hu\/propedeutika\/files\/2025\/09\/OC-47-8-753x502.jpg 753w, https:\/\/semmelweis.hu\/propedeutika\/files\/2025\/09\/OC-47-8-203x135.jpg 203w\" >\r\n        <\/a><\/div><\/span><span class=\"gallery-item\"><div class=\"hidden\"><a href=\"https:\/\/semmelweis.hu\/propedeutika\/files\/2025\/09\/OC-47-6-scaled.jpg\">\r\n        <img src=https:\/\/semmelweis.hu\/propedeutika\/files\/2025\/09\/OC-47-6-scaled.jpg alt=\"\" class=\"attachment-sote-gallery-big size-sote-gallery-big\" srcset=\"https:\/\/semmelweis.hu\/propedeutika\/files\/2025\/09\/OC-47-6-400x267.jpg 400w, https:\/\/semmelweis.hu\/propedeutika\/files\/2025\/09\/OC-47-6-1024x683.jpg 1024w, https:\/\/semmelweis.hu\/propedeutika\/files\/2025\/09\/OC-47-6-768x512.jpg 768w, https:\/\/semmelweis.hu\/propedeutika\/files\/2025\/09\/OC-47-6-1536x1024.jpg 1536w, https:\/\/semmelweis.hu\/propedeutika\/files\/2025\/09\/OC-47-6-2048x1365.jpg 2048w, https:\/\/semmelweis.hu\/propedeutika\/files\/2025\/09\/OC-47-6-753x502.jpg 753w, https:\/\/semmelweis.hu\/propedeutika\/files\/2025\/09\/OC-47-6-203x135.jpg 203w\" >\r\n        <\/a><\/div><\/span><span class=\"gallery-item\"><div class=\"hidden\"><a href=\"https:\/\/semmelweis.hu\/propedeutika\/files\/2025\/09\/Foldvari-6-scaled.jpg\">\r\n        <img src=https:\/\/semmelweis.hu\/propedeutika\/files\/2025\/09\/Foldvari-6-scaled.jpg alt=\"\" class=\"attachment-sote-gallery-big size-sote-gallery-big\" srcset=\"https:\/\/semmelweis.hu\/propedeutika\/files\/2025\/09\/Foldvari-6-400x267.jpg 400w, https:\/\/semmelweis.hu\/propedeutika\/files\/2025\/09\/Foldvari-6-1024x683.jpg 1024w, https:\/\/semmelweis.hu\/propedeutika\/files\/2025\/09\/Foldvari-6-768x512.jpg 768w, https:\/\/semmelweis.hu\/propedeutika\/files\/2025\/09\/Foldvari-6-1536x1024.jpg 1536w, https:\/\/semmelweis.hu\/propedeutika\/files\/2025\/09\/Foldvari-6-2048x1365.jpg 2048w, https:\/\/semmelweis.hu\/propedeutika\/files\/2025\/09\/Foldvari-6-753x502.jpg 753w, https:\/\/semmelweis.hu\/propedeutika\/files\/2025\/09\/Foldvari-6-203x135.jpg 203w\" >\r\n        <\/a><\/div><\/span>\r\n            <\/div>\r\n\r\n            [\/slb_exclude]\r\n\t\n<p>A szemeszter sz\u00f3beli kollokviummal z\u00e1rul.<\/p>\n<p><strong>SZAKMAI PROFILUNK:<\/strong><\/p>\n<ul>\n<li>Fog\u00e1szati \u00e1ltal\u00e1nos propedeutika tant\u00e1rgy elm\u00e9leti \u00e9s gyakorlati oktat\u00e1sa<\/li>\n<li>Konzerv\u00e1l\u00f3 fog\u00e1szati propedeutika, odontotechnol\u00f3gia \u00e9s fogp\u00f3tl\u00e1stani propedeutika t\u00e1rgyak gyakorlati oktat\u00e1sa<\/li>\n<li>Sz\u00e1jsz\u00e1razs\u00e1g vizsg\u00e1lata, kezel\u00e9se \u00e9s kutat\u00e1sa<\/li>\n<li>Fog\u00e1szati mint\u00e1k 3D nyomtat\u00e1ssal t\u00f6rt\u00e9n\u0151 el\u0151\u00e1ll\u00edt\u00e1s\u00e1nak kutat\u00e1sa<\/li>\n<li>K\u00f6rnyezetv\u00e9delem \u00e9s a fog\u00e1szati fenntarthat\u00f3s\u00e1g oktat\u00e1sa \u00e9s kutat\u00e1sa<\/li>\n<\/ul>\n<p><iframe loading=\"lazy\" id=\"kaltura_player\" src=\"https:\/\/cdnapisec.kaltura.com\/p\/2714041\/sp\/271404100\/embedIframeJs\/uiconf_id\/45220391\/partner_id\/2714041?iframeembed=true&amp;playerId=kaltura_player&amp;entry_id=1_eu0dmxmy&amp;flashvars[streamerType]=auto&amp;flashvars[localizationCode]=hu_HU&amp;flashvars[leadWithHTML5]=true&amp;flashvars[sideBarContainer.plugin]=true&amp;flashvars[sideBarContainer.position]=left&amp;flashvars[sideBarContainer.clickToClose]=true&amp;flashvars[chapters.plugin]=true&amp;flashvars[chapters.layout]=vertical&amp;flashvars[chapters.thumbnailRotator]=false&amp;flashvars[streamSelector.plugin]=true&amp;flashvars[EmbedPlayer.SpinnerTarget]=videoHolder&amp;flashvars[dualScreen.plugin]=true&amp;flashvars[hotspots.plugin]=1&amp;flashvars[Kaltura.addCrossoriginToIframe]=true&amp;&amp;wid=1_sluplisa\" width=\"100%\" height=\"500\"><\/iframe><\/p>\n<p>&nbsp;<\/p>\n","protected":false},"excerpt":{"rendered":"<p>A Semmelweis Egyetem Propedeutika Tansz\u00e9ke  a Fogorvostudom\u00e1nyi Kar Oktat\u00e1si Centrum\u00e1ban m\u0171k\u00f6dik. A tansz\u00e9k feladata, hogy a hallgat\u00f3k fantomfejeken, szimul\u00e1ci\u00f3 seg\u00edts\u00e9g\u00e9vel gyakorolj\u00e1k be a Konzerv\u00e1l\u00f3 fog\u00e1szat, a Fogp\u00f3tl\u00e1stan, a Parodontol\u00f3gia, a Fogszab\u00e1lyoz\u00e1s \u00e9s a Sz\u00e1jseb\u00e9szet legfontosabb klinikai l\u00e9p\u00e9seit, amelyet azut\u00e1n a klinikai gyakorlatban is alkalmaznak. A tansz\u00e9k munkat\u00e1rsai megtan\u00edtj\u00e1k a hallgat\u00f3kat az egyes minim\u00e1linvaz\u00edv \u00e9s mikroinvaz\u00edv technik\u00e1kra, valamint rendel\u0151i gyakorlat keret\u00e9ben az infekci\u00f3kontroll alapvet\u0151 szab\u00e1lyaira is. A szemeszter kollokviummal z\u00e1rul.<\/p>\n","protected":false},"author":12,"featured_media":1296,"parent":0,"menu_order":0,"comment_status":"closed","ping_status":"closed","template":"","meta":{"_acf_changed":false,"footnotes":""},"categories":[],"tags":[],"class_list":["post-8","page","type-page","status-publish","has-post-thumbnail","hentry"],"acf":[],"_links":{"self":[{"href":"https:\/\/semmelweis.hu\/propedeutika\/wp-json\/wp\/v2\/pages\/8","targetHints":{"allow":["GET"]}}],"collection":[{"href":"https:\/\/semmelweis.hu\/propedeutika\/wp-json\/wp\/v2\/pages"}],"about":[{"href":"https:\/\/semmelweis.hu\/propedeutika\/wp-json\/wp\/v2\/types\/page"}],"author":[{"embeddable":true,"href":"https:\/\/semmelweis.hu\/propedeutika\/wp-json\/wp\/v2\/users\/12"}],"replies":[{"embeddable":true,"href":"https:\/\/semmelweis.hu\/propedeutika\/wp-json\/wp\/v2\/comments?post=8"}],"version-history":[{"count":11,"href":"https:\/\/semmelweis.hu\/propedeutika\/wp-json\/wp\/v2\/pages\/8\/revisions"}],"predecessor-version":[{"id":2593,"href":"https:\/\/semmelweis.hu\/propedeutika\/wp-json\/wp\/v2\/pages\/8\/revisions\/2593"}],"wp:featuredmedia":[{"embeddable":true,"href":"https:\/\/semmelweis.hu\/propedeutika\/wp-json\/wp\/v2\/media\/1296"}],"wp:attachment":[{"href":"https:\/\/semmelweis.hu\/propedeutika\/wp-json\/wp\/v2\/media?parent=8"}],"wp:term":[{"taxonomy":"category","embeddable":true,"href":"https:\/\/semmelweis.hu\/propedeutika\/wp-json\/wp\/v2\/categories?post=8"},{"taxonomy":"post_tag","embeddable":true,"href":"https:\/\/semmelweis.hu\/propedeutika\/wp-json\/wp\/v2\/tags?post=8"}],"curies":[{"name":"wp","href":"https:\/\/api.w.org\/{rel}","templated":true}]}}