{"id":633,"date":"2020-04-19T21:20:17","date_gmt":"2020-04-19T19:20:17","guid":{"rendered":"http:\/\/semmelweis.hu\/propedeutika\/?page_id=633"},"modified":"2026-04-14T09:17:19","modified_gmt":"2026-04-14T07:17:19","slug":"eloadasok","status":"publish","type":"page","link":"https:\/\/semmelweis.hu\/propedeutika\/oktatas\/fogaszati-altalanos-propedeutika\/eloadasok\/","title":{"rendered":"El\u0151ad\u00e1sok"},"content":{"rendered":"<p><span style=\"font-size: 14pt\"><strong>Fog\u00e1szati \u00c1ltal\u00e1nos Propedeutika el\u0151ad\u00e1sok 2024\/2025-\u00f6s tan\u00e9v II. f\u00e9l\u00e9v:<\/strong>\u00a0<\/span><\/p>\n<ul>\n<li><span style=\"font-size: 14pt\"><strong>Hely: OC \u00c1rk\u00f6vy terem (1088 Budapest, Szentkir\u00e1lyi utca 47.) <\/strong><\/span><\/li>\n<li><span style=\"font-size: 14pt\"><strong>Id\u0151pont: kedd 9:15-10:00<\/strong><\/span><\/li>\n<li><span style=\"font-size: 14pt\"><a href=\"https:\/\/itc.semmelweis.hu\/moodle\/login\/index.php\"><strong>Moodle<\/strong><\/a><\/span><\/li>\n<\/ul>\n<p><span style=\"font-size: 14pt\"><strong>El\u0151ad\u00e1s tematika:<\/strong>\u00a0<\/span><\/p>\n<ul>\n<li><span style=\"font-size: 14pt\">02.17. <a href=\"https:\/\/semmelweis.hu\/propedeutika\/files\/2026\/02\/A-fogaszati-rendelo-berendezese-elrendezese-a-fogaszatban-hasznalt-muszerek.pdf\">A fog\u00e1szati rendel\u0151 berendez\u00e9se, elrendez\u00e9se, a fog\u00e1szatban haszn\u00e1lt m\u0171szerek<\/a>\u00a0(Dr. D\u00e9zsi Anna)<\/span><\/li>\n<li><span style=\"font-size: 14pt\">02.24. <a href=\"https:\/\/semmelweis.hu\/propedeutika\/files\/2026\/02\/Fogaszati-alapbetegsegek.pdf\">Fog\u00e1szati alapbetegs\u00e9gek<\/a>\u00a0(Pr<\/span><span style=\"font-size: 14pt\">of. Dr. M\u00e1rton Krisztina)<\/span><\/li>\n<li>03.03. <a href=\"https:\/\/semmelweis.hu\/propedeutika\/files\/2026\/03\/Magyarorszag-fogaszati-nepegeszsegugyi-mutatoi.pdf\">Magyarorsz\u00e1g fog\u00e1szati n\u00e9peg\u00e9szs\u00e9g\u00fcgyi mutat\u00f3i<\/a>\u00a0(Prof. Dr. M\u00e1rton Krisztina)<\/li>\n<li><span style=\"font-size: 14pt\">03.10. <a href=\"https:\/\/semmelweis.hu\/propedeutika\/files\/2026\/03\/A-fogorvostudomany-helye-az-elettudomanyok-vilagaban.-A-fogorvosi-tudomanyagak-szerepe-a-gyogyitasban-a-fogorvosi-team.-Fenntarthato-fogaszat.-Kornyezetvedelem-a-fogaszatban.pdf\">A fogorvostudom\u00e1ny helye az \u00e9lettudom\u00e1nyok vil\u00e1g\u00e1ban. A fogorvosi tudom\u00e1ny\u00e1gak szerepe a gy\u00f3gy\u00edt\u00e1sban, a fogorvosi team. Fenntarthat\u00f3 fog\u00e1szat. K\u00f6rnyezetv\u00e9delem a fog\u00e1szatban<\/a> (Dr. Demeter Tam\u00e1s)\u00a0<\/span><\/li>\n<li><span style=\"font-size: 14pt\">03.17. <a href=\"https:\/\/semmelweis.hu\/propedeutika\/files\/2026\/03\/Minimalinvaziv-fogaszat-mikroinvaziv-fogaszat.-Digitalis-fogaszat.pdf\">Minim\u00e1linvaz\u00edv fog\u00e1szat, mikroinvaz\u00edv fog\u00e1szat. Digit\u00e1lis fog\u00e1szat<\/a>\u00a0(Dr. Demeter Tam\u00e1s)\u00a0<\/span><\/li>\n<li><span style=\"font-size: 14pt\">03.24. <a href=\"https:\/\/semmelweis.hu\/propedeutika\/files\/2026\/03\/Preparacios-technikak-a-fogaszatban.-Konzervalo-fogaszat-endodontia.pdf\">Prepar\u00e1ci\u00f3s technik\u00e1k a fog\u00e1szatban. Konzerv\u00e1l\u00f3 fog\u00e1szat, endodontia<\/a> (Dr. Jelencsics D\u00e1vid)<\/span><\/li>\n<li><span style=\"font-size: 14pt\">03.31. <a href=\"https:\/\/semmelweis.hu\/propedeutika\/files\/2026\/03\/Operativ-technikak-a-fogaszatban.-Fogpotlastan-2.-Csonkelokeszites-szabalyai.pdf\">Operat\u00edv technik\u00e1k a fog\u00e1szatban. Fogp\u00f3tl\u00e1stan 2. Csonkel\u0151k\u00e9sz\u00edt\u00e9s szab\u00e1lyai<\/a> (Dr. D\u00e9zsi Anna J\u00falia)<\/span><\/li>\n<li><span style=\"font-size: 14pt\">04.07. <a href=\"https:\/\/semmelweis.hu\/propedeutika\/files\/2026\/04\/Operativ-technikak-a-fogaszatban.-Fogpotlastan-1.-Foghianyok-kovetkezmenyei.pdf\">Operat\u00edv technik\u00e1k a fog\u00e1szatban. Fogp\u00f3tl\u00e1stan 1. Foghi\u00e1nyok k\u00f6vetkezm\u00e9nyei<\/a>\u00a0(Prof. Dr. M\u00e1rton Krisztina)<\/span><\/li>\n<li><span style=\"font-size: 14pt\">04.14. <a href=\"https:\/\/semmelweis.hu\/propedeutika\/files\/2026\/04\/A-fogak-makroszkopos-anatomiaja-a-fogaszatban-hasznalatos-sikok-iranyok-es-azok-nevezektana.pdf\">A fogak makroszk\u00f3pos anat\u00f3mi\u00e1ja, a fog\u00e1szatban haszn\u00e1latos s\u00edkok, ir\u00e1nyok, \u00e9s azok nevez\u00e9ktana<\/a> (Prof. Dr. Sz\u00e9kely Melinda)<\/span><\/li>\n<li><span style=\"font-size: 14pt\">04.21.Kontamin\u00e1ci\u00f3 Infekci\u00f3kontroll. A fogorvosi kezel\u0151szem\u00e9lyzet elhelyezked\u00e9se, folyad\u00e9kkontroll, n\u00e9gykezes-kezel\u00e9s (Prof. Dr. M\u00e1rton Krisztina)<\/span><\/li>\n<li><span style=\"font-size: 14pt\">04.28. Fert\u0151tlen\u00edt\u00e9s, steriliz\u00e1l\u00e1s a fog\u00e1s\/zatban (Prof. Dr. M\u00e1rton Krisztina)<\/span><\/li>\n<li><span style=\"font-size: 14pt\">05.05. Operat\u00edv technik\u00e1k a fog\u00e1szatban. Parodontol\u00f3gia (Dr. Palkovics D\u00e1niel)<\/span><\/li>\n<li><span style=\"font-size: 14pt\">05.12. Operat\u00edv technik\u00e1k a fog\u00e1szatban. Sz\u00e1jseb\u00e9szet (Dr. Kiss Dorottya)<\/span><\/li>\n<li><span style=\"font-size: 14pt\">05.19. Operat\u00edv technik\u00e1k a fog\u00e1szatban. Gyermekfog\u00e1szat, fogszab\u00e1lyoz\u00e1s.\u00a0Konzult\u00e1ci\u00f3 (Dr. Ka\u00e1n Mikl\u00f3s )<\/span><\/li>\n<\/ul>\n","protected":false},"excerpt":{"rendered":"<p>Fog\u00e1szati \u00c1ltal\u00e1nos Propedeutika el\u0151ad\u00e1sok 2024\/2025-\u00f6s tan\u00e9v II. f\u00e9l\u00e9v:\u00a0 Hely: OC \u00c1rk\u00f6vy terem (1088 Budapest, Szentkir\u00e1lyi utca 47.) Id\u0151pont: kedd 9:15-10:00 <a href=\"https:\/\/itc.semmelweis.hu\/moodle\/login\/index.php\">Moodle<\/a> El\u0151ad\u00e1s tematika:\u00a0 02.17. <a href=\"https:\/\/semmelweis.hu\/propedeutika\/files\/2026\/02\/A-fogaszati-rendelo-berendezese-elrendezese-a-fogaszatban-hasznalt-muszerek.pdf\">A fog\u00e1szati rendel\u0151 berendez\u00e9se, elrendez\u00e9se, a fog\u00e1szatban haszn\u00e1lt m\u0171szerek<\/a> \u00a0(Dr. D\u00e9zsi Anna) 02.24. <a href=\"https:\/\/semmelweis.hu\/propedeutika\/files\/2026\/02\/Fogaszati-alapbetegsegek.pdf\">Fog\u00e1szati alapbetegs\u00e9gek<\/a> \u00a0(Prof. Dr. M\u00e1rton Krisztina) 03.03. <a href=\"https:\/\/semmelweis.hu\/propedeutika\/files\/2026\/03\/Magyarorszag-fogaszati-nepegeszsegugyi-mutatoi.pdf\">Magyarorsz\u00e1g fog\u00e1szati n\u00e9peg\u00e9szs\u00e9g\u00fcgyi mutat\u00f3i<\/a> \u00a0(Prof. Dr. M\u00e1rton Krisztina) 03.10. <a href=\"https:\/\/semmelweis.hu\/propedeutika\/files\/2026\/03\/A-fogorvostudomany-helye-az-elettudomanyok-vilagaban.-A-fogorvosi-tudomanyagak-szerepe-a-gyogyitasban-a-fogorvosi-team.-Fenntarthato-fogaszat.-Kornyezetvedelem-a-fogaszatban.pdf\">A fogorvostudom\u00e1ny helye az \u00e9lettudom\u00e1nyok vil\u00e1g\u00e1ban. A fogorvosi tudom\u00e1ny\u00e1gak szerepe a gy\u00f3gy\u00edt\u00e1sban, a fogorvosi team. Fenntarthat\u00f3 fog\u00e1szat. K\u00f6rnyezetv\u00e9delem a fog\u00e1szatban<\/a> (Dr. Demeter Tam\u00e1s)\u00a0 03.17. <a href=\"https:\/\/semmelweis.hu\/propedeutika\/files\/2026\/03\/Minimalinvaziv-fogaszat-mikroinvaziv-fogaszat.-Digitalis-fogaszat.pdf\">Minim\u00e1linvaz\u00edv fog\u00e1szat, mikroinvaz\u00edv fog\u00e1szat. Digit\u00e1lis fog\u00e1szat<\/a> \u00a0(Dr. Demeter Tam\u00e1s)\u00a0 03.24. <a href=\"https:\/\/semmelweis.hu\/propedeutika\/files\/2026\/03\/Preparacios-technikak-a-fogaszatban.-Konzervalo-fogaszat-endodontia.pdf\">Prepar\u00e1ci\u00f3s technik\u00e1k a fog\u00e1szatban. Konzerv\u00e1l\u00f3 fog\u00e1szat, endodontia<\/a> (Dr. Jelencsics D\u00e1vid) 03.31. <a href=\"https:\/\/semmelweis.hu\/propedeutika\/files\/2026\/03\/Operativ-technikak-a-fogaszatban.-Fogpotlastan-2.-Csonkelokeszites-szabalyai.pdf\">Operat\u00edv technik\u00e1k a fog\u00e1szatban. Fogp\u00f3tl\u00e1stan 2. Csonkel\u0151k\u00e9sz\u00edt\u00e9s szab\u00e1lyai<\/a> (Dr. D\u00e9zsi Anna J\u00falia) 04.07. <a href=\"https:\/\/semmelweis.hu\/propedeutika\/files\/2026\/04\/Operativ-technikak-a-fogaszatban.-Fogpotlastan-1.-Foghianyok-kovetkezmenyei.pdf\">Operat\u00edv technik\u00e1k a fog\u00e1szatban. Fogp\u00f3tl\u00e1stan 1. Foghi\u00e1nyok k\u00f6vetkezm\u00e9nyei<\/a> \u00a0(Prof. &hellip;<\/p>\n","protected":false},"author":101964,"featured_media":0,"parent":1523,"menu_order":2,"comment_status":"closed","ping_status":"closed","template":"","meta":{"_acf_changed":false,"footnotes":""},"categories":[],"tags":[],"class_list":["post-633","page","type-page","status-publish","hentry"],"acf":[],"_links":{"self":[{"href":"https:\/\/semmelweis.hu\/propedeutika\/wp-json\/wp\/v2\/pages\/633","targetHints":{"allow":["GET"]}}],"collection":[{"href":"https:\/\/semmelweis.hu\/propedeutika\/wp-json\/wp\/v2\/pages"}],"about":[{"href":"https:\/\/semmelweis.hu\/propedeutika\/wp-json\/wp\/v2\/types\/page"}],"author":[{"embeddable":true,"href":"https:\/\/semmelweis.hu\/propedeutika\/wp-json\/wp\/v2\/users\/101964"}],"replies":[{"embeddable":true,"href":"https:\/\/semmelweis.hu\/propedeutika\/wp-json\/wp\/v2\/comments?post=633"}],"version-history":[{"count":12,"href":"https:\/\/semmelweis.hu\/propedeutika\/wp-json\/wp\/v2\/pages\/633\/revisions"}],"predecessor-version":[{"id":2697,"href":"https:\/\/semmelweis.hu\/propedeutika\/wp-json\/wp\/v2\/pages\/633\/revisions\/2697"}],"up":[{"embeddable":true,"href":"https:\/\/semmelweis.hu\/propedeutika\/wp-json\/wp\/v2\/pages\/1523"}],"wp:attachment":[{"href":"https:\/\/semmelweis.hu\/propedeutika\/wp-json\/wp\/v2\/media?parent=633"}],"wp:term":[{"taxonomy":"category","embeddable":true,"href":"https:\/\/semmelweis.hu\/propedeutika\/wp-json\/wp\/v2\/categories?post=633"},{"taxonomy":"post_tag","embeddable":true,"href":"https:\/\/semmelweis.hu\/propedeutika\/wp-json\/wp\/v2\/tags?post=633"}],"curies":[{"name":"wp","href":"https:\/\/api.w.org\/{rel}","templated":true}]}}