{"id":547,"date":"2019-06-21T09:06:14","date_gmt":"2019-06-21T07:06:14","guid":{"rendered":"http:\/\/semmelweis.hu\/propedeutika\/?page_id=547"},"modified":"2025-08-01T10:50:04","modified_gmt":"2025-08-01T08:50:04","slug":"kutatas","status":"publish","type":"page","link":"https:\/\/semmelweis.hu\/propedeutika\/kutatas\/","title":{"rendered":"Tudom\u00e1nyos munka a tansz\u00e9ken"},"content":{"rendered":"<h4><span style=\"font-size: 18pt\"><strong>Munkacsoportok \u00e9s kutat\u00e1si ter\u00fcletek:<\/strong><\/span><\/h4>\n<ul>\n<li><a href=\"https:\/\/semmelweis.hu\/propedeutika\/kutatas\/digitalis-propedeutikai-munkacsoport\/\">Digit\u00e1lis Propedeutikai Munkacsoport<\/a><\/li>\n<li><a href=\"https:\/\/semmelweis.hu\/propedeutika\/kutatas\/munkacsoport-a-kornyezettudatos-es-fenntarthato-fogaszatert-2\/\">Munkacsoport a K\u00f6rnyezettudatos \u00e9s Fenntarthat\u00f3 Fog\u00e1szat\u00e9rt<\/a><\/li>\n<li><a href=\"https:\/\/semmelweis.hu\/propedeutika\/kutatas\/szajszarazsag-klinikai-munkacsoport\/\">Sz\u00e1jsz\u00e1razs\u00e1g Klinikai Munkacsoport<\/a><\/li>\n<\/ul>\n<h4><span style=\"font-size: 18pt\"><strong>PhD t\u00e9m\u00e1k:\u00a0<\/strong><\/span><\/h4>\n<p><span style=\"font-size: 18pt\"><strong>R\u00e1cz K\u00e1roly Klinikai Orvostudom\u00e1nyi Doktori Iskola; Fogorvostudom\u00e1nyi Kutat\u00e1sok<\/strong><\/span><\/p>\n<ul style=\"list-style-type: square\">\n<li style=\"text-align: justify\"><strong><span style=\"font-size: 1rem\">Prof. Dr. M\u00e1rton Krisztina egyetemi tan\u00e1r: <\/span><\/strong>\u00daj \u00e9rt\u00e9k a fog\u00e1szati ell\u00e1t\u00e1sban. P\u00e1ciens k\u00f6zpont\u00fa, prevenci\u00f3-orient\u00e1lt fog\u00e1szati ell\u00e1t\u00e1s param\u00e9terei \u00e9s lehet\u0151s\u00e9gei Magyarorsz\u00e1gon k\u00f6z\u00f6s eur\u00f3pai egy\u00fcttm\u0171k\u00f6d\u00e9s \u00e9s elemz\u00e9s alapj\u00e1n \/ Added value for oral care. Parameters and possibilities of a patient centered prevention oriented oral health care system in Hungary according to a European collaboration and analysis\u00a0<\/li>\n<li style=\"text-align: justify\"><span style=\"font-size: 1rem\"><strong>Prof. Dr. M\u00e1rton Krisztina egyetemi tan\u00e1r:<\/strong> <\/span>A xerostomia, illetve k\u00eds\u00e9r\u0151 t\u00fcneteinek, valamint a kis- \u00e9s nagy ny\u00e1lmirigyek szekr\u00e9ci\u00f3j\u00e1nak vizsg\u00e1lata k\u00fcl\u00f6nb\u00f6z\u0151 betegs\u00e9gekben \u00e9s \u00e1llapotokban \/ Assessment of xerostomia with associated sicca symptoms and evaluation of the minor salivary gland flow rates in different conditions and diseases<\/li>\n<li style=\"text-align: justify\"><strong>Prof. Dr. M\u00e1rton Krisztina egyetemi tan\u00e1r:<\/strong> Fenntarthat\u00f3 fog\u00e1szat Eur\u00f3p\u00e1ban. A fog\u00e1szati ell\u00e1t\u00e1s finansz\u00edrozhat\u00f3s\u00e1g\u00e1nak k\u00e9rd\u00e9sei k\u00fcl\u00f6nb\u00f6z\u0151 adatb\u00e1zisok vizsg\u00e1lata \u00e9s nemzetk\u00f6zi modellek alapj\u00e1n \/ Sustainable Dentistry in Europe. Enhance oral helath care financing throuhg leveraging cutting-edge data analytics, experiment and quasi-experiments, systems dynamics modelling, and deliberative process<\/li>\n<li style=\"text-align: justify\"><strong>Prof. Dr. M\u00e1rton Krisztina egyetemi tan\u00e1r:<\/strong> Arcf\u00e1jdalom szindr\u00f3ma. Arcf\u00e1jdalmak el\u0151fordul\u00e1sa \u00e9s t\u00edpusai k\u00fcl\u00f6nb\u00f6z\u0151 betegs\u00e9gek \u00e9s \u00e1llapotok eset\u00e9n \/ Orofacial pain. Facial pain in different diseases and conditions\u00a0<\/li>\n<\/ul>\n<p style=\"text-align: justify\"><span style=\"font-size: 18pt\"><strong>PUBLIK\u00c1CI\u00d3K:\u00a0<\/strong><\/span><\/p>\n<ul style=\"list-style-type: square\">\n<li><a href=\"https:\/\/m2.mtmt.hu\/gui2\/?type=authors&amp;mode=browse&amp;sel=authors10012228\">Prof. Dr. M\u00e1rton Krisztina<\/a><\/li>\n<li><a href=\"https:\/\/m2.mtmt.hu\/gui2\/?type=authors&amp;mode=browse&amp;sel=authors10055225\">Dr. Demeter Tam\u00e1s<\/a><\/li>\n<li><a href=\"https:\/\/m2.mtmt.hu\/gui2\/?type=authors&amp;mode=browse&amp;sel=authors10047846\">Dr. D\u00e9zsi Anna J\u00falia<\/a><\/li>\n<li><a href=\"https:\/\/m2.mtmt.hu\/gui2\/?type=authors&amp;mode=browse&amp;sel=authors10073585\">Dr. Erdei Csilla\u00a0<\/a><\/li>\n<li><a href=\"https:\/\/m2.mtmt.hu\/gui2\/?type=authors&amp;mode=browse&amp;sel=authors10040347\">Dr. Jelencsics D\u00e1vid<\/a><\/li>\n<li><a href=\"https:\/\/m2.mtmt.hu\/gui2\/?type=authors&amp;mode=browse&amp;sel=authors10085149\">Dr. Kov\u00e1cs Szil\u00e1rd<\/a><\/li>\n<li><a href=\"https:\/\/m2.mtmt.hu\/gui2\/?type=authors&amp;mode=browse&amp;sel=authors10084087\">Dr. Vass Andrea Fanni<\/a><\/li>\n<li><a href=\"https:\/\/m2.mtmt.hu\/gui2\/?type=authors&amp;mode=browse&amp;sel=authors10089540\">Dr. Vincze Zs\u00f3fia \u00c9va\u00a0<\/a><\/li>\n<li><a href=\"https:\/\/m2.mtmt.hu\/gui2\/?type=authors&amp;mode=browse&amp;sel=authors10097275\">Dr. Heizer \u00c1gnes\u00a0<\/a><\/li>\n<\/ul>\n<p>A tansz\u00e9ken <a href=\"https:\/\/doktori.hu\/index.php?menuid=193&amp;lang=HU&amp;vid=23769\">Dr. Demeter Tam\u00e1s (2021)<\/a> \u00e9s <a href=\"https:\/\/doktori.hu\/index.php?menuid=193&amp;lang=HU&amp;vid=27312\">Dr. D\u00e9zsi Anna J\u00falia<\/a> (2023)\u00a0a R\u00e1cz K\u00e1roly Klinikai Orvostudom\u00e1nyok Doktori Iskol\u00e1ban PhD fokozatot szerzett.\u00a0<\/p>\n<p>Dr. D\u00e9zsi Anna J\u00falia doktori \u00e9rtekez\u00e9s\u00e9nek c\u00edme: &#8222;Sz\u00e1jsz\u00e1razs\u00e1gban szenved\u0151 betegek epidemiol\u00f3giai vizsg\u00e1lata \u00e9s a Sj\u00f6gren-szindr\u00f3ma el\u0151fordul\u00e1sa a k\u00f6z\u00e9p-magyarorsz\u00e1gi r\u00e9gi\u00f3ban&#8221;.\u00a0<\/p>\n<p>Dr. Demeter Tam\u00e1s doktori \u00e9rtekez\u00e9s\u00e9nek c\u00edme:&#8221;Oral fluid measurements in relation to different conditions: denture adhesives and smoking&#8221;<\/p>\n","protected":false},"excerpt":{"rendered":"<p>Munkacsoportok \u00e9s kutat\u00e1si ter\u00fcletek: <a href=\"https:\/\/semmelweis.hu\/propedeutika\/kutatas\/digitalis-propedeutikai-munkacsoport\/\">Digit\u00e1lis Propedeutikai Munkacsoport<\/a> <a href=\"https:\/\/semmelweis.hu\/propedeutika\/kutatas\/munkacsoport-a-kornyezettudatos-es-fenntarthato-fogaszatert-2\/\">Munkacsoport a K\u00f6rnyezettudatos \u00e9s Fenntarthat\u00f3 Fog\u00e1szat\u00e9rt<\/a> <a href=\"https:\/\/semmelweis.hu\/propedeutika\/kutatas\/szajszarazsag-klinikai-munkacsoport\/\">Sz\u00e1jsz\u00e1razs\u00e1g Klinikai Munkacsoport<\/a> PhD t\u00e9m\u00e1k:\u00a0 R\u00e1cz K\u00e1roly Klinikai Orvostudom\u00e1nyi Doktori Iskola; Fogorvostudom\u00e1nyi Kutat\u00e1sok Prof. Dr. M\u00e1rton Krisztina egyetemi tan\u00e1r: \u00daj \u00e9rt\u00e9k a fog\u00e1szati ell\u00e1t\u00e1sban. P\u00e1ciens k\u00f6zpont\u00fa, prevenci\u00f3-orient\u00e1lt fog\u00e1szati ell\u00e1t\u00e1s param\u00e9terei \u00e9s lehet\u0151s\u00e9gei Magyarorsz\u00e1gon k\u00f6z\u00f6s eur\u00f3pai egy\u00fcttm\u0171k\u00f6d\u00e9s \u00e9s elemz\u00e9s alapj\u00e1n \/ Added value for oral care. Parameters and possibilities of a patient centered prevention oriented &hellip;<\/p>\n","protected":false},"author":12,"featured_media":0,"parent":0,"menu_order":3,"comment_status":"closed","ping_status":"closed","template":"","meta":{"_acf_changed":false,"footnotes":""},"categories":[],"tags":[],"class_list":["post-547","page","type-page","status-publish","hentry"],"acf":[],"_links":{"self":[{"href":"https:\/\/semmelweis.hu\/propedeutika\/wp-json\/wp\/v2\/pages\/547","targetHints":{"allow":["GET"]}}],"collection":[{"href":"https:\/\/semmelweis.hu\/propedeutika\/wp-json\/wp\/v2\/pages"}],"about":[{"href":"https:\/\/semmelweis.hu\/propedeutika\/wp-json\/wp\/v2\/types\/page"}],"author":[{"embeddable":true,"href":"https:\/\/semmelweis.hu\/propedeutika\/wp-json\/wp\/v2\/users\/12"}],"replies":[{"embeddable":true,"href":"https:\/\/semmelweis.hu\/propedeutika\/wp-json\/wp\/v2\/comments?post=547"}],"version-history":[{"count":12,"href":"https:\/\/semmelweis.hu\/propedeutika\/wp-json\/wp\/v2\/pages\/547\/revisions"}],"predecessor-version":[{"id":2415,"href":"https:\/\/semmelweis.hu\/propedeutika\/wp-json\/wp\/v2\/pages\/547\/revisions\/2415"}],"wp:attachment":[{"href":"https:\/\/semmelweis.hu\/propedeutika\/wp-json\/wp\/v2\/media?parent=547"}],"wp:term":[{"taxonomy":"category","embeddable":true,"href":"https:\/\/semmelweis.hu\/propedeutika\/wp-json\/wp\/v2\/categories?post=547"},{"taxonomy":"post_tag","embeddable":true,"href":"https:\/\/semmelweis.hu\/propedeutika\/wp-json\/wp\/v2\/tags?post=547"}],"curies":[{"name":"wp","href":"https:\/\/api.w.org\/{rel}","templated":true}]}}