{"id":54,"date":"2012-11-26T12:24:22","date_gmt":"2012-11-26T11:24:22","guid":{"rendered":"http:\/\/semmelweis-egyetem.hu\/propedeutika\/?page_id=54"},"modified":"2019-06-21T10:03:16","modified_gmt":"2019-06-21T08:03:16","slug":"a-tanszek-munkatarsai","status":"publish","type":"page","link":"https:\/\/semmelweis.hu\/propedeutika\/a-tanszek-munkatarsai\/","title":{"rendered":"A tansz\u00e9k munkat\u00e1rsai"},"content":{"rendered":"\r\n<div id=\"telefonkonyv\">\r\n  <div class=\"tel-results col-12 px-0\">\r\n      <p class=\"desc mb-1\"><span>Ha hib\u00e1s, vagy hi\u00e1nyz\u00f3 adatot tal\u00e1l, k\u00e9rj\u00fck jelezze szervezeti egys\u00e9g\u00fcnk titk\u00e1rs\u00e1g\u00e1n.<\/span><\/p>\r\n      <p class=\"desc\"><em>A telefonk\u00f6nyvben tal\u00e1lhat\u00f3 adatok nem haszn\u00e1lhat\u00f3k fel az 1995. \u00e9vi CXIX. t\u00f6rv\u00e9ny szerinti kutat\u00e1s \u00e9s k\u00f6zvetlen \u00fczletszerz\u00e9s c\u00e9lj\u00e1ra.<\/em><\/p>\r\n                <div class=\"row mx-0 mt-3 mb-3 subunit-line text-uppercase font-weight-bold \r\n                    status-SZE\">\r\n                    <div class=\"col col-12 col-md-10 pl-2 pr-0\">\r\n                        <span>Propedeutikai Tansz\u00e9k<\/span>\r\n                    <\/div>\r\n                <\/div> \r\n          <div class=\"row mx-0 py-2 result-line emp-leader\">\r\n            <div class=\"col col-12 px-0 \"><div class=\"row mx-0 pr-2 result-line-content align-items-center\">\r\n                        <div class=\"col-12 col-md-6 px-0 \">\r\n                            <a class=\"emp-name\" href=\"https:\/\/semmelweis.hu\/telefonkonyv?emp_id=9840\">Prof. Dr. M\u00e1rton Krisztina habil. PhD<\/a>\r\n                            <br \/><span class=\"emp-phone\">egyetemi tan\u00e1r, tansz\u00e9kvezet\u0151<\/span><\/div>\r\n                        <div class=\"col-12 col-md-6 px-0\"><span class=\"emp-phone\"><i class=\"fa fa-phone\" aria-hidden=\"true\"><\/i>+36-1-459-14-72, 59322, 59112, 59356<\/span><span class=\"emp-email\"><i class=\"fa fa-envelope-o\" aria-hidden=\"true\"><\/i>marton.krisztina<i class=\"fa fa-at m-0 text-body\"><\/i>semmelweis.hu, fprop<i class=\"fa fa-at m-0 text-body\"><\/i>semmelweis.hu<\/span>\r\n                        <\/div>\r\n                    <\/div>\r\n                \r\n            <\/div>\r\n\r\n                <div class=\"col-12 col-md-6 px-0 d-none\"><span class=\"emp-phone\"><i class=\"fa fa-phone\" aria-hidden=\"true\"><\/i>+36-1-459-14-72, 59322, 59112, 59356<\/span><span class=\"emp-email\"><i class=\"fa fa-envelope-o\" aria-hidden=\"true\"><\/i>marton.krisztina<i class=\"fa fa-at m-0 text-body\"><\/i>semmelweis.hu, fprop<i class=\"fa fa-at m-0 text-body\"><\/i>semmelweis.hu<\/span>\r\n                <\/div>\r\n\r\n\r\n        <\/div>\r\n          <div class=\"row mx-0 py-2 result-line \">\r\n            <div class=\"col col-12 px-0 \"><div class=\"row mx-0 pr-2 result-line-content align-items-center\">\r\n                        <div class=\"col-12 col-md-6 px-0 \">\r\n                            <a class=\"emp-name\" href=\"https:\/\/semmelweis.hu\/telefonkonyv?emp_id=9844\">Dr. Demeter Tam\u00e1s PhD<\/a>\r\n                            <br \/><span class=\"emp-phone\">egyetemi adjunktus, tanulm\u00e1nyi felel\u0151s (n\u00e9met), TDK felel\u0151s<\/span><\/div>\r\n                        <div class=\"col-12 col-md-6 px-0\"><span class=\"emp-phone\"><i class=\"fa fa-phone\" aria-hidden=\"true\"><\/i>+36-1-459-15-00, 59111, 59356<\/span>\r\n                        <\/div>\r\n                    <\/div>\r\n                \r\n            <\/div>\r\n\r\n                <div class=\"col-12 col-md-6 px-0 d-none\"><span class=\"emp-phone\"><i class=\"fa fa-phone\" aria-hidden=\"true\"><\/i>+36-1-459-15-00, 59111, 59356<\/span>\r\n                <\/div>\r\n\r\n\r\n        <\/div>\r\n          <div class=\"row mx-0 py-2 result-line \">\r\n            <div class=\"col col-12 px-0 \"><div class=\"row mx-0 pr-2 result-line-content align-items-center\">\r\n                        <div class=\"col-12 col-md-6 px-0 \">\r\n                            <a class=\"emp-name\" href=\"https:\/\/semmelweis.hu\/telefonkonyv?emp_id=9841\">Dr. D\u00e9zsi Anna J\u00falia PhD<\/a>\r\n                            <br \/><span class=\"emp-phone\">egyetemi adjunktus, tanulm\u00e1nyi felel\u0151s (magyar, angol)<\/span><\/div>\r\n                        <div class=\"col-12 col-md-6 px-0\"><span class=\"emp-phone\"><i class=\"fa fa-phone\" aria-hidden=\"true\"><\/i>+36-1-459-15-00, 59116<\/span>\r\n                        <\/div>\r\n                    <\/div>\r\n                \r\n            <\/div>\r\n\r\n                <div class=\"col-12 col-md-6 px-0 d-none\"><span class=\"emp-phone\"><i class=\"fa fa-phone\" aria-hidden=\"true\"><\/i>+36-1-459-15-00, 59116<\/span>\r\n                <\/div>\r\n\r\n\r\n        <\/div>\r\n          <div class=\"row mx-0 py-2 result-line \">\r\n            <div class=\"col col-12 px-0 \"><div class=\"row mx-0 pr-2 result-line-content align-items-center\">\r\n                        <div class=\"col-12 col-md-6 px-0 \">\r\n                            <a class=\"emp-name\" href=\"https:\/\/semmelweis.hu\/telefonkonyv?emp_id=15076\">Dr. Erdei Csilla <\/a>\r\n                            <br \/><span class=\"emp-phone\">egyetemi tan\u00e1rseg\u00e9d, PhD hallgat\u00f3<\/span><\/div>\r\n                        <div class=\"col-12 col-md-6 px-0\"><span class=\"emp-phone\"><i class=\"fa fa-phone\" aria-hidden=\"true\"><\/i>+36-1-459-15-00, 59111<\/span><span class=\"emp-email\"><i class=\"fa fa-envelope-o\" aria-hidden=\"true\"><\/i>fprop<i class=\"fa fa-at m-0 text-body\"><\/i>semmelweis.hu<\/span>\r\n                        <\/div>\r\n                    <\/div>\r\n                \r\n            <\/div>\r\n\r\n                <div class=\"col-12 col-md-6 px-0 d-none\"><span class=\"emp-phone\"><i class=\"fa fa-phone\" aria-hidden=\"true\"><\/i>+36-1-459-15-00, 59111<\/span><span class=\"emp-email\"><i class=\"fa fa-envelope-o\" aria-hidden=\"true\"><\/i>fprop<i class=\"fa fa-at m-0 text-body\"><\/i>semmelweis.hu<\/span>\r\n                <\/div>\r\n\r\n\r\n        <\/div>\r\n          <div class=\"row mx-0 py-2 result-line \">\r\n            <div class=\"col col-12 px-0 \"><div class=\"row mx-0 pr-2 result-line-content align-items-center\">\r\n                        <div class=\"col-12 col-md-6 px-0 \">\r\n                            <a class=\"emp-name\" href=\"https:\/\/semmelweis.hu\/telefonkonyv?emp_id=9845\"> Gerg\u00e1cz Judit <\/a>\r\n                            <br \/><span class=\"emp-phone\">adminisztrat\u00edv koordin\u00e1tor<\/span><\/div>\r\n                        <div class=\"col-12 col-md-6 px-0\"><span class=\"emp-phone\"><i class=\"fa fa-phone\" aria-hidden=\"true\"><\/i>+36-1-459-14-72, 59112<\/span><span class=\"emp-email\"><i class=\"fa fa-envelope-o\" aria-hidden=\"true\"><\/i>fprop<i class=\"fa fa-at m-0 text-body\"><\/i>semmelweis.hu<\/span>\r\n                        <\/div>\r\n                    <\/div>\r\n                \r\n            <\/div>\r\n\r\n                <div class=\"col-12 col-md-6 px-0 d-none\"><span class=\"emp-phone\"><i class=\"fa fa-phone\" aria-hidden=\"true\"><\/i>+36-1-459-14-72, 59112<\/span><span class=\"emp-email\"><i class=\"fa fa-envelope-o\" aria-hidden=\"true\"><\/i>fprop<i class=\"fa fa-at m-0 text-body\"><\/i>semmelweis.hu<\/span>\r\n                <\/div>\r\n\r\n\r\n        <\/div>\r\n          <div class=\"row mx-0 py-2 result-line \">\r\n            <div class=\"col col-12 px-0 \"><div class=\"row mx-0 pr-2 result-line-content align-items-center\">\r\n                        <div class=\"col-12 col-md-6 px-0 \">\r\n                            <a class=\"emp-name\" href=\"https:\/\/semmelweis.hu\/telefonkonyv?emp_id=21878\">Dr. Heizer \u00c1gnes <\/a>\r\n                            <br \/><span class=\"emp-phone\">rezidens<\/span><\/div>\r\n                        <div class=\"col-12 col-md-6 px-0\"><span class=\"emp-phone\"><i class=\"fa fa-phone\" aria-hidden=\"true\"><\/i>+36-1-459-15-00, 59111<\/span>\r\n                        <\/div>\r\n                    <\/div>\r\n                \r\n            <\/div>\r\n\r\n                <div class=\"col-12 col-md-6 px-0 d-none\"><span class=\"emp-phone\"><i class=\"fa fa-phone\" aria-hidden=\"true\"><\/i>+36-1-459-15-00, 59111<\/span>\r\n                <\/div>\r\n\r\n\r\n        <\/div>\r\n          <div class=\"row mx-0 py-2 result-line \">\r\n            <div class=\"col col-12 px-0 \"><div class=\"row mx-0 pr-2 result-line-content align-items-center\">\r\n                        <div class=\"col-12 col-md-6 px-0 \">\r\n                            <a class=\"emp-name\" href=\"https:\/\/semmelweis.hu\/telefonkonyv?emp_id=20479\">Dr. Jelencsics D\u00e1vid <\/a>\r\n                            <br \/><span class=\"emp-phone\">klinikai szakorvos<\/span><\/div>\r\n                        <div class=\"col-12 col-md-6 px-0\"><span class=\"emp-phone\"><i class=\"fa fa-phone\" aria-hidden=\"true\"><\/i>+36-1-459-15-00, 59111, 59116<\/span><span class=\"emp-email\"><i class=\"fa fa-envelope-o\" aria-hidden=\"true\"><\/i>fprop<i class=\"fa fa-at m-0 text-body\"><\/i>semmelweis.hu<\/span>\r\n                        <\/div>\r\n                    <\/div>\r\n                \r\n            <\/div>\r\n\r\n                <div class=\"col-12 col-md-6 px-0 d-none\"><span class=\"emp-phone\"><i class=\"fa fa-phone\" aria-hidden=\"true\"><\/i>+36-1-459-15-00, 59111, 59116<\/span><span class=\"emp-email\"><i class=\"fa fa-envelope-o\" aria-hidden=\"true\"><\/i>fprop<i class=\"fa fa-at m-0 text-body\"><\/i>semmelweis.hu<\/span>\r\n                <\/div>\r\n\r\n\r\n        <\/div>\r\n          <div class=\"row mx-0 py-2 result-line \">\r\n            <div class=\"col col-12 px-0 \"><div class=\"row mx-0 pr-2 result-line-content align-items-center\">\r\n                        <div class=\"col-12 col-md-6 px-0 \">\r\n                            <a class=\"emp-name\" href=\"https:\/\/semmelweis.hu\/telefonkonyv?emp_id=19835\">Dr. Kov\u00e1cs Alexandra PhD hallgat\u00f3 <\/a>\r\n                            <br \/><span class=\"emp-phone\">klinikai szakorvos<\/span><\/div>\r\n                        <div class=\"col-12 col-md-6 px-0\"><span class=\"emp-phone\"><i class=\"fa fa-phone\" aria-hidden=\"true\"><\/i>+36-1-459-15-00, 59116, 59117<\/span>\r\n                        <\/div>\r\n                    <\/div>\r\n                \r\n            <\/div>\r\n\r\n                <div class=\"col-12 col-md-6 px-0 d-none\"><span class=\"emp-phone\"><i class=\"fa fa-phone\" aria-hidden=\"true\"><\/i>+36-1-459-15-00, 59116, 59117<\/span>\r\n                <\/div>\r\n\r\n\r\n        <\/div>\r\n          <div class=\"row mx-0 py-2 result-line \">\r\n            <div class=\"col col-12 px-0 \"><div class=\"row mx-0 pr-2 result-line-content align-items-center\">\r\n                        <div class=\"col-12 col-md-6 px-0 \">\r\n                            <a class=\"emp-name\" href=\"https:\/\/semmelweis.hu\/telefonkonyv?emp_id=25609\">Dr. Kov\u00e1cs Szil\u00e1rd D\u00e1vid <\/a>\r\n                            <br \/><span class=\"emp-phone\">klinikai szakorvos<\/span><\/div>\r\n                        <div class=\"col-12 col-md-6 px-0\"><span class=\"emp-phone\"><i class=\"fa fa-phone\" aria-hidden=\"true\"><\/i>+36-1-459-15-00, 59116<\/span>\r\n                        <\/div>\r\n                    <\/div>\r\n                \r\n            <\/div>\r\n\r\n                <div class=\"col-12 col-md-6 px-0 d-none\"><span class=\"emp-phone\"><i class=\"fa fa-phone\" aria-hidden=\"true\"><\/i>+36-1-459-15-00, 59116<\/span>\r\n                <\/div>\r\n\r\n\r\n        <\/div>\r\n          <div class=\"row mx-0 py-2 result-line \">\r\n            <div class=\"col col-12 px-0 \"><div class=\"row mx-0 pr-2 result-line-content align-items-center\">\r\n                        <div class=\"col-12 col-md-6 px-0 \">\r\n                            <a class=\"emp-name\" href=\"https:\/\/semmelweis.hu\/telefonkonyv?emp_id=22971\"> Petres Szilvia <\/a>\r\n                            <br \/><span class=\"emp-phone\">asszisztens<\/span><\/div>\r\n                        <div class=\"col-12 col-md-6 px-0\"><span class=\"emp-phone\"><i class=\"fa fa-phone\" aria-hidden=\"true\"><\/i>+36-1-459-15-00, 59117<\/span>\r\n                        <\/div>\r\n                    <\/div>\r\n                \r\n            <\/div>\r\n\r\n                <div class=\"col-12 col-md-6 px-0 d-none\"><span class=\"emp-phone\"><i class=\"fa fa-phone\" aria-hidden=\"true\"><\/i>+36-1-459-15-00, 59117<\/span>\r\n                <\/div>\r\n\r\n\r\n        <\/div>\r\n          <div class=\"row mx-0 py-2 result-line \">\r\n            <div class=\"col col-12 px-0 \"><div class=\"row mx-0 pr-2 result-line-content align-items-center\">\r\n                        <div class=\"col-12 col-md-6 px-0 \">\r\n                            <a class=\"emp-name\" href=\"https:\/\/semmelweis.hu\/telefonkonyv?emp_id=9848\"> Put\u00f3czki Zsuzsanna <\/a>\r\n                            <br \/><span class=\"emp-phone\">asszisztens<\/span><\/div>\r\n                        <div class=\"col-12 col-md-6 px-0\"><span class=\"emp-phone\"><i class=\"fa fa-phone\" aria-hidden=\"true\"><\/i>+36-1-459-15-00, 59117<\/span>\r\n                        <\/div>\r\n                    <\/div>\r\n                \r\n            <\/div>\r\n\r\n                <div class=\"col-12 col-md-6 px-0 d-none\"><span class=\"emp-phone\"><i class=\"fa fa-phone\" aria-hidden=\"true\"><\/i>+36-1-459-15-00, 59117<\/span>\r\n                <\/div>\r\n\r\n\r\n        <\/div>\r\n          <div class=\"row mx-0 py-2 result-line \">\r\n            <div class=\"col col-12 px-0 \"><div class=\"row mx-0 pr-2 result-line-content align-items-center\">\r\n                        <div class=\"col-12 col-md-6 px-0 \">\r\n                            <a class=\"emp-name\" href=\"https:\/\/semmelweis.hu\/telefonkonyv?emp_id=25401\"> V\u00e1rszegi-Kiss Kitti <\/a>\r\n                            <br \/><span class=\"emp-phone\">szakasszisztens<\/span><\/div>\r\n                        <div class=\"col-12 col-md-6 px-0\"><span class=\"emp-phone\"><i class=\"fa fa-phone\" aria-hidden=\"true\"><\/i>+36-1-459-15-00, 59117<\/span>\r\n                        <\/div>\r\n                    <\/div>\r\n                \r\n            <\/div>\r\n\r\n                <div class=\"col-12 col-md-6 px-0 d-none\"><span class=\"emp-phone\"><i class=\"fa fa-phone\" aria-hidden=\"true\"><\/i>+36-1-459-15-00, 59117<\/span>\r\n                <\/div>\r\n\r\n\r\n        <\/div>\r\n          <div class=\"row mx-0 py-2 result-line \">\r\n            <div class=\"col col-12 px-0 \"><div class=\"row mx-0 pr-2 result-line-content align-items-center\">\r\n                        <div class=\"col-12 col-md-6 px-0 \">\r\n                            <a class=\"emp-name\" href=\"https:\/\/semmelweis.hu\/telefonkonyv?emp_id=17130\">Dr. Vass Andrea Fanni <\/a>\r\n                            <br \/><span class=\"emp-phone\">klinikai szakorvos, PhD hallgat\u00f3<\/span><\/div>\r\n                        <div class=\"col-12 col-md-6 px-0\"><span class=\"emp-phone\"><i class=\"fa fa-phone\" aria-hidden=\"true\"><\/i>+36-1- 459-15-00, 59116<\/span>\r\n                        <\/div>\r\n                    <\/div>\r\n                \r\n            <\/div>\r\n\r\n                <div class=\"col-12 col-md-6 px-0 d-none\"><span class=\"emp-phone\"><i class=\"fa fa-phone\" aria-hidden=\"true\"><\/i>+36-1- 459-15-00, 59116<\/span>\r\n                <\/div>\r\n\r\n\r\n        <\/div>\r\n          <div class=\"row mx-0 py-2 result-line \">\r\n            <div class=\"col col-12 px-0 \"><div class=\"row mx-0 pr-2 result-line-content align-items-center\">\r\n                        <div class=\"col-12 col-md-6 px-0 \">\r\n                            <a class=\"emp-name\" href=\"https:\/\/semmelweis.hu\/telefonkonyv?emp_id=14524\">Dr. Vincze Zs\u00f3fia \u00c9va <\/a>\r\n                            <br \/><span class=\"emp-phone\">klinikai szakorvos<\/span><\/div>\r\n                        <div class=\"col-12 col-md-6 px-0\"><span class=\"emp-phone\"><i class=\"fa fa-phone\" aria-hidden=\"true\"><\/i>+36-1-459-15-00, 59116<\/span>\r\n                        <\/div>\r\n                    <\/div>\r\n                \r\n            <\/div>\r\n\r\n                <div class=\"col-12 col-md-6 px-0 d-none\"><span class=\"emp-phone\"><i class=\"fa fa-phone\" aria-hidden=\"true\"><\/i>+36-1-459-15-00, 59116<\/span>\r\n                <\/div>\r\n\r\n\r\n        <\/div>\r\n          <div class=\"row mx-0 py-2 result-line \">\r\n            <div class=\"col col-12 px-0 \"><div class=\"row mx-0 pr-2 result-line-content align-items-center\">\r\n                        <div class=\"col-12 col-md-6 px-0 \">\r\n                            <a class=\"emp-name\" href=\"https:\/\/semmelweis.hu\/telefonkonyv?emp_id=9847\"> Zelles Magdolna <\/a>\r\n                            <br \/><span class=\"emp-phone\">oktat\u00f3 fogtechnikus<\/span><\/div>\r\n                        <div class=\"col-12 col-md-6 px-0\"><span class=\"emp-phone\"><i class=\"fa fa-phone\" aria-hidden=\"true\"><\/i>+36-1-459-15-00, 59107, 59032<\/span>\r\n                        <\/div>\r\n                    <\/div>\r\n                \r\n            <\/div>\r\n\r\n                <div class=\"col-12 col-md-6 px-0 d-none\"><span class=\"emp-phone\"><i class=\"fa fa-phone\" aria-hidden=\"true\"><\/i>+36-1-459-15-00, 59107, 59032<\/span>\r\n                <\/div>\r\n\r\n\r\n        <\/div><\/div><\/div>\n","protected":false},"excerpt":{"rendered":"","protected":false},"author":141,"featured_media":0,"parent":0,"menu_order":4,"comment_status":"open","ping_status":"closed","template":"","meta":{"_acf_changed":false,"footnotes":""},"categories":[],"tags":[],"class_list":["post-54","page","type-page","status-publish","hentry"],"acf":[],"_links":{"self":[{"href":"https:\/\/semmelweis.hu\/propedeutika\/wp-json\/wp\/v2\/pages\/54","targetHints":{"allow":["GET"]}}],"collection":[{"href":"https:\/\/semmelweis.hu\/propedeutika\/wp-json\/wp\/v2\/pages"}],"about":[{"href":"https:\/\/semmelweis.hu\/propedeutika\/wp-json\/wp\/v2\/types\/page"}],"author":[{"embeddable":true,"href":"https:\/\/semmelweis.hu\/propedeutika\/wp-json\/wp\/v2\/users\/141"}],"replies":[{"embeddable":true,"href":"https:\/\/semmelweis.hu\/propedeutika\/wp-json\/wp\/v2\/comments?post=54"}],"version-history":[{"count":4,"href":"https:\/\/semmelweis.hu\/propedeutika\/wp-json\/wp\/v2\/pages\/54\/revisions"}],"predecessor-version":[{"id":564,"href":"https:\/\/semmelweis.hu\/propedeutika\/wp-json\/wp\/v2\/pages\/54\/revisions\/564"}],"wp:attachment":[{"href":"https:\/\/semmelweis.hu\/propedeutika\/wp-json\/wp\/v2\/media?parent=54"}],"wp:term":[{"taxonomy":"category","embeddable":true,"href":"https:\/\/semmelweis.hu\/propedeutika\/wp-json\/wp\/v2\/categories?post=54"},{"taxonomy":"post_tag","embeddable":true,"href":"https:\/\/semmelweis.hu\/propedeutika\/wp-json\/wp\/v2\/tags?post=54"}],"curies":[{"name":"wp","href":"https:\/\/api.w.org\/{rel}","templated":true}]}}