{"id":399,"date":"2015-01-05T08:51:08","date_gmt":"2015-01-05T07:51:08","guid":{"rendered":"http:\/\/semmelweis.hu\/propedeutika\/?page_id=399"},"modified":"2025-08-29T08:08:02","modified_gmt":"2025-08-29T06:08:02","slug":"kovetelmeny","status":"publish","type":"page","link":"https:\/\/semmelweis.hu\/propedeutika\/oktatas\/fogaszati-altalanos-propedeutika\/kovetelmeny\/","title":{"rendered":"A tant\u00e1rgy k\u00f6vetelm\u00e9nyei"},"content":{"rendered":"<p><span style=\"font-size: 14pt\"><strong>2023-2024-es tan\u00e9v II. f\u00e9l\u00e9v:\u00a0<\/strong><\/span><\/p>\n<ul>\n<li><span style=\"font-size: 14pt\"><a href=\"https:\/\/semmelweis.hu\/propedeutika\/files\/2024\/02\/Hallgatoi-hazirend.pdf\">Hallgat\u00f3i h\u00e1zirend<\/a><\/span><\/li>\n<li><span style=\"font-size: 14pt\"><a href=\"https:\/\/semmelweis.hu\/propedeutika\/files\/2024\/02\/Hallgatokra-vonatkozo-tuz-es-munkavedelmi-eloirasok.pdf\">Hallgat\u00f3kra vonatkoz\u00f3 t\u0171z- \u00e9s munkav\u00e9delmi el\u0151\u00edr\u00e1sok<\/a><\/span><\/li>\n<\/ul>\n<p><span style=\"font-size: 14pt\"><strong>2024-2025-\u00f6s tan\u00e9v II. f\u00e9l\u00e9v:\u00a0<\/strong><\/span><\/p>\n<ul>\n<li><span style=\"font-size: 14pt\"><a href=\"https:\/\/semmelweis.hu\/propedeutika\/files\/2025\/02\/Az-OC-epulet-uj-foldszinti-Skill-tanlaborjara-vonatkozo-hallgatoi-hazirend.pdf\">Az OC \u00e9p\u00fclet \u00faj f\u00f6ldszinti Skill tanlaborj\u00e1ra vonatkoz\u00f3 hallgat\u00f3i h\u00e1zirend<\/a><\/span><\/li>\n<li><span style=\"font-size: 14pt\"><a href=\"https:\/\/semmelweis.hu\/propedeutika\/files\/2025\/02\/Az-OC-epulet-uj-foldszinti-Skill-tanlaborjaban-a-hallgatokra-vonatkozo-tuz-es-munkavedelmi-eloirasok.pdf\">Az OC \u00e9p\u00fclet \u00faj f\u00f6ldszinti Skill tanlaborj\u00e1ban a hallgat\u00f3kra vonatkoz\u00f3 t\u0171z-\u00e9s munkav\u00e9delmi el\u0151\u00edr\u00e1sok<\/a><\/span><\/li>\n<\/ul>\n<p><span style=\"font-size: 14pt\">Tanulm\u00e1nyi felel\u0151s: Dr. D\u00e9zsi Anna J\u00falia, <a href=\"https:\/\/semmelweis.hu\/propedeutika\/elerhetoseg\/\">el\u00e9rhet\u0151s\u00e9g<\/a><\/span><\/p>\n<p>&nbsp;<\/p>\n<p>&nbsp;<\/p>\n<p>&nbsp;<\/p>\n<p>&nbsp;<\/p>\n","protected":false},"excerpt":{"rendered":"<p>2023-2024-es tan\u00e9v II. f\u00e9l\u00e9v:\u00a0<\/p>\n<p><a href=\"https:\/\/semmelweis.hu\/propedeutika\/files\/2024\/02\/Hallgatoi-hazirend.pdf\">Hallgat\u00f3i h\u00e1zirend<\/a><br \/>\n<a href=\"https:\/\/semmelweis.hu\/propedeutika\/files\/2024\/02\/Hallgatokra-vonatkozo-tuz-es-munkavedelmi-eloirasok.pdf\">Hallgat\u00f3kra vonatkoz\u00f3 t\u0171z- \u00e9s munkav\u00e9delmi el\u0151\u00edr\u00e1sok<\/a><\/p>\n<p>2024-2025-\u00f6s tan\u00e9v II. f\u00e9l\u00e9v:\u00a0<\/p>\n<p><a href=\"https:\/\/semmelweis.hu\/propedeutika\/files\/2025\/02\/Az-OC-epulet-uj-foldszinti-Skill-tanlaborjara-vonatkozo-hallgatoi-hazirend.pdf\">Az OC \u00e9p\u00fclet \u00faj f\u00f6ldszinti Skill tanlaborj\u00e1ra vonatkoz\u00f3 hallgat\u00f3i h\u00e1zirend<\/a><br \/>\n<a href=\"https:\/\/semmelweis.hu\/propedeutika\/files\/2025\/02\/Az-OC-epulet-uj-foldszinti-Skill-tanlaborjaban-a-hallgatokra-vonatkozo-tuz-es-munkavedelmi-eloirasok.pdf\">Az OC \u00e9p\u00fclet \u00faj f\u00f6ldszinti Skill tanlaborj\u00e1ban a hallgat\u00f3kra vonatkoz\u00f3 t\u0171z-\u00e9s munkav\u00e9delmi el\u0151\u00edr\u00e1sok<\/a><\/p>\n<p>Tanulm\u00e1nyi felel\u0151s: Dr. D\u00e9zsi Anna J\u00falia, <a href=\"https:\/\/semmelweis.hu\/propedeutika\/elerhetoseg\/\">el\u00e9rhet\u0151s\u00e9g<\/a><br \/>\n&nbsp;<br \/>\n&nbsp;<br \/>\n&nbsp;<br \/>\n&nbsp;<\/p>\n","protected":false},"author":141,"featured_media":0,"parent":1523,"menu_order":1,"comment_status":"closed","ping_status":"closed","template":"","meta":{"_acf_changed":false,"footnotes":""},"categories":[],"tags":[],"class_list":["post-399","page","type-page","status-publish","hentry"],"acf":[],"_links":{"self":[{"href":"https:\/\/semmelweis.hu\/propedeutika\/wp-json\/wp\/v2\/pages\/399","targetHints":{"allow":["GET"]}}],"collection":[{"href":"https:\/\/semmelweis.hu\/propedeutika\/wp-json\/wp\/v2\/pages"}],"about":[{"href":"https:\/\/semmelweis.hu\/propedeutika\/wp-json\/wp\/v2\/types\/page"}],"author":[{"embeddable":true,"href":"https:\/\/semmelweis.hu\/propedeutika\/wp-json\/wp\/v2\/users\/141"}],"replies":[{"embeddable":true,"href":"https:\/\/semmelweis.hu\/propedeutika\/wp-json\/wp\/v2\/comments?post=399"}],"version-history":[{"count":12,"href":"https:\/\/semmelweis.hu\/propedeutika\/wp-json\/wp\/v2\/pages\/399\/revisions"}],"predecessor-version":[{"id":2425,"href":"https:\/\/semmelweis.hu\/propedeutika\/wp-json\/wp\/v2\/pages\/399\/revisions\/2425"}],"up":[{"embeddable":true,"href":"https:\/\/semmelweis.hu\/propedeutika\/wp-json\/wp\/v2\/pages\/1523"}],"wp:attachment":[{"href":"https:\/\/semmelweis.hu\/propedeutika\/wp-json\/wp\/v2\/media?parent=399"}],"wp:term":[{"taxonomy":"category","embeddable":true,"href":"https:\/\/semmelweis.hu\/propedeutika\/wp-json\/wp\/v2\/categories?post=399"},{"taxonomy":"post_tag","embeddable":true,"href":"https:\/\/semmelweis.hu\/propedeutika\/wp-json\/wp\/v2\/tags?post=399"}],"curies":[{"name":"wp","href":"https:\/\/api.w.org\/{rel}","templated":true}]}}