{"id":2487,"date":"2025-09-08T15:54:55","date_gmt":"2025-09-08T13:54:55","guid":{"rendered":"https:\/\/semmelweis.hu\/propedeutika\/?page_id=2487"},"modified":"2025-10-08T19:22:44","modified_gmt":"2025-10-08T17:22:44","slug":"fooc-47-tanlabor","status":"publish","type":"page","link":"https:\/\/semmelweis.hu\/propedeutika\/fooc-47-tanlabor\/","title":{"rendered":"FOOC-47 tanlabor"},"content":{"rendered":"<p class=\"paragraph\" style=\"margin: 0cm 0cm 0.0001pt;line-height: 150%;vertical-align: baseline;text-align: justify\"><span class=\"normaltextrun\">A 2024-ben elk\u00e9sz\u00fclt oktat\u00f3laborunk az Oktat\u00e1si Centrum f\u00f6ldszintj\u00e9n kapott helyet, a Kar k\u00f6nyvt\u00e1r\u00e1nak egykori ter\u00fclet\u00e9n. Az \u00faj l\u00e9tes\u00edtm\u00e9ny 64 hallgat\u00f3 befogad\u00e1s\u00e1ra alkalmas, \u00e9s tansz\u00e9k\u00fcnk k\u00f6zrem\u0171k\u00f6d\u00e9s\u00e9vel az Odontotechnol\u00f3gia \u00e9s Fogp\u00f3tl\u00e1stani Propedeutika, valamint a Fog\u00e1szati \u00c1ltal\u00e1nos Propedeutika tant\u00e1rgyak oktat\u00e1s\u00e1nak ad helyet. A hallgat\u00f3i munka\u00e1llom\u00e1sok fogorvosi sz\u00e9kkel, fantomp\u00e1cienssel, komplex fogorvosi m\u0171szerparkkal \u00e9s fogtechnikai m\u0171szerparkkal felszereltek. Az oktat\u00e1st modern digit\u00e1lis eszk\u00f6z\u00f6k is t\u00e1mogatj\u00e1k, ugyanis a hallgat\u00f3k egy\u00e9ni k\u00e9perny\u0151k\u00f6n k\u00f6vethetik az el\u0151ad\u00e1sokat \u00e9s bemutat\u00f3vide\u00f3kat.<\/span><span class=\"eop\"> <span class=\"TextRun SCXW33656448 BCX0\" lang=\"HU-HU\" xml:lang=\"HU-HU\" data-contrast=\"auto\"><span class=\"NormalTextRun SCXW33656448 BCX0\">Tansz\u00e9k\u00fcnk rendelkezik a<\/span> <a href=\"https:\/\/www.kavo.com\/en\/products\/dental-education\/digital-education-systems\/dental-teacher\"><span class=\"NormalTextRun SpellingErrorV2Themed SCXW33656448 BCX0\">Dental<\/span> <span class=\"NormalTextRun SpellingErrorV2Themed SCXW33656448 BCX0\">Teacher<\/span><\/a> <span class=\"NormalTextRun SCXW33656448 BCX0\">rendszerrel<\/span><span class=\"NormalTextRun SCXW33656448 BCX0\">, amelynek seg\u00edts\u00e9g\u00e9vel a hallgat\u00f3k beszkennelhetik <\/span><span class=\"NormalTextRun SCXW33656448 BCX0\">a<\/span><span class=\"NormalTextRun SCXW33656448 BCX0\"> munk\u00e1ikat, \u00e9s a referencia\u00e9rt\u00e9kekhez viszony\u00edtva <\/span><span class=\"NormalTextRun SCXW33656448 BCX0\">objekt\u00edv m\u00f3don <\/span><span class=\"NormalTextRun SCXW33656448 BCX0\">visszaellen\u0151riz<\/span><span class=\"NormalTextRun SCXW33656448 BCX0\">hetik saj\u00e1t magukat.\u00a0<\/span><\/span><\/span><\/p>\n\r\n        [slb_exclude]\r\n        <div class=\"row galeria-wrapper mx-0 h-auto\">\r\n            <div class=\"col-9 pl-0 pr-2\">\r\n            <span class=\"gallery-item frame\">\r\n\t\t\t\t<div class=\"galeria-left-img\"><a href=\"https:\/\/semmelweis.hu\/propedeutika\/files\/2025\/09\/OC-47-1-scaled.jpg\"><img src=https:\/\/semmelweis.hu\/propedeutika\/files\/2025\/09\/OC-47-1-scaled.jpg  \r\n                            alt=\"\" \r\n                            class=\"attachment-sote-gallery-big size-sote-gallery-big\" \r\n                            srcset=\"https:\/\/semmelweis.hu\/propedeutika\/files\/2025\/09\/OC-47-1-400x267.jpg 400w, https:\/\/semmelweis.hu\/propedeutika\/files\/2025\/09\/OC-47-1-1024x683.jpg 1024w, https:\/\/semmelweis.hu\/propedeutika\/files\/2025\/09\/OC-47-1-768x512.jpg 768w, https:\/\/semmelweis.hu\/propedeutika\/files\/2025\/09\/OC-47-1-1536x1024.jpg 1536w, https:\/\/semmelweis.hu\/propedeutika\/files\/2025\/09\/OC-47-1-2048x1365.jpg 2048w, https:\/\/semmelweis.hu\/propedeutika\/files\/2025\/09\/OC-47-1-753x502.jpg 753w, https:\/\/semmelweis.hu\/propedeutika\/files\/2025\/09\/OC-47-1-203x135.jpg 203w\" ><\/a><\/div>\r\n            <\/span>\r\n\r\n            <\/div>\r\n\r\n\t\t\t<div class=\"col-3 pl-0 pr-0\">\r\n\t\t\t\t<div class=\"galeria-right-img d-flex justify-content-between flex-column h-100 w-100 px-0 mx-0 \">\r\n                <div class=\"galeria-box\">\r\n\t\t\t\t\t<h3 class=\"galeria-title\">Gal\u00e9ria<\/h3>\r\n\t\t\t\t\t<div class=\"galeria-subtitle\">\r\n\r\n\t\t\t\t\t\t<div class=\"galeria-page-counter\"><span>11<\/span>k\u00e9p<\/div>\r\n                    <\/div> <\/div>\r\n                    <span class=\"gallery-item frame d-none d-md-flex\">\r\n\t\t\t\t\t<div class=\"galeria-small-img mt-0\"><a href=\"https:\/\/semmelweis.hu\/propedeutika\/files\/2025\/09\/OC-47-2-scaled.jpg\"><img src=https:\/\/semmelweis.hu\/propedeutika\/files\/2025\/09\/OC-47-2-scaled.jpg \r\n                                alt=\"\"  \r\n                                class=\"attachment-sote-gallery-small size-sote-gallery-small\" \r\n                                srcset=\"https:\/\/semmelweis.hu\/propedeutika\/files\/2025\/09\/OC-47-2-400x267.jpg 400w, https:\/\/semmelweis.hu\/propedeutika\/files\/2025\/09\/OC-47-2-1024x683.jpg 1024w, https:\/\/semmelweis.hu\/propedeutika\/files\/2025\/09\/OC-47-2-768x512.jpg 768w, https:\/\/semmelweis.hu\/propedeutika\/files\/2025\/09\/OC-47-2-1536x1024.jpg 1536w, https:\/\/semmelweis.hu\/propedeutika\/files\/2025\/09\/OC-47-2-2048x1365.jpg 2048w, https:\/\/semmelweis.hu\/propedeutika\/files\/2025\/09\/OC-47-2-753x502.jpg 753w, https:\/\/semmelweis.hu\/propedeutika\/files\/2025\/09\/OC-47-2-203x135.jpg 203w\" ><\/a><\/div>\r\n                    <\/span>\r\n                    <span class=\"gallery-item frame d-none d-md-flex\">\r\n\t\t\t\t\t<div class=\"galeria-small-img mt-0\"><a href=\"https:\/\/semmelweis.hu\/propedeutika\/files\/2025\/09\/OC-47-3-scaled.jpg\"><img src=https:\/\/semmelweis.hu\/propedeutika\/files\/2025\/09\/OC-47-3-scaled.jpg \r\n                                alt=\"\" \r\n                                class=\"attachment-sote-gallery-small size-sote-gallery-small\" \r\n                                srcset=\"https:\/\/semmelweis.hu\/propedeutika\/files\/2025\/09\/OC-47-3-400x267.jpg 400w, https:\/\/semmelweis.hu\/propedeutika\/files\/2025\/09\/OC-47-3-1024x683.jpg 1024w, https:\/\/semmelweis.hu\/propedeutika\/files\/2025\/09\/OC-47-3-768x512.jpg 768w, https:\/\/semmelweis.hu\/propedeutika\/files\/2025\/09\/OC-47-3-1536x1024.jpg 1536w, https:\/\/semmelweis.hu\/propedeutika\/files\/2025\/09\/OC-47-3-2048x1365.jpg 2048w, https:\/\/semmelweis.hu\/propedeutika\/files\/2025\/09\/OC-47-3-753x502.jpg 753w, https:\/\/semmelweis.hu\/propedeutika\/files\/2025\/09\/OC-47-3-203x135.jpg 203w\" ><\/a><\/div>\r\n                    <\/span>\r\n\r\n                <\/div>\r\n\r\n            <\/div>\r\n\r\n            <span class=\"gallery-item\"><div class=\"hidden\"><a href=\"https:\/\/semmelweis.hu\/propedeutika\/files\/2025\/09\/OC-47-4-scaled.jpg\">\r\n        <img src=https:\/\/semmelweis.hu\/propedeutika\/files\/2025\/09\/OC-47-4-scaled.jpg alt=\"\" class=\"attachment-sote-gallery-big size-sote-gallery-big\" srcset=\"https:\/\/semmelweis.hu\/propedeutika\/files\/2025\/09\/OC-47-4-400x267.jpg 400w, https:\/\/semmelweis.hu\/propedeutika\/files\/2025\/09\/OC-47-4-1024x683.jpg 1024w, https:\/\/semmelweis.hu\/propedeutika\/files\/2025\/09\/OC-47-4-768x512.jpg 768w, https:\/\/semmelweis.hu\/propedeutika\/files\/2025\/09\/OC-47-4-1536x1024.jpg 1536w, https:\/\/semmelweis.hu\/propedeutika\/files\/2025\/09\/OC-47-4-2048x1365.jpg 2048w, https:\/\/semmelweis.hu\/propedeutika\/files\/2025\/09\/OC-47-4-753x502.jpg 753w, https:\/\/semmelweis.hu\/propedeutika\/files\/2025\/09\/OC-47-4-203x135.jpg 203w\" >\r\n        <\/a><\/div><\/span><span class=\"gallery-item\"><div class=\"hidden\"><a href=\"https:\/\/semmelweis.hu\/propedeutika\/files\/2025\/09\/OC-47-5-scaled.jpg\">\r\n        <img src=https:\/\/semmelweis.hu\/propedeutika\/files\/2025\/09\/OC-47-5-scaled.jpg alt=\"\" class=\"attachment-sote-gallery-big size-sote-gallery-big\" srcset=\"https:\/\/semmelweis.hu\/propedeutika\/files\/2025\/09\/OC-47-5-400x267.jpg 400w, https:\/\/semmelweis.hu\/propedeutika\/files\/2025\/09\/OC-47-5-1024x683.jpg 1024w, https:\/\/semmelweis.hu\/propedeutika\/files\/2025\/09\/OC-47-5-768x512.jpg 768w, https:\/\/semmelweis.hu\/propedeutika\/files\/2025\/09\/OC-47-5-1536x1024.jpg 1536w, https:\/\/semmelweis.hu\/propedeutika\/files\/2025\/09\/OC-47-5-2048x1365.jpg 2048w, https:\/\/semmelweis.hu\/propedeutika\/files\/2025\/09\/OC-47-5-753x502.jpg 753w, https:\/\/semmelweis.hu\/propedeutika\/files\/2025\/09\/OC-47-5-203x135.jpg 203w\" >\r\n        <\/a><\/div><\/span><span class=\"gallery-item\"><div class=\"hidden\"><a href=\"https:\/\/semmelweis.hu\/propedeutika\/files\/2025\/09\/OC-47-6-scaled.jpg\">\r\n        <img src=https:\/\/semmelweis.hu\/propedeutika\/files\/2025\/09\/OC-47-6-scaled.jpg alt=\"\" class=\"attachment-sote-gallery-big size-sote-gallery-big\" srcset=\"https:\/\/semmelweis.hu\/propedeutika\/files\/2025\/09\/OC-47-6-400x267.jpg 400w, https:\/\/semmelweis.hu\/propedeutika\/files\/2025\/09\/OC-47-6-1024x683.jpg 1024w, https:\/\/semmelweis.hu\/propedeutika\/files\/2025\/09\/OC-47-6-768x512.jpg 768w, https:\/\/semmelweis.hu\/propedeutika\/files\/2025\/09\/OC-47-6-1536x1024.jpg 1536w, https:\/\/semmelweis.hu\/propedeutika\/files\/2025\/09\/OC-47-6-2048x1365.jpg 2048w, https:\/\/semmelweis.hu\/propedeutika\/files\/2025\/09\/OC-47-6-753x502.jpg 753w, https:\/\/semmelweis.hu\/propedeutika\/files\/2025\/09\/OC-47-6-203x135.jpg 203w\" >\r\n        <\/a><\/div><\/span><span class=\"gallery-item\"><div class=\"hidden\"><a href=\"https:\/\/semmelweis.hu\/propedeutika\/files\/2025\/09\/OC-47-8-scaled.jpg\">\r\n        <img src=https:\/\/semmelweis.hu\/propedeutika\/files\/2025\/09\/OC-47-8-scaled.jpg alt=\"\" class=\"attachment-sote-gallery-big size-sote-gallery-big\" srcset=\"https:\/\/semmelweis.hu\/propedeutika\/files\/2025\/09\/OC-47-8-400x267.jpg 400w, https:\/\/semmelweis.hu\/propedeutika\/files\/2025\/09\/OC-47-8-1024x683.jpg 1024w, https:\/\/semmelweis.hu\/propedeutika\/files\/2025\/09\/OC-47-8-768x512.jpg 768w, https:\/\/semmelweis.hu\/propedeutika\/files\/2025\/09\/OC-47-8-1536x1024.jpg 1536w, https:\/\/semmelweis.hu\/propedeutika\/files\/2025\/09\/OC-47-8-2048x1365.jpg 2048w, https:\/\/semmelweis.hu\/propedeutika\/files\/2025\/09\/OC-47-8-753x502.jpg 753w, https:\/\/semmelweis.hu\/propedeutika\/files\/2025\/09\/OC-47-8-203x135.jpg 203w\" >\r\n        <\/a><\/div><\/span><span class=\"gallery-item\"><div class=\"hidden\"><a href=\"https:\/\/semmelweis.hu\/propedeutika\/files\/2025\/09\/OC-47-9-scaled.jpg\">\r\n        <img src=https:\/\/semmelweis.hu\/propedeutika\/files\/2025\/09\/OC-47-9-scaled.jpg alt=\"\" class=\"attachment-sote-gallery-big size-sote-gallery-big\" srcset=\"https:\/\/semmelweis.hu\/propedeutika\/files\/2025\/09\/OC-47-9-400x267.jpg 400w, https:\/\/semmelweis.hu\/propedeutika\/files\/2025\/09\/OC-47-9-1024x683.jpg 1024w, https:\/\/semmelweis.hu\/propedeutika\/files\/2025\/09\/OC-47-9-768x512.jpg 768w, https:\/\/semmelweis.hu\/propedeutika\/files\/2025\/09\/OC-47-9-1536x1024.jpg 1536w, https:\/\/semmelweis.hu\/propedeutika\/files\/2025\/09\/OC-47-9-2048x1365.jpg 2048w, https:\/\/semmelweis.hu\/propedeutika\/files\/2025\/09\/OC-47-9-753x502.jpg 753w, https:\/\/semmelweis.hu\/propedeutika\/files\/2025\/09\/OC-47-9-203x135.jpg 203w\" >\r\n        <\/a><\/div><\/span><span class=\"gallery-item\"><div class=\"hidden\"><a href=\"https:\/\/semmelweis.hu\/propedeutika\/files\/2025\/09\/OC-47-10-scaled.jpg\">\r\n        <img src=https:\/\/semmelweis.hu\/propedeutika\/files\/2025\/09\/OC-47-10-scaled.jpg alt=\"\" class=\"attachment-sote-gallery-big size-sote-gallery-big\" srcset=\"https:\/\/semmelweis.hu\/propedeutika\/files\/2025\/09\/OC-47-10-400x267.jpg 400w, https:\/\/semmelweis.hu\/propedeutika\/files\/2025\/09\/OC-47-10-1024x683.jpg 1024w, https:\/\/semmelweis.hu\/propedeutika\/files\/2025\/09\/OC-47-10-768x512.jpg 768w, https:\/\/semmelweis.hu\/propedeutika\/files\/2025\/09\/OC-47-10-1536x1024.jpg 1536w, https:\/\/semmelweis.hu\/propedeutika\/files\/2025\/09\/OC-47-10-2048x1365.jpg 2048w, https:\/\/semmelweis.hu\/propedeutika\/files\/2025\/09\/OC-47-10-753x502.jpg 753w, https:\/\/semmelweis.hu\/propedeutika\/files\/2025\/09\/OC-47-10-203x135.jpg 203w\" >\r\n        <\/a><\/div><\/span><span class=\"gallery-item\"><div class=\"hidden\"><a href=\"https:\/\/semmelweis.hu\/propedeutika\/files\/2025\/09\/OC-47-11-scaled.jpg\">\r\n        <img src=https:\/\/semmelweis.hu\/propedeutika\/files\/2025\/09\/OC-47-11-scaled.jpg alt=\"\" class=\"attachment-sote-gallery-big size-sote-gallery-big\" srcset=\"https:\/\/semmelweis.hu\/propedeutika\/files\/2025\/09\/OC-47-11-400x267.jpg 400w, https:\/\/semmelweis.hu\/propedeutika\/files\/2025\/09\/OC-47-11-1024x683.jpg 1024w, https:\/\/semmelweis.hu\/propedeutika\/files\/2025\/09\/OC-47-11-768x512.jpg 768w, https:\/\/semmelweis.hu\/propedeutika\/files\/2025\/09\/OC-47-11-1536x1024.jpg 1536w, https:\/\/semmelweis.hu\/propedeutika\/files\/2025\/09\/OC-47-11-2048x1365.jpg 2048w, https:\/\/semmelweis.hu\/propedeutika\/files\/2025\/09\/OC-47-11-753x502.jpg 753w, https:\/\/semmelweis.hu\/propedeutika\/files\/2025\/09\/OC-47-11-203x135.jpg 203w\" >\r\n        <\/a><\/div><\/span><span class=\"gallery-item\"><div class=\"hidden\"><a href=\"https:\/\/semmelweis.hu\/propedeutika\/files\/2025\/09\/OC47-7-scaled.jpg\">\r\n        <img src=https:\/\/semmelweis.hu\/propedeutika\/files\/2025\/09\/OC47-7-scaled.jpg alt=\"\" class=\"attachment-sote-gallery-big size-sote-gallery-big\" srcset=\"https:\/\/semmelweis.hu\/propedeutika\/files\/2025\/09\/OC47-7-400x267.jpg 400w, https:\/\/semmelweis.hu\/propedeutika\/files\/2025\/09\/OC47-7-1024x683.jpg 1024w, https:\/\/semmelweis.hu\/propedeutika\/files\/2025\/09\/OC47-7-768x512.jpg 768w, https:\/\/semmelweis.hu\/propedeutika\/files\/2025\/09\/OC47-7-1536x1024.jpg 1536w, https:\/\/semmelweis.hu\/propedeutika\/files\/2025\/09\/OC47-7-2048x1365.jpg 2048w, https:\/\/semmelweis.hu\/propedeutika\/files\/2025\/09\/OC47-7-753x502.jpg 753w, https:\/\/semmelweis.hu\/propedeutika\/files\/2025\/09\/OC47-7-203x135.jpg 203w\" >\r\n        <\/a><\/div><\/span>\r\n            <\/div>\r\n\r\n            [\/slb_exclude]\r\n\t\n<p class=\"paragraph\" style=\"margin: 0cm 0cm 0.0001pt;line-height: 150%;vertical-align: baseline;text-align: justify\"><span class=\"eop\"><span class=\"EOP SCXW33656448 BCX0\" data-ccp-props=\"{}\"><\/p>\n<p><\/span><\/span><\/p>\n","protected":false},"excerpt":{"rendered":"<p>A 2024-ben elk\u00e9sz\u00fclt oktat\u00f3laborunk az Oktat\u00e1si Centrum f\u00f6ldszintj\u00e9n kapott helyet, a Kar k\u00f6nyvt\u00e1r\u00e1nak egykori ter\u00fclet\u00e9n. Az \u00faj l\u00e9tes\u00edtm\u00e9ny 64 hallgat\u00f3 befogad\u00e1s\u00e1ra alkalmas, \u00e9s tansz\u00e9k\u00fcnk k\u00f6zrem\u0171k\u00f6d\u00e9s\u00e9vel az Odontotechnol\u00f3gia \u00e9s Fogp\u00f3tl\u00e1stani Propedeutika, valamint a Fog\u00e1szati \u00c1ltal\u00e1nos Propedeutika tant\u00e1rgyak oktat\u00e1s\u00e1nak ad helyet. A hallgat\u00f3i munka\u00e1llom\u00e1sok fogorvosi sz\u00e9kkel, fantomp\u00e1cienssel, komplex fogorvosi m\u0171szerparkkal \u00e9s fogtechnikai m\u0171szerparkkal felszereltek. Az oktat\u00e1st modern &hellip;<\/p>\n","protected":false},"author":101964,"featured_media":0,"parent":0,"menu_order":0,"comment_status":"closed","ping_status":"closed","template":"","meta":{"_acf_changed":false,"footnotes":""},"categories":[],"tags":[],"class_list":["post-2487","page","type-page","status-publish","hentry"],"acf":[],"_links":{"self":[{"href":"https:\/\/semmelweis.hu\/propedeutika\/wp-json\/wp\/v2\/pages\/2487","targetHints":{"allow":["GET"]}}],"collection":[{"href":"https:\/\/semmelweis.hu\/propedeutika\/wp-json\/wp\/v2\/pages"}],"about":[{"href":"https:\/\/semmelweis.hu\/propedeutika\/wp-json\/wp\/v2\/types\/page"}],"author":[{"embeddable":true,"href":"https:\/\/semmelweis.hu\/propedeutika\/wp-json\/wp\/v2\/users\/101964"}],"replies":[{"embeddable":true,"href":"https:\/\/semmelweis.hu\/propedeutika\/wp-json\/wp\/v2\/comments?post=2487"}],"version-history":[{"count":10,"href":"https:\/\/semmelweis.hu\/propedeutika\/wp-json\/wp\/v2\/pages\/2487\/revisions"}],"predecessor-version":[{"id":2598,"href":"https:\/\/semmelweis.hu\/propedeutika\/wp-json\/wp\/v2\/pages\/2487\/revisions\/2598"}],"wp:attachment":[{"href":"https:\/\/semmelweis.hu\/propedeutika\/wp-json\/wp\/v2\/media?parent=2487"}],"wp:term":[{"taxonomy":"category","embeddable":true,"href":"https:\/\/semmelweis.hu\/propedeutika\/wp-json\/wp\/v2\/categories?post=2487"},{"taxonomy":"post_tag","embeddable":true,"href":"https:\/\/semmelweis.hu\/propedeutika\/wp-json\/wp\/v2\/tags?post=2487"}],"curies":[{"name":"wp","href":"https:\/\/api.w.org\/{rel}","templated":true}]}}