{"id":2479,"date":"2025-09-08T15:52:51","date_gmt":"2025-09-08T13:52:51","guid":{"rendered":"https:\/\/semmelweis.hu\/propedeutika\/?page_id=2479"},"modified":"2025-10-08T19:25:21","modified_gmt":"2025-10-08T17:25:21","slug":"foldvari-imre-tanlabor","status":"publish","type":"page","link":"https:\/\/semmelweis.hu\/propedeutika\/foldvari-imre-tanlabor\/","title":{"rendered":"F\u00f6ldv\u00e1ri Imre tanlabor"},"content":{"rendered":"<p class=\"paragraph\" style=\"margin: 0cm;margin-bottom: .0001pt;line-height: 150%;vertical-align: baseline\"><span class=\"normaltextrun\">A 2025-ben fel\u00faj\u00edtott oktat\u00f3laborunk az Oktat\u00e1si Centrum m\u00e1sodik emelet\u00e9n tal\u00e1lhat\u00f3. Az \u00faj l\u00e9tes\u00edtm\u00e9ny 39 hallgat\u00f3 befogad\u00e1s\u00e1ra alkalmas, \u00e9s tansz\u00e9k\u00fcnk k\u00f6zrem\u0171k\u00f6d\u00e9s\u00e9vel az Odontotechnol\u00f3gia \u00e9s Fogp\u00f3tl\u00e1stani Propedeutika, valamint a Fog\u00e1szati \u00c1ltal\u00e1nos Propedeutika tant\u00e1rgyak oktat\u00e1s\u00e1nak ad helyet. A hallgat\u00f3i munka\u00e1llom\u00e1sok fogorvosi sz\u00e9kkel, fantomp\u00e1cienssel, komplex fogorvosi m\u0171szerparkkal \u00e9s fogtechnikai m\u0171szerparkkal felszereltek. Az oktat\u00e1st modern digit\u00e1lis eszk\u00f6z\u00f6k is t\u00e1mogatj\u00e1k, ugyanis a hallgat\u00f3k egy\u00e9ni k\u00e9perny\u0151k\u00f6n k\u00f6vethetik az el\u0151ad\u00e1sokat \u00e9s bemutat\u00f3vide\u00f3kat.<\/span><span class=\"eop\">\u00a0<\/span><\/p>\n\r\n        [slb_exclude]\r\n        <div class=\"row galeria-wrapper mx-0 h-auto\">\r\n            <div class=\"col-9 pl-0 pr-2\">\r\n            <span class=\"gallery-item frame\">\r\n\t\t\t\t<div class=\"galeria-left-img\"><a href=\"https:\/\/semmelweis.hu\/propedeutika\/files\/2025\/09\/Foldvari-5-scaled.jpg\"><img src=https:\/\/semmelweis.hu\/propedeutika\/files\/2025\/09\/Foldvari-5-scaled.jpg  \r\n                            alt=\"\" \r\n                            class=\"attachment-sote-gallery-big size-sote-gallery-big\" \r\n                            srcset=\"https:\/\/semmelweis.hu\/propedeutika\/files\/2025\/09\/Foldvari-5-400x267.jpg 400w, https:\/\/semmelweis.hu\/propedeutika\/files\/2025\/09\/Foldvari-5-1024x683.jpg 1024w, https:\/\/semmelweis.hu\/propedeutika\/files\/2025\/09\/Foldvari-5-768x512.jpg 768w, https:\/\/semmelweis.hu\/propedeutika\/files\/2025\/09\/Foldvari-5-1536x1024.jpg 1536w, https:\/\/semmelweis.hu\/propedeutika\/files\/2025\/09\/Foldvari-5-2048x1365.jpg 2048w, https:\/\/semmelweis.hu\/propedeutika\/files\/2025\/09\/Foldvari-5-753x502.jpg 753w, https:\/\/semmelweis.hu\/propedeutika\/files\/2025\/09\/Foldvari-5-203x135.jpg 203w\" ><\/a><\/div>\r\n            <\/span>\r\n\r\n            <\/div>\r\n\r\n\t\t\t<div class=\"col-3 pl-0 pr-0\">\r\n\t\t\t\t<div class=\"galeria-right-img d-flex justify-content-between flex-column h-100 w-100 px-0 mx-0 \">\r\n                <div class=\"galeria-box\">\r\n\t\t\t\t\t<h3 class=\"galeria-title\">Gal\u00e9ria<\/h3>\r\n\t\t\t\t\t<div class=\"galeria-subtitle\">\r\n\r\n\t\t\t\t\t\t<div class=\"galeria-page-counter\"><span>5<\/span>k\u00e9p<\/div>\r\n                    <\/div> <\/div>\r\n                    <span class=\"gallery-item frame d-none d-md-flex\">\r\n\t\t\t\t\t<div class=\"galeria-small-img mt-0\"><a href=\"https:\/\/semmelweis.hu\/propedeutika\/files\/2025\/09\/Foldvari-4-scaled.jpg\"><img src=https:\/\/semmelweis.hu\/propedeutika\/files\/2025\/09\/Foldvari-4-scaled.jpg \r\n                                alt=\"\"  \r\n                                class=\"attachment-sote-gallery-small size-sote-gallery-small\" \r\n                                srcset=\"https:\/\/semmelweis.hu\/propedeutika\/files\/2025\/09\/Foldvari-4-400x267.jpg 400w, https:\/\/semmelweis.hu\/propedeutika\/files\/2025\/09\/Foldvari-4-1024x683.jpg 1024w, https:\/\/semmelweis.hu\/propedeutika\/files\/2025\/09\/Foldvari-4-768x512.jpg 768w, https:\/\/semmelweis.hu\/propedeutika\/files\/2025\/09\/Foldvari-4-1536x1024.jpg 1536w, https:\/\/semmelweis.hu\/propedeutika\/files\/2025\/09\/Foldvari-4-2048x1365.jpg 2048w, https:\/\/semmelweis.hu\/propedeutika\/files\/2025\/09\/Foldvari-4-753x502.jpg 753w, https:\/\/semmelweis.hu\/propedeutika\/files\/2025\/09\/Foldvari-4-203x135.jpg 203w\" ><\/a><\/div>\r\n                    <\/span>\r\n                    <span class=\"gallery-item frame d-none d-md-flex\">\r\n\t\t\t\t\t<div class=\"galeria-small-img mt-0\"><a href=\"https:\/\/semmelweis.hu\/propedeutika\/files\/2025\/09\/Foldvari-3-scaled.jpg\"><img src=https:\/\/semmelweis.hu\/propedeutika\/files\/2025\/09\/Foldvari-3-scaled.jpg \r\n                                alt=\"\" \r\n                                class=\"attachment-sote-gallery-small size-sote-gallery-small\" \r\n                                srcset=\"https:\/\/semmelweis.hu\/propedeutika\/files\/2025\/09\/Foldvari-3-400x267.jpg 400w, https:\/\/semmelweis.hu\/propedeutika\/files\/2025\/09\/Foldvari-3-1024x683.jpg 1024w, https:\/\/semmelweis.hu\/propedeutika\/files\/2025\/09\/Foldvari-3-768x512.jpg 768w, https:\/\/semmelweis.hu\/propedeutika\/files\/2025\/09\/Foldvari-3-1536x1024.jpg 1536w, https:\/\/semmelweis.hu\/propedeutika\/files\/2025\/09\/Foldvari-3-2048x1365.jpg 2048w, https:\/\/semmelweis.hu\/propedeutika\/files\/2025\/09\/Foldvari-3-753x502.jpg 753w, https:\/\/semmelweis.hu\/propedeutika\/files\/2025\/09\/Foldvari-3-203x135.jpg 203w\" ><\/a><\/div>\r\n                    <\/span>\r\n\r\n                <\/div>\r\n\r\n            <\/div>\r\n\r\n            <span class=\"gallery-item\"><div class=\"hidden\"><a href=\"https:\/\/semmelweis.hu\/propedeutika\/files\/2025\/09\/Foldvari-2-scaled.jpg\">\r\n        <img src=https:\/\/semmelweis.hu\/propedeutika\/files\/2025\/09\/Foldvari-2-scaled.jpg alt=\"\" class=\"attachment-sote-gallery-big size-sote-gallery-big\" srcset=\"https:\/\/semmelweis.hu\/propedeutika\/files\/2025\/09\/Foldvari-2-400x267.jpg 400w, https:\/\/semmelweis.hu\/propedeutika\/files\/2025\/09\/Foldvari-2-1024x683.jpg 1024w, https:\/\/semmelweis.hu\/propedeutika\/files\/2025\/09\/Foldvari-2-768x512.jpg 768w, https:\/\/semmelweis.hu\/propedeutika\/files\/2025\/09\/Foldvari-2-1536x1024.jpg 1536w, https:\/\/semmelweis.hu\/propedeutika\/files\/2025\/09\/Foldvari-2-2048x1365.jpg 2048w, https:\/\/semmelweis.hu\/propedeutika\/files\/2025\/09\/Foldvari-2-753x502.jpg 753w, https:\/\/semmelweis.hu\/propedeutika\/files\/2025\/09\/Foldvari-2-203x135.jpg 203w\" >\r\n        <\/a><\/div><\/span><span class=\"gallery-item\"><div class=\"hidden\"><a href=\"https:\/\/semmelweis.hu\/propedeutika\/files\/2025\/09\/Foldvari-1-scaled.jpg\">\r\n        <img src=https:\/\/semmelweis.hu\/propedeutika\/files\/2025\/09\/Foldvari-1-scaled.jpg alt=\"\" class=\"attachment-sote-gallery-big size-sote-gallery-big\" srcset=\"https:\/\/semmelweis.hu\/propedeutika\/files\/2025\/09\/Foldvari-1-400x267.jpg 400w, https:\/\/semmelweis.hu\/propedeutika\/files\/2025\/09\/Foldvari-1-1024x683.jpg 1024w, https:\/\/semmelweis.hu\/propedeutika\/files\/2025\/09\/Foldvari-1-768x512.jpg 768w, https:\/\/semmelweis.hu\/propedeutika\/files\/2025\/09\/Foldvari-1-1536x1024.jpg 1536w, https:\/\/semmelweis.hu\/propedeutika\/files\/2025\/09\/Foldvari-1-2048x1365.jpg 2048w, https:\/\/semmelweis.hu\/propedeutika\/files\/2025\/09\/Foldvari-1-753x502.jpg 753w, https:\/\/semmelweis.hu\/propedeutika\/files\/2025\/09\/Foldvari-1-203x135.jpg 203w\" >\r\n        <\/a><\/div><\/span>\r\n            <\/div>\r\n\r\n            [\/slb_exclude]\r\n\t\n<p>&nbsp;<\/p>\n","protected":false},"excerpt":{"rendered":"<p>A 2025-ben fel\u00faj\u00edtott oktat\u00f3laborunk az Oktat\u00e1si Centrum m\u00e1sodik emelet\u00e9n tal\u00e1lhat\u00f3. Az \u00faj l\u00e9tes\u00edtm\u00e9ny 39 hallgat\u00f3 befogad\u00e1s\u00e1ra alkalmas, \u00e9s tansz\u00e9k\u00fcnk k\u00f6zrem\u0171k\u00f6d\u00e9s\u00e9vel az Odontotechnol\u00f3gia \u00e9s Fogp\u00f3tl\u00e1stani Propedeutika, valamint a Fog\u00e1szati \u00c1ltal\u00e1nos Propedeutika tant\u00e1rgyak oktat\u00e1s\u00e1nak ad helyet. A hallgat\u00f3i munka\u00e1llom\u00e1sok fogorvosi sz\u00e9kkel, fantomp\u00e1cienssel, komplex fogorvosi m\u0171szerparkkal \u00e9s fogtechnikai m\u0171szerparkkal felszereltek. Az oktat\u00e1st modern digit\u00e1lis eszk\u00f6z\u00f6k is t\u00e1mogatj\u00e1k, ugyanis &hellip;<\/p>\n","protected":false},"author":101964,"featured_media":2549,"parent":0,"menu_order":0,"comment_status":"closed","ping_status":"closed","template":"","meta":{"_acf_changed":false,"footnotes":""},"categories":[],"tags":[],"class_list":["post-2479","page","type-page","status-publish","has-post-thumbnail","hentry"],"acf":[],"_links":{"self":[{"href":"https:\/\/semmelweis.hu\/propedeutika\/wp-json\/wp\/v2\/pages\/2479","targetHints":{"allow":["GET"]}}],"collection":[{"href":"https:\/\/semmelweis.hu\/propedeutika\/wp-json\/wp\/v2\/pages"}],"about":[{"href":"https:\/\/semmelweis.hu\/propedeutika\/wp-json\/wp\/v2\/types\/page"}],"author":[{"embeddable":true,"href":"https:\/\/semmelweis.hu\/propedeutika\/wp-json\/wp\/v2\/users\/101964"}],"replies":[{"embeddable":true,"href":"https:\/\/semmelweis.hu\/propedeutika\/wp-json\/wp\/v2\/comments?post=2479"}],"version-history":[{"count":6,"href":"https:\/\/semmelweis.hu\/propedeutika\/wp-json\/wp\/v2\/pages\/2479\/revisions"}],"predecessor-version":[{"id":2599,"href":"https:\/\/semmelweis.hu\/propedeutika\/wp-json\/wp\/v2\/pages\/2479\/revisions\/2599"}],"wp:featuredmedia":[{"embeddable":true,"href":"https:\/\/semmelweis.hu\/propedeutika\/wp-json\/wp\/v2\/media\/2549"}],"wp:attachment":[{"href":"https:\/\/semmelweis.hu\/propedeutika\/wp-json\/wp\/v2\/media?parent=2479"}],"wp:term":[{"taxonomy":"category","embeddable":true,"href":"https:\/\/semmelweis.hu\/propedeutika\/wp-json\/wp\/v2\/categories?post=2479"},{"taxonomy":"post_tag","embeddable":true,"href":"https:\/\/semmelweis.hu\/propedeutika\/wp-json\/wp\/v2\/tags?post=2479"}],"curies":[{"name":"wp","href":"https:\/\/api.w.org\/{rel}","templated":true}]}}