{"id":2409,"date":"2025-07-31T16:31:30","date_gmt":"2025-07-31T14:31:30","guid":{"rendered":"https:\/\/semmelweis.hu\/propedeutika\/?page_id=2409"},"modified":"2025-08-01T11:10:04","modified_gmt":"2025-08-01T09:10:04","slug":"szakdolgozat-cimek","status":"publish","type":"page","link":"https:\/\/semmelweis.hu\/propedeutika\/szakdolgozat-cimek\/","title":{"rendered":"A tansz\u00e9ken v\u00e1laszthat\u00f3 szakdolgozat c\u00edmek (2025 \u0151sz)"},"content":{"rendered":"<table style=\"border-collapse: collapse;width: 100%;height: 384px\">\n<tbody>\n<tr style=\"height: 63px\">\n<td style=\"width: 25%;height: 63px\"><strong>Hallgat\u00f3 nyomtat\u00e1si neve<\/strong><\/td>\n<td style=\"width: 24.9818%;height: 63px\" width=\"674\"><strong>2025\/26-os tan\u00e9vre meghirdetett \u00e9s v\u00e1lasztott szakdolgozat c\u00edmek<\/strong><\/td>\n<td style=\"width: 25%;height: 63px\"><strong>Konzulens neve<\/strong><\/td>\n<td style=\"width: 25%;height: 63px\"><strong>Int\u00e9zet neve<\/strong><\/td>\n<\/tr>\n<tr style=\"height: 93px\">\n<td style=\"width: 25%;height: 93px\">\u00a0<\/td>\n<td style=\"width: 24.9818%;height: 93px\">A digit\u00e1lis fog\u00e1szati technol\u00f3gi\u00e1k k\u00f6rnyezeti hat\u00e1sai \u00e9s szerep\u00fck a fenntarthat\u00f3s\u00e1gban<\/td>\n<td style=\"width: 25%;height: 93px\">Dr. Demeter Tam\u00e1s<\/td>\n<td style=\"width: 25%;height: 93px\">Propedeutikai Tansz\u00e9k<\/td>\n<\/tr>\n<tr style=\"height: 63px\">\n<td style=\"width: 25%;height: 63px\">\u00a0<\/td>\n<td style=\"width: 24.9818%;height: 63px\">A digitalis technol\u00f3gia jelenl\u00e9te a fogorvosl\u00e1sban<\/td>\n<td style=\"width: 25%;height: 63px\">Dr. Jelencsics D\u00e1vid<\/td>\n<td style=\"width: 25%;height: 63px\">Propedeutikai Tansz\u00e9k<\/td>\n<\/tr>\n<tr style=\"height: 33px\">\n<td style=\"width: 25%;height: 33px\">\u00a0<\/td>\n<td style=\"width: 24.9818%;height: 33px\">A fogp\u00f3tl\u00e1stanban felhaszn\u00e1lt anyagok k\u00f6rnyezetterhel\u00e9se \u00e9s \u00fajrahasznos\u00edthat\u00f3s\u00e1guk<\/td>\n<td style=\"width: 25%;height: 33px\">Dr. Demeter Tam\u00e1s<\/td>\n<td style=\"width: 25%;height: 33px\">Propedeutikai Tansz\u00e9k<\/td>\n<\/tr>\n<tr style=\"height: 33px\">\n<td style=\"width: 25%;height: 33px\">Tubics Fanni<\/td>\n<td style=\"width: 24.9818%;height: 33px\">A n\u00f6v\u00e9nyi alap\u00fa \u00e9trendek hat\u00e1sai a sz\u00e1j\u00fcregi eg\u00e9szs\u00e9g-param\u00e9terekre<\/td>\n<td style=\"width: 25%;height: 33px\">Dr. Demeter Tam\u00e1s<\/td>\n<td style=\"width: 25%;height: 33px\">Propedeutikai Tansz\u00e9k<\/td>\n<\/tr>\n<tr style=\"height: 33px\">\n<td style=\"width: 25%;height: 33px\">Korpos Eszter<\/td>\n<td style=\"width: 24.9818%;height: 33px\">K\u00e9zhigi\u00e9ne jelent\u0151s\u00e9ge az eg\u00e9szs\u00e9g\u00fcgyi k\u00f6rnyezetben<\/td>\n<td style=\"width: 25%;height: 33px\">Dr. D\u00e9zsi Anna J\u00falia<\/td>\n<td style=\"width: 25%;height: 33px\">Propedeutikai Tansz\u00e9k<\/td>\n<\/tr>\n<tr style=\"height: 33px\">\n<td style=\"width: 25%;height: 33px\">\u00a0<\/td>\n<td style=\"width: 24.9818%;height: 33px\">Kis ny\u00e1lmirigyek funkcion\u00e1lis saj\u00e1toss\u00e1gai<\/td>\n<td style=\"width: 25%;height: 33px\">Dr. Erdei Csilla\u00a0<\/td>\n<td style=\"width: 25%;height: 33px\">Propedeutikai Tansz\u00e9k<\/td>\n<\/tr>\n<tr style=\"height: 33px\">\n<td style=\"width: 25%;height: 33px\">\u00a0<\/td>\n<td style=\"width: 24.9818%;height: 33px\">K\u00f6rnyezeti nevel\u00e9s \u00e9s a fenntarthat\u00f3s\u00e1g oktat\u00e1sa az orvos- \u00e9s fogorvosk\u00e9pz\u00e9sben<\/td>\n<td style=\"width: 25%;height: 33px\">Dr. Demeter Tam\u00e1s<\/td>\n<td style=\"width: 25%;height: 33px\">Propedeutikai Tansz\u00e9k<\/td>\n<\/tr>\n<\/tbody>\n<\/table>\n<p>&nbsp;<\/p>\n","protected":false},"excerpt":{"rendered":"<p>Hallgat\u00f3 nyomtat\u00e1si neve 2025\/26-os tan\u00e9vre meghirdetett \u00e9s v\u00e1lasztott szakdolgozat c\u00edmek Konzulens neve Int\u00e9zet neve \u00a0 A digit\u00e1lis fog\u00e1szati technol\u00f3gi\u00e1k k\u00f6rnyezeti hat\u00e1sai \u00e9s szerep\u00fck a fenntarthat\u00f3s\u00e1gban Dr. Demeter Tam\u00e1s Propedeutikai Tansz\u00e9k \u00a0 A digitalis technol\u00f3gia jelenl\u00e9te a fogorvosl\u00e1sban Dr. Jelencsics D\u00e1vid Propedeutikai Tansz\u00e9k \u00a0 A fogp\u00f3tl\u00e1stanban felhaszn\u00e1lt anyagok k\u00f6rnyezetterhel\u00e9se \u00e9s \u00fajrahasznos\u00edthat\u00f3s\u00e1guk Dr. Demeter Tam\u00e1s Propedeutikai Tansz\u00e9k &hellip;<\/p>\n","protected":false},"author":101964,"featured_media":0,"parent":0,"menu_order":0,"comment_status":"closed","ping_status":"closed","template":"","meta":{"_acf_changed":false,"footnotes":""},"categories":[],"tags":[],"class_list":["post-2409","page","type-page","status-publish","hentry"],"acf":[],"_links":{"self":[{"href":"https:\/\/semmelweis.hu\/propedeutika\/wp-json\/wp\/v2\/pages\/2409","targetHints":{"allow":["GET"]}}],"collection":[{"href":"https:\/\/semmelweis.hu\/propedeutika\/wp-json\/wp\/v2\/pages"}],"about":[{"href":"https:\/\/semmelweis.hu\/propedeutika\/wp-json\/wp\/v2\/types\/page"}],"author":[{"embeddable":true,"href":"https:\/\/semmelweis.hu\/propedeutika\/wp-json\/wp\/v2\/users\/101964"}],"replies":[{"embeddable":true,"href":"https:\/\/semmelweis.hu\/propedeutika\/wp-json\/wp\/v2\/comments?post=2409"}],"version-history":[{"count":5,"href":"https:\/\/semmelweis.hu\/propedeutika\/wp-json\/wp\/v2\/pages\/2409\/revisions"}],"predecessor-version":[{"id":2418,"href":"https:\/\/semmelweis.hu\/propedeutika\/wp-json\/wp\/v2\/pages\/2409\/revisions\/2418"}],"wp:attachment":[{"href":"https:\/\/semmelweis.hu\/propedeutika\/wp-json\/wp\/v2\/media?parent=2409"}],"wp:term":[{"taxonomy":"category","embeddable":true,"href":"https:\/\/semmelweis.hu\/propedeutika\/wp-json\/wp\/v2\/categories?post=2409"},{"taxonomy":"post_tag","embeddable":true,"href":"https:\/\/semmelweis.hu\/propedeutika\/wp-json\/wp\/v2\/tags?post=2409"}],"curies":[{"name":"wp","href":"https:\/\/api.w.org\/{rel}","templated":true}]}}