{"id":2131,"date":"2024-09-04T14:43:29","date_gmt":"2024-09-04T12:43:29","guid":{"rendered":"https:\/\/semmelweis.hu\/propedeutika\/?page_id=2131"},"modified":"2025-09-10T11:53:23","modified_gmt":"2025-09-10T09:53:23","slug":"praktikumsthematik","status":"publish","type":"page","link":"https:\/\/semmelweis.hu\/propedeutika\/praktikumsthematik\/","title":{"rendered":"Praktikumsthematik"},"content":{"rendered":"<p><a href=\"https:\/\/semmelweis.hu\/propedeutika\/files\/2025\/09\/Praktikumsthematik-fur-Zahnarztliche-Allgemeine-Propadeutik-fur-2025-2026-Academisches-Jahr.pdf\">Praktikumsthematik f\u00fcr Zahn\u00e4rztliche Allgemeine Prop\u00e4deutik f\u00fcr 2025-2026 Academisches Jahr<\/a><\/p>\n","protected":false},"excerpt":{"rendered":"<p><a href=\"https:\/\/semmelweis.hu\/propedeutika\/files\/2025\/09\/Praktikumsthematik-fur-Zahnarztliche-Allgemeine-Propadeutik-fur-2025-2026-Academisches-Jahr.pdf\">Praktikumsthematik f\u00fcr Zahn\u00e4rztliche Allgemeine Prop\u00e4deutik f\u00fcr 2025-2026 Academisches Jahr<\/a><\/p>\n","protected":false},"author":101964,"featured_media":0,"parent":0,"menu_order":0,"comment_status":"closed","ping_status":"closed","template":"","meta":{"_acf_changed":false,"footnotes":""},"categories":[],"tags":[],"class_list":["post-2131","page","type-page","status-publish","hentry"],"acf":[],"_links":{"self":[{"href":"https:\/\/semmelweis.hu\/propedeutika\/wp-json\/wp\/v2\/pages\/2131","targetHints":{"allow":["GET"]}}],"collection":[{"href":"https:\/\/semmelweis.hu\/propedeutika\/wp-json\/wp\/v2\/pages"}],"about":[{"href":"https:\/\/semmelweis.hu\/propedeutika\/wp-json\/wp\/v2\/types\/page"}],"author":[{"embeddable":true,"href":"https:\/\/semmelweis.hu\/propedeutika\/wp-json\/wp\/v2\/users\/101964"}],"replies":[{"embeddable":true,"href":"https:\/\/semmelweis.hu\/propedeutika\/wp-json\/wp\/v2\/comments?post=2131"}],"version-history":[{"count":4,"href":"https:\/\/semmelweis.hu\/propedeutika\/wp-json\/wp\/v2\/pages\/2131\/revisions"}],"predecessor-version":[{"id":2501,"href":"https:\/\/semmelweis.hu\/propedeutika\/wp-json\/wp\/v2\/pages\/2131\/revisions\/2501"}],"wp:attachment":[{"href":"https:\/\/semmelweis.hu\/propedeutika\/wp-json\/wp\/v2\/media?parent=2131"}],"wp:term":[{"taxonomy":"category","embeddable":true,"href":"https:\/\/semmelweis.hu\/propedeutika\/wp-json\/wp\/v2\/categories?post=2131"},{"taxonomy":"post_tag","embeddable":true,"href":"https:\/\/semmelweis.hu\/propedeutika\/wp-json\/wp\/v2\/tags?post=2131"}],"curies":[{"name":"wp","href":"https:\/\/api.w.org\/{rel}","templated":true}]}}