{"id":2091,"date":"2024-07-31T19:21:25","date_gmt":"2024-07-31T17:21:25","guid":{"rendered":"https:\/\/semmelweis.hu\/propedeutika\/?page_id=2091"},"modified":"2025-08-29T08:46:33","modified_gmt":"2025-08-29T06:46:33","slug":"odontotechnologie-und-prothetische-propadeutik","status":"publish","type":"page","link":"https:\/\/semmelweis.hu\/propedeutika\/deutsch\/odontotechnologie-und-prothetische-propadeutik\/","title":{"rendered":"Odontotechnologie und Prothetische Prop\u00e4deutik"},"content":{"rendered":"<p>Der praktische Unterricht der Odontotechnologie und Prothetische Prop\u00e4deutik I., II. und III. findet im Praktikumslabor \u201eImre F\u00f6ldv\u00e1ri\u201d statt.<\/p>\n<p>Das Anforderungssystem f\u00fcr die F\u00e4cher, das Informationsblatt, die Themen und die Hausordnung f\u00fcr Studenten, sowie die Studentische Brand- und Arbeitsschutzvorschriften finden Sie auf der <a href=\"https:\/\/semmelweis.hu\/fogpotlastan\/de\/nemet\/wintersemester-2025-2026\/\">Webseite der Klinik f\u00fcr Zahn\u00e4rztliche Prothetik.<\/a><\/p>\n<ul style=\"list-style-type: circle\">\n<li><a href=\"https:\/\/semmelweis.hu\/propedeutika\/files\/2025\/08\/Odontotechnologie-\u2013-Prothetische-Propadeutik-II.-Studienjahr-2025-2026-Semester-I.-.pdf\">Odontotechnologie \u2013 Prothetische Prop\u00e4deutik II. Studienjahr 2025-2026 Semester I.\u00a0<\/a><\/li>\n<li><a href=\"https:\/\/semmelweis.hu\/propedeutika\/files\/2025\/08\/Odontotechnologie-\u2013-Prothetische-Propadeutik-III.-Studienjahr-2025-2026-Semester-I.-.pdf\">Odontotechnologie \u2013 Prothetische Prop\u00e4deutik III. Studienjahr 2025-2026 Semester I.\u00a0<\/a><\/li>\n<\/ul>\n","protected":false},"excerpt":{"rendered":"<p>Der praktische Unterricht der Odontotechnologie und Prothetische Prop\u00e4deutik I., II. und III. findet im Praktikumslabor \u201eImre F\u00f6ldv\u00e1ri\u201d statt.<br \/>\nDas Anforderungssystem f\u00fcr die F\u00e4cher, das Informationsblatt, die Themen und die Hausordnung f\u00fcr Studenten, sowie die Studentische Brand- und Arbeitsschutzvorschriften finden Sie auf der <a href=\"https:\/\/semmelweis.hu\/fogpotlastan\/de\/nemet\/wintersemester-2025-2026\/\">Webseite der Klinik f\u00fcr Zahn\u00e4rztliche Prothetik.<\/a><\/p>\n<p><a href=\"https:\/\/semmelweis.hu\/propedeutika\/files\/2025\/08\/Odontotechnologie-\u2013-Prothetische-Propadeutik-II.-Studienjahr-2025-2026-Semester-I.-.pdf\">Odontotechnologie \u2013 Prothetische Prop\u00e4deutik II. Studienjahr 2025-2026 Semester I.\u00a0<\/a><br \/>\n<a href=\"https:\/\/semmelweis.hu\/propedeutika\/files\/2025\/08\/Odontotechnologie-\u2013-Prothetische-Propadeutik-III.-Studienjahr-2025-2026-Semester-I.-.pdf\">Odontotechnologie \u2013 Prothetische Prop\u00e4deutik III. Studienjahr 2025-2026 Semester I.\u00a0<\/a><\/p>\n","protected":false},"author":101964,"featured_media":0,"parent":114,"menu_order":2,"comment_status":"closed","ping_status":"closed","template":"","meta":{"_acf_changed":false,"footnotes":""},"categories":[],"tags":[],"class_list":["post-2091","page","type-page","status-publish","hentry"],"acf":[],"_links":{"self":[{"href":"https:\/\/semmelweis.hu\/propedeutika\/wp-json\/wp\/v2\/pages\/2091","targetHints":{"allow":["GET"]}}],"collection":[{"href":"https:\/\/semmelweis.hu\/propedeutika\/wp-json\/wp\/v2\/pages"}],"about":[{"href":"https:\/\/semmelweis.hu\/propedeutika\/wp-json\/wp\/v2\/types\/page"}],"author":[{"embeddable":true,"href":"https:\/\/semmelweis.hu\/propedeutika\/wp-json\/wp\/v2\/users\/101964"}],"replies":[{"embeddable":true,"href":"https:\/\/semmelweis.hu\/propedeutika\/wp-json\/wp\/v2\/comments?post=2091"}],"version-history":[{"count":8,"href":"https:\/\/semmelweis.hu\/propedeutika\/wp-json\/wp\/v2\/pages\/2091\/revisions"}],"predecessor-version":[{"id":2447,"href":"https:\/\/semmelweis.hu\/propedeutika\/wp-json\/wp\/v2\/pages\/2091\/revisions\/2447"}],"up":[{"embeddable":true,"href":"https:\/\/semmelweis.hu\/propedeutika\/wp-json\/wp\/v2\/pages\/114"}],"wp:attachment":[{"href":"https:\/\/semmelweis.hu\/propedeutika\/wp-json\/wp\/v2\/media?parent=2091"}],"wp:term":[{"taxonomy":"category","embeddable":true,"href":"https:\/\/semmelweis.hu\/propedeutika\/wp-json\/wp\/v2\/categories?post=2091"},{"taxonomy":"post_tag","embeddable":true,"href":"https:\/\/semmelweis.hu\/propedeutika\/wp-json\/wp\/v2\/tags?post=2091"}],"curies":[{"name":"wp","href":"https:\/\/api.w.org\/{rel}","templated":true}]}}