{"id":1979,"date":"2024-07-01T14:20:20","date_gmt":"2024-07-01T12:20:20","guid":{"rendered":"https:\/\/semmelweis.hu\/propedeutika\/?page_id=1979"},"modified":"2025-12-10T15:01:36","modified_gmt":"2025-12-10T14:01:36","slug":"prasentationen","status":"publish","type":"page","link":"https:\/\/semmelweis.hu\/propedeutika\/deutsch\/zahnarztliche-allgemeine-propadeutik\/prasentationen\/","title":{"rendered":"Pr\u00e4sentationen"},"content":{"rendered":"<p><strong>Allgemeine Zahn\u00e4rztliche Prop\u00e4deutik Pr\u00e4sentationen 2025-2026 Academisches Jahr<\/strong><\/p>\n<p><strong>Zeit:<\/strong> Donnerstag 8:00-8:45\u00a0<\/p>\n<p><strong>Ort: <\/strong>Balogh- Varga Zimmer\u00a0<\/p>\n<ul>\n<li>11.09. <a href=\"https:\/\/semmelweis.hu\/propedeutika\/files\/2025\/09\/Zahnmedizinische-Grunderkrankungen.pdf\">Zahnmedizinische Grunderkrankungen<\/a>\u00a0(Dr. Demeter Tam\u00e1s)\u00a0<\/li>\n<li>18.09. <a href=\"https:\/\/semmelweis.hu\/propedeutika\/files\/2025\/09\/Zahngesundheitliche-Kennzahlen-der-ungarischen-Bevolkerung.pdf\">Zahngesundheitliche Kennzahlen der ungarischen Bev\u00f6lkerung<\/a> (Dr. Demeter Tam\u00e1s)\u00a0<\/li>\n<li>25.09. <a href=\"https:\/\/semmelweis.hu\/propedeutika\/files\/2025\/10\/Operative-Techniken-in-der-Zahnmedizin.-Prothetik-1.-Folgen-des-Zahnverlustes.-Typen-der-Zahnersatze.pdf\">Operative Techniken in der Zahnmedizin. Prothetik 1. Folgen des Zahnverlustes. Typen der Zahners\u00e4tze<\/a>\u00a0(Dr. Demeter Tam\u00e1s)<\/li>\n<li>02.10. <a href=\"https:\/\/semmelweis.hu\/propedeutika\/files\/2025\/10\/Minimalinvasive-und-Mikroinvasive-Zahnmedizin.-Digitale-Zahnmedizin.pdf\">Minimalinvasive und Mikroinvasive Zahnmedizin. Digitale Zahnmedizin<\/a>\u00a0(Dr. Demeter Tam\u00e1s)\u00a0<\/li>\n<li>09.10. <a href=\"https:\/\/semmelweis.hu\/propedeutika\/files\/2025\/10\/Einrichtung-und-Ausrustung-einer-zahnarztlichen-Praxis-in-der-Zahnmedizin-angewandte-Instrumente.pdf\">Einrichtung und Ausr\u00fcstung einer zahn\u00e4rztlichen Praxis, in der Zahnmedizin angewandte Instrumente<\/a> (Dr. Vincze Zs\u00f3fia)\u00a0<\/li>\n<li>16.10. <a href=\"https:\/\/semmelweis.hu\/propedeutika\/files\/2025\/10\/Praparationstechniken-in-der-Zahnmedizin.-Konservierende-Zahnheilkunde-Endodontie.pdf\">Pr\u00e4parationstechniken in der Zahnmedizin. Konservierende Zahnheilkunde, Endodontie<\/a> (Dr. Jelencsics D\u00e1vid)\u00a0<\/li>\n<li>23.10. <strong>Urlaub\u00a0<\/strong><\/li>\n<li>30.10. <a href=\"https:\/\/semmelweis.hu\/propedeutika\/files\/2025\/11\/Operative-Techniken-in-der-Zahnmedizin.-Prothetik-2.-Regeln-der-Stumpfpraparation-fur-Vollkronen.pdf\">Operative Techniken in der Zahnmedizin. Prothetik 2. Regeln der Stumpfpr\u00e4paration f\u00fcr Vollkronen<\/a> (Dr. Demeter Tam\u00e1s)\u00a0<\/li>\n<li>06.11. <a href=\"https:\/\/semmelweis.hu\/propedeutika\/files\/2025\/11\/Makroskopische-Anatomie-der-Zahne-in-der-Zahnmedizin-angewandte-Ebenen-Richtungen-und-deren-Benennungen.pdf\">Makroskopische Anatomie der Z\u00e4hne, in der Zahnmedizin angewandte Ebenen, Richtungen und deren Benennungen<\/a> (Dr. Demeter Tam\u00e1s)\u00a0<\/li>\n<li>13.11. <a href=\"https:\/\/semmelweis.hu\/propedeutika\/files\/2025\/11\/Kontamination-Infektionskontrolle.pdf\">Kontamination, Infektionskontrolle<\/a> \u00a0(Dr. Demeter Tam\u00e1s)\u00a0<\/li>\n<li>20.11. <a href=\"https:\/\/semmelweis.hu\/propedeutika\/files\/2025\/12\/Stand-der-Zahnmedizin-als-Wissenschaft-in-der-Welt-der-Lebenswissenshaften.-Die-Rolle-der-zahnmedizinischen-Wissenschaftszweige-in-der-Allgemeinmedizin.-Das-Behandlung-Team.pdf\">Stand der Zahnmedizin als Wissenschaft in der Welt der Lebenswissenshaften. Die Rolle der zahnmedizinischen Wissenschaftszweige in der Allgemeinmedizin. Das (Behandlung-) Team<\/a> (Dr. Demeter Tam\u00e1s)\u00a0<\/li>\n<li>27.11. <a href=\"https:\/\/semmelweis.hu\/propedeutika\/files\/2025\/12\/Operative-Techniken-in-der-Zahnmedizin.-Kieferchirurgie-.pdf\">Operative Techniken in der Zahnmedizin. Kieferchirurgie <\/a>(Dr.Kiss Dorottya)<\/li>\n<li>04.12. <a href=\"https:\/\/semmelweis.hu\/propedeutika\/files\/2025\/12\/Operative-Techniken-in-der-Zahnmedizin.-Parodontologie.pdf\">Operative Techniken in der Zahnmedizin. Parodontologie<\/a> (Dr. Palkovics D\u00e1niel)\u00a0<\/li>\n<li>11.12. <a href=\"https:\/\/semmelweis.hu\/propedeutika\/files\/2025\/12\/Operative-Techniken-in-der-Zahnmedizin.-Kieferorthopadie-und-Kinderzahnheilkund-.pdf\">Operative Techniken in der Zahnmedizin. Kieferorthop\u00e4die und Kinderzahnheilkund\u00a0<\/a><\/li>\n<\/ul>\n","protected":false},"excerpt":{"rendered":"<p>Allgemeine Zahn\u00e4rztliche Prop\u00e4deutik Pr\u00e4sentationen 2025-2026 Academisches Jahr Zeit: Donnerstag 8:00-8:45\u00a0 Ort: Balogh- Varga Zimmer\u00a0 11.09. <a href=\"https:\/\/semmelweis.hu\/propedeutika\/files\/2025\/09\/Zahnmedizinische-Grunderkrankungen.pdf\">Zahnmedizinische Grunderkrankungen<\/a> \u00a0(Dr. Demeter Tam\u00e1s)\u00a0 18.09. <a href=\"https:\/\/semmelweis.hu\/propedeutika\/files\/2025\/09\/Zahngesundheitliche-Kennzahlen-der-ungarischen-Bevolkerung.pdf\">Zahngesundheitliche Kennzahlen der ungarischen Bev\u00f6lkerung<\/a> (Dr. Demeter Tam\u00e1s)\u00a0 25.09. <a href=\"https:\/\/semmelweis.hu\/propedeutika\/files\/2025\/10\/Operative-Techniken-in-der-Zahnmedizin.-Prothetik-1.-Folgen-des-Zahnverlustes.-Typen-der-Zahnersatze.pdf\">Operative Techniken in der Zahnmedizin. Prothetik 1. Folgen des Zahnverlustes. Typen der Zahners\u00e4tze<\/a> \u00a0(Dr. Demeter Tam\u00e1s) 02.10. <a href=\"https:\/\/semmelweis.hu\/propedeutika\/files\/2025\/10\/Minimalinvasive-und-Mikroinvasive-Zahnmedizin.-Digitale-Zahnmedizin.pdf\">Minimalinvasive und Mikroinvasive Zahnmedizin. Digitale Zahnmedizin<\/a> \u00a0(Dr. Demeter Tam\u00e1s)\u00a0 09.10. <a href=\"https:\/\/semmelweis.hu\/propedeutika\/files\/2025\/10\/Einrichtung-und-Ausrustung-einer-zahnarztlichen-Praxis-in-der-Zahnmedizin-angewandte-Instrumente.pdf\">Einrichtung und Ausr\u00fcstung einer zahn\u00e4rztlichen Praxis, in der Zahnmedizin angewandte Instrumente<\/a> (Dr. Vincze Zs\u00f3fia)\u00a0 16.10. <a href=\"https:\/\/semmelweis.hu\/propedeutika\/files\/2025\/10\/Praparationstechniken-in-der-Zahnmedizin.-Konservierende-Zahnheilkunde-Endodontie.pdf\">Pr\u00e4parationstechniken in der Zahnmedizin. Konservierende Zahnheilkunde, Endodontie<\/a> (Dr. Jelencsics D\u00e1vid)\u00a0 23.10. Urlaub\u00a0 30.10. <a href=\"https:\/\/semmelweis.hu\/propedeutika\/files\/2025\/11\/Operative-Techniken-in-der-Zahnmedizin.-Prothetik-2.-Regeln-der-Stumpfpraparation-fur-Vollkronen.pdf\">Operative Techniken in der Zahnmedizin. Prothetik 2. Regeln der Stumpfpr\u00e4paration f\u00fcr Vollkronen<\/a> (Dr. Demeter Tam\u00e1s)\u00a0 06.11. <a href=\"https:\/\/semmelweis.hu\/propedeutika\/files\/2025\/11\/Makroskopische-Anatomie-der-Zahne-in-der-Zahnmedizin-angewandte-Ebenen-Richtungen-und-deren-Benennungen.pdf\">Makroskopische Anatomie der Z\u00e4hne, in der Zahnmedizin angewandte Ebenen, Richtungen und deren Benennungen<\/a> (Dr. Demeter Tam\u00e1s)\u00a0 13.11. <a href=\"https:\/\/semmelweis.hu\/propedeutika\/files\/2025\/11\/Kontamination-Infektionskontrolle.pdf\">Kontamination, Infektionskontrolle<\/a> \u00a0(Dr. Demeter Tam\u00e1s)\u00a0 20.11. <a href=\"https:\/\/semmelweis.hu\/propedeutika\/files\/2025\/12\/Stand-der-Zahnmedizin-als-Wissenschaft-in-der-Welt-der-Lebenswissenshaften.-Die-Rolle-der-zahnmedizinischen-Wissenschaftszweige-in-der-Allgemeinmedizin.-Das-Behandlung-Team.pdf\">Stand der Zahnmedizin als Wissenschaft in der Welt der Lebenswissenshaften. Die Rolle der zahnmedizinischen Wissenschaftszweige in der Allgemeinmedizin. Das (Behandlung-) Team<\/a> (Dr. Demeter &hellip;<\/p>\n","protected":false},"author":101964,"featured_media":0,"parent":1967,"menu_order":2,"comment_status":"closed","ping_status":"closed","template":"","meta":{"_acf_changed":false,"footnotes":""},"categories":[],"tags":[],"class_list":["post-1979","page","type-page","status-publish","hentry"],"acf":[],"_links":{"self":[{"href":"https:\/\/semmelweis.hu\/propedeutika\/wp-json\/wp\/v2\/pages\/1979","targetHints":{"allow":["GET"]}}],"collection":[{"href":"https:\/\/semmelweis.hu\/propedeutika\/wp-json\/wp\/v2\/pages"}],"about":[{"href":"https:\/\/semmelweis.hu\/propedeutika\/wp-json\/wp\/v2\/types\/page"}],"author":[{"embeddable":true,"href":"https:\/\/semmelweis.hu\/propedeutika\/wp-json\/wp\/v2\/users\/101964"}],"replies":[{"embeddable":true,"href":"https:\/\/semmelweis.hu\/propedeutika\/wp-json\/wp\/v2\/comments?post=1979"}],"version-history":[{"count":10,"href":"https:\/\/semmelweis.hu\/propedeutika\/wp-json\/wp\/v2\/pages\/1979\/revisions"}],"predecessor-version":[{"id":2642,"href":"https:\/\/semmelweis.hu\/propedeutika\/wp-json\/wp\/v2\/pages\/1979\/revisions\/2642"}],"up":[{"embeddable":true,"href":"https:\/\/semmelweis.hu\/propedeutika\/wp-json\/wp\/v2\/pages\/1967"}],"wp:attachment":[{"href":"https:\/\/semmelweis.hu\/propedeutika\/wp-json\/wp\/v2\/media?parent=1979"}],"wp:term":[{"taxonomy":"category","embeddable":true,"href":"https:\/\/semmelweis.hu\/propedeutika\/wp-json\/wp\/v2\/categories?post=1979"},{"taxonomy":"post_tag","embeddable":true,"href":"https:\/\/semmelweis.hu\/propedeutika\/wp-json\/wp\/v2\/tags?post=1979"}],"curies":[{"name":"wp","href":"https:\/\/api.w.org\/{rel}","templated":true}]}}