{"id":1976,"date":"2024-07-01T14:17:40","date_gmt":"2024-07-01T12:17:40","guid":{"rendered":"https:\/\/semmelweis.hu\/propedeutika\/?page_id=1976"},"modified":"2025-08-29T12:06:48","modified_gmt":"2025-08-29T10:06:48","slug":"prufungsthemen","status":"publish","type":"page","link":"https:\/\/semmelweis.hu\/propedeutika\/deutsch\/zahnarztliche-allgemeine-propadeutik\/prufungsthemen\/","title":{"rendered":"Pr\u00fcfungsthemen"},"content":{"rendered":"<p><a href=\"https:\/\/semmelweis.hu\/propedeutika\/files\/2025\/08\/Allgemeine-Zahnarztliche-Propadeutik-Prufungsthemen.pdf\">Allgemeine Zahn\u00e4rztliche Prop\u00e4deutik Pr\u00fcfungsthemen<\/a><\/p>\n","protected":false},"excerpt":{"rendered":"<p><a href=\"https:\/\/semmelweis.hu\/propedeutika\/files\/2025\/08\/Allgemeine-Zahnarztliche-Propadeutik-Prufungsthemen.pdf\">Allgemeine Zahn\u00e4rztliche Prop\u00e4deutik Pr\u00fcfungsthemen<\/a><\/p>\n","protected":false},"author":101964,"featured_media":0,"parent":1967,"menu_order":3,"comment_status":"closed","ping_status":"closed","template":"","meta":{"_acf_changed":false,"footnotes":""},"categories":[],"tags":[],"class_list":["post-1976","page","type-page","status-publish","hentry"],"acf":[],"_links":{"self":[{"href":"https:\/\/semmelweis.hu\/propedeutika\/wp-json\/wp\/v2\/pages\/1976","targetHints":{"allow":["GET"]}}],"collection":[{"href":"https:\/\/semmelweis.hu\/propedeutika\/wp-json\/wp\/v2\/pages"}],"about":[{"href":"https:\/\/semmelweis.hu\/propedeutika\/wp-json\/wp\/v2\/types\/page"}],"author":[{"embeddable":true,"href":"https:\/\/semmelweis.hu\/propedeutika\/wp-json\/wp\/v2\/users\/101964"}],"replies":[{"embeddable":true,"href":"https:\/\/semmelweis.hu\/propedeutika\/wp-json\/wp\/v2\/comments?post=1976"}],"version-history":[{"count":5,"href":"https:\/\/semmelweis.hu\/propedeutika\/wp-json\/wp\/v2\/pages\/1976\/revisions"}],"predecessor-version":[{"id":2464,"href":"https:\/\/semmelweis.hu\/propedeutika\/wp-json\/wp\/v2\/pages\/1976\/revisions\/2464"}],"up":[{"embeddable":true,"href":"https:\/\/semmelweis.hu\/propedeutika\/wp-json\/wp\/v2\/pages\/1967"}],"wp:attachment":[{"href":"https:\/\/semmelweis.hu\/propedeutika\/wp-json\/wp\/v2\/media?parent=1976"}],"wp:term":[{"taxonomy":"category","embeddable":true,"href":"https:\/\/semmelweis.hu\/propedeutika\/wp-json\/wp\/v2\/categories?post=1976"},{"taxonomy":"post_tag","embeddable":true,"href":"https:\/\/semmelweis.hu\/propedeutika\/wp-json\/wp\/v2\/tags?post=1976"}],"curies":[{"name":"wp","href":"https:\/\/api.w.org\/{rel}","templated":true}]}}