{"id":1950,"date":"2024-07-01T12:59:27","date_gmt":"2024-07-01T10:59:27","guid":{"rendered":"https:\/\/semmelweis.hu\/propedeutika\/?page_id=1950"},"modified":"2024-07-01T12:59:27","modified_gmt":"2024-07-01T10:59:27","slug":"odontotechnologia-es-fogpotlastani-propedeutika-nyari-gyakorlat","status":"publish","type":"page","link":"https:\/\/semmelweis.hu\/propedeutika\/oktatas\/nyari-gyakorlat-a-tanszeken\/odontotechnologia-es-fogpotlastani-propedeutika-nyari-gyakorlat\/","title":{"rendered":"Odontotechnol\u00f3gia \u00e9s fogp\u00f3tl\u00e1stani propedeutika ny\u00e1ri gyakorlat"},"content":{"rendered":"","protected":false},"excerpt":{"rendered":"","protected":false},"author":101964,"featured_media":0,"parent":1929,"menu_order":2,"comment_status":"closed","ping_status":"closed","template":"","meta":{"_acf_changed":false,"footnotes":""},"categories":[],"tags":[],"class_list":["post-1950","page","type-page","status-publish","hentry"],"acf":[],"_links":{"self":[{"href":"https:\/\/semmelweis.hu\/propedeutika\/wp-json\/wp\/v2\/pages\/1950","targetHints":{"allow":["GET"]}}],"collection":[{"href":"https:\/\/semmelweis.hu\/propedeutika\/wp-json\/wp\/v2\/pages"}],"about":[{"href":"https:\/\/semmelweis.hu\/propedeutika\/wp-json\/wp\/v2\/types\/page"}],"author":[{"embeddable":true,"href":"https:\/\/semmelweis.hu\/propedeutika\/wp-json\/wp\/v2\/users\/101964"}],"replies":[{"embeddable":true,"href":"https:\/\/semmelweis.hu\/propedeutika\/wp-json\/wp\/v2\/comments?post=1950"}],"version-history":[{"count":1,"href":"https:\/\/semmelweis.hu\/propedeutika\/wp-json\/wp\/v2\/pages\/1950\/revisions"}],"predecessor-version":[{"id":1951,"href":"https:\/\/semmelweis.hu\/propedeutika\/wp-json\/wp\/v2\/pages\/1950\/revisions\/1951"}],"up":[{"embeddable":true,"href":"https:\/\/semmelweis.hu\/propedeutika\/wp-json\/wp\/v2\/pages\/1929"}],"wp:attachment":[{"href":"https:\/\/semmelweis.hu\/propedeutika\/wp-json\/wp\/v2\/media?parent=1950"}],"wp:term":[{"taxonomy":"category","embeddable":true,"href":"https:\/\/semmelweis.hu\/propedeutika\/wp-json\/wp\/v2\/categories?post=1950"},{"taxonomy":"post_tag","embeddable":true,"href":"https:\/\/semmelweis.hu\/propedeutika\/wp-json\/wp\/v2\/tags?post=1950"}],"curies":[{"name":"wp","href":"https:\/\/api.w.org\/{rel}","templated":true}]}}