{"id":1938,"date":"2024-07-01T12:42:37","date_gmt":"2024-07-01T10:42:37","guid":{"rendered":"https:\/\/semmelweis.hu\/propedeutika\/?page_id=1938"},"modified":"2024-07-09T10:02:03","modified_gmt":"2024-07-09T08:02:03","slug":"summer-practice-of-odontotechology-and-prosthodontics-preclinical","status":"publish","type":"page","link":"https:\/\/semmelweis.hu\/propedeutika\/english\/summer-practice-at-our-department\/summer-practice-of-odontotechology-and-prosthodontics-preclinical\/","title":{"rendered":"Summer Practice of Odontotechology and Prosthodontics Preclinical"},"content":{"rendered":"<p><em><strong><span style=\"font-size: 18pt\">I. First week<\/span> <\/strong><\/em>(2024.07.08-07.12\/2024.07.22-07.26)<strong>: Visiting Dental Laboratories<\/strong><\/p>\n<ul style=\"list-style-type: disc\">\n<li><strong>Monday<\/strong>: \u00c1rk\u00f6vy Lecture Hall introduction<\/li>\n<li><strong>Tuesday, Wednesday<\/strong> : visiting the Interdent\u00e1l Laboratories<\/li>\n<li><strong>Thursday<\/strong>: \u00c1rk\u00f6vy Lecture Hall practical presentation making<\/li>\n<li><strong>Friday<\/strong>: \u00c1rk\u00f6vy Ledcture Hall competition\u00a0<\/li>\n<\/ul>\n<p><em><span style=\"font-size: 18pt\"><strong>II. Second week<\/strong><\/span><\/em> (2024.07.15-07.19.\/2024.07.29-08.02.): F\u00f6ldv\u00e1ri Imre Laboratory Educational Centre 2nd floor 229.\u00a0<\/p>\n<p><strong>Monday<\/strong>: lectures; <strong>lecture topics<\/strong>:<\/p>\n<ul>\n<li>Medical and dental history taking, patient examination<\/li>\n<li>The presents of implants in dentistry<\/li>\n<li>Digital opportunities in dentistry<\/li>\n<li>Clinical and odontotechonoligal aspects of tooth shade determination<\/li>\n<li>The environmental impacts of materials and processes used in odontotechnology<\/li>\n<li>Macroscopic anatomy of teeth\u00a0<\/li>\n<\/ul>\n<p><strong>Tuesday<\/strong>: practice: wax pattern fabrication of a fron tooth<\/p>\n<p><strong>Wednesday<\/strong>: practice: wax pattern fabrication of a premolar tooth<\/p>\n<p><strong>Thursday<\/strong>: practice: way pattern fabrication of a molar tooth\u00a0<\/p>\n<p><strong>Friday<\/strong>: tooth selection\u00a0<\/p>\n","protected":false},"excerpt":{"rendered":"<p>I. First week (2024.07.08-07.12\/2024.07.22-07.26): Visiting Dental Laboratories Monday: \u00c1rk\u00f6vy Lecture Hall introduction Tuesday, Wednesday : visiting the Interdent\u00e1l Laboratories Thursday: \u00c1rk\u00f6vy Lecture Hall practical presentation making Friday: \u00c1rk\u00f6vy Ledcture Hall competition\u00a0 II. Second week (2024.07.15-07.19.\/2024.07.29-08.02.): F\u00f6ldv\u00e1ri Imre Laboratory Educational Centre 2nd floor 229.\u00a0 Monday: lectures; lecture topics: Medical and dental history taking, patient examination The &hellip;<\/p>\n","protected":false},"author":101964,"featured_media":0,"parent":1932,"menu_order":2,"comment_status":"closed","ping_status":"closed","template":"","meta":{"_acf_changed":false,"footnotes":""},"categories":[],"tags":[],"class_list":["post-1938","page","type-page","status-publish","hentry"],"acf":[],"_links":{"self":[{"href":"https:\/\/semmelweis.hu\/propedeutika\/wp-json\/wp\/v2\/pages\/1938","targetHints":{"allow":["GET"]}}],"collection":[{"href":"https:\/\/semmelweis.hu\/propedeutika\/wp-json\/wp\/v2\/pages"}],"about":[{"href":"https:\/\/semmelweis.hu\/propedeutika\/wp-json\/wp\/v2\/types\/page"}],"author":[{"embeddable":true,"href":"https:\/\/semmelweis.hu\/propedeutika\/wp-json\/wp\/v2\/users\/101964"}],"replies":[{"embeddable":true,"href":"https:\/\/semmelweis.hu\/propedeutika\/wp-json\/wp\/v2\/comments?post=1938"}],"version-history":[{"count":3,"href":"https:\/\/semmelweis.hu\/propedeutika\/wp-json\/wp\/v2\/pages\/1938\/revisions"}],"predecessor-version":[{"id":2065,"href":"https:\/\/semmelweis.hu\/propedeutika\/wp-json\/wp\/v2\/pages\/1938\/revisions\/2065"}],"up":[{"embeddable":true,"href":"https:\/\/semmelweis.hu\/propedeutika\/wp-json\/wp\/v2\/pages\/1932"}],"wp:attachment":[{"href":"https:\/\/semmelweis.hu\/propedeutika\/wp-json\/wp\/v2\/media?parent=1938"}],"wp:term":[{"taxonomy":"category","embeddable":true,"href":"https:\/\/semmelweis.hu\/propedeutika\/wp-json\/wp\/v2\/categories?post=1938"},{"taxonomy":"post_tag","embeddable":true,"href":"https:\/\/semmelweis.hu\/propedeutika\/wp-json\/wp\/v2\/tags?post=1938"}],"curies":[{"name":"wp","href":"https:\/\/api.w.org\/{rel}","templated":true}]}}