{"id":1897,"date":"2024-07-01T11:19:35","date_gmt":"2024-07-01T09:19:35","guid":{"rendered":"https:\/\/semmelweis.hu\/propedeutika\/?page_id=1897"},"modified":"2025-08-29T09:22:36","modified_gmt":"2025-08-29T07:22:36","slug":"odontotechnologia-es-fogpotlastani-propedeutika-iii-gyakorlati-tematika","status":"publish","type":"page","link":"https:\/\/semmelweis.hu\/propedeutika\/oktatas\/odontotechnologia-es-fogpotlastani-propedeutika\/odontotechnologia-es-fogpotlastani-propedeutika-iii-gyakorlati-tematika\/","title":{"rendered":"Odontotechnol\u00f3gia \u00e9s fogp\u00f3tl\u00e1stani propedeutika III. gyakorlati tematika"},"content":{"rendered":"<ul>\n<li>Az odontotechnol\u00f3gia \u00e9s fogp\u00f3tl\u00e1stani propedeutika III. k\u00f6vetelm\u00e9nyrendszere, hallgat\u00f3i t\u00e1j\u00e9koztat\u00f3ja, szemin\u00e1riumi tematik\u00e1ja valamint a hallgat\u00f3i h\u00e1zirend \u00e9s a hallgat\u00f3kra vonatkoz\u00f3 t\u0171z-\u00e9s munkav\u00e9delmi el\u0151\u00edr\u00e1sok el\u00e9rhet\u0151ek a<a href=\"https:\/\/semmelweis.hu\/fogpotlastan\/oktatas\/2025-2026-os-tanev-i-felev\/\"> Fogp\u00f3tl\u00e1stani Klinika honlapj\u00e1n<\/a>.<\/li>\n<li>A t\u00e1rgy gyakorlati tematik\u00e1ja el\u00e9rhet\u0151: <a href=\"https:\/\/semmelweis.hu\/propedeutika\/files\/2025\/08\/Odontotechnologia-es-fogpotlastani-propedeutika-III.-2025-2026.-I.-felev-gyakorlati-tematika.pdf\">Odontotechnol\u00f3gia \u00e9s fogp\u00f3tl\u00e1stani propedeutika III. 2025-2026. I. f\u00e9l\u00e9v gyakorlati tematika<\/a><\/li>\n<li>A III. f\u00e9l\u00e9v v\u00e9gi odontotechnol\u00f3gia \u00e9s fogp\u00f3tl\u00e1stani propedeutika gyakorlati szigorlat tematik\u00e1ja el\u00e9rhet\u0151:<a href=\"https:\/\/semmelweis.hu\/propedeutika\/files\/2024\/07\/Odontotechnologia-es-fogpotlastani-propedeutika-gyakolrati-szigorlat-tetelek.pdf\">Odontotechnol\u00f3gia \u00e9s fogp\u00f3tl\u00e1stani propedeutika gyakolrati szigorlat t\u00e9telek<\/a>\u00a0<\/li>\n<\/ul>\n","protected":false},"excerpt":{"rendered":"<p>Az odontotechnol\u00f3gia \u00e9s fogp\u00f3tl\u00e1stani propedeutika III. k\u00f6vetelm\u00e9nyrendszere, hallgat\u00f3i t\u00e1j\u00e9koztat\u00f3ja, szemin\u00e1riumi tematik\u00e1ja valamint a hallgat\u00f3i h\u00e1zirend \u00e9s a hallgat\u00f3kra vonatkoz\u00f3 t\u0171z-\u00e9s munkav\u00e9delmi el\u0151\u00edr\u00e1sok el\u00e9rhet\u0151ek a<a href=\"https:\/\/semmelweis.hu\/fogpotlastan\/oktatas\/2025-2026-os-tanev-i-felev\/\"> Fogp\u00f3tl\u00e1stani Klinika honlapj\u00e1n<\/a>.<br \/>\nA t\u00e1rgy gyakorlati tematik\u00e1ja el\u00e9rhet\u0151: <a href=\"https:\/\/semmelweis.hu\/propedeutika\/files\/2025\/08\/Odontotechnologia-es-fogpotlastani-propedeutika-III.-2025-2026.-I.-felev-gyakorlati-tematika.pdf\">Odontotechnol\u00f3gia \u00e9s fogp\u00f3tl\u00e1stani propedeutika III. 2025-2026. I. f\u00e9l\u00e9v gyakorlati tematika<\/a><br \/>\nA III. f\u00e9l\u00e9v v\u00e9gi odontotechnol\u00f3gia \u00e9s fogp\u00f3tl\u00e1stani propedeutika gyakorlati szigorlat tematik\u00e1ja el\u00e9rhet\u0151:<a href=\"https:\/\/semmelweis.hu\/propedeutika\/files\/2024\/07\/Odontotechnologia-es-fogpotlastani-propedeutika-gyakolrati-szigorlat-tetelek.pdf\">Odontotechnol\u00f3gia \u00e9s fogp\u00f3tl\u00e1stani propedeutika gyakolrati szigorlat t\u00e9telek<\/a>\u00a0<\/p>\n","protected":false},"author":101964,"featured_media":0,"parent":1525,"menu_order":3,"comment_status":"closed","ping_status":"closed","template":"","meta":{"_acf_changed":false,"footnotes":""},"categories":[],"tags":[],"class_list":["post-1897","page","type-page","status-publish","hentry"],"acf":[],"_links":{"self":[{"href":"https:\/\/semmelweis.hu\/propedeutika\/wp-json\/wp\/v2\/pages\/1897","targetHints":{"allow":["GET"]}}],"collection":[{"href":"https:\/\/semmelweis.hu\/propedeutika\/wp-json\/wp\/v2\/pages"}],"about":[{"href":"https:\/\/semmelweis.hu\/propedeutika\/wp-json\/wp\/v2\/types\/page"}],"author":[{"embeddable":true,"href":"https:\/\/semmelweis.hu\/propedeutika\/wp-json\/wp\/v2\/users\/101964"}],"replies":[{"embeddable":true,"href":"https:\/\/semmelweis.hu\/propedeutika\/wp-json\/wp\/v2\/comments?post=1897"}],"version-history":[{"count":9,"href":"https:\/\/semmelweis.hu\/propedeutika\/wp-json\/wp\/v2\/pages\/1897\/revisions"}],"predecessor-version":[{"id":2456,"href":"https:\/\/semmelweis.hu\/propedeutika\/wp-json\/wp\/v2\/pages\/1897\/revisions\/2456"}],"up":[{"embeddable":true,"href":"https:\/\/semmelweis.hu\/propedeutika\/wp-json\/wp\/v2\/pages\/1525"}],"wp:attachment":[{"href":"https:\/\/semmelweis.hu\/propedeutika\/wp-json\/wp\/v2\/media?parent=1897"}],"wp:term":[{"taxonomy":"category","embeddable":true,"href":"https:\/\/semmelweis.hu\/propedeutika\/wp-json\/wp\/v2\/categories?post=1897"},{"taxonomy":"post_tag","embeddable":true,"href":"https:\/\/semmelweis.hu\/propedeutika\/wp-json\/wp\/v2\/tags?post=1897"}],"curies":[{"name":"wp","href":"https:\/\/api.w.org\/{rel}","templated":true}]}}