{"id":1883,"date":"2024-07-01T10:43:12","date_gmt":"2024-07-01T08:43:12","guid":{"rendered":"https:\/\/semmelweis.hu\/propedeutika\/?page_id=1883"},"modified":"2026-02-04T13:06:21","modified_gmt":"2026-02-04T12:06:21","slug":"infekciokontroll","status":"publish","type":"page","link":"https:\/\/semmelweis.hu\/propedeutika\/oktatas\/infekciokontroll\/","title":{"rendered":"Infekci\u00f3kontroll"},"content":{"rendered":"<p>Digit\u00e1lis Fog\u00e1szati Tervez\u00e9s alapk\u00e9pz\u00e9si szak II. \u00e9volyam 4. f\u00e9l\u00e9v.\u00a0<\/p>\n<p>A tant\u00e1gy <strong>el\u0151ad\u00e1stematik\u00e1ja, az el\u0151ad\u00e1sok helye, ideje, k\u00f6vetelm\u00e9ny rendszere<\/strong>, a <strong>beadand\u00f3k t\u00e9m\u00e1k list\u00e1ja<\/strong> \u00e9s <strong>t\u00e9telsora<\/strong> el\u00e9rhet\u0151 a <a href=\"https:\/\/semmelweis.hu\/dft\/2-evfolyam\/iv-felev\/infekciokontroll\/\">Digit\u00e1lis Fog\u00e1szati Tervez\u00e9s Szak honlapj\u00e1n<\/a>.\u00a0<\/p>\n<p>&nbsp;<\/p>\n","protected":false},"excerpt":{"rendered":"<p>Digit\u00e1lis Fog\u00e1szati Tervez\u00e9s alapk\u00e9pz\u00e9si szak II. \u00e9volyam 4. f\u00e9l\u00e9v.\u00a0<br \/>\nA tant\u00e1gy el\u0151ad\u00e1stematik\u00e1ja, az el\u0151ad\u00e1sok helye, ideje, k\u00f6vetelm\u00e9ny rendszere, a beadand\u00f3k t\u00e9m\u00e1k list\u00e1ja \u00e9s t\u00e9telsora el\u00e9rhet\u0151 a <a href=\"https:\/\/semmelweis.hu\/dft\/2-evfolyam\/iv-felev\/infekciokontroll\/\">Digit\u00e1lis Fog\u00e1szati Tervez\u00e9s Szak honlapj\u00e1n<\/a>.\u00a0<br \/>\n&nbsp;<\/p>\n","protected":false},"author":101964,"featured_media":0,"parent":9,"menu_order":4,"comment_status":"closed","ping_status":"closed","template":"","meta":{"_acf_changed":false,"footnotes":""},"categories":[],"tags":[],"class_list":["post-1883","page","type-page","status-publish","hentry"],"acf":[],"_links":{"self":[{"href":"https:\/\/semmelweis.hu\/propedeutika\/wp-json\/wp\/v2\/pages\/1883","targetHints":{"allow":["GET"]}}],"collection":[{"href":"https:\/\/semmelweis.hu\/propedeutika\/wp-json\/wp\/v2\/pages"}],"about":[{"href":"https:\/\/semmelweis.hu\/propedeutika\/wp-json\/wp\/v2\/types\/page"}],"author":[{"embeddable":true,"href":"https:\/\/semmelweis.hu\/propedeutika\/wp-json\/wp\/v2\/users\/101964"}],"replies":[{"embeddable":true,"href":"https:\/\/semmelweis.hu\/propedeutika\/wp-json\/wp\/v2\/comments?post=1883"}],"version-history":[{"count":10,"href":"https:\/\/semmelweis.hu\/propedeutika\/wp-json\/wp\/v2\/pages\/1883\/revisions"}],"predecessor-version":[{"id":2649,"href":"https:\/\/semmelweis.hu\/propedeutika\/wp-json\/wp\/v2\/pages\/1883\/revisions\/2649"}],"up":[{"embeddable":true,"href":"https:\/\/semmelweis.hu\/propedeutika\/wp-json\/wp\/v2\/pages\/9"}],"wp:attachment":[{"href":"https:\/\/semmelweis.hu\/propedeutika\/wp-json\/wp\/v2\/media?parent=1883"}],"wp:term":[{"taxonomy":"category","embeddable":true,"href":"https:\/\/semmelweis.hu\/propedeutika\/wp-json\/wp\/v2\/categories?post=1883"},{"taxonomy":"post_tag","embeddable":true,"href":"https:\/\/semmelweis.hu\/propedeutika\/wp-json\/wp\/v2\/tags?post=1883"}],"curies":[{"name":"wp","href":"https:\/\/api.w.org\/{rel}","templated":true}]}}