{"id":1866,"date":"2024-06-28T06:13:25","date_gmt":"2024-06-28T04:13:25","guid":{"rendered":"https:\/\/semmelweis.hu\/propedeutika\/?page_id=1866"},"modified":"2026-02-04T12:57:02","modified_gmt":"2026-02-04T11:57:02","slug":"altalanos-fogaszati-ismeretek-2","status":"publish","type":"page","link":"https:\/\/semmelweis.hu\/propedeutika\/oktatas\/altalanos-fogaszati-ismeretek-2\/","title":{"rendered":"\u00c1ltal\u00e1nos Fog\u00e1szati Ismeretek"},"content":{"rendered":"<p>Digit\u00e1lis Fog\u00e1szati Tervez\u00e9s alapk\u00e9pz\u00e9si szak I. \u00e9volyam 1. f\u00e9l\u00e9v.\u00a0<\/p>\n<p>A tant\u00e1gy <strong>el\u0151ad\u00e1stematik\u00e1ja<\/strong>, <strong>k\u00f6vetelm\u00e9ny rendszere<\/strong>, a <strong>beadand\u00f3k t\u00e9m\u00e1k list\u00e1ja<\/strong> \u00e9s <strong>t\u00e9telsora<\/strong> el\u00e9rhet\u0151 a <a href=\"https:\/\/semmelweis.hu\/dft\/1-evfolyam\/1-felev\/altalanos-fogaszati-alapismeretek\/\">Digit\u00e1lis Fog\u00e1szati Tervez\u00e9s Szak honlapj\u00e1n<\/a>.\u00a0<\/p>\n<p><a href=\"https:\/\/semmelweis.hu\/propedeutika\/files\/2025\/02\/Intezkedesi-terv-a-2024-2025.-tanev-I.-szemeszter-OMHV-adatai-alapjan.pdf\">Int\u00e9zked\u00e9si terv a 2024-2025. tan\u00e9v I. szemeszter OMHV adatai alapj\u00e1n<\/a><\/p>\n<p>Int\u00e9zked\u00e9si terv a 2025-2026. tan\u00e9v II. szemeszter OMHV adatai alapj\u00e1n\u00a0<\/p>\n","protected":false},"excerpt":{"rendered":"<p>Digit\u00e1lis Fog\u00e1szati Tervez\u00e9s alapk\u00e9pz\u00e9si szak I. \u00e9volyam 1. f\u00e9l\u00e9v.\u00a0<br \/>\nA tant\u00e1gy el\u0151ad\u00e1stematik\u00e1ja, k\u00f6vetelm\u00e9ny rendszere, a beadand\u00f3k t\u00e9m\u00e1k list\u00e1ja \u00e9s t\u00e9telsora el\u00e9rhet\u0151 a <a href=\"https:\/\/semmelweis.hu\/dft\/1-evfolyam\/1-felev\/altalanos-fogaszati-alapismeretek\/\">Digit\u00e1lis Fog\u00e1szati Tervez\u00e9s Szak honlapj\u00e1n<\/a>.\u00a0<br \/>\n<a href=\"https:\/\/semmelweis.hu\/propedeutika\/files\/2025\/02\/Intezkedesi-terv-a-2024-2025.-tanev-I.-szemeszter-OMHV-adatai-alapjan.pdf\">Int\u00e9zked\u00e9si terv a 2024-2025. tan\u00e9v I. szemeszter OMHV adatai alapj\u00e1n<\/a><br \/>\nInt\u00e9zked\u00e9si terv a 2025-2026. tan\u00e9v II. szemeszter OMHV adatai alapj\u00e1n\u00a0<\/p>\n","protected":false},"author":101964,"featured_media":0,"parent":9,"menu_order":3,"comment_status":"closed","ping_status":"closed","template":"","meta":{"_acf_changed":false,"footnotes":""},"categories":[],"tags":[],"class_list":["post-1866","page","type-page","status-publish","hentry"],"acf":[],"_links":{"self":[{"href":"https:\/\/semmelweis.hu\/propedeutika\/wp-json\/wp\/v2\/pages\/1866","targetHints":{"allow":["GET"]}}],"collection":[{"href":"https:\/\/semmelweis.hu\/propedeutika\/wp-json\/wp\/v2\/pages"}],"about":[{"href":"https:\/\/semmelweis.hu\/propedeutika\/wp-json\/wp\/v2\/types\/page"}],"author":[{"embeddable":true,"href":"https:\/\/semmelweis.hu\/propedeutika\/wp-json\/wp\/v2\/users\/101964"}],"replies":[{"embeddable":true,"href":"https:\/\/semmelweis.hu\/propedeutika\/wp-json\/wp\/v2\/comments?post=1866"}],"version-history":[{"count":6,"href":"https:\/\/semmelweis.hu\/propedeutika\/wp-json\/wp\/v2\/pages\/1866\/revisions"}],"predecessor-version":[{"id":2645,"href":"https:\/\/semmelweis.hu\/propedeutika\/wp-json\/wp\/v2\/pages\/1866\/revisions\/2645"}],"up":[{"embeddable":true,"href":"https:\/\/semmelweis.hu\/propedeutika\/wp-json\/wp\/v2\/pages\/9"}],"wp:attachment":[{"href":"https:\/\/semmelweis.hu\/propedeutika\/wp-json\/wp\/v2\/media?parent=1866"}],"wp:term":[{"taxonomy":"category","embeddable":true,"href":"https:\/\/semmelweis.hu\/propedeutika\/wp-json\/wp\/v2\/categories?post=1866"},{"taxonomy":"post_tag","embeddable":true,"href":"https:\/\/semmelweis.hu\/propedeutika\/wp-json\/wp\/v2\/tags?post=1866"}],"curies":[{"name":"wp","href":"https:\/\/api.w.org\/{rel}","templated":true}]}}