{"id":1525,"date":"2023-03-27T13:34:50","date_gmt":"2023-03-27T11:34:50","guid":{"rendered":"https:\/\/semmelweis.hu\/propedeutika\/?page_id=1525"},"modified":"2024-07-01T11:24:43","modified_gmt":"2024-07-01T09:24:43","slug":"odontotechnologia-es-fogpotlastani-propedeutika","status":"publish","type":"page","link":"https:\/\/semmelweis.hu\/propedeutika\/oktatas\/odontotechnologia-es-fogpotlastani-propedeutika\/","title":{"rendered":"Odontotechnol\u00f3gia \u00e9s Fogp\u00f3tl\u00e1stani Propedeutika I., II., III. gyakorlati oktat\u00e1s"},"content":{"rendered":"<p>Az odontotechnol\u00f3gia \u00e9s fogp\u00f3tl\u00e1stani propedeutika I., II. \u00e9s III. tant\u00e1rgyak gyakorlati oktat\u00e1sa a F\u00f6ldv\u00e1ri Imre tanlaborat\u00f3riumban zajlik.\u00a0<\/p>\n<p>A t\u00e1rgyak k\u00f6vetelm\u00e9nyrendszere, a hallgat\u00f3i t\u00e1j\u00e9koztat\u00f3, a tematika \u00e9s a hallgat\u00f3i h\u00e1zirend, valamint a t\u0171z- \u00e9s munkav\u00e9delmi el\u0151\u00edr\u00e1sok a <a href=\"https:\/\/semmelweis.hu\/fogpotlastan\/oktatas\/\">Fogp\u00f3tl\u00e1stani Klinika oktat\u00e1s oldal\u00e1n<\/a>\u00a0olvashat\u00f3ak.\u00a0<\/p>\n","protected":false},"excerpt":{"rendered":"<p>Az odontotechnol\u00f3gia \u00e9s fogp\u00f3tl\u00e1stani propedeutika I., II. \u00e9s III. tant\u00e1rgyak gyakorlati oktat\u00e1sa a F\u00f6ldv\u00e1ri Imre tanlaborat\u00f3riumban zajlik.\u00a0<br \/>\nA t\u00e1rgyak k\u00f6vetelm\u00e9nyrendszere, a hallgat\u00f3i t\u00e1j\u00e9koztat\u00f3, a tematika \u00e9s a hallgat\u00f3i h\u00e1zirend, valamint a t\u0171z- \u00e9s munkav\u00e9delmi el\u0151\u00edr\u00e1sok a <a href=\"https:\/\/semmelweis.hu\/fogpotlastan\/oktatas\/\">Fogp\u00f3tl\u00e1stani Klinika oktat\u00e1s oldal\u00e1n<\/a>\u00a0olvashat\u00f3ak.\u00a0<\/p>\n","protected":false},"author":101964,"featured_media":0,"parent":9,"menu_order":2,"comment_status":"closed","ping_status":"closed","template":"","meta":{"_acf_changed":false,"footnotes":""},"categories":[],"tags":[],"class_list":["post-1525","page","type-page","status-publish","hentry"],"acf":[],"_links":{"self":[{"href":"https:\/\/semmelweis.hu\/propedeutika\/wp-json\/wp\/v2\/pages\/1525","targetHints":{"allow":["GET"]}}],"collection":[{"href":"https:\/\/semmelweis.hu\/propedeutika\/wp-json\/wp\/v2\/pages"}],"about":[{"href":"https:\/\/semmelweis.hu\/propedeutika\/wp-json\/wp\/v2\/types\/page"}],"author":[{"embeddable":true,"href":"https:\/\/semmelweis.hu\/propedeutika\/wp-json\/wp\/v2\/users\/101964"}],"replies":[{"embeddable":true,"href":"https:\/\/semmelweis.hu\/propedeutika\/wp-json\/wp\/v2\/comments?post=1525"}],"version-history":[{"count":7,"href":"https:\/\/semmelweis.hu\/propedeutika\/wp-json\/wp\/v2\/pages\/1525\/revisions"}],"predecessor-version":[{"id":1900,"href":"https:\/\/semmelweis.hu\/propedeutika\/wp-json\/wp\/v2\/pages\/1525\/revisions\/1900"}],"up":[{"embeddable":true,"href":"https:\/\/semmelweis.hu\/propedeutika\/wp-json\/wp\/v2\/pages\/9"}],"wp:attachment":[{"href":"https:\/\/semmelweis.hu\/propedeutika\/wp-json\/wp\/v2\/media?parent=1525"}],"wp:term":[{"taxonomy":"category","embeddable":true,"href":"https:\/\/semmelweis.hu\/propedeutika\/wp-json\/wp\/v2\/categories?post=1525"},{"taxonomy":"post_tag","embeddable":true,"href":"https:\/\/semmelweis.hu\/propedeutika\/wp-json\/wp\/v2\/tags?post=1525"}],"curies":[{"name":"wp","href":"https:\/\/api.w.org\/{rel}","templated":true}]}}