{"id":1523,"date":"2023-03-27T13:34:50","date_gmt":"2023-03-27T11:34:50","guid":{"rendered":"https:\/\/semmelweis.hu\/propedeutika\/?page_id=1523"},"modified":"2024-06-26T11:36:19","modified_gmt":"2024-06-26T09:36:19","slug":"fogaszati-altalanos-propedeutika","status":"publish","type":"page","link":"https:\/\/semmelweis.hu\/propedeutika\/oktatas\/fogaszati-altalanos-propedeutika\/","title":{"rendered":"Fog\u00e1szati \u00c1ltal\u00e1nos Propedeutika"},"content":{"rendered":"<p style=\"margin-top: 0cm;background: white\"><span style=\"font-size: 15.0pt;color: #1e2326\">Az <strong>elm\u00e9leti oktat\u00e1s<\/strong> keret\u00e9ben a hallgat\u00f3k megismerkednek a fogak makroszk\u00f3pos anat\u00f3mi\u00e1j\u00e1val, a fog\u00e1szat nemzetk\u00f6zi jel\u00f6l\u00e9si rendszereivel, a fog\u00e1szati alapbetegs\u00e9gekkel \u00e9s azok etiol\u00f3gi\u00e1j\u00e1val, a hazai fog\u00e1szati epidemiol\u00f3giai adatokkal, valamint a fog\u00e1szati infekci\u00f3kontroll, a hullad\u00e9kkezel\u00e9s \u00e9s a k\u00f6rnyezetv\u00e9delem alapjaival.<\/span><\/p>\n<p style=\"margin-top: 0cm;background: white;margin-bottom: 1rem\"><span style=\"font-size: 15.0pt;color: #1e2326\">A <strong>gyakorlatokon<\/strong> fantomfejeken, szimul\u00e1ci\u00f3 seg\u00edts\u00e9g\u00e9vel gyakorolj\u00e1k be a hallgat\u00f3k a konzerv\u00e1l\u00f3 fog\u00e1szat \u00e9s a fogp\u00f3tl\u00e1stan legfontosabb klinikai l\u00e9p\u00e9seit, valamint megismerkednek a parodontol\u00f3gia, a\u00a0gyermekfog\u00e1szat \u00e9s fogszab\u00e1lyoz\u00e1s, tov\u00e1bb\u00e1 a sz\u00e1jseb\u00e9szet elm\u00e9leti \u00e9s gyakorlati alapjaival, melyeket azut\u00e1n a klinikai gyakorlatban alkalmaznak.\u00a0<\/span><\/p>\n","protected":false},"excerpt":{"rendered":"<p>Az elm\u00e9leti oktat\u00e1s keret\u00e9ben a hallgat\u00f3k megismerkednek a fogak makroszk\u00f3pos anat\u00f3mi\u00e1j\u00e1val, a fog\u00e1szat nemzetk\u00f6zi jel\u00f6l\u00e9si rendszereivel, a fog\u00e1szati alapbetegs\u00e9gekkel \u00e9s azok etiol\u00f3gi\u00e1j\u00e1val, a hazai fog\u00e1szati epidemiol\u00f3giai adatokkal, valamint a fog\u00e1szati infekci\u00f3kontroll, a hullad\u00e9kkezel\u00e9s \u00e9s a k\u00f6rnyezetv\u00e9delem alapjaival. A gyakorlatokon fantomfejeken, szimul\u00e1ci\u00f3 seg\u00edts\u00e9g\u00e9vel gyakorolj\u00e1k be a hallgat\u00f3k a konzerv\u00e1l\u00f3 fog\u00e1szat \u00e9s a fogp\u00f3tl\u00e1stan legfontosabb klinikai l\u00e9p\u00e9seit, &hellip;<\/p>\n","protected":false},"author":101964,"featured_media":0,"parent":9,"menu_order":1,"comment_status":"closed","ping_status":"closed","template":"","meta":{"_acf_changed":false,"footnotes":""},"categories":[],"tags":[],"class_list":["post-1523","page","type-page","status-publish","hentry"],"acf":[],"_links":{"self":[{"href":"https:\/\/semmelweis.hu\/propedeutika\/wp-json\/wp\/v2\/pages\/1523","targetHints":{"allow":["GET"]}}],"collection":[{"href":"https:\/\/semmelweis.hu\/propedeutika\/wp-json\/wp\/v2\/pages"}],"about":[{"href":"https:\/\/semmelweis.hu\/propedeutika\/wp-json\/wp\/v2\/types\/page"}],"author":[{"embeddable":true,"href":"https:\/\/semmelweis.hu\/propedeutika\/wp-json\/wp\/v2\/users\/101964"}],"replies":[{"embeddable":true,"href":"https:\/\/semmelweis.hu\/propedeutika\/wp-json\/wp\/v2\/comments?post=1523"}],"version-history":[{"count":4,"href":"https:\/\/semmelweis.hu\/propedeutika\/wp-json\/wp\/v2\/pages\/1523\/revisions"}],"predecessor-version":[{"id":1845,"href":"https:\/\/semmelweis.hu\/propedeutika\/wp-json\/wp\/v2\/pages\/1523\/revisions\/1845"}],"up":[{"embeddable":true,"href":"https:\/\/semmelweis.hu\/propedeutika\/wp-json\/wp\/v2\/pages\/9"}],"wp:attachment":[{"href":"https:\/\/semmelweis.hu\/propedeutika\/wp-json\/wp\/v2\/media?parent=1523"}],"wp:term":[{"taxonomy":"category","embeddable":true,"href":"https:\/\/semmelweis.hu\/propedeutika\/wp-json\/wp\/v2\/categories?post=1523"},{"taxonomy":"post_tag","embeddable":true,"href":"https:\/\/semmelweis.hu\/propedeutika\/wp-json\/wp\/v2\/tags?post=1523"}],"curies":[{"name":"wp","href":"https:\/\/api.w.org\/{rel}","templated":true}]}}