{"id":1265,"date":"2022-05-03T10:43:21","date_gmt":"2022-05-03T08:43:21","guid":{"rendered":"https:\/\/semmelweis.hu\/propedeutika\/?page_id=1265"},"modified":"2025-10-08T19:20:48","modified_gmt":"2025-10-08T17:20:48","slug":"fogtechnikai-laboratoriumunk","status":"publish","type":"page","link":"https:\/\/semmelweis.hu\/propedeutika\/a-tanszekrol\/fogtechnikai-laboratoriumunk\/","title":{"rendered":"Fogtechnikai laborat\u00f3riumunk"},"content":{"rendered":"<p><span style=\"font-size: 14pt\">A Propedeutikai Tansz\u00e9k munk\u00e1j\u00e1t egy saj\u00e1t fogtechnikai laborat\u00f3rium seg\u00edti, amely nagyban hozz\u00e1j\u00e1rul ahhoz, hogy a hallgat\u00f3k megismerj\u00e9k a k\u00fcl\u00f6nb\u00f6z\u0151 p\u00f3tl\u00e1sok k\u00e9sz\u00edt\u00e9s\u00e9nek nem csak orvosi, hanem a laborat\u00f3riumi oldal\u00e1t is.<\/span><\/p>\n<p><span style=\"font-size: 14pt\">Megtal\u00e1lhat\u00f3 n\u00e1lunk fogtechnikus koll\u00e9g\u00e1nk munk\u00e1j\u00e1hoz n\u00e9lk\u00fcl\u00f6zhetetlen gipszkever\u0151 \u00e9s gipszcsiszol\u00f3 g\u00e9pek, amikkel megfelel\u0151 min\u0151s\u00e9g\u0171 mint\u00e1k k\u00e9sz\u00fclhetnek a gyakorlatokra. Pindex m\u00f3dszerrel k\u00e9sz\u00fcl\u0151 szekci\u00f3s minta k\u00e9sz\u00edt\u00e9s\u00e9hez pedig egy Pindex g\u00e9p \u00e1ll rendelkez\u00e9sre. A gipszmint\u00e1k beartikul\u00e1l\u00e1s ut\u00e1n k\u00e9szen is \u00e1llnak a k\u00f6vetkez\u0151 hallgat\u00f3i munkafolyamatra, legyen sz\u00f3 viaszmint\u00e1z\u00e1sr\u00f3l, Adapta sapka k\u00e9sz\u00edt\u00e9sr\u0151l vagy ak\u00e1r teljes lemezes fogp\u00f3tl\u00e1s k\u00e9sz\u00edt\u00e9se eset\u00e9n fogfel\u00e1ll\u00edt\u00e1sr\u00f3l.<\/span><\/p>\n<p><span style=\"font-size: 14pt\">A gipszmint\u00e1k t\u00f6bbsz\u00f6ri felhaszn\u00e1lhat\u00f3s\u00e1ga \u00e9rdek\u00e9ben azokat forr\u00e1z\u00f3g\u00e9p vagy g\u0151zborotva seg\u00edts\u00e9g\u00e9vel tudj\u00e1k a koll\u00e9g\u00e1ink \u00fajra gyakorlatra k\u00e9sz, viaszt\u00f3l megtiszt\u00edtott \u00e1llapotba hozni.<\/span><\/p>\n<p><span style=\"font-size: 14pt\">Az \u00e9rdekl\u0151d\u0151 hallgat\u00f3k l\u00e1thatj\u00e1k a teljes lemezes p\u00f3tl\u00e1s k\u00e9sz\u00edt\u00e9s\u00e9hez sz\u00fcks\u00e9ges fogtechnikai berendez\u00e9seket: k\u00fcvett\u00e1kat, forr\u00e1z\u00f3 g\u00e9pet \u00e9s pr\u00e9s g\u00e9pet. Illetve k\u00fcl\u00f6nb\u00f6z\u0151 p\u00f3tl\u00e1sok kidolgoz\u00e1s\u00e1hoz sz\u00fcks\u00e9ges mikromotort \u00e9s pol\u00edrmotort is.<\/span><\/p>\n<p><span style=\"font-size: 14pt\">A fogtechnikai laborat\u00f3rium leg\u00fajabb berendez\u00e9sei k\u00f6z\u00e9 tartozik egy Bego Varseo S 3D nyomtat\u00f3 \u00e9s egy f\u00e9nypolimeriz\u00e1ci\u00f3s kamra. Ezeket els\u0151sorban nyomtatott mint\u00e1k el\u0151\u00e1ll\u00edt\u00e1s\u00e1ra haszn\u00e1ljuk, amiket azt\u00e1n az oktat\u00e1s sor\u00e1n \u2013 a gipszmint\u00e1kat helyettes\u00edtve \u2013 fogunk felhaszn\u00e1lni. Ezek hosszabb \u00e9lettartamuk, kisebb s\u00e9r\u00fcl\u00e9kenys\u00e9g\u00fck miatt tov\u00e1bb haszn\u00e1lhat\u00f3 \u00e1llapotban maradnak.<\/span><\/p>\n\r\n        [slb_exclude]\r\n        <div class=\"row galeria-wrapper mx-0 h-auto\">\r\n            <div class=\"col-9 pl-0 pr-2\">\r\n            <span class=\"gallery-item frame\">\r\n\t\t\t\t<div class=\"galeria-left-img\"><a href=\"https:\/\/semmelweis.hu\/propedeutika\/files\/2025\/10\/Fogtech-3-scaled.jpg\"><img src=https:\/\/semmelweis.hu\/propedeutika\/files\/2025\/10\/Fogtech-3-scaled.jpg  \r\n                            alt=\"\" \r\n                            class=\"attachment-sote-gallery-big size-sote-gallery-big\" \r\n                            srcset=\"https:\/\/semmelweis.hu\/propedeutika\/files\/2025\/10\/Fogtech-3-400x267.jpg 400w, https:\/\/semmelweis.hu\/propedeutika\/files\/2025\/10\/Fogtech-3-1024x683.jpg 1024w, https:\/\/semmelweis.hu\/propedeutika\/files\/2025\/10\/Fogtech-3-768x512.jpg 768w, https:\/\/semmelweis.hu\/propedeutika\/files\/2025\/10\/Fogtech-3-1536x1024.jpg 1536w, https:\/\/semmelweis.hu\/propedeutika\/files\/2025\/10\/Fogtech-3-2048x1365.jpg 2048w, https:\/\/semmelweis.hu\/propedeutika\/files\/2025\/10\/Fogtech-3-753x502.jpg 753w, https:\/\/semmelweis.hu\/propedeutika\/files\/2025\/10\/Fogtech-3-203x135.jpg 203w\" ><\/a><\/div>\r\n            <\/span>\r\n\r\n            <\/div>\r\n\r\n\t\t\t<div class=\"col-3 pl-0 pr-0\">\r\n\t\t\t\t<div class=\"galeria-right-img d-flex justify-content-between flex-column h-100 w-100 px-0 mx-0 \">\r\n                <div class=\"galeria-box\">\r\n\t\t\t\t\t<h3 class=\"galeria-title\">Gal\u00e9ria<\/h3>\r\n\t\t\t\t\t<div class=\"galeria-subtitle\">\r\n\r\n\t\t\t\t\t\t<div class=\"galeria-page-counter\"><span>3<\/span>k\u00e9p<\/div>\r\n                    <\/div> <\/div>\r\n                    <span class=\"gallery-item frame d-none d-md-flex\">\r\n\t\t\t\t\t<div class=\"galeria-small-img mt-0\"><a href=\"https:\/\/semmelweis.hu\/propedeutika\/files\/2025\/10\/Fogtech-2-scaled.jpg\"><img src=https:\/\/semmelweis.hu\/propedeutika\/files\/2025\/10\/Fogtech-2-scaled.jpg \r\n                                alt=\"\"  \r\n                                class=\"attachment-sote-gallery-small size-sote-gallery-small\" \r\n                                srcset=\"https:\/\/semmelweis.hu\/propedeutika\/files\/2025\/10\/Fogtech-2-400x267.jpg 400w, https:\/\/semmelweis.hu\/propedeutika\/files\/2025\/10\/Fogtech-2-1024x683.jpg 1024w, https:\/\/semmelweis.hu\/propedeutika\/files\/2025\/10\/Fogtech-2-768x512.jpg 768w, https:\/\/semmelweis.hu\/propedeutika\/files\/2025\/10\/Fogtech-2-1536x1024.jpg 1536w, https:\/\/semmelweis.hu\/propedeutika\/files\/2025\/10\/Fogtech-2-2048x1365.jpg 2048w, https:\/\/semmelweis.hu\/propedeutika\/files\/2025\/10\/Fogtech-2-753x502.jpg 753w, https:\/\/semmelweis.hu\/propedeutika\/files\/2025\/10\/Fogtech-2-203x135.jpg 203w\" ><\/a><\/div>\r\n                    <\/span>\r\n                    <span class=\"gallery-item frame d-none d-md-flex\">\r\n\t\t\t\t\t<div class=\"galeria-small-img mt-0\"><a href=\"https:\/\/semmelweis.hu\/propedeutika\/files\/2025\/10\/Fogtech-1-scaled.jpg\"><img src=https:\/\/semmelweis.hu\/propedeutika\/files\/2025\/10\/Fogtech-1-scaled.jpg \r\n                                alt=\"\" \r\n                                class=\"attachment-sote-gallery-small size-sote-gallery-small\" \r\n                                srcset=\"https:\/\/semmelweis.hu\/propedeutika\/files\/2025\/10\/Fogtech-1-400x267.jpg 400w, https:\/\/semmelweis.hu\/propedeutika\/files\/2025\/10\/Fogtech-1-1024x683.jpg 1024w, https:\/\/semmelweis.hu\/propedeutika\/files\/2025\/10\/Fogtech-1-768x512.jpg 768w, https:\/\/semmelweis.hu\/propedeutika\/files\/2025\/10\/Fogtech-1-1536x1024.jpg 1536w, https:\/\/semmelweis.hu\/propedeutika\/files\/2025\/10\/Fogtech-1-2048x1365.jpg 2048w, https:\/\/semmelweis.hu\/propedeutika\/files\/2025\/10\/Fogtech-1-753x502.jpg 753w, https:\/\/semmelweis.hu\/propedeutika\/files\/2025\/10\/Fogtech-1-203x135.jpg 203w\" ><\/a><\/div>\r\n                    <\/span>\r\n\r\n                <\/div>\r\n\r\n            <\/div>\r\n\r\n            \r\n            <\/div>\r\n\r\n            [\/slb_exclude]\r\n\t\n<p>Az oktat\u00e1si mint\u00e1k lecser\u00e9l\u00e9s\u00e9n t\u00fal egy &#8211; TDK hallgat\u00f3kat is bevon\u00f3 &#8211; kutat\u00e1s kezd\u0151d\u00f6tt meg a Propedeutikai Tansz\u00e9ken a 3D nyomtatott mint\u00e1k formatart\u00f3ss\u00e1g\u00e1nak vizsg\u00e1lat\u00e1r\u00f3l a Digit\u00e1lis Propedeutikai Munkacsoport keret\u00e9ben.<\/p>\n","protected":false},"excerpt":{"rendered":"<p>A Propedeutikai Tansz\u00e9k munk\u00e1j\u00e1t egy saj\u00e1t fogtechnikai laborat\u00f3rium seg\u00edti, amely nagyban hozz\u00e1j\u00e1rul ahhoz, hogy a hallgat\u00f3k megismerj\u00e9k a k\u00fcl\u00f6nb\u00f6z\u0151 p\u00f3tl\u00e1sok k\u00e9sz\u00edt\u00e9s\u00e9nek nem csak orvosi, hanem a laborat\u00f3riumi oldal\u00e1t is. Megtal\u00e1lhat\u00f3 n\u00e1lunk fogtechnikus koll\u00e9g\u00e1nk munk\u00e1j\u00e1hoz n\u00e9lk\u00fcl\u00f6zhetetlen gipszkever\u0151 \u00e9s gipszcsiszol\u00f3 g\u00e9pek, amikkel megfelel\u0151 min\u0151s\u00e9g\u0171 mint\u00e1k k\u00e9sz\u00fclhetnek a gyakorlatokra. Pindex m\u00f3dszerrel k\u00e9sz\u00fcl\u0151 szekci\u00f3s minta k\u00e9sz\u00edt\u00e9s\u00e9hez pedig egy Pindex &hellip;<\/p>\n","protected":false},"author":101964,"featured_media":0,"parent":8,"menu_order":2,"comment_status":"closed","ping_status":"closed","template":"","meta":{"_acf_changed":false,"footnotes":""},"categories":[],"tags":[],"class_list":["post-1265","page","type-page","status-publish","hentry"],"acf":[],"_links":{"self":[{"href":"https:\/\/semmelweis.hu\/propedeutika\/wp-json\/wp\/v2\/pages\/1265","targetHints":{"allow":["GET"]}}],"collection":[{"href":"https:\/\/semmelweis.hu\/propedeutika\/wp-json\/wp\/v2\/pages"}],"about":[{"href":"https:\/\/semmelweis.hu\/propedeutika\/wp-json\/wp\/v2\/types\/page"}],"author":[{"embeddable":true,"href":"https:\/\/semmelweis.hu\/propedeutika\/wp-json\/wp\/v2\/users\/101964"}],"replies":[{"embeddable":true,"href":"https:\/\/semmelweis.hu\/propedeutika\/wp-json\/wp\/v2\/comments?post=1265"}],"version-history":[{"count":7,"href":"https:\/\/semmelweis.hu\/propedeutika\/wp-json\/wp\/v2\/pages\/1265\/revisions"}],"predecessor-version":[{"id":2597,"href":"https:\/\/semmelweis.hu\/propedeutika\/wp-json\/wp\/v2\/pages\/1265\/revisions\/2597"}],"up":[{"embeddable":true,"href":"https:\/\/semmelweis.hu\/propedeutika\/wp-json\/wp\/v2\/pages\/8"}],"wp:attachment":[{"href":"https:\/\/semmelweis.hu\/propedeutika\/wp-json\/wp\/v2\/media?parent=1265"}],"wp:term":[{"taxonomy":"category","embeddable":true,"href":"https:\/\/semmelweis.hu\/propedeutika\/wp-json\/wp\/v2\/categories?post=1265"},{"taxonomy":"post_tag","embeddable":true,"href":"https:\/\/semmelweis.hu\/propedeutika\/wp-json\/wp\/v2\/tags?post=1265"}],"curies":[{"name":"wp","href":"https:\/\/api.w.org\/{rel}","templated":true}]}}