{"id":1102,"date":"2022-03-04T15:16:31","date_gmt":"2022-03-04T14:16:31","guid":{"rendered":"https:\/\/semmelweis.hu\/propedeutika\/?page_id=1102"},"modified":"2025-12-01T10:47:52","modified_gmt":"2025-12-01T09:47:52","slug":"szajszarazsag-klinikai-munkacsoport","status":"publish","type":"page","link":"https:\/\/semmelweis.hu\/propedeutika\/kutatas\/szajszarazsag-klinikai-munkacsoport\/","title":{"rendered":"Sz\u00e1jsz\u00e1razs\u00e1g Klinikai Munkacsoport"},"content":{"rendered":"<p><strong>Sz\u00e1jsz\u00e1razs\u00e1g Klinikai Munkacsoport <\/strong><\/p>\n<p><strong>A munkacsoport vezet\u0151je: Prof. <\/strong><strong>Dr. M\u00e1rton Krisztina<\/strong> egyetemi tan\u00e1r, tansz\u00e9kvezet\u0151 (SE Propedeutikai Tansz\u00e9k)<\/p>\n<p>A xerostomia a sz\u00e1jsz\u00e1razs\u00e1g szubjekt\u00edv \u00e9rzete, amely l\u00e9trej\u00f6het cs\u00f6kkent ny\u00e1ltermel\u00e9s eset\u00e9n (hyposalivatio, ny\u00e1lmirigy-hypofunctio), de bizonyos esetekben an\u00e9lk\u00fcl is.<br \/>\nA cs\u00f6kkent ny\u00e1lmirigy-szekr\u00e9ci\u00f3 sz\u00e1mos \u00e1rtalmas sz\u00e1j\u00fcregi k\u00f6vetkezm\u00e9nnyel j\u00e1rhat: n\u00f6veli a fogszuvasod\u00e1s, fog\u00e1gybetegs\u00e9g \u00e9s a sz\u00e1j\u00fcregi fert\u0151z\u00e9sek kialakul\u00e1s\u00e1nak kock\u00e1zat\u00e1t, fell\u00e9phet besz\u00e9d-, r\u00e1g\u00e1si \u00e9s nyel\u00e9si nehez\u00edtetts\u00e9g, \u00edz\u00e9rz\u00e9si zavar, tov\u00e1bb\u00e1 kellemetlen sz\u00e1jszag.<\/p>\n<p>A cs\u00f6kkent ny\u00e1lmirigy szekr\u00e9ci\u00f3 h\u00e1tter\u00e9ben sz\u00e1mos k\u00f3roki t\u00e9nyez\u0151 \u00e1llhat, t\u00f6bbek k\u00f6z\u00f6tt sziszt\u00e9m\u00e1s betegs\u00e9gek, fej-nyak r\u00e9gi\u00f3 ter\u00e1pi\u00e1s besug\u00e1rz\u00e1sa, elektrolit veszt\u00e9s, tov\u00e1bb\u00e1 egyes \u00e9letm\u00f3dbeli t\u00e9nyez\u0151k \u00e9s k\u00fcl\u00f6nb\u00f6z\u0151 gy\u00f3gyszerek szed\u00e9se is okozhat cs\u00f6kkent ny\u00e1ltermel\u00e9st, vagy sz\u00e1jsz\u00e1razs\u00e1got (antidepressz\u00e1nsok, antipszichotikumok, lok\u00e1lis szteroidok, antikolinerg szerek, antihipertenz\u00edv szerek). Ezek a k\u00f3roki t\u00e9nyez\u0151k k\u00fcl\u00f6nb\u00f6z\u0151 m\u00e9rt\u00e9kben lehetnek hat\u00e1ssal a nyugalmi kevert, valamint a kisny\u00e1lmirigyek szekr\u00e9ci\u00f3j\u00e1ra.<\/p>\n<p><strong>Kutat\u00e1si ter\u00fcletek, tev\u00e9kenys\u00e9gi k\u00f6r\u00f6k:<\/strong><\/p>\n<ul>\n<li>Xerostomi\u00e1ban szenved\u0151 p\u00e1ciensek klinikai vizsg\u00e1lata<\/li>\n<li>Sj\u00f6gren-szindr\u00f3ma diagn\u00f3zis fel\u00e1ll\u00edt\u00e1s\u00e1nak seg\u00edt\u00e9se<\/li>\n<li>Cs\u00f6kkent ny\u00e1ltermel\u00e9s \u00e9s a HPV fert\u0151z\u00f6tts\u00e9g \u00f6sszef\u00fcgg\u00e9seinek vizsg\u00e1lata<\/li>\n<li>Pro- \u00e9s antiapototikus g\u00e9nek expresszi\u00f3j\u00e1nak vizsg\u00e1lata Sj\u00f6gren-szindr\u00f3m\u00e1s betegekben<\/li>\n<li>A xerostomia \u00e9s a t\u00e1pl\u00e1lkoz\u00e1si szok\u00e1sok \u00f6sszef\u00fcgg\u00e9seinek vizsg\u00e1lata<\/li>\n<li>K\u00fcl\u00f6nb\u00f6z\u0151 gy\u00f3gyszercsoportok hat\u00e1sa a xerostomi\u00e1ra, a kevert ny\u00e1lszekr\u00e9ci\u00f3ra \u00e9s a kisny\u00e1lmirigyek szekr\u00e9ci\u00f3j\u00e1ra<\/li>\n<li>Xerostomia, kevert ny\u00e1lszekr\u00e9ci\u00f3 \u00e9s kisny\u00e1lmirigy-szekr\u00e9ci\u00f3 vizsg\u00e1lata k\u00fcl\u00f6nb\u00f6z\u0151 \u00e1llapotokban: doh\u00e1nyz\u00e1s, m\u0171fogsorr\u00f6gz\u00edt\u0151k haszn\u00e1lata<\/li>\n<li>T\u00e1pl\u00e1lkoz\u00e1si param\u00e9terek vizsg\u00e1lata<\/li>\n<\/ul>\n<p><strong>A munkacsoport tagjai:<\/strong><\/p>\n<ul>\n<li>Prof. Dr. M\u00e1rton Krisztina egyetemi tan\u00e1r, tansz\u00e9kvezet\u0151 SE Propedeutikai Tansz\u00e9k<\/li>\n<li>Prof. Dr. Kiss Emese egyetemi tan\u00e1r, f\u0151igazgat\u00f3 helyettes, Orsz\u00e1gos Mozg\u00e1sszervi Int\u00e9zet<\/li>\n<li>Dr. Ors\u00f3s Merc\u00e9desz egyetemi adjunktus, int\u00e9zetigazgat\u00f3 helyettes, SE Fog\u00e1szati \u00e9s Sz\u00e1jseb\u00e9szeti Oktat\u00f3 Int\u00e9zet<\/li>\n<li>Dr. D\u00e9zsi Anna egyetemi adjunktus, SE Propedeutikai Tansz\u00e9k<\/li>\n<li>Dr. Heizer \u00c1gnes rezidens, SE Propedeutikai Tansz\u00e9k\u00a0<\/li>\n<\/ul>\n<p><strong>Rendel\u00e9si id\u0151:\u00a0<\/strong><u>H\u00e9tf\u0151:<\/u> 12:00-15:00 1088 Budapest, Szentkir\u00e1lyi utca 47. <strong>710-es kezel\u0151<\/strong>; bejelentkez\u00e9s <strong>Dr. Ors\u00f3s Merc\u00e9desz<\/strong> nev\u00e9re.\u00a0<\/p>\n<p><span style=\"font-size: 18pt\"><strong>Amennyiben ny\u00e1ltermel\u00e9s vizsg\u00e1latra \u00e9s kisny\u00e1lmirigy biopszi\u00e1ra szeretne bejelentkezni, h\u00edvja h\u00e9tf\u0151n rendel\u00e9si id\u0151ben, 12:00 \u00e9s 15:00 k\u00f6z\u00f6tt a <em>06-1-4591500\/59084-\u00f6s mell\u00e9ket<\/em>!\u00a0<\/strong><\/span><\/p>\n<p>K\u00e9rj\u00fck, hogy <strong>a vizsg\u00e1lat el\u0151tt k\u00e9t \u00f3r\u00e1val semmilyen \u00e9telt, vagy italt ne fogyasszon, ne doh\u00e1nyozzon, ne r\u00e1g\u00f3zzon<\/strong>. A vizsg\u00e1latra kor\u00e1bbi szem\u00e9szeti, immunol\u00f3giai \u00e9s reumatol\u00f3giai leleteit hozza mag\u00e1val!\u00a0<\/p>\n<p>&nbsp;<\/p>\n<p>&nbsp;<\/p>\n<p>&nbsp;<\/p>\n","protected":false},"excerpt":{"rendered":"<p>Sz\u00e1jsz\u00e1razs\u00e1g Klinikai Munkacsoport A munkacsoport vezet\u0151je: Prof. Dr. M\u00e1rton Krisztina egyetemi tan\u00e1r, tansz\u00e9kvezet\u0151 (SE Propedeutikai Tansz\u00e9k) A xerostomia a sz\u00e1jsz\u00e1razs\u00e1g szubjekt\u00edv \u00e9rzete, amely l\u00e9trej\u00f6het cs\u00f6kkent ny\u00e1ltermel\u00e9s eset\u00e9n (hyposalivatio, ny\u00e1lmirigy-hypofunctio), de bizonyos esetekben an\u00e9lk\u00fcl is. A cs\u00f6kkent ny\u00e1lmirigy-szekr\u00e9ci\u00f3 sz\u00e1mos \u00e1rtalmas sz\u00e1j\u00fcregi k\u00f6vetkezm\u00e9nnyel j\u00e1rhat: n\u00f6veli a fogszuvasod\u00e1s, fog\u00e1gybetegs\u00e9g \u00e9s a sz\u00e1j\u00fcregi fert\u0151z\u00e9sek kialakul\u00e1s\u00e1nak kock\u00e1zat\u00e1t, fell\u00e9phet besz\u00e9d-, r\u00e1g\u00e1si &hellip;<\/p>\n","protected":false},"author":101964,"featured_media":0,"parent":547,"menu_order":0,"comment_status":"closed","ping_status":"closed","template":"","meta":{"_acf_changed":false,"footnotes":""},"categories":[],"tags":[],"class_list":["post-1102","page","type-page","status-publish","hentry"],"acf":[],"_links":{"self":[{"href":"https:\/\/semmelweis.hu\/propedeutika\/wp-json\/wp\/v2\/pages\/1102","targetHints":{"allow":["GET"]}}],"collection":[{"href":"https:\/\/semmelweis.hu\/propedeutika\/wp-json\/wp\/v2\/pages"}],"about":[{"href":"https:\/\/semmelweis.hu\/propedeutika\/wp-json\/wp\/v2\/types\/page"}],"author":[{"embeddable":true,"href":"https:\/\/semmelweis.hu\/propedeutika\/wp-json\/wp\/v2\/users\/101964"}],"replies":[{"embeddable":true,"href":"https:\/\/semmelweis.hu\/propedeutika\/wp-json\/wp\/v2\/comments?post=1102"}],"version-history":[{"count":10,"href":"https:\/\/semmelweis.hu\/propedeutika\/wp-json\/wp\/v2\/pages\/1102\/revisions"}],"predecessor-version":[{"id":2626,"href":"https:\/\/semmelweis.hu\/propedeutika\/wp-json\/wp\/v2\/pages\/1102\/revisions\/2626"}],"up":[{"embeddable":true,"href":"https:\/\/semmelweis.hu\/propedeutika\/wp-json\/wp\/v2\/pages\/547"}],"wp:attachment":[{"href":"https:\/\/semmelweis.hu\/propedeutika\/wp-json\/wp\/v2\/media?parent=1102"}],"wp:term":[{"taxonomy":"category","embeddable":true,"href":"https:\/\/semmelweis.hu\/propedeutika\/wp-json\/wp\/v2\/categories?post=1102"},{"taxonomy":"post_tag","embeddable":true,"href":"https:\/\/semmelweis.hu\/propedeutika\/wp-json\/wp\/v2\/tags?post=1102"}],"curies":[{"name":"wp","href":"https:\/\/api.w.org\/{rel}","templated":true}]}}