{"id":1100,"date":"2022-03-04T15:14:17","date_gmt":"2022-03-04T14:14:17","guid":{"rendered":"https:\/\/semmelweis.hu\/propedeutika\/?page_id=1100"},"modified":"2024-01-23T09:25:39","modified_gmt":"2024-01-23T08:25:39","slug":"digitalis-propedeutikai-munkacsoport","status":"publish","type":"page","link":"https:\/\/semmelweis.hu\/propedeutika\/kutatas\/digitalis-propedeutikai-munkacsoport\/","title":{"rendered":"Digit\u00e1lis Propedeutikai Munkacsoport"},"content":{"rendered":"<p><strong>Digit\u00e1lis Propedeutikai Munkacsoport<\/strong><\/p>\n<p><strong>A munkacsoport vezet\u0151je:<\/strong> Prof. Dr. M\u00e1rton Krisztina egyetemi tan\u00e1r<\/p>\n<p>2021 \u0151sz\u00e9n, a Fogorvostudom\u00e1nyi Kar Propedeutikai Tansz\u00e9k\u00e9n kezdte meg a munk\u00e1t a <strong>Digit\u00e1lis Propedeutikai Munkacsoport<\/strong>.<\/p>\n<p>Az egyre ink\u00e1bb digitaliz\u00e1l\u00f3d\u00f3 vil\u00e1gban elengedhetetlen, hogy a modern technol\u00f3gi\u00e1kat a fog\u00e1szatba, illetve az oktat\u00e1sba is bevezess\u00fck, \u00e9s a lehet\u0151 legsz\u00e9lesk\u00f6r\u0171bben ki tudjuk haszn\u00e1lni. Az intraor\u00e1lis szkennereken t\u00fal a h\u00e1rom-dimenzi\u00f3s nyomtat\u00e1s is kezd teret h\u00f3d\u00edtani mag\u00e1nak, melynek egyik felhaszn\u00e1l\u00e1si m\u00f3dja a fog\u00e1szati mint\u00e1k 3D nyomtat\u00f3val t\u00f6rt\u00e9n\u0151 el\u0151\u00e1ll\u00edt\u00e1sa.<\/p>\n<p>A jelenleg zajl\u00f3 <strong>\u201e3D nyomtatott fog\u00e1szati mint\u00e1k formatart\u00f3ss\u00e1g\u00e1nak vizsg\u00e1lata\u201d<\/strong> c\u00edm\u0171 kutat\u00e1sunkban t\u00f6bbf\u00e9lek\u00e9ppen meg\u00e9p\u00edtett mint\u00e1k formatart\u00f3ss\u00e1g\u00e1t vizsg\u00e1ljuk. A k\u00fcl\u00f6nb\u00f6z\u0151 mint\u00e1k id\u0151beli deform\u00e1l\u00f3d\u00e1s\u00e1t figyelve, keress\u00fck a legmegfelel\u0151bb kialak\u00edt\u00e1st, amivel a minta az id\u0151 m\u00fal\u00e1s\u00e1val a legkev\u00e9sb\u00e9 deform\u00e1l\u00f3dik. A vizsg\u00e1lat a 2022. \u00e9vi Kari Kutat\u00e1si p\u00e1ly\u00e1zaton t\u00e1mogat\u00e1st nyert.<\/p>\n<p>A munkacsoport tev\u00e9kenys\u00e9gei k\u00f6z\u00e9 tartozik a Propedeutikai Tansz\u00e9k oktat\u00e1si eszk\u00f6zeinek moderniz\u00e1l\u00e1sa is. Hossz\u00fat\u00e1v\u00fa c\u00e9lunk a gyakorlatokon haszn\u00e1lt gipszmint\u00e1k lecser\u00e9l\u00e9se 3D nyomtatott mint\u00e1kra, melyek ez\u00e1ltal jobb mechanikai ellen\u00e1ll\u00f3k\u00e9pess\u00e9g\u0171ek \u00e9s hosszabb \u00e9lettartam\u00faak lesznek.<\/p>\n<p><strong>A munkacsoport tagjai:<\/strong><\/p>\n<ul>\n<li>Prof. Dr. M\u00e1rton Krisztina egyetemi tan\u00e1r, tansz\u00e9kvezet\u0151<\/li>\n<li>Dr. Vincze Zs\u00f3fia \u00c9va rezidens, PhD hallgat\u00f3<\/li>\n<li>Oskovics L\u00e1szl\u00f3 IV. \u00e9ves fogorvostan hallgat\u00f3, TDK hallgat\u00f3<\/li>\n<li>N\u00e1z\u00e1r Vivienn IV. \u00e9ves fogorvostan hallgat\u00f3, TDK hallgat\u00f3<\/li>\n<\/ul>\n<p>&nbsp;<\/p>\n","protected":false},"excerpt":{"rendered":"<p>Digit\u00e1lis Propedeutikai Munkacsoport A munkacsoport vezet\u0151je: Prof. Dr. M\u00e1rton Krisztina egyetemi tan\u00e1r 2021 \u0151sz\u00e9n, a Fogorvostudom\u00e1nyi Kar Propedeutikai Tansz\u00e9k\u00e9n kezdte meg a munk\u00e1t a Digit\u00e1lis Propedeutikai Munkacsoport. Az egyre ink\u00e1bb digitaliz\u00e1l\u00f3d\u00f3 vil\u00e1gban elengedhetetlen, hogy a modern technol\u00f3gi\u00e1kat a fog\u00e1szatba, illetve az oktat\u00e1sba is bevezess\u00fck, \u00e9s a lehet\u0151 legsz\u00e9lesk\u00f6r\u0171bben ki tudjuk haszn\u00e1lni. Az intraor\u00e1lis szkennereken t\u00fal &hellip;<\/p>\n","protected":false},"author":101964,"featured_media":0,"parent":547,"menu_order":0,"comment_status":"closed","ping_status":"closed","template":"","meta":{"_acf_changed":false,"footnotes":""},"categories":[],"tags":[],"class_list":["post-1100","page","type-page","status-publish","hentry"],"acf":[],"_links":{"self":[{"href":"https:\/\/semmelweis.hu\/propedeutika\/wp-json\/wp\/v2\/pages\/1100","targetHints":{"allow":["GET"]}}],"collection":[{"href":"https:\/\/semmelweis.hu\/propedeutika\/wp-json\/wp\/v2\/pages"}],"about":[{"href":"https:\/\/semmelweis.hu\/propedeutika\/wp-json\/wp\/v2\/types\/page"}],"author":[{"embeddable":true,"href":"https:\/\/semmelweis.hu\/propedeutika\/wp-json\/wp\/v2\/users\/101964"}],"replies":[{"embeddable":true,"href":"https:\/\/semmelweis.hu\/propedeutika\/wp-json\/wp\/v2\/comments?post=1100"}],"version-history":[{"count":10,"href":"https:\/\/semmelweis.hu\/propedeutika\/wp-json\/wp\/v2\/pages\/1100\/revisions"}],"predecessor-version":[{"id":1731,"href":"https:\/\/semmelweis.hu\/propedeutika\/wp-json\/wp\/v2\/pages\/1100\/revisions\/1731"}],"up":[{"embeddable":true,"href":"https:\/\/semmelweis.hu\/propedeutika\/wp-json\/wp\/v2\/pages\/547"}],"wp:attachment":[{"href":"https:\/\/semmelweis.hu\/propedeutika\/wp-json\/wp\/v2\/media?parent=1100"}],"wp:term":[{"taxonomy":"category","embeddable":true,"href":"https:\/\/semmelweis.hu\/propedeutika\/wp-json\/wp\/v2\/categories?post=1100"},{"taxonomy":"post_tag","embeddable":true,"href":"https:\/\/semmelweis.hu\/propedeutika\/wp-json\/wp\/v2\/tags?post=1100"}],"curies":[{"name":"wp","href":"https:\/\/api.w.org\/{rel}","templated":true}]}}