{"id":11,"date":"2012-10-29T14:22:15","date_gmt":"2012-10-29T13:22:15","guid":{"rendered":"http:\/\/semmelweis-egyetem.hu\/propedeutika\/?page_id=11"},"modified":"2025-09-08T15:48:49","modified_gmt":"2025-09-08T13:48:49","slug":"elerhetoseg","status":"publish","type":"page","link":"https:\/\/semmelweis.hu\/propedeutika\/elerhetoseg\/","title":{"rendered":"El\u00e9rhet\u0151s\u00e9g"},"content":{"rendered":"<p><span style=\"font-size: 18pt\"><strong>Propedeutikai Tansz\u00e9k<\/strong><\/span><br \/>\nSemmelweis Egyetem, Fogorvostudom\u00e1nyi Kar<\/p>\n<p><strong>Tansz\u00e9kvezet\u0151: <\/strong>Prof. Dr. M\u00e1rton Krisztina egyetemi tan\u00e1r\u00a0<\/p>\n<p><strong>El\u00e9rhet\u0151s\u00e9g:\u00a0 fprop@semmelweis.hu<\/strong><\/p>\n<p><strong>C\u00edm:<\/strong> 1085 Budapest, Szentkir\u00e1lyi u. 47. II. emelet 232.\u00a0<br \/>\n<strong>Postac\u00edm:<\/strong> 1085 Budapest, \u00dcll\u0151i \u00fat. 26.<br \/>\n<strong>Telefon:<\/strong> +36-1-459-1472, +36-1-459-1500\/59112 mell\u00e9k<\/p>\n\n<!-- iframe plugin v.4.9 wordpress.org\/plugins\/iframe\/ -->\n<iframe loading=\"lazy\" src=\"https:\/\/www.google.com\/maps\/embed?pb=!1m18!1m12!1m3!1d2696.0657964533125!2d19.064172515626463!3d47.48863157917709!2m3!1f0!2f0!3f0!3m2!1i1024!2i768!4f13.1!3m3!1m2!1s0x4741dc5987501ab5%3A0x69982b6cdbb9b1a6!2sBudapest%2C%20Szentkir%C3%A1lyi%20u.%2047%2C%201088!5e0!3m2!1shu!2shu!4v1600237989788!5m2!1shu!2shu\" width=\"100%\" height=\"450\" frameborder=\"0\" style=\"border:0;\" allowfullscreen aria-hidden=\"false\" tabindex=\"0\" scrolling=\"yes\" class=\"iframe-class\"><\/iframe>\n\n","protected":false},"excerpt":{"rendered":"<p>Propedeutikai Tansz\u00e9k<br \/>\nSemmelweis Egyetem, Fogorvostudom\u00e1nyi Kar<br \/>\nTansz\u00e9kvezet\u0151: Prof. Dr. M\u00e1rton Krisztina egyetemi tan\u00e1r\u00a0<br \/>\nEl\u00e9rhet\u0151s\u00e9g:\u00a0 fprop@semmelweis.hu<br \/>\nC\u00edm: 1085 Budapest, Szentkir\u00e1lyi u. 47. II. emelet 232.\u00a0<br \/>\nPostac\u00edm: 1085 Budapest, \u00dcll\u0151i \u00fat. 26.<br \/>\nTelefon: +36-1-459-1472, +36-1-459-1500\/59112 mell\u00e9k<\/p>\n","protected":false},"author":12,"featured_media":0,"parent":0,"menu_order":5,"comment_status":"closed","ping_status":"closed","template":"","meta":{"_acf_changed":false,"footnotes":""},"categories":[],"tags":[],"class_list":["post-11","page","type-page","status-publish","hentry"],"acf":[],"_links":{"self":[{"href":"https:\/\/semmelweis.hu\/propedeutika\/wp-json\/wp\/v2\/pages\/11","targetHints":{"allow":["GET"]}}],"collection":[{"href":"https:\/\/semmelweis.hu\/propedeutika\/wp-json\/wp\/v2\/pages"}],"about":[{"href":"https:\/\/semmelweis.hu\/propedeutika\/wp-json\/wp\/v2\/types\/page"}],"author":[{"embeddable":true,"href":"https:\/\/semmelweis.hu\/propedeutika\/wp-json\/wp\/v2\/users\/12"}],"replies":[{"embeddable":true,"href":"https:\/\/semmelweis.hu\/propedeutika\/wp-json\/wp\/v2\/comments?post=11"}],"version-history":[{"count":10,"href":"https:\/\/semmelweis.hu\/propedeutika\/wp-json\/wp\/v2\/pages\/11\/revisions"}],"predecessor-version":[{"id":2469,"href":"https:\/\/semmelweis.hu\/propedeutika\/wp-json\/wp\/v2\/pages\/11\/revisions\/2469"}],"wp:attachment":[{"href":"https:\/\/semmelweis.hu\/propedeutika\/wp-json\/wp\/v2\/media?parent=11"}],"wp:term":[{"taxonomy":"category","embeddable":true,"href":"https:\/\/semmelweis.hu\/propedeutika\/wp-json\/wp\/v2\/categories?post=11"},{"taxonomy":"post_tag","embeddable":true,"href":"https:\/\/semmelweis.hu\/propedeutika\/wp-json\/wp\/v2\/tags?post=11"}],"curies":[{"name":"wp","href":"https:\/\/api.w.org\/{rel}","templated":true}]}}