{"id":1091,"date":"2022-03-04T15:02:43","date_gmt":"2022-03-04T14:02:43","guid":{"rendered":"https:\/\/semmelweis.hu\/propedeutika\/?page_id=1091"},"modified":"2025-05-28T10:37:53","modified_gmt":"2025-05-28T08:37:53","slug":"munkacsoport-a-kornyezettudatos-es-fenntarthato-fogaszatert-2","status":"publish","type":"page","link":"https:\/\/semmelweis.hu\/propedeutika\/kutatas\/munkacsoport-a-kornyezettudatos-es-fenntarthato-fogaszatert-2\/","title":{"rendered":"Munkacsoport a K\u00f6rnyezettudatos \u00e9s Fenntarthat\u00f3 Fog\u00e1szat\u00e9rt"},"content":{"rendered":"<p><strong>Munkacsoport a K\u00f6rnyezettudatos \u00e9s Fenntarthat\u00f3 Fog\u00e1szat\u00e9rt<\/strong><\/p>\n<p>A munkacsoport vezet\u0151i: Prof. Dr. M\u00e1rton Krisztina egyetemi tan\u00e1r \u00e9s Dr. Demeter Tam\u00e1s egyetemi adjunktus, PhD<\/p>\n<p>Az ember bioszf\u00e9ra-\u00e1talak\u00edt\u00f3 tev\u00e9kenys\u00e9ge \u00e9s korunk kultur\u00e1lis meggy\u0151z\u0151d\u00e9sei \u00e1ltal okozott, eg\u00e9szs\u00e9g\u00fcnket \u00e9s eg\u00e9sz t\u00e1rsadalmunk alapvet\u0151 rendszereit destabilizal\u00f3 \u00f6kol\u00f3giai v\u00e1ls\u00e1g m\u00e1r nem puszt\u00e1n egy j\u00f6v\u0151beli fenyeget\u00e9s, hanem a jelen\u00fcnk megker\u00fclhetetlen r\u00e9sz\u00e9v\u00e9 v\u00e1lt. Az eg\u00e9szs\u00e9g\u00fcgyi szektor, b\u00e1r els\u0151dleges c\u00e9lja a gy\u00f3gy\u00edt\u00e1s, m\u00e9gis jelent\u0151s m\u00e9rt\u00e9kben terheli az k\u00f6rnyezet\u00fcnket \u00e9s az \u00f6kosziszt\u00e9m\u00e1inkat. A fog\u00e1szat karbonl\u00e1bnyoma k\u00f6r\u00fclbel\u00fcl 3%-\u00e1t teszi ki a teljes eg\u00e9szs\u00e9g\u00fcgyi szektor l\u00e1bnyom\u00e1nak, m\u00edg vil\u00e1gszerte az eg\u00e9szs\u00e9g\u00fcgy a teljes emberi eredet\u0171 \u00fcvegh\u00e1zg\u00e1z-kibocs\u00e1t\u00e1s 5%-\u00e9rt felel. A probl\u00e9ma s\u00falyoss\u00e1ga ellen\u00e9re csup\u00e1n az ut\u00f3bbi \u00e9vekben kaptak sz\u00e1rnyra olyan kutat\u00e1sok, kezdem\u00e9nyez\u00e9sek vagy szervezetek, melyek nemcsak \u00e1ltal\u00e1noss\u00e1gban az eg\u00e9szs\u00e9g\u00fcgy, hanem kifejezetten a fog\u00e1szat k\u00f6rnyezetterhel\u00e9s\u00e9re, valamint ennek m\u00e9rs\u00e9kl\u00e9si strat\u00e9gi\u00e1ira f\u00f3kusz\u00e1lnak.\u00a0<\/p>\n<p>Munkacsoportunk 2021. \u00e1prilis 22-\u00e9n, a F\u00f6ld napj\u00e1n az\u00e9rt alakult, hogy vizsg\u00e1lja a k\u00fcl\u00f6nb\u00f6z\u0151 fog\u00e1szati anyagok, technol\u00f3gi\u00e1k, beavatkoz\u00e1sok k\u00f6rnyezetterhel\u00e9s\u00e9t, \u00e9s felh\u00edvja ezekre a szakmabeliek figyelm\u00e9t. Tov\u00e1bb\u00e1 c\u00e9lul t\u0171zt\u00fck ki a fog\u00e1szat \u00f6kologikusabb\u00e1, k\u00f6rnyezetk\u00edm\u00e9l\u0151bb\u00e9 alak\u00edt\u00e1s\u00e1t, hangs\u00falyozva a fenntarthat\u00f3s\u00e1gra t\u00f6rekv\u00e9s fontoss\u00e1g\u00e1t ebben a munkak\u00f6rben. Ennek el\u00e9r\u00e9se \u00e9rdek\u00e9ben t\u00f6rekv\u00e9seink r\u00e9sze az \u00e9rintettek \u00e1tfog\u00f3 oktat\u00e1sa, szeml\u00e9letform\u00e1l\u00e1sa is, vagyis a jelenlegi \u00e9s kor\u00e1bbi f\u0151\u00e1ram\u00fa meggy\u0151z\u0151d\u00e9sek, attit\u0171d\u00f6k fel\u00fclvizsg\u00e1lata a leg\u00fajabb nemzetk\u00f6zi kutat\u00e1sok t\u00fckr\u00e9ben.<\/p>\n<p><strong>Kutat\u00e1si ter\u00fcletek, tev\u00e9kenys\u00e9gi k\u00f6r\u00f6k:<\/strong><\/p>\n<ul>\n<li>K\u00f6rnyezettudatoss\u00e1ghoz, fenntarthat\u00f3s\u00e1ghoz val\u00f3 hozz\u00e1\u00e1ll\u00e1s vizsg\u00e1lata a fog\u00e1szatban\u00a0<\/li>\n<li>K\u00f6rnyezetk\u00edm\u00e9l\u0151 sz\u00e1j\u00e1pol\u00e1si eszk\u00f6z\u00f6k hat\u00e9konys\u00e1g\u00e1nak vizsg\u00e1lata<\/li>\n<li>A fog\u00e1szatban alkalmazott egyszer haszn\u00e1latos eszk\u00f6z\u00f6k cs\u00f6kkent\u00e9s\u00e9nek lehet\u0151s\u00e9gei, alternat\u00edv\u00e1inak vizsg\u00e1lata<\/li>\n<li>Eg\u00e9szs\u00e9g\u00fcgyi, fog\u00e1szati tev\u00e9kenys\u00e9gek sor\u00e1n keletkez\u0151 hullad\u00e9kok, hullad\u00e9kutak \u00e9s hullad\u00e9kkezel\u00e9si tudatoss\u00e1g vizsg\u00e1lata; hullad\u00e9kauditok v\u00e9gz\u00e9se<\/li>\n<li>K\u00fcl\u00f6nb\u00f6z\u0151 fog\u00e1szati beavatkoz\u00e1sok \u00f6kol\u00f3giai l\u00e1bnyom\u00e1nak \u00f6sszehasonl\u00edt\u00e1sa<\/li>\n<li>Inform\u00e1l\u00e1s, szeml\u00e9letform\u00e1l\u00e1s, tan\u00e1csad\u00e1s, oktat\u00e1s, k\u00f6z\u00f6ss\u00e9gi m\u00e9dia-tartalmak k\u00e9sz\u00edt\u00e9se<\/li>\n<\/ul>\n<p><strong>A munkacsoport tagjai: <\/strong><\/p>\n<ul>\n<li>Prof. Dr. M\u00e1rton Krisztina egyetemi tan\u00e1r, tansz\u00e9kvezet\u0151<\/li>\n<li>Dr. Demeter Tam\u00e1s egyetemi adjunktus, PhD<\/li>\n<li>Dr. Kov\u00e1cs Szil\u00e1rd klinikai szakorvos\u00a0<\/li>\n<li>Dr. Vass Andrea Fanni rezidens<\/li>\n<li>Monos Imola V. \u00e9ves fogorvostan hallgat\u00f3, TDK hallgat\u00f3<\/li>\n<li>Irinyi D\u00f3ra V. \u00e9ves fogorvostan hallgat\u00f3, TDK hallgat\u00f3<\/li>\n<li>Lehotai Anett V. \u00e9ves fogorvostan hallgat\u00f3, TDK hallgat\u00f3<\/li>\n<li>Mester Emese k\u00f6rnyezetm\u00e9rn\u00f6k, klinikai fog\u00e1szati higi\u00e9nikus<\/li>\n<\/ul>\n<p><strong>TDK konferencia r\u00e9szv\u00e9tel 2022:<\/strong> Palotai Vir\u00e1g \u00e9s Volford Kinga: <em>\u201eA fog\u00e1szati ell\u00e1t\u00e1s fenntarthat\u00f3s\u00e1gi szempontjainak vizsg\u00e1lata a Semmelweis Egyetemen\u201d<\/em>, t\u00e9mavezet\u0151: Dr. Demeter Tam\u00e1s egyetemi adjunktus, PhD<\/p>\n<p><strong>TDK konferencia r\u00e9szv\u00e9tel 2024:<\/strong> Irinyi D\u00f3ra \u00e9s Monos Imola: <em>\u201e<\/em><em>Fog\u00e1szati speci\u00e1lis eg\u00e9szs\u00e9g\u00fcgyi vesz\u00e9lyes hullad\u00e9kok gy\u0171jt\u00e9s\u00e9nek vizsg\u00e1lata hullad\u00e9kauditok r\u00e9v\u00e9n a Semmelweis Egyetemen\u201d<\/em><strong>, <\/strong>t\u00e9mavezet\u0151: Dr. Demeter Tam\u00e1s egyetemi adjunktus, PhD<\/p>\n<p><a href=\"https:\/\/semmelweis.hu\/propedeutika\/files\/2022\/03\/Munkacsoport-a-Kornyezettudatos-es-Fenntarthato-Fogaszatert-celkituzesei-1.pdf\">Munkacsoport a K\u00f6rnyezettudatos \u00e9s Fenntarthat\u00f3 Fog\u00e1szat\u00e9rt c\u00e9lkit\u0171z\u00e9sei<\/a><\/p>\n<p><iframe loading=\"lazy\" id=\"kaltura_player\" src=\"https:\/\/cdnapisec.kaltura.com\/p\/2714041\/sp\/271404100\/embedIframeJs\/uiconf_id\/45220391\/partner_id\/2714041?iframeembed=true&amp;playerId=kaltura_player&amp;entry_id=1_mq5jkfwj&amp;flashvars[streamerType]=auto&amp;flashvars[localizationCode]=hu_HU&amp;flashvars[leadWithHTML5]=true&amp;flashvars[sideBarContainer.plugin]=true&amp;flashvars[sideBarContainer.position]=left&amp;flashvars[sideBarContainer.clickToClose]=true&amp;flashvars[chapters.plugin]=true&amp;flashvars[chapters.layout]=vertical&amp;flashvars[chapters.thumbnailRotator]=false&amp;flashvars[streamSelector.plugin]=true&amp;flashvars[EmbedPlayer.SpinnerTarget]=videoHolder&amp;flashvars[dualScreen.plugin]=true&amp;flashvars[hotspots.plugin]=1&amp;flashvars[Kaltura.addCrossoriginToIframe]=true&amp;&amp;wid=1_z4kidb7e\" width=\"100%\" height=\"500\"><span data-mce-type=\"bookmark\" style=\"width: 0px;overflow: hidden;line-height: 0\" class=\"mce_SELRES_start\">\ufeff<\/span><\/iframe><\/p>\n<p><a href=\"https:\/\/www.instagram.com\/semmelweis_susdent\/\" target=\"_blank\" rel=\"noopener\">Kattintson ide munkacsoportunk Instagram oldal\u00e1\u00e9rt.\u00a0<\/a><\/p>\n","protected":false},"excerpt":{"rendered":"<p>Munkacsoport a K\u00f6rnyezettudatos \u00e9s Fenntarthat\u00f3 Fog\u00e1szat\u00e9rt A munkacsoport vezet\u0151i: Prof. Dr. M\u00e1rton Krisztina egyetemi tan\u00e1r \u00e9s Dr. Demeter Tam\u00e1s egyetemi adjunktus, PhD Az ember bioszf\u00e9ra-\u00e1talak\u00edt\u00f3 tev\u00e9kenys\u00e9ge \u00e9s korunk kultur\u00e1lis meggy\u0151z\u0151d\u00e9sei \u00e1ltal okozott, eg\u00e9szs\u00e9g\u00fcnket \u00e9s eg\u00e9sz t\u00e1rsadalmunk alapvet\u0151 rendszereit destabilizal\u00f3 \u00f6kol\u00f3giai v\u00e1ls\u00e1g m\u00e1r nem puszt\u00e1n egy j\u00f6v\u0151beli fenyeget\u00e9s, hanem a jelen\u00fcnk megker\u00fclhetetlen r\u00e9sz\u00e9v\u00e9 v\u00e1lt. Az eg\u00e9szs\u00e9g\u00fcgyi &hellip;<\/p>\n","protected":false},"author":101964,"featured_media":0,"parent":547,"menu_order":0,"comment_status":"closed","ping_status":"closed","template":"","meta":{"_acf_changed":false,"footnotes":""},"categories":[],"tags":[],"class_list":["post-1091","page","type-page","status-publish","hentry"],"acf":[],"_links":{"self":[{"href":"https:\/\/semmelweis.hu\/propedeutika\/wp-json\/wp\/v2\/pages\/1091","targetHints":{"allow":["GET"]}}],"collection":[{"href":"https:\/\/semmelweis.hu\/propedeutika\/wp-json\/wp\/v2\/pages"}],"about":[{"href":"https:\/\/semmelweis.hu\/propedeutika\/wp-json\/wp\/v2\/types\/page"}],"author":[{"embeddable":true,"href":"https:\/\/semmelweis.hu\/propedeutika\/wp-json\/wp\/v2\/users\/101964"}],"replies":[{"embeddable":true,"href":"https:\/\/semmelweis.hu\/propedeutika\/wp-json\/wp\/v2\/comments?post=1091"}],"version-history":[{"count":10,"href":"https:\/\/semmelweis.hu\/propedeutika\/wp-json\/wp\/v2\/pages\/1091\/revisions"}],"predecessor-version":[{"id":2403,"href":"https:\/\/semmelweis.hu\/propedeutika\/wp-json\/wp\/v2\/pages\/1091\/revisions\/2403"}],"up":[{"embeddable":true,"href":"https:\/\/semmelweis.hu\/propedeutika\/wp-json\/wp\/v2\/pages\/547"}],"wp:attachment":[{"href":"https:\/\/semmelweis.hu\/propedeutika\/wp-json\/wp\/v2\/media?parent=1091"}],"wp:term":[{"taxonomy":"category","embeddable":true,"href":"https:\/\/semmelweis.hu\/propedeutika\/wp-json\/wp\/v2\/categories?post=1091"},{"taxonomy":"post_tag","embeddable":true,"href":"https:\/\/semmelweis.hu\/propedeutika\/wp-json\/wp\/v2\/tags?post=1091"}],"curies":[{"name":"wp","href":"https:\/\/api.w.org\/{rel}","templated":true}]}}