{"id":1015,"date":"2021-12-15T14:13:30","date_gmt":"2021-12-15T13:13:30","guid":{"rendered":"https:\/\/semmelweis.hu\/propedeutika\/?page_id=1015"},"modified":"2026-03-11T10:44:33","modified_gmt":"2026-03-11T09:44:33","slug":"tdk","status":"publish","type":"page","link":"https:\/\/semmelweis.hu\/propedeutika\/tdk\/","title":{"rendered":"TDK"},"content":{"rendered":"<p><strong>2026. tavaszi f\u00e9l\u00e9v TDK t\u00e9m\u00e1i\u00a0<\/strong><\/p>\n<table style=\"width: 98.3068%\">\n<tbody>\n<tr>\n<td style=\"width: 49.835%\" width=\"302\">\n<p><strong>T\u00e9m\u00e1k <\/strong><\/p>\n<\/td>\n<td style=\"width: 172.937%\" width=\"302\">\n<p><strong>T\u00e9mavezet\u0151(k) neve fokozattal<\/strong><\/p>\n<\/td>\n<\/tr>\n<tr>\n<td style=\"width: 49.835%\" width=\"302\">\n<p>Sz\u00e1jsz\u00e1razs\u00e1g kutat\u00e1s<\/p>\n<\/td>\n<td style=\"width: 172.937%\" width=\"302\">\n<p>Prof. Dr. M\u00e1rton Krisztina egyetemi tan\u00e1r<\/p>\n<\/td>\n<\/tr>\n<tr>\n<td style=\"width: 49.835%\" width=\"302\">\n<p>Or\u00e1lis epidemiol\u00f3giai helyzet Magyarorsz\u00e1gon az Eur\u00f3pai Uni\u00f3 orsz\u00e1gaihoz viszony\u00edtva<\/p>\n<\/td>\n<td style=\"width: 172.937%\" width=\"302\">\n<p>&nbsp;<\/p>\n<p>Prof. Dr. M\u00e1rton Krisztina egyetemi tan\u00e1r<\/p>\n<p>&nbsp;<\/p>\n<\/td>\n<\/tr>\n<tr>\n<td style=\"width: 49.835%\" width=\"302\">\n<p>Fenntarthat\u00f3s\u00e1gi, \u00f6kol\u00f3giai szempontok a fogorvosi ell\u00e1t\u00e1sban<\/p>\n<\/td>\n<td style=\"width: 172.937%\" width=\"302\">\n<p>Dr. Demeter Tam\u00e1s egyetemi adjunktus<\/p>\n<p>&nbsp;<\/p>\n<\/td>\n<\/tr>\n<tr>\n<td style=\"width: 49.835%\" width=\"302\">\n<p>Sz\u00e1jsz\u00e1razs\u00e1g-kutat\u00e1s: Xerostomia vizsg\u00e1lata, valamint nyugalmi kevert- \u00e9s kisny\u00e1lmirigyek szekr\u00e9ci\u00f3j\u00e1nak m\u00e9r\u00e9se k\u00fcl\u00f6nb\u00f6z\u0151 \u00e1llapotokban: autoimmun betegs\u00e9gek, diabetes, fogp\u00f3tl\u00e1sok, m\u0171fogsorr\u00f6gz\u00edt\u0151k haszn\u00e1lata<\/p>\n<\/td>\n<td style=\"width: 172.937%\" width=\"302\">\n<p>Dr. Demeter Tam\u00e1s egyetemi adjunktus<\/p>\n<p>&nbsp;<\/p>\n<\/td>\n<\/tr>\n<tr>\n<td style=\"width: 49.835%\" width=\"302\">\n<p>3D nyomtatott fog\u00e1szati mint\u00e1k formatart\u00f3ss\u00e1g\u00e1nak vizsg\u00e1lata<\/p>\n<\/td>\n<td style=\"width: 172.937%\" width=\"302\">\n<p>Prof. Dr. M\u00e1rton Krisztina egyetemi tan\u00e1r, Dr. Vass Andrea Fanni egyetemi tan\u00e1rseg\u00e9d, Dr. Vincze Zs\u00f3fia \u00c9va klinikai szakorvos<\/p>\n<\/td>\n<\/tr>\n<tr>\n<td style=\"width: 49.835%\" width=\"302\">\n<p>K\u00f6rnyezetbar\u00e1t sz\u00e1j\u00e1pol\u00e1si eszk\u00f6z\u00f6k hat\u00e9konys\u00e1g\u00e1nak vizsg\u00e1lata \u00e9s jelent\u0151s\u00e9g\u00fck a prevenci\u00f3ban<\/p>\n<\/td>\n<td style=\"width: 172.937%\" width=\"302\">\n<p>Dr. Demeter Tam\u00e1s egyetemi adjunktus<\/p>\n<p>&nbsp;<\/p>\n<\/td>\n<\/tr>\n<tr>\n<td style=\"width: 49.835%\" width=\"302\">\n<p>Arcf\u00e1jdalom szindr\u00f3ma kr\u00f3nikus betegs\u00e9gben szenved\u0151k\u00f6n<\/p>\n<\/td>\n<td style=\"width: 172.937%\" width=\"302\">\n<p>Prof. Dr. M\u00e1rton Krisztina egyetemi tan\u00e1r<\/p>\n<\/td>\n<\/tr>\n<tr>\n<td style=\"width: 49.835%\" width=\"302\">\n<p>T\u00e1pl\u00e1lkoz\u00e1s befoly\u00e1sa sz\u00e1jsz\u00e1razs\u00e1gban szenved\u0151k or\u00e1lis eg\u00e9szs\u00e9ghez kapcsol\u00f3d\u00f3 \u00e9letmin\u0151s\u00e9g\u00e9re<\/p>\n<\/td>\n<td style=\"width: 172.937%\" width=\"302\">\n<p>Prof. Dr. M\u00e1rton Krisztina egyetemi tan\u00e1r<\/p>\n<\/td>\n<\/tr>\n<tr>\n<td style=\"width: 49.835%\" width=\"302\">\n<p>Sj\u00f6gren szindr\u00f3m\u00e1s betegek ny\u00e1lmirigy sz\u00f6veteit \u00e9rint\u0151 sejtszint\u0171 folyamatok<\/p>\n<\/td>\n<td style=\"width: 172.937%\" width=\"302\">\n<p>Prof. Dr. M\u00e1rton Krisztina egyetemi tan\u00e1r<\/p>\n<\/td>\n<\/tr>\n<tr>\n<td style=\"width: 49.835%\" width=\"302\">\n<p>Dry Mouth Research<\/p>\n<\/td>\n<td style=\"width: 172.937%\" width=\"302\">\n<p>Prof. Dr. M\u00e1rton Krisztina egyetemi tan\u00e1r<\/p>\n<\/td>\n<\/tr>\n<tr>\n<td style=\"width: 49.835%\" width=\"302\">\n<p>A fogorvosi oktat\u00e1sban haszn\u00e1lt anyagok vizsg\u00e1lata fenntarthat\u00f3s\u00e1gi szempontok alapj\u00e1n<\/p>\n<\/td>\n<td style=\"width: 172.937%\" width=\"302\">\n<p>Dr. D\u00e9zsi Anna egyetemi adjunktus, Dr. Demeter Tam\u00e1s egyetemi adjunktus<\/p>\n<\/td>\n<\/tr>\n<tr>\n<td style=\"width: 49.835%\" width=\"302\">\n<p>A menopausa hat\u00e1sai a sz\u00e1j\u00fcregi eg\u00e9szs\u00e9gre<\/p>\n<p>&nbsp;<\/p>\n<\/td>\n<td style=\"width: 172.937%\" width=\"302\">\n<p>Dr. D\u00e9zsi Anna J\u00falia egyetemi adjunktus, Dr. Erdei Csilla egyetemi tan\u00e1rseg\u00e9d<\/p>\n<p>&nbsp;<\/p>\n<\/td>\n<\/tr>\n<tr>\n<td style=\"width: 49.835%\" width=\"302\">\n<p>The role of apoptosis in the pathogenesis of Sj\u00f6gren&#8217;s syndrome.\u00a0<\/p>\n<\/td>\n<td style=\"width: 172.937%\" width=\"302\">\n<p>Dr. Erdei Csilla egyetemi tan\u00e1rseg\u00e9d<\/p>\n<\/td>\n<\/tr>\n<tr>\n<td style=\"width: 49.835%\" width=\"302\">\n<p>Fenntarthat\u00f3s\u00e1g a fogorvosl\u00e1sban: Fogorvosok attit\u0171djeinek felm\u00e9r\u00e9se<\/p>\n<\/td>\n<td style=\"width: 172.937%\" width=\"302\">\n<p>Dr. Kov\u00e1cs Szil\u00e1rd D\u00e1vid klinikai szakorvos<\/p>\n<\/td>\n<\/tr>\n<tr>\n<td style=\"width: 49.835%\" width=\"302\">\n<p>K\u00fcl\u00f6nb\u00f6z\u0151 gy\u00e1rt\u00e1si technol\u00f3gi\u00e1val k\u00e9sz\u00fclt fogsor alaplemezek mechanikai tulajdons\u00e1gainak \u00f6sszehasonl\u00edt\u00e1sa \u00f6reg\u00edt\u00e9s ut\u00e1n<\/p>\n<\/td>\n<td style=\"width: 172.937%\" width=\"302\">\n<p>Dr. D\u00e9zsi Anna J\u00falia egyetemi adjunktus, Dr. Vincze Zs\u00f3fia \u00c9va klinikai szakorvos<\/p>\n<p>&nbsp;<\/p>\n<\/td>\n<\/tr>\n<\/tbody>\n<\/table>\n<p>&nbsp;<\/p>\n<p><span style=\"font-size: 1rem\">A<\/span><a href=\"https:\/\/semmelweis.hu\/propedeutika\/2023\/02\/13\/tudomanyos-diakkori-konferencia-2023\/\"> 2023-as TDK konferenci\u00e1n<\/a> <strong style=\"font-size: 1rem\"> N\u00e1z\u00e1r Vivien \u00e9s <\/strong><strong style=\"font-size: 1rem\">Oskovics L\u00e1szl\u00f3 a &#8222;3D nyomtatott fog\u00e1szati mint\u00e1k formatart\u00f3s\u00e1g\u00e1nak vizsg\u00e1lata&#8221; <\/strong><span style=\"font-size: 1rem\">c\u00edm\u0171 el\u0151ad\u00e1s\u00e1val<\/span><strong style=\"font-size: 1rem\">\u00a0III. helyez\u00e9st <\/strong><span style=\"font-size: 1rem\">\u00e9rt el.<\/span><span style=\"font-size: 1rem\"> T\u00e9mavezet\u0151ik: Dr. M\u00e1rton Krisztina \u00e9s Dr. Vincze Zs\u00f3fia \u00c9va.\u00a0<\/span><\/p>\n<p>A <span data-olk-copy-source=\"MessageBody\">2026-os TDK konferenci\u00e1n <strong>Mehrad Gosili<\/strong> (SE FOK V.) <strong>&#8222;Correlation of ESSDAI with Salivary Flow and Dental Status in Patients with Sj\u00f6gren\u2019s Syndrome&#8221; <\/strong>c\u00edm\u0171 el\u0151ad\u00e1s\u00e1val <strong>II. helyez\u00e9st <\/strong>\u00e9rt el. <\/span>T\u00e9mavezet\u0151: Prof. Dr. M\u00e1rton Krisztina egyetemi tan\u00e1r, Propedeutikai Tansz\u00e9k<\/p>\n","protected":false},"excerpt":{"rendered":"<p>2026. tavaszi f\u00e9l\u00e9v TDK t\u00e9m\u00e1i\u00a0 T\u00e9m\u00e1k T\u00e9mavezet\u0151(k) neve fokozattal Sz\u00e1jsz\u00e1razs\u00e1g kutat\u00e1s Prof. Dr. M\u00e1rton Krisztina egyetemi tan\u00e1r Or\u00e1lis epidemiol\u00f3giai helyzet Magyarorsz\u00e1gon az Eur\u00f3pai Uni\u00f3 orsz\u00e1gaihoz viszony\u00edtva &nbsp; Prof. Dr. M\u00e1rton Krisztina egyetemi tan\u00e1r &nbsp; Fenntarthat\u00f3s\u00e1gi, \u00f6kol\u00f3giai szempontok a fogorvosi ell\u00e1t\u00e1sban Dr. Demeter Tam\u00e1s egyetemi adjunktus &nbsp; Sz\u00e1jsz\u00e1razs\u00e1g-kutat\u00e1s: Xerostomia vizsg\u00e1lata, valamint nyugalmi kevert- \u00e9s kisny\u00e1lmirigyek szekr\u00e9ci\u00f3j\u00e1nak &hellip;<\/p>\n","protected":false},"author":12,"featured_media":0,"parent":0,"menu_order":4,"comment_status":"closed","ping_status":"closed","template":"","meta":{"_acf_changed":false,"footnotes":""},"categories":[],"tags":[],"class_list":["post-1015","page","type-page","status-publish","hentry"],"acf":[],"_links":{"self":[{"href":"https:\/\/semmelweis.hu\/propedeutika\/wp-json\/wp\/v2\/pages\/1015","targetHints":{"allow":["GET"]}}],"collection":[{"href":"https:\/\/semmelweis.hu\/propedeutika\/wp-json\/wp\/v2\/pages"}],"about":[{"href":"https:\/\/semmelweis.hu\/propedeutika\/wp-json\/wp\/v2\/types\/page"}],"author":[{"embeddable":true,"href":"https:\/\/semmelweis.hu\/propedeutika\/wp-json\/wp\/v2\/users\/12"}],"replies":[{"embeddable":true,"href":"https:\/\/semmelweis.hu\/propedeutika\/wp-json\/wp\/v2\/comments?post=1015"}],"version-history":[{"count":11,"href":"https:\/\/semmelweis.hu\/propedeutika\/wp-json\/wp\/v2\/pages\/1015\/revisions"}],"predecessor-version":[{"id":2657,"href":"https:\/\/semmelweis.hu\/propedeutika\/wp-json\/wp\/v2\/pages\/1015\/revisions\/2657"}],"wp:attachment":[{"href":"https:\/\/semmelweis.hu\/propedeutika\/wp-json\/wp\/v2\/media?parent=1015"}],"wp:term":[{"taxonomy":"category","embeddable":true,"href":"https:\/\/semmelweis.hu\/propedeutika\/wp-json\/wp\/v2\/categories?post=1015"},{"taxonomy":"post_tag","embeddable":true,"href":"https:\/\/semmelweis.hu\/propedeutika\/wp-json\/wp\/v2\/tags?post=1015"}],"curies":[{"name":"wp","href":"https:\/\/api.w.org\/{rel}","templated":true}]}}