{"id":9307,"date":"2013-01-02T12:40:13","date_gmt":"2013-01-02T11:40:13","guid":{"rendered":"http:\/\/semmelweis.hu\/phd\/bemutatkozas\/doktori-tanacs-en\/"},"modified":"2025-04-01T13:39:18","modified_gmt":"2025-04-01T11:39:18","slug":"council-president","status":"publish","type":"page","link":"https:\/\/semmelweis.hu\/phd\/en\/doctoral-college\/council-president\/","title":{"rendered":"The Doctoral Council and the President"},"content":{"rendered":"<h2><a href=\"https:\/\/semmelweis.hu\/phd\/files\/2024\/08\/benyo-zoltan.jpg\"><img loading=\"lazy\" decoding=\"async\" class=\"wp-image-18608 alignright\" src=\"https:\/\/semmelweis.hu\/phd\/files\/2024\/08\/benyo-zoltan-281x400.jpg\" alt=\"\" width=\"176\" height=\"250\" srcset=\"https:\/\/semmelweis.hu\/phd\/files\/2024\/08\/benyo-zoltan-281x400.jpg 281w, https:\/\/semmelweis.hu\/phd\/files\/2024\/08\/benyo-zoltan-721x1024.jpg 721w, https:\/\/semmelweis.hu\/phd\/files\/2024\/08\/benyo-zoltan-768x1091.jpg 768w, https:\/\/semmelweis.hu\/phd\/files\/2024\/08\/benyo-zoltan-1081x1536.jpg 1081w, https:\/\/semmelweis.hu\/phd\/files\/2024\/08\/benyo-zoltan-1441x2048.jpg 1441w, https:\/\/semmelweis.hu\/phd\/files\/2024\/08\/benyo-zoltan-753x1070.jpg 753w, https:\/\/semmelweis.hu\/phd\/files\/2024\/08\/benyo-zoltan.jpg 1795w\" sizes=\"auto, (max-width: 176px) 100vw, 176px\" \/><\/a>President of the Doctoral Council<\/h2>\n<p><strong>Dr. Zolt\u00e1n Beny\u00f3<\/strong><\/p>\n<p>E-mail: <a href=\"mailto:benyo.zoltan@semmelweis.hu\">benyo.zoltan@semmelweis.hu<\/a><\/p>\n<p>Phone: +36 1 459 1500 \/ 60300<\/p>\n<hr \/>\n<h2>Members of the Doctoral Council<\/h2>\n<p><strong>Dr. J\u00f3zsef T\u00edm\u00e1r<\/strong><br \/>\nvice president<span style=\"color: #888888\"><br \/>\n<\/span>e-mail: <a href=\"mailto:timar.jozsef@semmelweis.hu\">timar.jozsef@semmelweis.hu<\/a><br \/>\nphone: +36 20 825 9685<\/p>\n<p><strong>Dr. \u00c9va Sz\u00f6k\u0151<\/strong><br \/>\nPresident\u00a0of the Educational and Credit Board<strong><br \/>\n<\/strong>e-mail: <a href=\"mailto:szoko.eva@semmelweis.hu\">szoko.eva@semmelweis.hu<\/a><br \/>\nphone: +36 30 329 6621<\/p>\n<p><strong>Dr. P\u00e9ter Ferdinandy<\/strong><br \/>\nPresident\u00a0of the Educational and Credit Board<span style=\"color: #888888\"><br \/>\n<\/span>e-mail: <a href=\"mailto:ferdinandy.peter@semmelweis.hu\">ferdinandy.peter@semmelweis.hu<\/a><span style=\"color: #888888\"><br \/>\n<\/span>phone: +36 1 459 1500 \/ 55351<\/p>\n<p><strong>Bedn\u00e1rikn\u00e9 Dr. Gabriella D\u00f6rnyei<\/strong><br \/>\nPresident of the Quality Control and Evaluation Board<strong><br \/>\n<\/strong>e-mail: <a href=\"mailto:dornyei.gabriella@semmelweis.hu\">dornyei.gabriella@semmelweis.hu<\/a><br \/>\nphone:<span style=\"font-family: inherit;font-size: inherit\">\u00a0<\/span><span style=\"font-family: inherit;font-size: inherit\">+36 1 486 4941\u00a0<\/span><\/p>\n<p><strong>Dr. \u00c1kos Zsemberi<\/strong><br \/>\nPresident of the International Committee<strong><br \/>\n<\/strong>e-mail:\u00a0<br \/>\nphone:<span style=\"font-family: inherit;font-size: inherit\"> +36 1 459 1500 \/ 56422<\/span><\/p>\n<p><strong>Dr. Istv\u00e1n Antal<\/strong><br \/>\nPresident of the Committee of Disciplinary Procedures<strong><br \/>\n<\/strong>e-mail:\u00a0<br \/>\nphone:<span style=\"font-family: inherit;font-size: inherit\">\u00a0<\/span><\/p>\n<p><strong>Dr. Zolt\u00e1n Jakus<br \/>\n<\/strong>Delegate of the Doctoral Students&#8217; Union<br \/>\ne-mail: \u00a0<a href=\"mailto:jakus.zoltan@semmelweis.hu\">jakus.zoltan@semmelweis.hu<\/a><\/p>\n<p><strong>Dr. P\u00e9ter V\u00e1mosi<\/strong><br \/>\nPresident of the Doctoral Students&#8217; Union<span style=\"color: #888888\"><br \/>\n<\/span>contact info: <a href=\"https:\/\/semmelweis.hu\/dok\/\">https:\/\/semmelweis.hu\/dok\/<\/a><\/p>\n<hr \/>\n<h4 style=\"text-align: left\"><strong>Delegates of the Faculties<\/strong><\/h4>\n<p>Dr. Gy\u00f6rgy Losonczy (Faculty of Medicine)<\/p>\n<p>Dr. \u00c9va Sz\u00f6k\u0151 (Department of Pharmacodynamics)<\/p>\n<p>Dr. Gyula Domj\u00e1n (Department of Clinical Studies)<\/p>\n<p>Dr. G\u00e1bor Varga (Department of Oral Biology)<\/p>\n<p>Dr. Be\u00e1ta Pethesn\u00e9 D\u00e1vid (Faculty of Health and Public Administration)<\/p>\n<hr \/>\n<h4><strong>Heads of the\u00a0 Doctoral Divisions<\/strong><\/h4>\n<p><strong>Dr. B\u00e9la Merkely<\/strong><br \/>\nCardiovascular Medicine and Research<\/p>\n<p><strong>Dr. Mikl\u00f3s Kellermayer<\/strong><br \/>\nTheoretical and Translational Medicine<\/p>\n<p><strong>Dr. G\u00e1bor Varga<\/strong><br \/>\nDental Research<\/p>\n<p><strong>Dr. Attila Szij\u00e1rt\u00f3<\/strong><br \/>\nSurgical Medicine<\/p>\n<p><strong>Dr. Gy\u00f6rgy Reusz<\/strong><br \/>\nR\u00e1cz K\u00e1roly Conservative Medicine<\/p>\n<p><strong>Dr. Rom\u00e1na Zelk\u00f3<\/strong><br \/>\nPharmaceutical Sciences and Health Technologies<\/p>\n<p><strong>Dr. Gy\u00f6rgy Bagdy<\/strong><br \/>\nMental Health Sciences<\/p>\n<p><strong>Dr. Zolt\u00e1n Zsolt Nagy<\/strong><br \/>\nHealth Sciences<\/p>\n<p><strong>Dr. D\u00e1niel Bereczki<\/strong><br \/>\nSzent\u00e1gothai J\u00e1nos Neurosciences<\/p>\n<p><strong>Dr. P\u00e9ter Enyedi<\/strong><br \/>\nMolecular Medicine<\/p>\n<p><strong>Dr. Andr\u00e1s Matolcsy<\/strong><br \/>\nPatological and Oncological<\/p>\n<hr \/>\n<h4><strong>Representatives of\u00a0other\u00a0Universities&#8217; Doctoral Schools<\/strong><\/h4>\n<p>Dr. P\u00e9ter Tam\u00e1s S\u00f3tonyi<\/p>\n<p>Dr. P\u00e9ter Szolgay<\/p>\n<hr \/>\n<h4><strong>Former heads of the doctoral schools<\/strong><\/h4>\n<p>Dr. Ilona Kovalszky<\/p>\n<p>Dr. B\u00e9la Nosz\u00e1l<\/p>\n<p>Dr. Tivadar Tulassay<\/p>\n<p>Dr. Zsolt Tulassay<\/p>\n<p>Dr. J\u00f3zsef Mandl<\/p>\n<p>Dr. Erzs\u00e9bet Ligeti<\/p>\n<p>Dr. L\u00e1szl\u00f3 Rosivall<\/p>\n<p>&nbsp;<\/p>\n","protected":false},"excerpt":{"rendered":"<p><a href=\"https:\/\/semmelweis.hu\/phd\/files\/2024\/08\/benyo-zoltan.jpg\"><\/a> President of the Doctoral Council Dr. Zolt\u00e1n Beny\u00f3 E-mail: <a href=\"mailto:benyo.zoltan@semmelweis.hu\">benyo.zoltan@semmelweis.hu<\/a> Phone: +36 1 459 1500 \/ 60300 Members of the Doctoral Council Dr. J\u00f3zsef T\u00edm\u00e1r vice president e-mail: <a href=\"mailto:timar.jozsef@semmelweis.hu\">timar.jozsef@semmelweis.hu<\/a> phone: +36 20 825 9685 Dr. \u00c9va Sz\u00f6k\u0151 President\u00a0of the Educational and Credit Board e-mail: <a href=\"mailto:szoko.eva@semmelweis.hu\">szoko.eva@semmelweis.hu<\/a> phone: +36 30 329 6621 Dr. P\u00e9ter Ferdinandy President\u00a0of the Educational and Credit &hellip;<\/p>\n","protected":false},"author":158,"featured_media":0,"parent":9323,"menu_order":4,"comment_status":"closed","ping_status":"closed","template":"template-fullwidth.php","meta":{"_acf_changed":false,"footnotes":""},"categories":[],"tags":[],"class_list":["post-9307","page","type-page","status-publish","hentry"],"acf":[],"_links":{"self":[{"href":"https:\/\/semmelweis.hu\/phd\/wp-json\/wp\/v2\/pages\/9307","targetHints":{"allow":["GET"]}}],"collection":[{"href":"https:\/\/semmelweis.hu\/phd\/wp-json\/wp\/v2\/pages"}],"about":[{"href":"https:\/\/semmelweis.hu\/phd\/wp-json\/wp\/v2\/types\/page"}],"author":[{"embeddable":true,"href":"https:\/\/semmelweis.hu\/phd\/wp-json\/wp\/v2\/users\/158"}],"replies":[{"embeddable":true,"href":"https:\/\/semmelweis.hu\/phd\/wp-json\/wp\/v2\/comments?post=9307"}],"version-history":[{"count":13,"href":"https:\/\/semmelweis.hu\/phd\/wp-json\/wp\/v2\/pages\/9307\/revisions"}],"predecessor-version":[{"id":64546,"href":"https:\/\/semmelweis.hu\/phd\/wp-json\/wp\/v2\/pages\/9307\/revisions\/64546"}],"up":[{"embeddable":true,"href":"https:\/\/semmelweis.hu\/phd\/wp-json\/wp\/v2\/pages\/9323"}],"wp:attachment":[{"href":"https:\/\/semmelweis.hu\/phd\/wp-json\/wp\/v2\/media?parent=9307"}],"wp:term":[{"taxonomy":"category","embeddable":true,"href":"https:\/\/semmelweis.hu\/phd\/wp-json\/wp\/v2\/categories?post=9307"},{"taxonomy":"post_tag","embeddable":true,"href":"https:\/\/semmelweis.hu\/phd\/wp-json\/wp\/v2\/tags?post=9307"}],"curies":[{"name":"wp","href":"https:\/\/api.w.org\/{rel}","templated":true}]}}