{"id":9284,"date":"2013-01-02T12:56:22","date_gmt":"2013-01-02T11:56:22","guid":{"rendered":"http:\/\/semmelweis.hu\/phd\/doktori-iskolak\/elmeleti-orvostudomanyok-en\/"},"modified":"2023-07-27T13:07:45","modified_gmt":"2023-07-27T11:07:45","slug":"elmeleti-orvostudomanyok-en","status":"publish","type":"page","link":"https:\/\/semmelweis.hu\/phd\/en\/schools-archive\/elmeleti-orvostudomanyok-en\/","title":{"rendered":"Doctoral School of Theoretical and Translational Medicine"},"content":{"rendered":"<p><span style=\"text-decoration: underline\"><strong>Chairman<\/strong><\/span><strong><br \/>\n<\/strong><strong>Prof. Mikl\u00f3s Kellermayer, M.D., Ph.D., D.Sc.<\/strong><br \/>\n<strong>E-mail: <a href=\"mailto:titkarsag.aokdekani@med.semmelweis-univ.hu\">titkarsag.aokdekani@med.semmelweis-univ.hu<\/a><\/strong><\/p>\n<div align=\"justify\">Administrator: Besze Erzs\u00e9bet<br \/>\n+36 1 459 1500\/60200<\/p>\n<table style=\"width: 700px;height: 207px;border: 0px solid #ffffff\" border=\"0\" cellspacing=\"0\" cellpadding=\"8\">\n<tbody>\n<tr>\n<td style=\"background-color: #499fd4\" colspan=\"2\"><span style=\"color: #ffffff\"><strong>Programs<\/strong><\/span><\/td>\n<td style=\"background-color: #499fd4\"><span style=\"color: #ffffff\"> <strong>Co-ordinators<\/strong><\/span><\/td>\n<\/tr>\n<tr style=\"background-color: #fafafa\">\n<td style=\"background-color: #fbfbfb\" colspan=\"2\">01. Cardiovascular Disorders: Physiology and Medicine of Ischaemic Circulatory Diseases<\/td>\n<td style=\"background-color: #fbfbfb\">Prof. B\u00e9la Merkely,<br \/>\nM.D., Ph.D., D.Sc.<\/td>\n<\/tr>\n<tr style=\"background-color: #f4f4f4\">\n<td style=\"background-color: #f4f4f4\" colspan=\"2\">02. The Mechanisms of Normal and Pathologic Functions of the Circulatory System<\/td>\n<td style=\"background-color: #f4f4f4\">Prof. Zolt\u00e1n Beny\u00f3<br \/>\nM.D., Ph.D., D.Sc.<\/td>\n<\/tr>\n<tr style=\"background-color: #fafafa\">\n<td style=\"background-color: #fbfbfb\" colspan=\"2\">03. Cellular and molecular biophysics<\/td>\n<td style=\"background-color: #fbfbfb;text-align: left\">Prof. Mikl\u00f3s Kellermayer,<br \/>\nM.D., Ph.D., D.Sc<\/td>\n<\/tr>\n<tr style=\"background-color: #fafafa\">\n<td style=\"background-color: #f4f4f4\" colspan=\"2\">04. Physiology and Pathophysiology of the Regulation of Fluids<br \/>\nand Electrolyte Homeostasis<\/td>\n<td style=\"background-color: #f4f4f4\">Prof. \u00c1kos Zsembery,<br \/>\nM.D., Ph.D., D.Sc.<\/td>\n<\/tr>\n<tr style=\"background-color: #fafafa\">\n<td style=\"background-color: #fbfbfb\" colspan=\"2\">05. Vascular Pathophysiology \/ Atherosclerosis<\/td>\n<td style=\"background-color: #fbfbfb\">Prof. Zolt\u00e1n Proh\u00e1szka,<br \/>\nM.D., Ph.D., D.Sc.<\/td>\n<\/tr>\n<tr>\n<td style=\"background-color: #fbfbfb\" colspan=\"2\">06.\u00a0<\/td>\n<td style=\"background-color: #fbfbfb\">Prof. P\u00e1l Maurovich Horvat M.D., Ph.D.<\/td>\n<\/tr>\n<tr>\n<td style=\"background-color: #fbfbfb\" colspan=\"2\">07. Mechanisms of tissue adaptation<\/td>\n<td style=\"background-color: #fbfbfb\">Prof. Szabolcs V\u00e1rb\u00edr\u00f3 M.D., Ph.D., D.Sc.<\/td>\n<\/tr>\n<\/tbody>\n<\/table>\n<p>&nbsp;<\/p>\n<\/div>\n","protected":false},"excerpt":{"rendered":"<p>Chairman Prof. Mikl\u00f3s Kellermayer, M.D., Ph.D., D.Sc. E-mail: <a href=\"mailto:titkarsag.aokdekani@med.semmelweis-univ.hu\">titkarsag.aokdekani@med.semmelweis-univ.hu<\/a> Administrator: Besze Erzs\u00e9bet +36 1 459 1500\/60200 Programs Co-ordinators 01. Cardiovascular Disorders: Physiology and Medicine of Ischaemic Circulatory Diseases Prof. B\u00e9la Merkely, M.D., Ph.D., D.Sc. 02. The Mechanisms of Normal and Pathologic Functions of the Circulatory System Prof. Zolt\u00e1n Beny\u00f3 M.D., Ph.D., D.Sc. 03. Cellular and molecular &hellip;<\/p>\n","protected":false},"author":158,"featured_media":0,"parent":9321,"menu_order":2,"comment_status":"open","ping_status":"open","template":"","meta":{"_acf_changed":false,"footnotes":""},"categories":[],"tags":[],"class_list":["post-9284","page","type-page","status-publish","hentry"],"acf":[],"_links":{"self":[{"href":"https:\/\/semmelweis.hu\/phd\/wp-json\/wp\/v2\/pages\/9284","targetHints":{"allow":["GET"]}}],"collection":[{"href":"https:\/\/semmelweis.hu\/phd\/wp-json\/wp\/v2\/pages"}],"about":[{"href":"https:\/\/semmelweis.hu\/phd\/wp-json\/wp\/v2\/types\/page"}],"author":[{"embeddable":true,"href":"https:\/\/semmelweis.hu\/phd\/wp-json\/wp\/v2\/users\/158"}],"replies":[{"embeddable":true,"href":"https:\/\/semmelweis.hu\/phd\/wp-json\/wp\/v2\/comments?post=9284"}],"version-history":[{"count":10,"href":"https:\/\/semmelweis.hu\/phd\/wp-json\/wp\/v2\/pages\/9284\/revisions"}],"predecessor-version":[{"id":15771,"href":"https:\/\/semmelweis.hu\/phd\/wp-json\/wp\/v2\/pages\/9284\/revisions\/15771"}],"up":[{"embeddable":true,"href":"https:\/\/semmelweis.hu\/phd\/wp-json\/wp\/v2\/pages\/9321"}],"wp:attachment":[{"href":"https:\/\/semmelweis.hu\/phd\/wp-json\/wp\/v2\/media?parent=9284"}],"wp:term":[{"taxonomy":"category","embeddable":true,"href":"https:\/\/semmelweis.hu\/phd\/wp-json\/wp\/v2\/categories?post=9284"},{"taxonomy":"post_tag","embeddable":true,"href":"https:\/\/semmelweis.hu\/phd\/wp-json\/wp\/v2\/tags?post=9284"}],"curies":[{"name":"wp","href":"https:\/\/api.w.org\/{rel}","templated":true}]}}