{"id":9282,"date":"2013-01-02T12:56:53","date_gmt":"2013-01-02T11:56:53","guid":{"rendered":"http:\/\/semmelweis.hu\/phd\/doktori-iskolak\/klinikai-orvostudomanyok-en\/"},"modified":"2023-07-27T14:55:16","modified_gmt":"2023-07-27T12:55:16","slug":"klinikai-orvostudomanyok-en","status":"publish","type":"page","link":"https:\/\/semmelweis.hu\/phd\/en\/schools-archive\/klinikai-orvostudomanyok-en\/","title":{"rendered":"K\u00e1roly R\u00e1cz Doctoral School of Clinical Medicine"},"content":{"rendered":"<p align=\"JUSTIFY\">K\u00e1roly R\u00e1cz Doctoral School of Clinical Medicine<\/p>\n<p align=\"JUSTIFY\">Chairman:<strong><br \/>\n<\/strong><strong>Prof. Gy\u00f6rgy Reusz M.D., Ph.D., D.Sc.<\/strong><\/p>\n<p align=\"JUSTIFY\">Administrator:<br \/>\nEdit Bokori<br \/>\n+36 1 459 15 00\/52721<\/p>\n<table style=\"width: 100%\">\n<tbody>\n<tr>\n<td style=\"background-color: #499fd4;width: 63.801%\" colspan=\"2\"><span style=\"color: #ffffff\"><strong>Programs<\/strong><\/span><\/td>\n<td style=\"background-color: #499fd4;width: 66.8991%\"><span style=\"color: #ffffff\"> <strong>Co-ordinators<\/strong><\/span><\/td>\n<\/tr>\n<tr style=\"background-color: #fafafa\">\n<td style=\"background-color: #fbfbfb;width: 63.801%\" colspan=\"2\">01. Oxidative Stress and Immunological Reaction in Liver Diseases<\/td>\n<td style=\"background-color: #fbfbfb;width: 66.8991%\">\n<div id=\"GroupWiseSection_1639735184000_bokori.edit@med.semmelweis-univ.hu_1C78BA8F19670000A277000000000000_\" class=\"GroupWiseMessageBody active\">\n<div>Dr. Krisztina Hagym\u00e1si, MD.PhD<\/div>\n<\/div>\n<\/td>\n<\/tr>\n<tr style=\"background-color: #f4f4f4\">\n<td style=\"background-color: #f4f4f4;width: 63.801%\" colspan=\"2\">02. Assisted Reproduction and Fetal Diagnosis<\/td>\n<td style=\"background-color: #f4f4f4;width: 66.8991%\">\n<div id=\"GroupWiseSection_1639735184000_bokori.edit@med.semmelweis-univ.hu_1C78BA8F19670000A277000000000000_\" class=\"GroupWiseMessageBody active\">\n<div>Prof. J\u00e1nos Urbancsek MD.PhD.DSc,<\/div>\n<\/div>\n<\/td>\n<\/tr>\n<tr style=\"background-color: #fafafa\">\n<td style=\"background-color: #fbfbfb;width: 63.801%\" colspan=\"2\">03. Prevention of Chronic Diseases in Childhood<\/td>\n<td style=\"background-color: #fbfbfb;width: 66.8991%\">Prof. Attila Szab\u00f3,<br \/>\nM.D., Ph.D., D.Sc.<\/td>\n<\/tr>\n<tr style=\"background-color: #fafafa\">\n<td style=\"background-color: #f4f4f4;width: 63.801%\" colspan=\"2\">04. Gastroenterology<\/td>\n<td style=\"background-color: #f4f4f4;width: 66.8991%\">\n<div id=\"GroupWiseSection_1639735184000_bokori.edit@med.semmelweis-univ.hu_1C78BA8F19670000A277000000000000_\" class=\"GroupWiseMessageBody active\">\n<div>Prof. B\u00e9la Moln\u00e1r MD.PhD.DSc,<\/div>\n<\/div>\n<\/td>\n<\/tr>\n<tr style=\"background-color: #fafafa\">\n<td style=\"background-color: #fbfbfb;width: 63.801%\" colspan=\"2\">05. Dental Research<\/td>\n<td style=\"background-color: #fbfbfb;width: 66.8991%\">Prof. G\u00e1bor Varga,<br \/>\nM.D., Ph.D., D.Sc.<\/td>\n<\/tr>\n<tr style=\"background-color: #f4f4f4\">\n<td style=\"background-color: #f4f4f4;width: 63.801%\" colspan=\"2\">06. Clinical Haematology<\/td>\n<td style=\"background-color: #f4f4f4;width: 66.8991%\">Prof. Tam\u00e1s Masszi<br \/>\nM.D., Ph.D., D.Sc.<\/td>\n<\/tr>\n<tr style=\"background-color: #fafafa\">\n<td style=\"background-color: #fbfbfb;width: 63.801%\" colspan=\"2\">08. Physiology and Pathology of the Musculoskeletal System<\/td>\n<td style=\"background-color: #fbfbfb;width: 66.8991%\">Prof. Gy\u00f6rgy Sz\u0151ke,<br \/>\nM.D., Ph.D., D.Sc.<\/td>\n<\/tr>\n<tr style=\"background-color: #f4f4f4\">\n<td style=\"background-color: #f4f4f4;width: 63.801%\" colspan=\"2\">09. Pulmonology<\/td>\n<td style=\"background-color: #f4f4f4;width: 66.8991%\">Prof. Veronika M\u00fcller,<br \/>\nM.D., Ph.D., D.Sc.<\/td>\n<\/tr>\n<tr style=\"background-color: #fafafa\">\n<td style=\"background-color: #fbfbfb;width: 63.801%\" colspan=\"2\">10. Ophthalmology<\/td>\n<td style=\"background-color: #fbfbfb;width: 66.8991%\">Prof. Zolt\u00e1n Zsolt Nagy,<br \/>\nM.D., Ph.D., D.Sc.<\/td>\n<\/tr>\n<tr style=\"background-color: #fafafa\">\n<td style=\"background-color: #f4f4f4;width: 63.801%\" colspan=\"2\">12. Clinical and Experimental Research in Angiology<\/td>\n<td style=\"background-color: #f4f4f4;width: 66.8991%\">\n<div id=\"GroupWiseSection_1639735184000_bokori.edit@med.semmelweis-univ.hu_1C78BA8F19670000A277000000000000_\" class=\"GroupWiseMessageBody active\">\n<div>Prof. P\u00e9ter S\u00f3tonyi\u00a0 MD.PhD.<\/div>\n<\/div>\n<\/td>\n<\/tr>\n<tr style=\"background-color: #f4f4f4\">\n<td style=\"background-color: #fafafa;width: 63.801%\" colspan=\"2\">13. Hormonal Regulations<\/td>\n<td style=\"background-color: #fafafa;width: 66.8991%\">Prof. P\u00e9ter Igaz<br \/>\nM.D., Ph.D.,<\/td>\n<\/tr>\n<tr style=\"background-color: #fafafa\">\n<td style=\"background-color: #f4f4f4;width: 63.801%\" colspan=\"2\">14. Urology<\/td>\n<td style=\"background-color: #f4f4f4;width: 66.8991%\">Prof. P\u00e9ter Nyir\u00e1dy,<br \/>\nM.D., Ph.D., D.Sc.<\/td>\n<\/tr>\n<tr style=\"background-color: #f4f4f4\">\n<td style=\"background-color: #fafafa;width: 63.801%\" colspan=\"2\">15. Molecular Genetics, Pathomechanism and Clinical Aspects of Metabolic Disorders<\/td>\n<td style=\"background-color: #fafafa;width: 66.8991%\">Prof. P\u00e9ter Lakatos,<br \/>\nM.D., Ph.D., D.Sc.<\/td>\n<\/tr>\n<tr style=\"background-color: #fafafa\">\n<td style=\"background-color: #f4f4f4;width: 63.801%\" colspan=\"2\">16. Dermatology and Venereology<\/td>\n<td style=\"background-color: #f4f4f4;width: 66.8991%\">Prof. Mikl\u00f3s S\u00e1rdy,<br \/>\nM.D., Ph.D.<\/td>\n<\/tr>\n<tr style=\"background-color: #f4f4f4\">\n<td style=\"background-color: #fafafa;width: 63.801%\" colspan=\"2\">17. Clinical application of basic science results<\/td>\n<td style=\"background-color: #fafafa;width: 66.8991%\">Prof. Barna V\u00e1s\u00e1rhelyi,<br \/>\nM.D., Ph.D., D.Sc.<\/td>\n<\/tr>\n<tr style=\"background-color: #fafafa\">\n<td style=\"background-color: #f4f4f4;width: 63.801%\" colspan=\"2\">18. Reproductive medicine<\/td>\n<td style=\"background-color: #f4f4f4;width: 66.8991%\">Prof. J\u00e1nos Rig\u00f3,<br \/>\nM.D., Ph.D., D.Sc.<\/td>\n<\/tr>\n<tr style=\"background-color: #fafafa\">\n<td style=\"background-color: #f4f4f4\" colspan=\"2\">19.\u00a0Otorhinolaryngology<\/td>\n<td style=\"background-color: #f4f4f4;width: 66.8991%\">Prof. L\u00e1szl\u00f3 Tam\u00e1s M.D,Ph.D<\/td>\n<\/tr>\n<tr>\n<td style=\"background-color: #f4f4f4;width: 63.801%\" colspan=\"2\">20. Surgical, interventional treatment and transplantation in abdominal organs<\/td>\n<td style=\"background-color: #f4f4f4;width: 66.8991%\">Prof. Attila Szij\u00e1rt\u00f3 M.D,Ph.D<\/td>\n<\/tr>\n<\/tbody>\n<\/table>\n<p>&nbsp;<\/p>\n","protected":false},"excerpt":{"rendered":"<p>K\u00e1roly R\u00e1cz Doctoral School of Clinical Medicine Chairman: Prof. Gy\u00f6rgy Reusz M.D., Ph.D., D.Sc. Administrator: Edit Bokori +36 1 459 15 00\/52721 Programs Co-ordinators 01. Oxidative Stress and Immunological Reaction in Liver Diseases Dr. Krisztina Hagym\u00e1si, MD.PhD 02. Assisted Reproduction and Fetal Diagnosis Prof. J\u00e1nos Urbancsek MD.PhD.DSc, 03. Prevention of Chronic Diseases in Childhood Prof. &hellip;<\/p>\n","protected":false},"author":158,"featured_media":0,"parent":9321,"menu_order":3,"comment_status":"closed","ping_status":"closed","template":"","meta":{"_acf_changed":false,"footnotes":""},"categories":[],"tags":[],"class_list":["post-9282","page","type-page","status-publish","hentry"],"acf":[],"_links":{"self":[{"href":"https:\/\/semmelweis.hu\/phd\/wp-json\/wp\/v2\/pages\/9282","targetHints":{"allow":["GET"]}}],"collection":[{"href":"https:\/\/semmelweis.hu\/phd\/wp-json\/wp\/v2\/pages"}],"about":[{"href":"https:\/\/semmelweis.hu\/phd\/wp-json\/wp\/v2\/types\/page"}],"author":[{"embeddable":true,"href":"https:\/\/semmelweis.hu\/phd\/wp-json\/wp\/v2\/users\/158"}],"replies":[{"embeddable":true,"href":"https:\/\/semmelweis.hu\/phd\/wp-json\/wp\/v2\/comments?post=9282"}],"version-history":[{"count":11,"href":"https:\/\/semmelweis.hu\/phd\/wp-json\/wp\/v2\/pages\/9282\/revisions"}],"predecessor-version":[{"id":15790,"href":"https:\/\/semmelweis.hu\/phd\/wp-json\/wp\/v2\/pages\/9282\/revisions\/15790"}],"up":[{"embeddable":true,"href":"https:\/\/semmelweis.hu\/phd\/wp-json\/wp\/v2\/pages\/9321"}],"wp:attachment":[{"href":"https:\/\/semmelweis.hu\/phd\/wp-json\/wp\/v2\/media?parent=9282"}],"wp:term":[{"taxonomy":"category","embeddable":true,"href":"https:\/\/semmelweis.hu\/phd\/wp-json\/wp\/v2\/categories?post=9282"},{"taxonomy":"post_tag","embeddable":true,"href":"https:\/\/semmelweis.hu\/phd\/wp-json\/wp\/v2\/tags?post=9282"}],"curies":[{"name":"wp","href":"https:\/\/api.w.org\/{rel}","templated":true}]}}