{"id":9280,"date":"2013-01-02T12:57:16","date_gmt":"2013-01-02T11:57:16","guid":{"rendered":"http:\/\/semmelweis.hu\/phd\/doktori-iskolak\/gyogyszertudomanyok-en\/"},"modified":"2022-02-24T12:45:31","modified_gmt":"2022-02-24T11:45:31","slug":"gyogyszertudomanyok-en","status":"publish","type":"page","link":"https:\/\/semmelweis.hu\/phd\/en\/schools-archive\/gyogyszertudomanyok-en\/","title":{"rendered":"Pharmaceutical Sciences"},"content":{"rendered":"<p><span style=\"text-decoration: underline\">Chairwoman:<\/span><strong><br \/>\n<\/strong><strong>Prof. Rom\u00e1na Zelk\u00f3, M.Sc., Ph.D., D.Sc.<\/strong><br \/>\nAdministrator<b>:<\/b><br \/>\nIlona Sz\u00e9kely:<br \/>\n+36 1 4591500\/55206<\/p>\n<table style=\"width: 699.734px;height: 1px;border: 0px solid #ffffff\" border=\"0\" cellspacing=\"0\" cellpadding=\"8\">\n<tbody>\n<tr>\n<td style=\"background-color: #499fd4;width: 504.734px\" colspan=\"2\"><span style=\"color: #ffffff\"><strong>Programs<\/strong><\/span><\/td>\n<td style=\"background-color: #499fd4;width: 195px\"><span style=\"color: #ffffff\"> <strong>Co-ordinators<\/strong><\/span><\/td>\n<\/tr>\n<tr style=\"background-color: #fafafa\">\n<td style=\"background-color: #fbfbfb;width: 504.734px\" colspan=\"2\">01. Modern Trends in Pharmaceutical Scientific Research<\/td>\n<td style=\"background-color: #fbfbfb;width: 195px\">Prof. Istv\u00e1n Antal,<br \/>\nM.Sc., Ph.D.<\/td>\n<\/tr>\n<tr style=\"background-color: #f4f4f4\">\n<td style=\"background-color: #f4f4f4;width: 504.734px\" colspan=\"2\">02. Experimental and Clinical Pharmacology<\/td>\n<td style=\"background-color: #f4f4f4;width: 195px\">Prof.\u00a0 \u00c9va Sz\u00f6k\u0151<br \/>\nM.D., Ph.D., D.Sc.<\/td>\n<\/tr>\n<tr>\n<td style=\"width: 504.734px\" colspan=\"2\">03. Translational and clinical pharmacology<\/td>\n<td style=\"width: 195px\">Prof.\u00a0P\u00e9ter Ferdinandy\u00a0M.Sc., Ph.D., D.Sc.<\/td>\n<\/tr>\n<tr>\n<td style=\"width: 504.734px\" colspan=\"2\">04. Health Technology Assessment<br \/>\n<a href=\"https:\/\/semmelweis.hu\/hta\/en\/education\/postgraduate\/\">https:\/\/semmelweis.hu\/hta\/en\/education\/postgraduate\/<\/a><\/td>\n<td style=\"width: 195px\">Prof. Zolt\u00e1n Kal\u00f3<\/td>\n<\/tr>\n<\/tbody>\n<\/table>\n<p>&nbsp;<\/p>\n<p>All the information about the Pharmaceutical Sciences Doctoral School in the doctoral database:<br \/>\n<a href=\"https:\/\/doktori.hu\/index.php?menuid=191&amp;lang=EN&amp;di_ID=129\">https:\/\/doktori.hu\/index.php?menuid=191&amp;lang=EN&amp;di_ID=129<\/a><\/p>\n<p>&nbsp;<\/p>\n<p>All the information about the Training Plan of the Pharmaceutical Sciences Doctoral School:<br \/>\n<a href=\"https:\/\/semmelweis.hu\/phd\/files\/2020\/12\/GYDI-K\u00e9pz\u00e9si-terv-angol_1.pdf\">Download<\/a><\/p>\n<div id=\"GroupWiseSection_1608038937000_tolgyesi_lovasz.krisztina@phd.semmelweis-univ.hu_8940760118CF0000B0E8000000000000_\" class=\"GroupWiseMessageBody\">\n<div>\n<div><strong>Complex exam &#8211; Main subjects<\/strong><\/div>\n<\/div>\n<\/div>\n<p><a href=\"https:\/\/semmelweis.hu\/phd\/files\/2020\/12\/komplex-vizsga-f\u0151-t\u00e1rgy\u00e1nakangdec18-1.pdf\" target=\"null\" rel=\"noopener noreferrer\">Download<\/a><\/p>\n","protected":false},"excerpt":{"rendered":"<p>Chairwoman: Prof. Rom\u00e1na Zelk\u00f3, M.Sc., Ph.D., D.Sc. Administrator: Ilona Sz\u00e9kely: +36 1 4591500\/55206 Programs Co-ordinators 01. Modern Trends in Pharmaceutical Scientific Research Prof. Istv\u00e1n Antal, M.Sc., Ph.D. 02. Experimental and Clinical Pharmacology Prof.\u00a0 \u00c9va Sz\u00f6k\u0151 M.D., Ph.D., D.Sc. 03. Translational and clinical pharmacology Prof.\u00a0P\u00e9ter Ferdinandy\u00a0M.Sc., Ph.D., D.Sc. 04. Health Technology Assessment <a href=\"https:\/\/semmelweis.hu\/hta\/en\/education\/postgraduate\/\">https:\/\/semmelweis.hu\/hta\/en\/education\/postgraduate\/<\/a> Prof. Zolt\u00e1n Kal\u00f3 &nbsp; &hellip;<\/p>\n","protected":false},"author":158,"featured_media":0,"parent":9321,"menu_order":4,"comment_status":"closed","ping_status":"closed","template":"","meta":{"_acf_changed":false,"footnotes":""},"categories":[],"tags":[],"class_list":["post-9280","page","type-page","status-publish","hentry"],"acf":[],"_links":{"self":[{"href":"https:\/\/semmelweis.hu\/phd\/wp-json\/wp\/v2\/pages\/9280","targetHints":{"allow":["GET"]}}],"collection":[{"href":"https:\/\/semmelweis.hu\/phd\/wp-json\/wp\/v2\/pages"}],"about":[{"href":"https:\/\/semmelweis.hu\/phd\/wp-json\/wp\/v2\/types\/page"}],"author":[{"embeddable":true,"href":"https:\/\/semmelweis.hu\/phd\/wp-json\/wp\/v2\/users\/158"}],"replies":[{"embeddable":true,"href":"https:\/\/semmelweis.hu\/phd\/wp-json\/wp\/v2\/comments?post=9280"}],"version-history":[{"count":10,"href":"https:\/\/semmelweis.hu\/phd\/wp-json\/wp\/v2\/pages\/9280\/revisions"}],"predecessor-version":[{"id":13914,"href":"https:\/\/semmelweis.hu\/phd\/wp-json\/wp\/v2\/pages\/9280\/revisions\/13914"}],"up":[{"embeddable":true,"href":"https:\/\/semmelweis.hu\/phd\/wp-json\/wp\/v2\/pages\/9321"}],"wp:attachment":[{"href":"https:\/\/semmelweis.hu\/phd\/wp-json\/wp\/v2\/media?parent=9280"}],"wp:term":[{"taxonomy":"category","embeddable":true,"href":"https:\/\/semmelweis.hu\/phd\/wp-json\/wp\/v2\/categories?post=9280"},{"taxonomy":"post_tag","embeddable":true,"href":"https:\/\/semmelweis.hu\/phd\/wp-json\/wp\/v2\/tags?post=9280"}],"curies":[{"name":"wp","href":"https:\/\/api.w.org\/{rel}","templated":true}]}}