{"id":9272,"date":"2013-01-02T12:58:45","date_gmt":"2013-01-02T11:58:45","guid":{"rendered":"http:\/\/semmelweis.hu\/phd\/doktori-iskolak\/molekularis-orvostudomanyok-multidiszciplinaris-orvostudomanyok-en\/"},"modified":"2023-07-27T09:51:28","modified_gmt":"2023-07-27T07:51:28","slug":"molekularis-orvostudomanyok-multidiszciplinaris-orvostudomanyok-en","status":"publish","type":"page","link":"https:\/\/semmelweis.hu\/phd\/en\/schools-archive\/molekularis-orvostudomanyok-multidiszciplinaris-orvostudomanyok-en\/","title":{"rendered":"Molecular Medicine"},"content":{"rendered":"<p><span style=\"text-decoration: underline\">Chairman:<\/span><strong><br \/>\n<\/strong><strong>Prof. P\u00e9ter Enyedi, M.D., Ph.D., D.Sc.<\/strong><br \/>\n<b>Administrator:<\/b><br \/>\nKinga Sonnevend: +36 20 825 9640<\/p>\n<table style=\"width: 60.0377%;height: 102px;border: 0px solid #ffffff\" border=\"0\" cellspacing=\"0\" cellpadding=\"8\">\n<tbody>\n<tr>\n<td style=\"background-color: #499fd4;width: 75.4916%\" colspan=\"2\"><span style=\"color: #ffffff\"><strong>Programs<\/strong><\/span><\/td>\n<td style=\"background-color: #499fd4;width: 41.1593%\"><span style=\"color: #ffffff\"> <strong>Co-ordinators<\/strong><\/span><\/td>\n<\/tr>\n<tr style=\"background-color: #fafafa\">\n<td style=\"background-color: #fbfbfb;width: 75.4916%\" colspan=\"2\">01. Cellular and Molecular Physiology<\/td>\n<td style=\"background-color: #fbfbfb;width: 41.1593%\">Prof. L\u00e1szl\u00f3 Hunyady<\/td>\n<\/tr>\n<tr style=\"background-color: #f4f4f4\">\n<td style=\"background-color: #f4f4f4;width: 75.4916%\" colspan=\"2\">02. Pathobiochemistry<\/td>\n<td style=\"background-color: #f4f4f4;width: 41.1593%\">Prof. Mikl\u00f3s Csala<\/td>\n<\/tr>\n<tr style=\"background-color: #fafafa\">\n<td style=\"background-color: #fbfbfb;width: 75.4916%\" colspan=\"2\">03. Embryology, Theoretical, Experimental and Clinical Developmental Biology<\/td>\n<td style=\"background-color: #fbfbfb;width: 41.1593%\">Prof. N\u00e1ndor Nagy<\/td>\n<\/tr>\n<tr style=\"background-color: #fafafa\">\n<td style=\"background-color: #f4f4f4;width: 75.4916%\" colspan=\"2\">04. Basis of Human Molecular Genetics and Gene Diagnostics<\/td>\n<td style=\"background-color: #f4f4f4;width: 41.1593%\">Prof. Csaba Szalai<\/td>\n<\/tr>\n<tr style=\"background-color: #fafafa\">\n<td style=\"background-color: #fbfbfb;width: 75.4916%\" colspan=\"2\">05. Immunology<\/td>\n<td style=\"background-color: #fbfbfb;width: 41.1593%\">Prof. Attila M\u00f3csai<\/td>\n<\/tr>\n<\/tbody>\n<\/table>\n","protected":false},"excerpt":{"rendered":"<p>Chairman: Prof. P\u00e9ter Enyedi, M.D., Ph.D., D.Sc. Administrator: Kinga Sonnevend: +36 20 825 9640 Programs Co-ordinators 01. Cellular and Molecular Physiology Prof. L\u00e1szl\u00f3 Hunyady 02. Pathobiochemistry Prof. Mikl\u00f3s Csala 03. Embryology, Theoretical, Experimental and Clinical Developmental Biology Prof. N\u00e1ndor Nagy 04. Basis of Human Molecular Genetics and Gene Diagnostics Prof. Csaba Szalai 05. Immunology Prof. &hellip;<\/p>\n","protected":false},"author":158,"featured_media":0,"parent":9321,"menu_order":7,"comment_status":"open","ping_status":"open","template":"","meta":{"_acf_changed":false,"footnotes":""},"categories":[],"tags":[],"class_list":["post-9272","page","type-page","status-publish","hentry"],"acf":[],"_links":{"self":[{"href":"https:\/\/semmelweis.hu\/phd\/wp-json\/wp\/v2\/pages\/9272","targetHints":{"allow":["GET"]}}],"collection":[{"href":"https:\/\/semmelweis.hu\/phd\/wp-json\/wp\/v2\/pages"}],"about":[{"href":"https:\/\/semmelweis.hu\/phd\/wp-json\/wp\/v2\/types\/page"}],"author":[{"embeddable":true,"href":"https:\/\/semmelweis.hu\/phd\/wp-json\/wp\/v2\/users\/158"}],"replies":[{"embeddable":true,"href":"https:\/\/semmelweis.hu\/phd\/wp-json\/wp\/v2\/comments?post=9272"}],"version-history":[{"count":9,"href":"https:\/\/semmelweis.hu\/phd\/wp-json\/wp\/v2\/pages\/9272\/revisions"}],"predecessor-version":[{"id":15755,"href":"https:\/\/semmelweis.hu\/phd\/wp-json\/wp\/v2\/pages\/9272\/revisions\/15755"}],"up":[{"embeddable":true,"href":"https:\/\/semmelweis.hu\/phd\/wp-json\/wp\/v2\/pages\/9321"}],"wp:attachment":[{"href":"https:\/\/semmelweis.hu\/phd\/wp-json\/wp\/v2\/media?parent=9272"}],"wp:term":[{"taxonomy":"category","embeddable":true,"href":"https:\/\/semmelweis.hu\/phd\/wp-json\/wp\/v2\/categories?post=9272"},{"taxonomy":"post_tag","embeddable":true,"href":"https:\/\/semmelweis.hu\/phd\/wp-json\/wp\/v2\/tags?post=9272"}],"curies":[{"name":"wp","href":"https:\/\/api.w.org\/{rel}","templated":true}]}}