{"id":9259,"date":"2013-01-02T15:29:35","date_gmt":"2013-01-02T14:29:35","guid":{"rendered":"http:\/\/semmelweis.hu\/phd\/hallgatoknak\/ugyfelfogadas-a-titkarsagon-en\/"},"modified":"2026-03-16T13:31:06","modified_gmt":"2026-03-16T12:31:06","slug":"doctoral-office-hours","status":"publish","type":"page","link":"https:\/\/semmelweis.hu\/phd\/en\/doctoral-office-hours\/","title":{"rendered":"Contacts"},"content":{"rendered":"<div class=\"responsive-tabs\">\n<h2 class=\"tabtitle\">Doctoral Office<\/h2>\n<div class=\"tabcontent\">\n\n<h2>Doctoral Office<\/h2>\n<h5>1085 Budapest, \u00dcll\u0151i \u00fat 26. fsz. 9.<\/h5>\n<h5><a href=\"mailto:phd.titkarsag@semmelweis.hu\">phd.titkarsag@semmelweis.hu<\/a><\/h5>\n\n<!-- iframe plugin v.4.9 wordpress.org\/plugins\/iframe\/ -->\n<iframe src=\"https:\/\/www.google.com\/maps\/embed?pb=!1m14!1m8!1m3!1d1133.585646917097!2d19.067982461818005!3d47.48725935879545!3m2!1i1024!2i768!4f13.1!3m3!1m2!1s0x4741dc59ea3ba3cd%3A0x2435c6b8aa0b78a!2sSemmelweis%20Egyetem!5e0!3m2!1shu!2shu!4v1729070633828!5m2!1shu!2shu\" width=\"100%\" height=\"450\" style=\"border:0;\" allowfullscreen loading=\"lazy\" 0=\"referrerpolicy=&quot;no-referrer-when-downgrade&quot;&gt;&lt;\/iframe\" scrolling=\"yes\" class=\"iframe-class\" frameborder=\"0\"><\/iframe>\n\n<p>&nbsp;<\/p>\n<table style=\"width: 100%;border-collapse: collapse\">\n<tbody>\n<tr>\n<td style=\"width: 50%\" colspan=\"2\">\n<h5 style=\"text-align: left\">Office hours:<\/h5>\n<\/td>\n<\/tr>\n<tr style=\"height: 33px\">\n<td style=\"height: 33px;width: 50%\">Monday:<\/td>\n<td style=\"height: 33px;width: 50%\">closed<\/td>\n<\/tr>\n<tr style=\"height: 33px\">\n<td style=\"height: 33px;width: 50%\">Tuesday:<\/td>\n<td style=\"height: 33px;width: 50%\">13:00-17:00<\/td>\n<\/tr>\n<tr style=\"height: 33px\">\n<td style=\"height: 33px;width: 50%\">Wednesday:<\/td>\n<td style=\"height: 33px;width: 50%\">closed<\/td>\n<\/tr>\n<tr style=\"height: 33px\">\n<td style=\"height: 33px;width: 50%\">Thursday:<\/td>\n<td style=\"height: 33px;width: 50%\">13:00-16:00<\/td>\n<\/tr>\n<tr style=\"height: 33px\">\n<td style=\"height: 33px;width: 50%\">Friday:<\/td>\n<td style=\"height: 33px;width: 50%\">08:30-13:00<\/td>\n<\/tr>\n<\/tbody>\n<\/table>\n<p>&nbsp;<\/p>\n<h4><strong>HEAD OF THE OFFICE<\/strong><\/h4>\n<p><strong>Krisztina T\u00f6lgyesi-Lov\u00e1sz<\/strong><br \/>\n<strong>Mobile:<\/strong>\u00a0+36 20 666 3432<br \/>\n<strong>E-mail:<\/strong>\u00a0<strong><a href=\"mailto:tolgyesi.lovasz.krisztina@semmelweis.hu\">tolgyesi.lovasz.krisztina@semmelweis.hu\u00a0<\/a><\/strong><\/p>\n<hr \/>\n<h4><strong>EDUCATIONAL ADMINISTRATORS<\/strong><\/h4>\n<p><strong>\u00c1gnes Masz\u00e1rovics<\/strong><br \/>\n<strong>Mobile:<\/strong> +36 20 670 1816<br \/>\n<strong>E-mail:<\/strong>\u00a0<strong>\u00a0<a href=\"mailto:maszarovics.agnes@semmelweis.hu\">maszarovics.agnes@semmelweis.hu<\/a><\/strong><\/p>\n<p><strong>T\u00edmea Kov\u00e1csn\u00e9 Oll\u00e9<\/strong><br \/>\n<strong>Mobile: <\/strong>+36 20 663 2676<br \/>\n<strong>E-mail:<\/strong>\u00a0<strong>\u00a0<a href=\"mailto:olle.timea@semmelweis.hu\">olle.timea@semmelweis.hu<\/a><\/strong><\/p>\n<p><strong>Zsuzsa Kalm\u00e1r<\/strong><br \/>\n<strong>Mobile:\u00a0<\/strong>+36 20 666 3525<br \/>\n<strong>E-mail:<a href=\"mailto:kalmar.zsuzsa@semmelweis.hu\"> kalmar.zsuzsa@semmelweis.hu<\/a><\/strong><\/p>\n<p><strong>Anita Marosfalvi<\/strong><br \/>\n<strong>Mobile:\u00a0<\/strong>+36 20 666 3738<br \/>\n<strong>E-mail: <a href=\"mailto:marosfalvi.anita@semmelweis.hu\">marosfalvi.anita@semmelweis.hu<\/a><\/strong><\/p>\n<hr \/>\n<h4><strong>EDUCATIONAL ADMINISTRATOR (TENDERS)<\/strong><\/h4>\n<p><strong>Csilla Csorba-J\u00f3n\u00e1s<\/strong><br \/>\n<strong>Mobile:<\/strong> +36 30 016 4403<br \/>\n<strong>E-mail: <a href=\"mailto:csorba-jonas.csilla@semmelweis.hu\">csorba-jonas.csilla@semmelweis.hu<\/a><\/strong><\/p>\n<hr \/>\n<h4><strong>Educational assistant (event organiser \u2013 public defence)<\/strong><\/h4>\n<p><strong>Konstantina \u00c1goston<br \/>\nMobile: <\/strong>+36 30 877 1706<strong><br \/>\nE-mail: <a href=\"mailto:agoston.konstantina1@semmelweis.hu\">agoston.konstantina1@semmelweis.hu<\/a><\/strong><\/p>\n<hr \/>\n<h4><strong>NEPTUN ADMINISTRATORS<\/strong><\/h4>\n<p><strong>D\u00e1vid Kelemen<\/strong><br \/>\n<strong>Mobile:<\/strong> +36 20 670 1433<br \/>\n<strong>E-mail: <a href=\"mailto:kelemen.david@semmelweis.hu\">phd.oktatasadmin@semmelweis.hu<\/a><\/strong><\/p>\n<p><strong>Zsolt Fodor<br \/>\nMobile: <\/strong>+36 20 663 2291<br \/>\n<strong>E-mail: <a href=\"mailto:kelemen.david@semmelweis.hu\">phd.oktatasadmin<\/a><a href=\"mailto:fodor.zsolt@semmelweis.hu\">@semmelweis.hu<\/a><\/strong><\/p>\n<hr \/>\n<h4><strong>KMMCS HEAD SECRETARY<\/strong><\/h4>\n<p><strong>\u00c1gnes Kert\u00e9sz<\/strong><br \/>\n<strong>Phone: <\/strong>+36 1 459 1500 \/ 54887 ext.<br \/>\n<strong>Mobile:<\/strong> +36 30 016 4358<br \/>\n<strong>E-mail:<\/strong>\u00a0<strong><a href=\"mailto:kertesz.agnes@semmelweis.hu\">kertesz.agnes@semmelweis.hu<\/a><\/strong><\/p>\n<p>&nbsp;<\/p>\n\n<\/div><h2 class=\"tabtitle\">Financial Management Unit<\/h2>\n<div class=\"tabcontent\">\n\n<h2>Financial Management Unit \u2013 Doctoral School<\/h2>\n<h4><strong>Head of the Office<\/strong><\/h4>\n<p><strong>Aliz Bir\u00f3<\/strong><br \/>\n<strong>Mobile:<\/strong> +36 20 663 2675<br \/>\n<strong>E-mail: <a href=\"mailto:titkarsag.digh@semmelweis.hu\">titkarsag.digh@semmelweis.hu<\/a><\/strong><\/p>\n<hr \/>\n<h4><strong>FINANCIAL ADMINISTRATORS<\/strong><\/h4>\n<p><strong>Anita M\u00e1rczis<\/strong><br \/>\n<strong>Mobile:<\/strong> +36 20 663 2102<br \/>\n<strong>E-mail: <a href=\"mailto:titkarsag.digh@semmelweis.hu\">titkarsag.digh@semmelweis.hu<\/a><\/strong><\/p>\n<p><strong>M\u00f3nika Baracsi<\/strong><br \/>\n<strong>Mobile:<\/strong> +36 30 016 4561<br \/>\n<b>E-mail: <a href=\"mailto:titkarsag.digh@semmelweis.hu\">titkarsag.digh@semmelweis.hu<\/a><\/b><\/p>\n<p>&nbsp;<\/p>\n<\/div><\/div>\n","protected":false},"excerpt":{"rendered":"<p>Doctoral Office 1085 Budapest, \u00dcll\u0151i \u00fat 26. fsz. 9. <a href=\"mailto:phd.titkarsag@semmelweis.hu\">phd.titkarsag@semmelweis.hu<\/a> &nbsp; Office hours: Monday: closed Tuesday: 13:00-17:00 Wednesday: closed Thursday: 13:00-16:00 Friday: 08:30-13:00 &nbsp; HEAD OF THE OFFICE Krisztina T\u00f6lgyesi-Lov\u00e1sz Mobile:\u00a0+36 20 666 3432 E-mail:\u00a0 <a href=\"mailto:tolgyesi.lovasz.krisztina@semmelweis.hu\">tolgyesi.lovasz.krisztina@semmelweis.hu\u00a0<\/a> EDUCATIONAL ADMINISTRATORS \u00c1gnes Masz\u00e1rovics Mobile: +36 20 670 1816 E-mail:\u00a0\u00a0 <a href=\"mailto:maszarovics.agnes@semmelweis.hu\">maszarovics.agnes@semmelweis.hu<\/a> T\u00edmea Kov\u00e1csn\u00e9 Oll\u00e9 Mobile: +36 20 663 2676 E-mail:\u00a0\u00a0 <a href=\"mailto:olle.timea@semmelweis.hu\">olle.timea@semmelweis.hu<\/a> Zsuzsa Kalm\u00e1r &hellip;<\/p>\n","protected":false},"author":158,"featured_media":0,"parent":0,"menu_order":8,"comment_status":"closed","ping_status":"closed","template":"","meta":{"_acf_changed":false,"footnotes":""},"categories":[],"tags":[],"class_list":["post-9259","page","type-page","status-publish","hentry"],"acf":[],"_links":{"self":[{"href":"https:\/\/semmelweis.hu\/phd\/wp-json\/wp\/v2\/pages\/9259","targetHints":{"allow":["GET"]}}],"collection":[{"href":"https:\/\/semmelweis.hu\/phd\/wp-json\/wp\/v2\/pages"}],"about":[{"href":"https:\/\/semmelweis.hu\/phd\/wp-json\/wp\/v2\/types\/page"}],"author":[{"embeddable":true,"href":"https:\/\/semmelweis.hu\/phd\/wp-json\/wp\/v2\/users\/158"}],"replies":[{"embeddable":true,"href":"https:\/\/semmelweis.hu\/phd\/wp-json\/wp\/v2\/comments?post=9259"}],"version-history":[{"count":13,"href":"https:\/\/semmelweis.hu\/phd\/wp-json\/wp\/v2\/pages\/9259\/revisions"}],"predecessor-version":[{"id":66360,"href":"https:\/\/semmelweis.hu\/phd\/wp-json\/wp\/v2\/pages\/9259\/revisions\/66360"}],"wp:attachment":[{"href":"https:\/\/semmelweis.hu\/phd\/wp-json\/wp\/v2\/media?parent=9259"}],"wp:term":[{"taxonomy":"category","embeddable":true,"href":"https:\/\/semmelweis.hu\/phd\/wp-json\/wp\/v2\/categories?post=9259"},{"taxonomy":"post_tag","embeddable":true,"href":"https:\/\/semmelweis.hu\/phd\/wp-json\/wp\/v2\/tags?post=9259"}],"curies":[{"name":"wp","href":"https:\/\/api.w.org\/{rel}","templated":true}]}}