{"id":9212,"date":"2013-01-04T14:23:16","date_gmt":"2013-01-04T13:23:16","guid":{"rendered":"http:\/\/semmelweis.hu\/phd\/bemutatkozas\/bizottsagok\/oktatasi-bizottsag-en\/"},"modified":"2024-10-04T14:47:38","modified_gmt":"2024-10-04T12:47:38","slug":"educational-and-credit","status":"publish","type":"page","link":"https:\/\/semmelweis.hu\/phd\/en\/doctoral-college\/boards\/educational-and-credit\/","title":{"rendered":"Educational and Credit Board"},"content":{"rendered":"<p>&nbsp;<\/p>\n<table style=\"width: 700px; height: 576px; border: 0px solid #ffffff;\" border=\"0\" cellspacing=\"0\" cellpadding=\"8\">\n<tbody>\n<tr style=\"background-color: #fafafa;\">\n<td style=\"background-color: #499fd4;\" colspan=\"2\"><span style=\"color: #ffffff;\"> <strong>President<\/strong><\/span><\/td>\n<td style=\"background-color: #499fd4;\">\u00a0<\/td>\n<\/tr>\n<tr style=\"background-color: #ffffff;\">\n<td style=\"background-color: #fafafa;\" colspan=\"2\">Dr. Gabriella D\u00f6rnyei<\/td>\n<td style=\"background-color: #fafafa;\">\u00a0<\/td>\n<\/tr>\n<tr>\n<td style=\"background-color: #499fd4;\" colspan=\"2\"><span style=\"color: #ffffff;\"><strong>Representatives of the PhD Schools<\/strong><\/span><\/td>\n<td style=\"background-color: #499fd4;\"><span style=\"color: #ffffff;\"><strong>PhD Schools<\/strong><\/span><\/td>\n<\/tr>\n<tr style=\"background-color: #fafafa;\">\n<td style=\"background-color: #fbfbfb;\" colspan=\"2\">Dr. L\u00e1szl\u00f3 Smeller<\/td>\n<td style=\"background-color: #fbfbfb;\">Ph.D. School of Basic and Translational Medical Sciences<\/td>\n<\/tr>\n<tr style=\"background-color: #f4f4f4;\">\n<td style=\"background-color: #f4f4f4;\" colspan=\"2\">\n<p>Dr.\u00a0 B\u00e9la Moln\u00e1r<\/p>\n<\/td>\n<td style=\"background-color: #f4f4f4;\">Ph.D. School for Clinical Science in Medicine<\/td>\n<\/tr>\n<tr style=\"background-color: #fafafa;\">\n<td style=\"background-color: #fbfbfb;\" colspan=\"2\">Dr. L\u00e1szl\u00f3 \u00d6rfi<\/td>\n<td style=\"background-color: #fbfbfb;\">Ph.D. School of Pharmaceutical\u00a0 Sciences<\/td>\n<\/tr>\n<tr style=\"background-color: #fafafa;\">\n<td style=\"background-color: #f4f4f4;\" colspan=\"2\">Fruzsina Albert\u00a0<\/td>\n<td style=\"background-color: #f4f4f4;\">Ph.D. School Mental Health Sciences<\/td>\n<\/tr>\n<tr style=\"background-color: #f4f4f4;\">\n<td style=\"background-color: #f4f4f4;\" colspan=\"2\">Dr. Em\u00edlia Madar\u00e1sz<\/td>\n<td style=\"background-color: #f4f4f4;\">J\u00e1nos Szent\u00e1gothai Neurosciences Ph.D. School<\/td>\n<\/tr>\n<tr style=\"background-color: #fafafa;\">\n<td style=\"background-color: #fbfbfb;\" colspan=\"2\">Dr. Gerg\u0151 Szanda<\/td>\n<td style=\"background-color: #fbfbfb;\">Ph.D. School of Molecular Medical Sciences<\/td>\n<\/tr>\n<tr style=\"background-color: #f4f4f4;\">\n<td style=\"background-color: #f4f4f4;\" colspan=\"2\">Dr. K\u00e1roly Nagy<\/td>\n<td style=\"background-color: #f4f4f4;\">Ph.D. School of Pathology<\/td>\n<\/tr>\n<tr style=\"background-color: #fafafa;\">\n<td style=\"background-color: #fbfbfb;\" colspan=\"2\">Dr. Sallai Imre<\/td>\n<td style=\"background-color: #fbfbfb;\">Representative of Doctoral Students&#8217; Union\u00a0<\/td>\n<\/tr>\n<\/tbody>\n<\/table>\n<p>&nbsp;<\/p>\n","protected":false},"excerpt":{"rendered":"<p>&nbsp; President \u00a0 Dr. Gabriella D\u00f6rnyei \u00a0 Representatives of the PhD Schools PhD Schools Dr. L\u00e1szl\u00f3 Smeller Ph.D. School of Basic and Translational Medical Sciences Dr.\u00a0 B\u00e9la Moln\u00e1r Ph.D. School for Clinical Science in Medicine Dr. L\u00e1szl\u00f3 \u00d6rfi Ph.D. School of Pharmaceutical\u00a0 Sciences Fruzsina Albert\u00a0 Ph.D. School Mental Health Sciences Dr. Em\u00edlia Madar\u00e1sz J\u00e1nos Szent\u00e1gothai &hellip;<\/p>\n","protected":false},"author":158,"featured_media":0,"parent":9304,"menu_order":2,"comment_status":"open","ping_status":"open","template":"","meta":{"_acf_changed":false,"footnotes":""},"categories":[],"tags":[],"class_list":["post-9212","page","type-page","status-publish","hentry"],"acf":[],"_links":{"self":[{"href":"https:\/\/semmelweis.hu\/phd\/wp-json\/wp\/v2\/pages\/9212","targetHints":{"allow":["GET"]}}],"collection":[{"href":"https:\/\/semmelweis.hu\/phd\/wp-json\/wp\/v2\/pages"}],"about":[{"href":"https:\/\/semmelweis.hu\/phd\/wp-json\/wp\/v2\/types\/page"}],"author":[{"embeddable":true,"href":"https:\/\/semmelweis.hu\/phd\/wp-json\/wp\/v2\/users\/158"}],"replies":[{"embeddable":true,"href":"https:\/\/semmelweis.hu\/phd\/wp-json\/wp\/v2\/comments?post=9212"}],"version-history":[{"count":7,"href":"https:\/\/semmelweis.hu\/phd\/wp-json\/wp\/v2\/pages\/9212\/revisions"}],"predecessor-version":[{"id":63094,"href":"https:\/\/semmelweis.hu\/phd\/wp-json\/wp\/v2\/pages\/9212\/revisions\/63094"}],"up":[{"embeddable":true,"href":"https:\/\/semmelweis.hu\/phd\/wp-json\/wp\/v2\/pages\/9304"}],"wp:attachment":[{"href":"https:\/\/semmelweis.hu\/phd\/wp-json\/wp\/v2\/media?parent=9212"}],"wp:term":[{"taxonomy":"category","embeddable":true,"href":"https:\/\/semmelweis.hu\/phd\/wp-json\/wp\/v2\/categories?post=9212"},{"taxonomy":"post_tag","embeddable":true,"href":"https:\/\/semmelweis.hu\/phd\/wp-json\/wp\/v2\/tags?post=9212"}],"curies":[{"name":"wp","href":"https:\/\/api.w.org\/{rel}","templated":true}]}}