{"id":9210,"date":"2013-01-04T14:23:39","date_gmt":"2013-01-04T13:23:39","guid":{"rendered":"http:\/\/semmelweis.hu\/phd\/bemutatkozas\/bizottsagok\/fegyelmi-bizottsag-en\/"},"modified":"2025-10-28T09:13:08","modified_gmt":"2025-10-28T08:13:08","slug":"disciplinary","status":"publish","type":"page","link":"https:\/\/semmelweis.hu\/phd\/en\/doctoral-college\/boards\/disciplinary\/","title":{"rendered":"Committee of Disciplinary and Ethics Procedures"},"content":{"rendered":"<div class=\"fontos_div\">\n<p><strong>The Role and Authority of the Committee of Disciplinary and Ethics Procedures<\/strong><\/p>\n<\/div>\n<p>The authority of the Committee of Disciplinary and Ethics Procedures extends to disciplinary matters involving doctoral students, doctoral candidates, and instructors participating in doctoral training.<\/p>\n<hr \/>\n<div class=\"fontos_div\">\n<div><strong>President of the Committee of Disciplinary and Ethics Procedures<\/strong><\/div>\n<div>Dr. Istv\u00e1n Antal<\/div>\n<\/div>\n<div>\n<hr \/>\n<\/div>\n<div class=\"fontos_div\"><strong>Cardiovascular Medicine and Research Division<\/strong><\/div>\n<div style=\"padding-left: 40px\"><strong>Delegate:<\/strong><\/div>\n<div style=\"padding-left: 40px\">Dr. Annam\u00e1ria Kosztin<\/div>\n<div>\n<hr \/>\n<\/div>\n<div class=\"fontos_div\"><strong>Theoretical and Translational Medicine Division<\/strong><\/div>\n<div style=\"padding-left: 40px\"><strong>Delegate:<\/strong><\/div>\n<div style=\"padding-left: 40px\">Dr. Tam\u00e1s Ivanics<\/div>\n<div>\n<hr \/>\n<\/div>\n<div class=\"fontos_div\"><strong>Dental Research Division<\/strong><\/div>\n<div style=\"padding-left: 40px\"><strong>Delegate:<\/strong><\/div>\n<div style=\"padding-left: 40px\">Dr. Csaba Dob\u00f3 Nagy<\/div>\n<div>\n<hr \/>\n<\/div>\n<div class=\"fontos_div\"><strong>Surgical Medicine Division<\/strong><\/div>\n<div style=\"padding-left: 40px\"><strong>Delegate:<\/strong><\/div>\n<div style=\"padding-left: 40px\">Dr. \u00c1gnes Szirmai<\/div>\n<div>\n<hr \/>\n<\/div>\n<div class=\"fontos_div\"><strong>K\u00e1roly R\u00e1cz Conservative Medicine Division<\/strong><\/div>\n<div style=\"padding-left: 40px\"><strong>Delegate:<\/strong><\/div>\n<div style=\"padding-left: 40px\">Dr. Andrea Fekete<\/div>\n<div>\n<hr \/>\n<\/div>\n<div class=\"fontos_div\"><strong>Pharmaceutical Sciences and Health Technologies Division<\/strong><\/div>\n<div style=\"padding-left: 40px\"><strong>Delegate:<\/strong><\/div>\n<div style=\"padding-left: 40px\">Dr. Istv\u00e1n Antal<\/div>\n<div>\n<hr \/>\n<\/div>\n<div class=\"fontos_div\"><strong>Mental Health Sciences Division<\/strong><\/div>\n<div style=\"padding-left: 40px\"><strong>Delegate:<\/strong><\/div>\n<div style=\"padding-left: 40px\">Dr. Zsolt Unoka<\/div>\n<div>\n<hr \/>\n<\/div>\n<div class=\"fontos_div\"><strong>Health Sciences Division<\/strong><\/div>\n<div style=\"padding-left: 40px\"><strong>Delegate:<\/strong><\/div>\n<div style=\"padding-left: 40px\">Dr. Helga Feith<\/div>\n<div>\n<hr \/>\n<\/div>\n<div class=\"fontos_div\"><strong>J\u00e1nos Szent\u00e1gothai Neurosciences Division<\/strong><\/div>\n<div style=\"padding-left: 40px\"><strong>Delegate:<\/strong><\/div>\n<div style=\"padding-left: 40px\">Dr. L\u00e1szl\u00f3 Tretter<\/div>\n<div>\n<hr \/>\n<\/div>\n<div class=\"fontos_div\"><strong>Molecular Medicine Division<\/strong><\/div>\n<div style=\"padding-left: 40px\"><strong>Delegate:<\/strong><\/div>\n<div style=\"padding-left: 40px\">Dr. Zolt\u00e1n Wiener<\/div>\n<div>\n<hr \/>\n<\/div>\n<div class=\"fontos_div\"><strong>Pathological and Oncological Division<\/strong><\/div>\n<div style=\"padding-left: 40px\"><strong>Delegate:<\/strong><\/div>\n<div style=\"padding-left: 40px\">Dr. D\u00f3ra Szab\u00f3<\/div>\n<div>\n<hr \/>\n<\/div>\n<div class=\"fontos_div\"><strong>Doctoral Student Association<\/strong><\/div>\n<div style=\"padding-left: 40px\"><strong>Delegates:<\/strong><\/div>\n<div style=\"padding-left: 40px\">Dr. D\u00e1niel Borbola<\/p>\n<p>Dr. Ferenc Koml\u00f3si<br \/>\nOrsolya Koz\u00e1k<br \/>\nDr. Andr\u00e1sM\u00e1ndoki<br \/>\nDr. Ad\u00e9l M\u00f3zes<br \/>\n\u00c1d\u00e1m So\u00f3s<\/p>\n<\/div>\n<p>&nbsp;<\/p>\n<p>&nbsp;<\/p>\n","protected":false},"excerpt":{"rendered":"<p>The Role and Authority of the Committee of Disciplinary and Ethics Procedures The authority of the Committee of Disciplinary and Ethics Procedures extends to disciplinary matters involving doctoral students, doctoral candidates, and instructors participating in doctoral training. President of the Committee of Disciplinary and Ethics Procedures Dr. Istv\u00e1n Antal Cardiovascular Medicine and Research Division Delegate: &hellip;<\/p>\n","protected":false},"author":158,"featured_media":0,"parent":9304,"menu_order":3,"comment_status":"open","ping_status":"open","template":"template-fullwidth.php","meta":{"_acf_changed":false,"footnotes":""},"categories":[],"tags":[],"class_list":["post-9210","page","type-page","status-publish","hentry"],"acf":[],"_links":{"self":[{"href":"https:\/\/semmelweis.hu\/phd\/wp-json\/wp\/v2\/pages\/9210","targetHints":{"allow":["GET"]}}],"collection":[{"href":"https:\/\/semmelweis.hu\/phd\/wp-json\/wp\/v2\/pages"}],"about":[{"href":"https:\/\/semmelweis.hu\/phd\/wp-json\/wp\/v2\/types\/page"}],"author":[{"embeddable":true,"href":"https:\/\/semmelweis.hu\/phd\/wp-json\/wp\/v2\/users\/158"}],"replies":[{"embeddable":true,"href":"https:\/\/semmelweis.hu\/phd\/wp-json\/wp\/v2\/comments?post=9210"}],"version-history":[{"count":8,"href":"https:\/\/semmelweis.hu\/phd\/wp-json\/wp\/v2\/pages\/9210\/revisions"}],"predecessor-version":[{"id":65574,"href":"https:\/\/semmelweis.hu\/phd\/wp-json\/wp\/v2\/pages\/9210\/revisions\/65574"}],"up":[{"embeddable":true,"href":"https:\/\/semmelweis.hu\/phd\/wp-json\/wp\/v2\/pages\/9304"}],"wp:attachment":[{"href":"https:\/\/semmelweis.hu\/phd\/wp-json\/wp\/v2\/media?parent=9210"}],"wp:term":[{"taxonomy":"category","embeddable":true,"href":"https:\/\/semmelweis.hu\/phd\/wp-json\/wp\/v2\/categories?post=9210"},{"taxonomy":"post_tag","embeddable":true,"href":"https:\/\/semmelweis.hu\/phd\/wp-json\/wp\/v2\/tags?post=9210"}],"curies":[{"name":"wp","href":"https:\/\/api.w.org\/{rel}","templated":true}]}}