{"id":9200,"date":"2013-01-08T11:22:31","date_gmt":"2013-01-08T10:22:31","guid":{"rendered":"http:\/\/semmelweis.hu\/phd\/hallgatoknak\/a-doktori-ertekezes-formai-kovetelmenyei-en\/"},"modified":"2026-03-25T13:30:50","modified_gmt":"2026-03-25T12:30:50","slug":"thesis-or-dissertation","status":"publish","type":"page","link":"https:\/\/semmelweis.hu\/phd\/en\/for-students\/thesis-or-dissertation\/","title":{"rendered":"PhD thesis: formal requirements and submission"},"content":{"rendered":"<h4><img loading=\"lazy\" decoding=\"async\" class=\"alignnone wp-image-65357 size-full\" src=\"https:\/\/semmelweis.hu\/phd\/files\/2025\/09\/Disszertacio-benyujtasa_angol_v2.png\" alt=\"\" width=\"2075\" height=\"6258\" srcset=\"https:\/\/semmelweis.hu\/phd\/files\/2025\/09\/Disszertacio-benyujtasa_angol_v2.png 2075w, https:\/\/semmelweis.hu\/phd\/files\/2025\/09\/Disszertacio-benyujtasa_angol_v2-133x400.png 133w, https:\/\/semmelweis.hu\/phd\/files\/2025\/09\/Disszertacio-benyujtasa_angol_v2-340x1024.png 340w, https:\/\/semmelweis.hu\/phd\/files\/2025\/09\/Disszertacio-benyujtasa_angol_v2-768x2316.png 768w, https:\/\/semmelweis.hu\/phd\/files\/2025\/09\/Disszertacio-benyujtasa_angol_v2-509x1536.png 509w, https:\/\/semmelweis.hu\/phd\/files\/2025\/09\/Disszertacio-benyujtasa_angol_v2-679x2048.png 679w, https:\/\/semmelweis.hu\/phd\/files\/2025\/09\/Disszertacio-benyujtasa_angol_v2-753x2271.png 753w\" sizes=\"auto, (max-width: 2075px) 100vw, 2075px\" \/><\/h4>\n<h4>\u00a0<\/h4>\n<h4><strong>DOCTORAL REGULATIONS: Section 22 [Requirements for Obtaining the Degree Related to Publications]<\/strong><\/h4>\n<p>(1) The candidate\u2019s scientific and publication activities, as well as the requirements for obtaining the degree (Annexes III.3.-7-9.), must be assessed and determined based on the mode of preparation and the scientific classification of the topic. In the scientific publications of doctoral students participating in organized training, the following institutional affiliations must be indicated:<\/p>\n<ol>\n<li>a) In the case of research conducted at a university training site: the name of the university institute\/clinic,<\/li>\n<li>b) In the case of research conducted at a non-university training site: the name of the Doctoral School of Semmelweis University,<\/li>\n<li>c) For students participating in the Translational Medicine Training Program: the name of the Center for Translational Medicine.<\/li>\n<\/ol>\n<p>After the defense of the dissertation, the Doctoral Council awards the doctoral degree to the candidate.<\/p>\n<h4><strong>Deadline for submission of the doctoral thesis<\/strong><\/h4>\n<p>The doctoral student must submit the doctoral dissertation, as defined in the doctoral regulations, within three academic years following the complex examination. This deadline may be extended by at most one academic year in cases deserving special consideration, in accordance with the doctoral regulations.<\/p>\n<p>In the doctoral degree acquisition procedure, the suspension of student status may be up to two semesters, or up to six semesters in the case of the doctoral student\u2019s childbirth, as specified in the doctoral regulations. In the latter case, the deadline for submitting the doctoral dissertation may be extended by three academic years in cases deserving special consideration, in accordance with the doctoral regulations.<\/p>\n<p>All the accepted thesises\u00a0are available at the <a href=\"https:\/\/doktori.hu\/index.php?menuid=120&amp;lang=EN&amp;lid=120&amp;lang=EN&amp;tol=0&amp;sb=3&amp;sd=1\" target=\"_blank\" rel=\"noopener\">website of the Hungarian Doctoral Council<\/a>.<\/p>\n<h4><strong>Guidelines for Preparing the Doctoral Dissertation<\/strong><\/h4>\n<p>The dissertation is a synthesis of the candidate&#8217;s scientific work and not a simple compilation of published articles. Therefore, it is expected that the introduction and literature review, which jointly underpin all results, as well as the comprehensive discussion of the results, are prepared independently. The results chapter may also include unpublished results.<\/p>\n<p>If the dissertation uses the work, data, hypotheses, etc., of other authors, they must be properly cited.<\/p>\n<p>Plagiarism is committed when someone uses the original author&#8217;s work in their own published work without citation or source indication, presenting it as their own. When using images, figures, etc., the permission of the copyright holder is also required, so it is recommended to obtain them from reliable, verifiable sources (journals, books). The possible ways to request permission are listed below.<\/p>\n<p>If plagiarism is detected in the dissertation, Semmelweis University will reject the PhD thesis, initiate disciplinary proceedings against the doctoral candidate, and revoke the already awarded PhD degree. The doctoral candidate must declare compliance with the rules on originality and copyright (see documents to be submitted: Statement about the authenticity and Copyright).<\/p>\n<p>During the preliminary review, it is always considered which parts of the thesis are affected by the matches found by running Turnitin or other plagiarism detection programs and how critical the extent of the matches may be.<\/p>\n<p>The doctoral candidate may use their own previously published figures and texts in their PhD thesis. However, it must be clearly indicated that these are their own previously published works, which must be properly cited (permission from the copyright holder may be required, see below). The results and materials of co-authors (including the supervisor) cannot be presented as the candidate&#8217;s own. The candidate must declare their own works included in the dissertation, which must be accepted by the first and corresponding\/last authors of the published articles (see documents to be submitted: Formal pre-review about the doctoral thesis).<\/p>\n<p>Attaching copies of the candidate&#8217;s own publications to the thesis may infringe copyright, so it is necessary to check what rights were transferred to the publisher when the &#8222;publishing or copyright agreement&#8221; was signed. It is advisable to check the &#8222;rights retained&#8221; section on the publisher&#8217;s website, as it may contain the necessary information.<\/p>\n<p>In online journals, next to individual articles, there are often links labeled \u201cask permission,\u201d \u201cpermissions,\u201d or similar, which allow you to request permission for the use of a specific figure, table, or even the entire document by filling out a form. If the agreement is not clear, it is advisable to request permission from the publisher. Major publishers usually operate automatic permission request services, such as <a href=\"https:\/\/www.elsevier.com\/authors\/permission-request-form\">https:\/\/www.elsevier.com\/authors\/permission-request-form<\/a><\/p>\n<p>The <a href=\"https:\/\/www.copyright.com\/\">Copyright Clearance Center<\/a> also provides a quick way to request permissions, where it is possible to obtain permission for many journals.<\/p>\n<p>Many publishers offer \u201copen access\u201d publishing under the <a href=\"http:\/\/creativecommons.org\/licenses\/\">Creative Commons attribution license<\/a>, which allows the article to be attached to the thesis. If the article has a CC-BY license, no permission is required.<\/p>\n<p>Publications published in predator journals listed on MTMT Norwegian list cannot be accepted to submit the dissertions if the publications were published after the journals had been placed on the list.<\/p>\n<h4><strong>Publication of the Thesis, Copyright<\/strong><\/h4>\n<p>The PhD dissertation will be uploaded in a publicly accessible form on the website of the National Doctoral Council. The publisher is Semmelweis University, and the copyright belongs to the author. (The author may retain all rights or use the CC-BY-NC license).<\/p>\n<h4><strong>Language of the thesis<\/strong><\/h4>\n<p>The thesis must be written in English (regardless of the language of the publications). Alterations from this are allowed if the degree is obtained in health sciences or sociological sciences when the PhD thesis can be written in hungarian or english.<\/p>\n<h4><strong>Length of the thesis<\/strong><\/h4>\n<p>The thesis must be A4 format\u00a0 (every page should be numbered and\u00a0 the copy of\u00a0 the pages of\u00a0 publications do not count into the length).<\/p>\n<ul>\n<li>If the candidate\u00a0 started\u00a0 the PhD studies after 1\/09\/2020,\u00a0 the thesis must be: minimum 30, maximum 60 pages.<\/li>\n<li>If the candidate started the\u00a0 PhD studies before 1\/09\/2020, the candidate can choose betweeen the longer version: minimum 70, maximum 150 pages or the shorter version: minimum 30, maximum 60 pages\u00a0<\/li>\n<\/ul>\n<p><strong>Formal requirements:<\/strong><\/p>\n<ul style=\"list-style-type: square\">\n<li>\n<p><a href=\"https:\/\/semmelweis.hu\/phd\/files\/2025\/03\/ORGANIZATIONAL-AND-OPERATIONAL-RULES-after-1-september-2020.pdf\">The Formal Requirements of the PhD Thesis For Students Starting Their PhD Studies after 1 September 2020<\/a><\/p>\n<\/li>\n<li><a href=\"https:\/\/semmelweis.hu\/phd\/files\/2023\/09\/ORGANIZATIONAL-AND-OPERATIONAL-RULES-before-1-september-2020.docx\">Formal requirements of the PhD thesis for students starting their PhD training before 1 September 2020<\/a><span style=\"font-size: 18pt\"><br \/>\n<\/span><\/li>\n<\/ul>\n<p><strong>Cover Page samples:<\/strong><span style=\"font-size: 12pt\"><br \/>\n<\/span><\/p>\n<ul style=\"list-style-type: square\">\n<li>\n<p><a href=\"https:\/\/semmelweis.hu\/phd\/files\/2024\/08\/Final_Sample_2024.docx\">PhD thesis Cover Page sample (Enrolled before 01.09.2016)<\/a><\/p>\n<\/li>\n<li>\n<p><a href=\"https:\/\/semmelweis.hu\/phd\/files\/2024\/08\/Complex_Sample_2024.docx\">PhD thesis Cover Page sample (Enrolled after 01.09.2016)<\/a><\/p>\n<\/li>\n<li>\n<p><a href=\"https:\/\/semmelweis.hu\/phd\/files\/2024\/08\/Division_sample-after20160901_20230901_2024.docx\">PhD thesis Cover Page sample (Enrolled after 01.09.2023)<\/a><\/p>\n<\/li>\n<\/ul>\n<h4><strong>References:<\/strong><\/h4>\n<ul>\n<li>numbered with Arabic numbers in the text \u2013 e.g. (6, 12)\u00a0\u00a0 In the reference section the references should be either alphabetically or chronologically ordered,<\/li>\n<li>references are listed with all the authors of the publications<\/li>\n<li>journals are to be referred due to their abbreviated forms in PubMed or Social Science Citation Index, Hungarian journals are to be referred by the abbreviation applied by their editorial boards<\/li>\n<li>referred publications must be given with the year, volume, first and last page number<\/li>\n<li>book chapters are to be referred as below:<\/li>\n<\/ul>\n<div class=\"keretes w-100\" style=\"float: right !important;border-left: 1px solid lightgray !important;border-right: 1px solid lightgray !important;border-top: 1px solid lightgray !important;background-color: #ffff !important;border-bottom: 1px solid lightgray\">\n<ol>\n<li>Jaiswal SP, Jain AK, Naik G Soni N, Chitnis DS. (2001) Viral hepatitis during pregnancy. Int J Gynaecol Obstet, 72: 103-108.<\/li>\n<li>Marby T, Markham KR, Thomas MB. The systematic identification of flavonoids. Springer-Verlag, New-York, 1970: 62-68.<\/li>\n<li>R\u00e1cz K. Adrenocorticotropin. Cushing-k\u00f3r, Nelson-szindr\u00f3ma. In: Le\u00f6vey A (szerk.), A klinikai endokrinol\u00f3gia \u00e9s anyagcsere-betegs\u00e9gek k\u00e9zik\u00f6nyve. Medicina, Budapest, 2001: 178-186.<\/li>\n<\/ol>\n<\/div>\n<h4><strong><\/p>\n<p>\n\u00a0<\/strong><\/h4>\n<h4><strong>Thesis-book: the short version of the thesis<\/strong><\/h4>\n<p>Length: 8-20 pages, A5 format<\/p>\n<p style=\"padding-left: 40px\"><strong>Structure of the thesis book:<\/strong><\/p>\n<ul>\n<li style=\"list-style-type: none\">\n<ul>\n<li>Introduction<\/li>\n<li>Objectives<\/li>\n<li>Methods<\/li>\n<li>Conclusions<\/li>\n<li>Bibliography <br \/>\n(only the candidate&#8217;s publications, publications related to the thesis\u00a0separetely from the others)<\/li>\n<\/ul>\n<\/li>\n<\/ul>\n<h4><strong><br \/>\nPreliminary origin inspection<\/strong><\/h4>\n<p>Before submitting the dissertation, an originality check is required, which is carried out by the Doctoral Office.<\/p>\n<p><strong>According to Section 23 (4) of the Doctoral Regulations:<\/strong><\/p>\n<p>The doctoral candidate is required to send the dissertation to the Doctoral Office for plagiarism screening <strong>prior to the actual submission<\/strong>. The result of the check will be sent by the Office to both the candidate and the supervisor within\u00a03 working days. Submitting the dissertation is conditional upon the supervisor\u2019s confirmation\u00a0that the submitted dissertation does not infringe upon the copyright of others. This declaration can be downloaded from the official template repository and must be attached at the time of submission.<\/p>\n<p><strong>For plagiarism screening,\u00a0only the dissertation\u00a0must be submitted to the following email address:<\/strong><br \/>\n\ud83d\udce7\u00a0<strong><a class=\"fui-Link ___w5et180 f2hkw1w f3rmtva f1ewtqcl fyind8e f1k6fduh f1w7gpdv f1mo0ibp fjoy568 ff5ikls f1s184ao f1mk8lai fnbmjn9 f1o700av f13mvf36 f1cmlufx f9n3di6 f1ids18y f1tx3yz7 f1deo86v f1eh06m1 f1iescvh fhgqx19 f1olyrje f1p93eir f1nev41a\" href=\"mailto:phd.oktatasadmin@semmelweis.hu\" target=\"_blank\" rel=\"noopener noreferrer\">phd.oktatasadmin@semmelweis.hu<\/a><\/strong><\/p>\n<p><a href=\"https:\/\/semmelweis.hu\/phd\/files\/2025\/09\/Turnitin-guidelines.docx\"><strong>Guidelines for interpreting the results of the Turnitin originality checking system<\/strong><\/a><\/p>\n<p>By sending the dissertation, the student automatically consents to the Doctoral Office creating a\u00a0<strong>free Turnitin profile<\/strong>\u00a0for the purpose of checking the dissertation.<\/p>\n<h4><strong><br \/>\nBinding and Number of Copies<\/strong><\/h4>\n<p><strong>Number of copies<\/strong><\/p>\n<p>For the preliminary review, a printed copy is NOT required until further notice. After the preliminary review, one bound copy, including the publications, must be submitted. Additional bound copies may be required only upon the request of the opponent.<\/p>\n<h4><span style=\"font-size: 17pt\"><strong><br \/>\nBinding of the Doctoral Dissertation after the Formal Preliminary Review<\/strong><\/span><\/h4>\n<p><strong>We inform the degree candidates that after the preliminary review, each dissertation will receive a serial number before binding.<\/strong><\/p>\n<ul>\n<li>\n<p>The serial-numbered cover page will be sent electronically by the administrator of the Doctoral Office.<\/p>\n<\/li>\n<li>\n<p>The serial-numbered cover page must be bound in front of the dissertation cover.<\/p>\n<\/li>\n<li>\n<p>One copy of the dissertation, along with the publications forming the basis of the dissertation, must be submitted to the Doctoral Office within two weeks.<\/p>\n<\/li>\n<li>\n<p>The dissertation and the publications must be bound together (hardcover binding).<\/p>\n<\/li>\n<li>\n<p>If requested by the opponent(s), additional bound copies must also be submitted.<\/p>\n<\/li>\n<\/ul>\n<p><strong>Download the EndNote program:<br \/>\n<\/strong><a href=\"https:\/\/lib.semmelweis.hu\/endnote\">ttps:\/\/lib.semmelweis.hu\/endnote<\/a><\/p>\n<p><a href=\"https:\/\/semmelweis.hu\/phd\/files\/2025\/09\/Formal-Requirements-for-the-Binding-of-Doctoral-Dissertations.docx\"><strong>Formal Requirements for the Binding of Doctoral Dissertations<\/strong><\/a><\/p>\n<h4><strong><br \/>\nSubmission of the thesis<\/strong><\/h4>\n<div class=\"keretes w-100\">\n<p><strong>The submission of the thesis, along with the scanned related documents, is done exclusively electronically to the email address <a href=\"mailto:phddisszertacio@semmelweis.hu\">phddisszertacio@semmelweis.hu<\/a>.<\/strong> We can only accept the documents in PDF format.<\/p>\n<\/div>\n<p><strong>To be attached:<\/strong><\/p>\n<ul>\n<li>the fee of the administration (trained PhD candidates: 120 000 Ft, untrained candidates 200 000 Ft)<br \/>\n(for payment of the fee, please contact our Financial Administrator M\u00f3nika Baracsi at <a href=\"mailto:titkarsag.digh@semmelweis.hu\">titkarsag.digh@semmelweis.hu<\/a> &#8211; please include your Neptun code in the email!)<\/li>\n<li>an electronic copy of the PhD thesis in pdf and in word file under 10 MB\u00a0<\/li>\n<li>the records of the candidate\u2019s home defence of the PhD thesis\u00a0<\/li>\n<li>the publications related to the thesis<\/li>\n<li><a href=\"https:\/\/semmelweis.hu\/phd\/files\/2023\/09\/EN-DatasheetLibraryv2.doc\">Datasheet of the Central Library<\/a> (signed, about the publications of the candidate)<\/li>\n<li><a href=\"https:\/\/semmelweis.hu\/phd\/files\/2024\/07\/Statement-Specifying-the-Academic-Reviewers-and-the-Members-of-the-Examination-Committee-for-the-Final-Defence-2024-v2.doc\">Statement Naming the Academic Assessors and the Members of the Exam Committee for the Final Defence<\/a><\/li>\n<li><a href=\"https:\/\/semmelweis.hu\/phd\/files\/2023\/07\/Statement-of-the-supervisor.docx\">Statement of the supervisor<\/a><\/li>\n<li>Thesis book: the short version of the PhD thesis in English (8-20 pages)\u00a0<\/li>\n<li><a href=\"https:\/\/semmelweis.hu\/phd\/files\/2021\/02\/Nyilatkozat-a-saj%C3%A1t-eredm%C3%A9nyekr%C5%91langol-1-Jav%C3%ADtott.doc\">Statement about the results in the publications related to the thesis<\/a><\/li>\n<li><a href=\"https:\/\/semmelweis.hu\/phd\/files\/2024\/07\/PRE-REVIEW-ABOUT-THE-DOCTORAL-DISSERTATION-v2.docx\">Formal pre-review about the doctoral thesis<\/a><\/li>\n<li><a href=\"https:\/\/semmelweis.hu\/phd\/files\/2021\/02\/Nyilatkozat-eredetis%C3%A9gt%C5%91langol_KH.docx\">Statement about the authenticity and Copyright<\/a><\/li>\n<li><a href=\"https:\/\/semmelweis.hu\/phd\/files\/2024\/03\/CERTIFICATE-OF-ATTENDANCE-A-PUBLIC-DEFENCE.docx\">Certificate(s) of Publice Defence Attendance (only trained studens have to submit it\/them)<\/a><\/li>\n<\/ul>\n<p>Exceptionally, a book or an artistic piece can be considered of similar value to a PhD thesis. The summaries and PhD thesis outlines are required in this case as well (depending on the nature of the work). The Doctoral Council of the University can determine other requirements or dispensations for individual cases.<\/p>\n<h5>Downloads<\/h5>\n<ul>\n<li>\n<p><a href=\"https:\/\/semmelweis.hu\/phd\/files\/2023\/09\/Recognised-Academic-Journals-without-an-Impact-Factor-for-Fulfilling-the-Publishing-Requirements-of-the-PhD-Degree.docx\">Recognised Academic Journals without an Impact Factor for Fulfilling the Publishing Requirements of the PhD Degree<\/a><\/p>\n<\/li>\n<li>\n<p><a href=\"https:\/\/semmelweis.hu\/phd\/files\/2023\/09\/International-and-domestic-journals-without-impact-factors.docx\">International and domestic journals without impact factors that can be counted towards publication conditions<\/a><\/p>\n<\/li>\n<li>\n<p><a href=\"https:\/\/semmelweis.hu\/phd\/files\/2024\/06\/260330-Statement-Specifying-the-Academic-Reviewers-and-the-Members-of-the-Examination-Committee-for-the-Final-Defence-2026.doc\">Statement Specifying the Academic Reviewers and the Members of the Examination Committee for the Final Defence<\/a><\/p>\n<\/li>\n<\/ul>\n","protected":false},"excerpt":{"rendered":"<p>\u00a0 DOCTORAL REGULATIONS: Section 22 [Requirements for Obtaining the Degree Related to Publications] (1) The candidate\u2019s scientific and publication activities, as well as the requirements for obtaining the degree (Annexes III.3.-7-9.), must be assessed and determined based on the mode of preparation and the scientific classification of the topic. In the scientific publications of doctoral &hellip;<\/p>\n","protected":false},"author":158,"featured_media":0,"parent":9263,"menu_order":8,"comment_status":"closed","ping_status":"closed","template":"template-fullwidth.php","meta":{"_acf_changed":false,"footnotes":""},"categories":[],"tags":[],"class_list":["post-9200","page","type-page","status-publish","hentry"],"acf":[],"_links":{"self":[{"href":"https:\/\/semmelweis.hu\/phd\/wp-json\/wp\/v2\/pages\/9200","targetHints":{"allow":["GET"]}}],"collection":[{"href":"https:\/\/semmelweis.hu\/phd\/wp-json\/wp\/v2\/pages"}],"about":[{"href":"https:\/\/semmelweis.hu\/phd\/wp-json\/wp\/v2\/types\/page"}],"author":[{"embeddable":true,"href":"https:\/\/semmelweis.hu\/phd\/wp-json\/wp\/v2\/users\/158"}],"replies":[{"embeddable":true,"href":"https:\/\/semmelweis.hu\/phd\/wp-json\/wp\/v2\/comments?post=9200"}],"version-history":[{"count":14,"href":"https:\/\/semmelweis.hu\/phd\/wp-json\/wp\/v2\/pages\/9200\/revisions"}],"predecessor-version":[{"id":66374,"href":"https:\/\/semmelweis.hu\/phd\/wp-json\/wp\/v2\/pages\/9200\/revisions\/66374"}],"up":[{"embeddable":true,"href":"https:\/\/semmelweis.hu\/phd\/wp-json\/wp\/v2\/pages\/9263"}],"wp:attachment":[{"href":"https:\/\/semmelweis.hu\/phd\/wp-json\/wp\/v2\/media?parent=9200"}],"wp:term":[{"taxonomy":"category","embeddable":true,"href":"https:\/\/semmelweis.hu\/phd\/wp-json\/wp\/v2\/categories?post=9200"},{"taxonomy":"post_tag","embeddable":true,"href":"https:\/\/semmelweis.hu\/phd\/wp-json\/wp\/v2\/tags?post=9200"}],"curies":[{"name":"wp","href":"https:\/\/api.w.org\/{rel}","templated":true}]}}